{"id":10643,"date":"2024-03-21T12:47:29","date_gmt":"2024-03-21T11:47:29","guid":{"rendered":"https:\/\/www.salon-zenetbio.com\/lyon\/?page_id=10643"},"modified":"2024-03-21T12:47:29","modified_gmt":"2024-03-21T11:47:29","slug":"espace-naturopathie-2023","status":"publish","type":"page","link":"https:\/\/www.salon-zenetbio.com\/lyon\/espace-naturopathie-2023\/","title":{"rendered":"Espace Naturopathie 2023"},"content":{"rendered":"<h3>Association Air\u2019Elles<\/h3>\n<p>L\u2019association Air\u2019Elles est reconnue d\u2019utilit\u00e9 publique. Elle est form\u00e9e par un collectif d\u2019une vingtaine de professionnels naturopathes certifi\u00e9s pr\u00e9sents sur la r\u00e9gion Rh\u00f4ne-Alpes-Auvergne partageant les m\u00eames valeurs : bienveillance, entraide, \u00e9thique, partage et solidarit\u00e9.<\/p>\n<p><strong><u>Nos 3 grandes missions<\/u><\/strong><\/p>\n<ul>\n<li>Faire rayonner la naturopathie aupr\u00e8s du grand public par des pr\u00e9sences du des salons, en animant des webinars ou en r\u00e9digeant des articles sur le blog de l\u2019association<\/li>\n<li>Agir en pr\u00e9vention de sant\u00e9 aupr\u00e8s des associations, structures publiques ou priv\u00e9es \u0153uvrant aupr\u00e8s de la protection des personnes &#8211; enfants, femmes, personnes \u00e2g\u00e9es, personnes atteintes d\u2019un handicap<\/li>\n<li>Relier en formant un r\u00e9seau solidaire de praticiens de sant\u00e9 adh\u00e9rant aux valeurs de notre association :<\/li>\n<\/ul>\n<p><strong><u>Pour mieux nous conna\u00eetre\u2026<\/u><\/strong><\/p>\n<ul>\n<li>Lien vers notre <a href=\"https:\/\/www.airellesasso.com\" target=\"_blank\" rel=\"noopener\">site internet<\/a><\/li>\n<li>Lien vers notre <a href=\"https:\/\/www.facebook.com\/airellesasso\/\" target=\"_blank\" rel=\"noopener\">page Facebook<\/a><\/li>\n<li>Lien vers notre <a href=\"https:\/\/www.instagram.com\/airelles_asso\/?hl=fr\" target=\"_blank\" rel=\"noopener\">page Instagram<\/a><\/li>\n<li>Lien vers notre <a href=\"https:\/\/www.youtube.com\/channel\/UCRZewMmpWXOHwp6E2Ex_jUA\" target=\"_blank\" rel=\"noopener\">page Youtube<\/a><\/li>\n<\/ul>\n<p><strong>Pour mieux nous soutenir, faites un don \u00e0 Air\u2019Elles\u2026<\/strong><\/p>\n<p>Lien vers notre <a href=\"https:\/\/www.helloasso.com\/associations\/air-elles\/formulaires\/1\/widget\" target=\"_blank\" rel=\"noopener\">page Hello asso<\/a><\/p>\n<p><span style=\"font-size: 10pt;\">Don possible au profit de l\u2019association avec re\u00e7u fiscal g\u00e9n\u00e9r\u00e9 automatiquement en ligne par le site hello.asso.<\/span><\/p>\n<hr \/>\n<h3><strong>Vendredi apr\u00e8s-midi<\/strong><\/h3>\n<ul>\n<li>R\u00e9flexologie plantaire, nutrition, animation jeux <em><strong>&#8211; Christine Feignier<\/strong><\/em><\/li>\n<li>R\u00e9flexologie plantaire, nutrition, animation jeux <em><strong>&#8211; Sylvie Blanc<\/strong><\/em><\/li>\n<li>Nutrition, animation jeux <em><strong>&#8211; Anne Plantier<\/strong><\/em><\/li>\n<\/ul>\n<h3><strong>Samedi toute la journ\u00e9e<\/strong><\/h3>\n<ul>\n<li>Iridologie, r\u00e9flexologie plantaire, nutrition, animation jeux <em><strong>&#8211; Caroline Alvarez<\/strong><\/em><\/li>\n<li>Iridologie, r\u00e9flexologie, nutrition, animation jeux <em><strong>&#8211; Chrystelle Brunelle<\/strong><\/em><\/li>\n<li>R\u00e9flexologie plantaire, nutrition, animation jeux <em><strong>&#8211; Christine Feignier<\/strong><\/em><\/li>\n<\/ul>\n<h3><strong>Dimanche toute la journ\u00e9e<\/strong><\/h3>\n<ul>\n<li>Iridologie, r\u00e9flexologie, nutrition, animation jeux <em><strong>&#8211; Chrystelle Brunelle<\/strong><\/em><\/li>\n<li>R\u00e9flexologie, nutrition, animation jeux <em><strong>&#8211; Christine Gerland<\/strong><\/em><\/li>\n<li>Iridologie, nutrition, animation jeux <em><strong>&#8211; Nathalie Peaucelle<\/strong><\/em><\/li>\n<li>Nutrition, animation jeux <em><strong>&#8211; Anne Plantier<\/strong><\/em><\/li>\n<li>Iridologie, r\u00e9flexologie, nutrition, animation jeux <em><strong>&#8211; Nathalie Thenoz<\/strong><\/em><\/li>\n<\/ul>\n<hr \/>\n<h2><strong>D\u00e9tail de nos animations pour le site du salon\u00a0<\/strong><\/h2>\n<p>Sur le salon,\u00a0nous vous proposerons des animations gratuites anim\u00e9es par le collectif des b\u00e9n\u00e9voles d\u2019Air\u2019Elles, l\u2019association solidaire des naturopathes.<\/p>\n<ul>\n<li>Au choix : 3 s\u00e9ances\u00a0flashs individuels pour prendre soin de vous\u00a0(dur\u00e9e 20 \u00e0 30 min)\n<ul>\n<li>Alimentation\u00a0(bilan de vos habitudes alimentaires et conseils personnalis\u00e9s selon vos besoins)<\/li>\n<li>Iridologie\u00a0(observer votre vitalit\u00e9 en \u00e9tudiant votre iris (photographie de l&rsquo;\u0153il) suivis de conseils en alimentation et hygi\u00e8ne de vie.<\/li>\n<li>R\u00e9flexologie plantaire\u00a0: Votre pause d\u00e9tente pour vous reconnecter \u00e0 votre bien-\u00eatre int\u00e9rieur confortablement install\u00e9e sur un transat ! Le pied !<\/li>\n<\/ul>\n<\/li>\n<\/ul>\n<ul>\n<li>Des animations ludiques et p\u00e9dagogiques pour tout public : venez vous amuser et testez vos connaissances sur l\u2019alimentation vivante ! Des jeux ludiques et amusants con\u00e7us de A \u00e0 Z par les naturopathes de l\u2019association.<\/li>\n<li>Les Nutricart\u2019Air\u2019Elles : amusez-vous, surprenez-vous en testant vos connaissances sur la teneur en min\u00e9raux, oligo \u00e9l\u00e9ments\u2026 des aliments pr\u00e9sents dans vos assiettes. Vous n\u2019\u00eates pas au bout de vos surprises !<\/li>\n<li>Le Grand jeu de l\u2019Oie Air\u2019Elles : pour tout savoir sur l\u2019alimentation vivante en s\u2019amusant ! (Dur\u00e9e 15 \u00e0 20 min)<\/li>\n<li>Saurez-vous battre Monsieur Sucre ? : 2 sessions de jeu anim\u00e9es chaque jour par une b\u00e9nevole :\n<ul>\n<li>Tous les matins \u00e0 12h<\/li>\n<li>Tous les apr\u00e8s-midis \u00e0 14h<\/li>\n<\/ul>\n<\/li>\n<\/ul>\n<ul>\n<li style=\"list-style-type: none;\"><\/li>\n<\/ul>\n<p>\u2014&gt; Inscription le jour J sur notre stand.<\/p>\n<p>Venez jouer en famille ou entre amis.<\/p>\n<ul>\n<li style=\"list-style-type: none;\">\n<ul>\n<li>Ce Jeu collaboratif consiste \u00e0 combattre le pion \u00ab sucre \u00bb sur le plateau de jeu en r\u00e9pondant juste aux questions concoct\u00e9es par les naturos Air\u2019Elles. Fous rires en perspective !<\/li>\n<li>8 participants maxi par session de jeu.<\/li>\n<\/ul>\n<\/li>\n<\/ul>\n<p>&nbsp;<\/p>\n","protected":false},"excerpt":{"rendered":"<p>Association Air\u2019Elles L\u2019association Air\u2019Elles est reconnue d\u2019utilit\u00e9 publique. Elle est form\u00e9e par un collectif d\u2019une vingtaine de professionnels naturopathes certifi\u00e9s pr\u00e9sents sur la r\u00e9gion Rh\u00f4ne-Alpes-Auvergne partageant les m\u00eames valeurs : bienveillance, entraide, \u00e9thique, partage et solidarit\u00e9. Nos 3 grandes missions Faire rayonner la naturopathie aupr\u00e8s du grand public par des pr\u00e9sences du des salons, en&hellip; <\/p>\n","protected":false},"author":6,"featured_media":0,"parent":0,"menu_order":0,"comment_status":"closed","ping_status":"closed","template":"","meta":{"_monsterinsights_skip_tracking":false,"_monsterinsights_sitenote_active":false,"_monsterinsights_sitenote_note":"","_monsterinsights_sitenote_category":0,"footnotes":""},"class_list":["post-10643","page","type-page","status-publish","hentry"],"yoast_head":"<!-- This site is optimized with the Yoast SEO plugin v27.3 - https:\/\/yoast.com\/product\/yoast-seo-wordpress\/ -->\n<title>Espace Naturopathie 2023 - Salon Zen&amp;Bio Lyon<\/title>\n<meta name=\"robots\" content=\"index, follow, max-snippet:-1, max-image-preview:large, max-video-preview:-1\" \/>\n<link rel=\"canonical\" href=\"http:\/\/www.salon-zenetbio.com\/lyon\/espace-naturopathie-2023\/\" \/>\n<meta property=\"og:locale\" content=\"fr_FR\" \/>\n<meta property=\"og:type\" content=\"article\" \/>\n<meta property=\"og:title\" content=\"Espace Naturopathie 2023 - Salon Zen&amp;Bio Lyon\" \/>\n<meta property=\"og:description\" content=\"Association Air\u2019Elles L\u2019association Air\u2019Elles est reconnue d\u2019utilit\u00e9 publique. Elle est form\u00e9e par un collectif d\u2019une vingtaine de professionnels naturopathes certifi\u00e9s pr\u00e9sents sur la r\u00e9gion Rh\u00f4ne-Alpes-Auvergne partageant les m\u00eames valeurs : bienveillance, entraide, \u00e9thique, partage et solidarit\u00e9. Nos 3 grandes missions Faire rayonner la naturopathie aupr\u00e8s du grand public par des pr\u00e9sences du des salons, en&hellip;\" \/>\n<meta property=\"og:url\" content=\"http:\/\/www.salon-zenetbio.com\/lyon\/espace-naturopathie-2023\/\" \/>\n<meta property=\"og:site_name\" content=\"Salon Zen&amp;Bio Lyon\" \/>\n<meta name=\"twitter:card\" content=\"summary_large_image\" \/>\n<meta name=\"twitter:label1\" content=\"Dur\u00e9e de lecture estim\u00e9e\" \/>\n\t<meta name=\"twitter:data1\" content=\"3 minutes\" \/>\n<script type=\"application\/ld+json\" class=\"yoast-schema-graph\">{\"@context\":\"https:\\\/\\\/schema.org\",\"@graph\":[{\"@type\":\"WebPage\",\"@id\":\"http:\\\/\\\/www.salon-zenetbio.com\\\/lyon\\\/espace-naturopathie-2023\\\/\",\"url\":\"http:\\\/\\\/www.salon-zenetbio.com\\\/lyon\\\/espace-naturopathie-2023\\\/\",\"name\":\"Espace Naturopathie 2023 - Salon Zen&amp;Bio Lyon\",\"isPartOf\":{\"@id\":\"https:\\\/\\\/www.salon-zenetbio.com\\\/lyon\\\/#website\"},\"datePublished\":\"2024-03-21T11:47:29+00:00\",\"breadcrumb\":{\"@id\":\"http:\\\/\\\/www.salon-zenetbio.com\\\/lyon\\\/espace-naturopathie-2023\\\/#breadcrumb\"},\"inLanguage\":\"fr-FR\",\"potentialAction\":[{\"@type\":\"ReadAction\",\"target\":[\"http:\\\/\\\/www.salon-zenetbio.com\\\/lyon\\\/espace-naturopathie-2023\\\/\"]}]},{\"@type\":\"BreadcrumbList\",\"@id\":\"http:\\\/\\\/www.salon-zenetbio.com\\\/lyon\\\/espace-naturopathie-2023\\\/#breadcrumb\",\"itemListElement\":[{\"@type\":\"ListItem\",\"position\":1,\"name\":\"Accueil\",\"item\":\"https:\\\/\\\/www.salon-zenetbio.com\\\/lyon\\\/\"},{\"@type\":\"ListItem\",\"position\":2,\"name\":\"Espace Naturopathie 2023\"}]},{\"@type\":\"WebSite\",\"@id\":\"https:\\\/\\\/www.salon-zenetbio.com\\\/lyon\\\/#website\",\"url\":\"https:\\\/\\\/www.salon-zenetbio.com\\\/lyon\\\/\",\"name\":\"Salon Zen&amp;Bio Lyon\",\"description\":\"salon Zen&amp;Bio Lyon : votre salon \u00e9colo, bio, bien-\u00eatre et habitat sain\",\"publisher\":{\"@id\":\"https:\\\/\\\/www.salon-zenetbio.com\\\/lyon\\\/#organization\"},\"potentialAction\":[{\"@type\":\"SearchAction\",\"target\":{\"@type\":\"EntryPoint\",\"urlTemplate\":\"https:\\\/\\\/www.salon-zenetbio.com\\\/lyon\\\/?s={search_term_string}\"},\"query-input\":{\"@type\":\"PropertyValueSpecification\",\"valueRequired\":true,\"valueName\":\"search_term_string\"}}],\"inLanguage\":\"fr-FR\"},{\"@type\":\"Organization\",\"@id\":\"https:\\\/\\\/www.salon-zenetbio.com\\\/lyon\\\/#organization\",\"name\":\"Salon Zen&amp;Bio Lyon\",\"url\":\"https:\\\/\\\/www.salon-zenetbio.com\\\/lyon\\\/\",\"logo\":{\"@type\":\"ImageObject\",\"inLanguage\":\"fr-FR\",\"@id\":\"https:\\\/\\\/www.salon-zenetbio.com\\\/lyon\\\/#\\\/schema\\\/logo\\\/image\\\/\",\"url\":\"https:\\\/\\\/www.salon-zenetbio.com\\\/lyon\\\/wp-content\\\/uploads\\\/sites\\\/12\\\/2026\\\/03\\\/cropped-Logo-ZEN-et-BIO-lyon-2026-1.png\",\"contentUrl\":\"https:\\\/\\\/www.salon-zenetbio.com\\\/lyon\\\/wp-content\\\/uploads\\\/sites\\\/12\\\/2026\\\/03\\\/cropped-Logo-ZEN-et-BIO-lyon-2026-1.png\",\"width\":921,\"height\":255,\"caption\":\"Salon Zen&amp;Bio Lyon\"},\"image\":{\"@id\":\"https:\\\/\\\/www.salon-zenetbio.com\\\/lyon\\\/#\\\/schema\\\/logo\\\/image\\\/\"}}]}<\/script>\n<!-- \/ Yoast SEO plugin. -->","yoast_head_json":{"title":"Espace Naturopathie 2023 - Salon Zen&amp;Bio Lyon","robots":{"index":"index","follow":"follow","max-snippet":"max-snippet:-1","max-image-preview":"max-image-preview:large","max-video-preview":"max-video-preview:-1"},"canonical":"http:\/\/www.salon-zenetbio.com\/lyon\/espace-naturopathie-2023\/","og_locale":"fr_FR","og_type":"article","og_title":"Espace Naturopathie 2023 - Salon Zen&amp;Bio Lyon","og_description":"Association Air\u2019Elles L\u2019association Air\u2019Elles est reconnue d\u2019utilit\u00e9 publique. Elle est form\u00e9e par un collectif d\u2019une vingtaine de professionnels naturopathes certifi\u00e9s pr\u00e9sents sur la r\u00e9gion Rh\u00f4ne-Alpes-Auvergne partageant les m\u00eames valeurs : bienveillance, entraide, \u00e9thique, partage et solidarit\u00e9. Nos 3 grandes missions Faire rayonner la naturopathie aupr\u00e8s du grand public par des pr\u00e9sences du des salons, en&hellip;","og_url":"http:\/\/www.salon-zenetbio.com\/lyon\/espace-naturopathie-2023\/","og_site_name":"Salon Zen&amp;Bio Lyon","twitter_card":"summary_large_image","twitter_misc":{"Dur\u00e9e de lecture estim\u00e9e":"3 minutes"},"schema":{"@context":"https:\/\/schema.org","@graph":[{"@type":"WebPage","@id":"http:\/\/www.salon-zenetbio.com\/lyon\/espace-naturopathie-2023\/","url":"http:\/\/www.salon-zenetbio.com\/lyon\/espace-naturopathie-2023\/","name":"Espace Naturopathie 2023 - Salon Zen&amp;Bio Lyon","isPartOf":{"@id":"https:\/\/www.salon-zenetbio.com\/lyon\/#website"},"datePublished":"2024-03-21T11:47:29+00:00","breadcrumb":{"@id":"http:\/\/www.salon-zenetbio.com\/lyon\/espace-naturopathie-2023\/#breadcrumb"},"inLanguage":"fr-FR","potentialAction":[{"@type":"ReadAction","target":["http:\/\/www.salon-zenetbio.com\/lyon\/espace-naturopathie-2023\/"]}]},{"@type":"BreadcrumbList","@id":"http:\/\/www.salon-zenetbio.com\/lyon\/espace-naturopathie-2023\/#breadcrumb","itemListElement":[{"@type":"ListItem","position":1,"name":"Accueil","item":"https:\/\/www.salon-zenetbio.com\/lyon\/"},{"@type":"ListItem","position":2,"name":"Espace Naturopathie 2023"}]},{"@type":"WebSite","@id":"https:\/\/www.salon-zenetbio.com\/lyon\/#website","url":"https:\/\/www.salon-zenetbio.com\/lyon\/","name":"Salon Zen&amp;Bio Lyon","description":"salon Zen&amp;Bio Lyon : votre salon \u00e9colo, bio, bien-\u00eatre et habitat sain","publisher":{"@id":"https:\/\/www.salon-zenetbio.com\/lyon\/#organization"},"potentialAction":[{"@type":"SearchAction","target":{"@type":"EntryPoint","urlTemplate":"https:\/\/www.salon-zenetbio.com\/lyon\/?s={search_term_string}"},"query-input":{"@type":"PropertyValueSpecification","valueRequired":true,"valueName":"search_term_string"}}],"inLanguage":"fr-FR"},{"@type":"Organization","@id":"https:\/\/www.salon-zenetbio.com\/lyon\/#organization","name":"Salon Zen&amp;Bio Lyon","url":"https:\/\/www.salon-zenetbio.com\/lyon\/","logo":{"@type":"ImageObject","inLanguage":"fr-FR","@id":"https:\/\/www.salon-zenetbio.com\/lyon\/#\/schema\/logo\/image\/","url":"https:\/\/www.salon-zenetbio.com\/lyon\/wp-content\/uploads\/sites\/12\/2026\/03\/cropped-Logo-ZEN-et-BIO-lyon-2026-1.png","contentUrl":"https:\/\/www.salon-zenetbio.com\/lyon\/wp-content\/uploads\/sites\/12\/2026\/03\/cropped-Logo-ZEN-et-BIO-lyon-2026-1.png","width":921,"height":255,"caption":"Salon Zen&amp;Bio Lyon"},"image":{"@id":"https:\/\/www.salon-zenetbio.com\/lyon\/#\/schema\/logo\/image\/"}}]}},"_links":{"self":[{"href":"https:\/\/www.salon-zenetbio.com\/lyon\/wp-json\/wp\/v2\/pages\/10643","targetHints":{"allow":["GET"]}}],"collection":[{"href":"https:\/\/www.salon-zenetbio.com\/lyon\/wp-json\/wp\/v2\/pages"}],"about":[{"href":"https:\/\/www.salon-zenetbio.com\/lyon\/wp-json\/wp\/v2\/types\/page"}],"author":[{"embeddable":true,"href":"https:\/\/www.salon-zenetbio.com\/lyon\/wp-json\/wp\/v2\/users\/6"}],"replies":[{"embeddable":true,"href":"https:\/\/www.salon-zenetbio.com\/lyon\/wp-json\/wp\/v2\/comments?post=10643"}],"version-history":[{"count":1,"href":"https:\/\/www.salon-zenetbio.com\/lyon\/wp-json\/wp\/v2\/pages\/10643\/revisions"}],"predecessor-version":[{"id":10644,"href":"https:\/\/www.salon-zenetbio.com\/lyon\/wp-json\/wp\/v2\/pages\/10643\/revisions\/10644"}],"wp:attachment":[{"href":"https:\/\/www.salon-zenetbio.com\/lyon\/wp-json\/wp\/v2\/media?parent=10643"}],"curies":[{"name":"wp","href":"https:\/\/api.w.org\/{rel}","templated":true}]}}