{"id":10815,"date":"2024-06-28T14:17:01","date_gmt":"2024-06-28T12:17:01","guid":{"rendered":"https:\/\/www.salon-zenetbio.com\/lyon\/?page_id=10815"},"modified":"2024-06-28T14:17:01","modified_gmt":"2024-06-28T12:17:01","slug":"bioetbienetre-fr","status":"publish","type":"page","link":"https:\/\/www.salon-zenetbio.com\/lyon\/bioetbienetre-fr\/","title":{"rendered":"Bioetbienetre.fr"},"content":{"rendered":"<p style=\"text-align: center;\"><img fetchpriority=\"high\" decoding=\"async\" class=\"alignnone wp-image-15595 size-medium\" src=\"https:\/\/www.salon-zenetbio.com\/nantes\/wp-content\/uploads\/sites\/7\/2024\/06\/Logo-bbe-web-e1719571110475-300x192.png\" alt=\"\" width=\"300\" height=\"192\" \/><\/p>\n<p style=\"font-weight: 400;\">Bioetbienetre.fr a vu le jour en 2009 avec l\u2019ambition de rapprocher les consommateurs engag\u00e9s et les professionnels du bio, du bien-\u00eatre et de l\u2019\u00e9cologie. Plus qu\u2019un simple annuaire, ce site aspire \u00e0 devenir un lien web durable. Il recense aujourd\u2019hui pr\u00e8s de 30 000 professionnels (alimentation, bien-\u00eatre, vacances, enfance, mode \u00e9thique, habitat et jardin).<\/p>\n<p style=\"font-weight: 400;\">La Boutique permet d\u2019effectuer des achats chez des commer\u00e7ants locaux engag\u00e9s dans des pratiques durables (en direct ou en ligne), de profiter de bons plans \u00e9cologiques ou encore de choisir un lieu de vacances respectueux de la nature<\/p>\n<p style=\"font-weight: 400;\">L\u2019Agenda permet aux professionnels de proposer des \u00e9v\u00e9nements respectueux de l\u2019Homme et de l\u2019environnement : ateliers, formations, conf\u00e9rences, portes ouvertes, salons\u2026<\/p>\n<p style=\"font-weight: 400;\">Notre agenda rassemble \u00e0 la fois de grands salons et foires embl\u00e9matiques d\u00e9di\u00e9s au bien-\u00eatre, au bio et \u00e0 l\u2019\u00e9cologie, ainsi que des \u00e9v\u00e9nements plus intimes, class\u00e9s par d\u00e9partement et r\u00e9gion dans toute la France.<\/p>\n<p style=\"font-weight: 400;\">Participer \u00e0 un salon offre une occasion unique de rencontrer, en quelques jours, des professionnels locaux et renomm\u00e9s sp\u00e9cialis\u00e9s dans les domaines de l\u2019alimentation bio, du bien-\u00eatre, des m\u00e9decines douces, de l\u2019habitat sain, des \u00e9nergies\u00a0renouvelables, ainsi que de nombreuses associations \u0153uvrant pour l\u2019\u00e9cologie.<\/p>\n<p style=\"font-weight: 400;\">Le Blog invite \u00e0 d\u00e9couvrir des articles, recettes et astuces partag\u00e9s par des professionnels et des passionn\u00e9s de la bio et de l\u2019\u00e9cologie.<\/p>\n<p>Visiter le\u00a0<a href=\"https:\/\/www.bioetbienetre.fr\/\" target=\"_blank\" rel=\"noopener\">site internet<\/a><\/p>\n","protected":false},"excerpt":{"rendered":"<p>Bioetbienetre.fr a vu le jour en 2009 avec l\u2019ambition de rapprocher les consommateurs engag\u00e9s et les professionnels du bio, du bien-\u00eatre et de l\u2019\u00e9cologie. Plus qu\u2019un simple annuaire, ce site aspire \u00e0 devenir un lien web durable. Il recense aujourd\u2019hui pr\u00e8s de 30 000 professionnels (alimentation, bien-\u00eatre, vacances, enfance, mode \u00e9thique, habitat et jardin). La&hellip; <\/p>\n","protected":false},"author":8,"featured_media":0,"parent":0,"menu_order":0,"comment_status":"closed","ping_status":"closed","template":"","meta":{"_monsterinsights_skip_tracking":false,"_monsterinsights_sitenote_active":false,"_monsterinsights_sitenote_note":"","_monsterinsights_sitenote_category":0,"footnotes":""},"class_list":["post-10815","page","type-page","status-publish","hentry"],"yoast_head":"<!-- This site is optimized with the Yoast SEO plugin v27.3 - https:\/\/yoast.com\/product\/yoast-seo-wordpress\/ -->\n<title>Bioetbienetre.fr - Salon Zen&amp;Bio Lyon<\/title>\n<meta name=\"robots\" content=\"index, follow, max-snippet:-1, max-image-preview:large, max-video-preview:-1\" \/>\n<link rel=\"canonical\" href=\"https:\/\/www.salon-zenetbio.com\/lyon\/bioetbienetre-fr\/\" \/>\n<meta property=\"og:locale\" content=\"fr_FR\" \/>\n<meta property=\"og:type\" content=\"article\" \/>\n<meta property=\"og:title\" content=\"Bioetbienetre.fr - Salon Zen&amp;Bio Lyon\" \/>\n<meta property=\"og:description\" content=\"Bioetbienetre.fr a vu le jour en 2009 avec l\u2019ambition de rapprocher les consommateurs engag\u00e9s et les professionnels du bio, du bien-\u00eatre et de l\u2019\u00e9cologie. Plus qu\u2019un simple annuaire, ce site aspire \u00e0 devenir un lien web durable. Il recense aujourd\u2019hui pr\u00e8s de 30 000 professionnels (alimentation, bien-\u00eatre, vacances, enfance, mode \u00e9thique, habitat et jardin). La&hellip;\" \/>\n<meta property=\"og:url\" content=\"https:\/\/www.salon-zenetbio.com\/lyon\/bioetbienetre-fr\/\" \/>\n<meta property=\"og:site_name\" content=\"Salon Zen&amp;Bio Lyon\" \/>\n<meta property=\"og:image\" content=\"https:\/\/www.salon-zenetbio.com\/nantes\/wp-content\/uploads\/sites\/7\/2024\/06\/Logo-bbe-web-e1719571110475-300x192.png\" \/>\n<meta name=\"twitter:card\" content=\"summary_large_image\" \/>\n<script type=\"application\/ld+json\" class=\"yoast-schema-graph\">{\"@context\":\"https:\\\/\\\/schema.org\",\"@graph\":[{\"@type\":\"WebPage\",\"@id\":\"https:\\\/\\\/www.salon-zenetbio.com\\\/lyon\\\/bioetbienetre-fr\\\/\",\"url\":\"https:\\\/\\\/www.salon-zenetbio.com\\\/lyon\\\/bioetbienetre-fr\\\/\",\"name\":\"Bioetbienetre.fr - Salon Zen&amp;Bio Lyon\",\"isPartOf\":{\"@id\":\"http:\\\/\\\/www.salon-zenetbio.com\\\/lyon\\\/#website\"},\"primaryImageOfPage\":{\"@id\":\"https:\\\/\\\/www.salon-zenetbio.com\\\/lyon\\\/bioetbienetre-fr\\\/#primaryimage\"},\"image\":{\"@id\":\"https:\\\/\\\/www.salon-zenetbio.com\\\/lyon\\\/bioetbienetre-fr\\\/#primaryimage\"},\"thumbnailUrl\":\"https:\\\/\\\/www.salon-zenetbio.com\\\/nantes\\\/wp-content\\\/uploads\\\/sites\\\/7\\\/2024\\\/06\\\/Logo-bbe-web-e1719571110475-300x192.png\",\"datePublished\":\"2024-06-28T12:17:01+00:00\",\"breadcrumb\":{\"@id\":\"https:\\\/\\\/www.salon-zenetbio.com\\\/lyon\\\/bioetbienetre-fr\\\/#breadcrumb\"},\"inLanguage\":\"fr-FR\",\"potentialAction\":[{\"@type\":\"ReadAction\",\"target\":[\"https:\\\/\\\/www.salon-zenetbio.com\\\/lyon\\\/bioetbienetre-fr\\\/\"]}]},{\"@type\":\"ImageObject\",\"inLanguage\":\"fr-FR\",\"@id\":\"https:\\\/\\\/www.salon-zenetbio.com\\\/lyon\\\/bioetbienetre-fr\\\/#primaryimage\",\"url\":\"https:\\\/\\\/www.salon-zenetbio.com\\\/nantes\\\/wp-content\\\/uploads\\\/sites\\\/7\\\/2024\\\/06\\\/Logo-bbe-web-e1719571110475-300x192.png\",\"contentUrl\":\"https:\\\/\\\/www.salon-zenetbio.com\\\/nantes\\\/wp-content\\\/uploads\\\/sites\\\/7\\\/2024\\\/06\\\/Logo-bbe-web-e1719571110475-300x192.png\"},{\"@type\":\"BreadcrumbList\",\"@id\":\"https:\\\/\\\/www.salon-zenetbio.com\\\/lyon\\\/bioetbienetre-fr\\\/#breadcrumb\",\"itemListElement\":[{\"@type\":\"ListItem\",\"position\":1,\"name\":\"Accueil\",\"item\":\"http:\\\/\\\/www.salon-zenetbio.com\\\/lyon\\\/\"},{\"@type\":\"ListItem\",\"position\":2,\"name\":\"Bioetbienetre.fr\"}]},{\"@type\":\"WebSite\",\"@id\":\"http:\\\/\\\/www.salon-zenetbio.com\\\/lyon\\\/#website\",\"url\":\"http:\\\/\\\/www.salon-zenetbio.com\\\/lyon\\\/\",\"name\":\"Salon Zen&amp;Bio Lyon\",\"description\":\"salon Zen&amp;Bio Lyon : votre salon \u00e9colo, bio, bien-\u00eatre et habitat sain\",\"publisher\":{\"@id\":\"http:\\\/\\\/www.salon-zenetbio.com\\\/lyon\\\/#organization\"},\"potentialAction\":[{\"@type\":\"SearchAction\",\"target\":{\"@type\":\"EntryPoint\",\"urlTemplate\":\"http:\\\/\\\/www.salon-zenetbio.com\\\/lyon\\\/?s={search_term_string}\"},\"query-input\":{\"@type\":\"PropertyValueSpecification\",\"valueRequired\":true,\"valueName\":\"search_term_string\"}}],\"inLanguage\":\"fr-FR\"},{\"@type\":\"Organization\",\"@id\":\"http:\\\/\\\/www.salon-zenetbio.com\\\/lyon\\\/#organization\",\"name\":\"Salon Zen&amp;Bio Lyon\",\"url\":\"http:\\\/\\\/www.salon-zenetbio.com\\\/lyon\\\/\",\"logo\":{\"@type\":\"ImageObject\",\"inLanguage\":\"fr-FR\",\"@id\":\"http:\\\/\\\/www.salon-zenetbio.com\\\/lyon\\\/#\\\/schema\\\/logo\\\/image\\\/\",\"url\":\"https:\\\/\\\/www.salon-zenetbio.com\\\/lyon\\\/wp-content\\\/uploads\\\/sites\\\/12\\\/2026\\\/03\\\/cropped-Logo-ZEN-et-BIO-lyon-2026-1.png\",\"contentUrl\":\"https:\\\/\\\/www.salon-zenetbio.com\\\/lyon\\\/wp-content\\\/uploads\\\/sites\\\/12\\\/2026\\\/03\\\/cropped-Logo-ZEN-et-BIO-lyon-2026-1.png\",\"width\":921,\"height\":255,\"caption\":\"Salon Zen&amp;Bio Lyon\"},\"image\":{\"@id\":\"http:\\\/\\\/www.salon-zenetbio.com\\\/lyon\\\/#\\\/schema\\\/logo\\\/image\\\/\"}}]}<\/script>\n<!-- \/ Yoast SEO plugin. -->","yoast_head_json":{"title":"Bioetbienetre.fr - Salon Zen&amp;Bio Lyon","robots":{"index":"index","follow":"follow","max-snippet":"max-snippet:-1","max-image-preview":"max-image-preview:large","max-video-preview":"max-video-preview:-1"},"canonical":"https:\/\/www.salon-zenetbio.com\/lyon\/bioetbienetre-fr\/","og_locale":"fr_FR","og_type":"article","og_title":"Bioetbienetre.fr - Salon Zen&amp;Bio Lyon","og_description":"Bioetbienetre.fr a vu le jour en 2009 avec l\u2019ambition de rapprocher les consommateurs engag\u00e9s et les professionnels du bio, du bien-\u00eatre et de l\u2019\u00e9cologie. Plus qu\u2019un simple annuaire, ce site aspire \u00e0 devenir un lien web durable. Il recense aujourd\u2019hui pr\u00e8s de 30 000 professionnels (alimentation, bien-\u00eatre, vacances, enfance, mode \u00e9thique, habitat et jardin). La&hellip;","og_url":"https:\/\/www.salon-zenetbio.com\/lyon\/bioetbienetre-fr\/","og_site_name":"Salon Zen&amp;Bio Lyon","og_image":[{"url":"https:\/\/www.salon-zenetbio.com\/nantes\/wp-content\/uploads\/sites\/7\/2024\/06\/Logo-bbe-web-e1719571110475-300x192.png","type":"","width":"","height":""}],"twitter_card":"summary_large_image","schema":{"@context":"https:\/\/schema.org","@graph":[{"@type":"WebPage","@id":"https:\/\/www.salon-zenetbio.com\/lyon\/bioetbienetre-fr\/","url":"https:\/\/www.salon-zenetbio.com\/lyon\/bioetbienetre-fr\/","name":"Bioetbienetre.fr - Salon Zen&amp;Bio Lyon","isPartOf":{"@id":"http:\/\/www.salon-zenetbio.com\/lyon\/#website"},"primaryImageOfPage":{"@id":"https:\/\/www.salon-zenetbio.com\/lyon\/bioetbienetre-fr\/#primaryimage"},"image":{"@id":"https:\/\/www.salon-zenetbio.com\/lyon\/bioetbienetre-fr\/#primaryimage"},"thumbnailUrl":"https:\/\/www.salon-zenetbio.com\/nantes\/wp-content\/uploads\/sites\/7\/2024\/06\/Logo-bbe-web-e1719571110475-300x192.png","datePublished":"2024-06-28T12:17:01+00:00","breadcrumb":{"@id":"https:\/\/www.salon-zenetbio.com\/lyon\/bioetbienetre-fr\/#breadcrumb"},"inLanguage":"fr-FR","potentialAction":[{"@type":"ReadAction","target":["https:\/\/www.salon-zenetbio.com\/lyon\/bioetbienetre-fr\/"]}]},{"@type":"ImageObject","inLanguage":"fr-FR","@id":"https:\/\/www.salon-zenetbio.com\/lyon\/bioetbienetre-fr\/#primaryimage","url":"https:\/\/www.salon-zenetbio.com\/nantes\/wp-content\/uploads\/sites\/7\/2024\/06\/Logo-bbe-web-e1719571110475-300x192.png","contentUrl":"https:\/\/www.salon-zenetbio.com\/nantes\/wp-content\/uploads\/sites\/7\/2024\/06\/Logo-bbe-web-e1719571110475-300x192.png"},{"@type":"BreadcrumbList","@id":"https:\/\/www.salon-zenetbio.com\/lyon\/bioetbienetre-fr\/#breadcrumb","itemListElement":[{"@type":"ListItem","position":1,"name":"Accueil","item":"http:\/\/www.salon-zenetbio.com\/lyon\/"},{"@type":"ListItem","position":2,"name":"Bioetbienetre.fr"}]},{"@type":"WebSite","@id":"http:\/\/www.salon-zenetbio.com\/lyon\/#website","url":"http:\/\/www.salon-zenetbio.com\/lyon\/","name":"Salon Zen&amp;Bio Lyon","description":"salon Zen&amp;Bio Lyon : votre salon \u00e9colo, bio, bien-\u00eatre et habitat sain","publisher":{"@id":"http:\/\/www.salon-zenetbio.com\/lyon\/#organization"},"potentialAction":[{"@type":"SearchAction","target":{"@type":"EntryPoint","urlTemplate":"http:\/\/www.salon-zenetbio.com\/lyon\/?s={search_term_string}"},"query-input":{"@type":"PropertyValueSpecification","valueRequired":true,"valueName":"search_term_string"}}],"inLanguage":"fr-FR"},{"@type":"Organization","@id":"http:\/\/www.salon-zenetbio.com\/lyon\/#organization","name":"Salon Zen&amp;Bio Lyon","url":"http:\/\/www.salon-zenetbio.com\/lyon\/","logo":{"@type":"ImageObject","inLanguage":"fr-FR","@id":"http:\/\/www.salon-zenetbio.com\/lyon\/#\/schema\/logo\/image\/","url":"https:\/\/www.salon-zenetbio.com\/lyon\/wp-content\/uploads\/sites\/12\/2026\/03\/cropped-Logo-ZEN-et-BIO-lyon-2026-1.png","contentUrl":"https:\/\/www.salon-zenetbio.com\/lyon\/wp-content\/uploads\/sites\/12\/2026\/03\/cropped-Logo-ZEN-et-BIO-lyon-2026-1.png","width":921,"height":255,"caption":"Salon Zen&amp;Bio Lyon"},"image":{"@id":"http:\/\/www.salon-zenetbio.com\/lyon\/#\/schema\/logo\/image\/"}}]}},"_links":{"self":[{"href":"https:\/\/www.salon-zenetbio.com\/lyon\/wp-json\/wp\/v2\/pages\/10815","targetHints":{"allow":["GET"]}}],"collection":[{"href":"https:\/\/www.salon-zenetbio.com\/lyon\/wp-json\/wp\/v2\/pages"}],"about":[{"href":"https:\/\/www.salon-zenetbio.com\/lyon\/wp-json\/wp\/v2\/types\/page"}],"author":[{"embeddable":true,"href":"https:\/\/www.salon-zenetbio.com\/lyon\/wp-json\/wp\/v2\/users\/8"}],"replies":[{"embeddable":true,"href":"https:\/\/www.salon-zenetbio.com\/lyon\/wp-json\/wp\/v2\/comments?post=10815"}],"version-history":[{"count":1,"href":"https:\/\/www.salon-zenetbio.com\/lyon\/wp-json\/wp\/v2\/pages\/10815\/revisions"}],"predecessor-version":[{"id":10816,"href":"https:\/\/www.salon-zenetbio.com\/lyon\/wp-json\/wp\/v2\/pages\/10815\/revisions\/10816"}],"wp:attachment":[{"href":"https:\/\/www.salon-zenetbio.com\/lyon\/wp-json\/wp\/v2\/media?parent=10815"}],"curies":[{"name":"wp","href":"https:\/\/api.w.org\/{rel}","templated":true}]}}