{"id":11907,"date":"2025-04-30T12:30:10","date_gmt":"2025-04-30T10:30:10","guid":{"rendered":"https:\/\/www.salon-zenetbio.com\/lyon\/?page_id=11907"},"modified":"2025-04-30T12:30:10","modified_gmt":"2025-04-30T10:30:10","slug":"conferences-2024","status":"publish","type":"page","link":"https:\/\/www.salon-zenetbio.com\/lyon\/conferences-2024\/","title":{"rendered":"Conf\u00e9rences 2024"},"content":{"rendered":"<p>Les conf\u00e9rences exposants vous permettent de rencontrer des professionnels et d\u2019apprendre \u00e0 \u00e9vacuer votre stress, \u00e0 prendre soin de vous et \u00e0 faire le plein d\u2019\u00e9nergie en d\u00e9couvrant des nouveaux produits ou m\u00e9thodes.<\/p>\n<p>Des conf\u00e9rences sont organis\u00e9es pour permettre au public de d\u00e9couvrir et mieux comprendre les m\u00e9thodes et les produits pr\u00e9sent\u00e9s sur le salon.<\/p>\n<p><span style=\"color: #d783ff;\"><strong>Salle HARMONIE<\/strong><\/span><br \/>\n<span style=\"color: #ff9300;\"><strong>Salle VITALIT\u00c9<br \/>\n<span style=\"color: #008f00;\">Salle NATURE<\/span><br \/>\n<\/strong><\/span><\/p>\n<h2>Vendredi 15 novembre<\/h2>\n<p><span style=\"color: #f89303;\"><strong>11:00<\/strong><\/span> O\u00f9 trouver un\u00b7e masseur\u00b7se de confiance ? <em><strong>&#8211; Fran\u00e7ois Cordier<\/strong><\/em><span style=\"color: #2e8f00;\"><strong><br \/>\n11:00<\/strong><\/span> Le bien-\u00eatre par les min\u00e9raux <em><strong>&#8211; Denis Guillot<\/strong><\/em><br \/>\n<span style=\"color: #d783ff;\"><strong>11:30<\/strong><\/span> La m\u00e9decine ayurv\u00e9dique et son panchakarma <em><strong>&#8211; Laura Azenard<\/strong><\/em><br \/>\n<span style=\"color: #d783ff;\"><strong>13:00<\/strong><\/span> Les m\u00e9taux lourds : origines, incidences, les mesurer, les solutions<em><strong> &#8211; Armand Bensemhoun<\/strong><\/em><br \/>\n<span style=\"color: #f89303;\"><strong>13:00<\/strong><\/span> Les plantes sauvages au secours de nos articulations et de notre sant\u00e9 <em><strong>&#8211; Jean-P\u00f4l Clesse<\/strong><\/em><br \/>\n<span style=\"color: #d783ff;\"><strong>14:00<\/strong><\/span> Bienfaits des min\u00e9raux, gemmologie<em><strong> &#8211; Jean-Claude Kennedec<\/strong><\/em><br \/>\n<span style=\"color: #f89303;\"><strong>14:00<\/strong><\/span> Retrouver son enfant int\u00e9rieur, la R\u00e9silience : gu\u00e9rir le pass\u00e9 pour vivre pleinement l\u2019instant pr\u00e9sent, d\u00e9marche profond\u00e9ment transformative <em><strong>&#8211; H\u00e9l\u00e8ne Girardin<\/strong><\/em><br \/>\n<span style=\"color: #2e8f00;\"><strong>14:00<\/strong><\/span> \u00c9tat inflammatoire, le d\u00e9clencheur des maladies d\u00e9g\u00e9n\u00e9ratives. Comment en sortir avec la M\u00e9thode France Guillain ?<em><strong> &#8211; France Guillain<\/strong><\/em><br \/>\n<span style=\"color: #d783ff;\"><strong>15:00<\/strong><\/span> Voyage personnel \u00e0 travers l\u2019autohypnose<em><strong> &#8211; Isabelle Robineau et Julien Lachaume<\/strong><\/em><br \/>\n<span style=\"color: #f89303;\"><strong>15:00<\/strong><\/span> Trois solutions naturelles : argile \/ s\u00e8ve de bouleau \/ eau de mer \/ plasma marin<em><strong> &#8211; Gr\u00e9goire Cadeau<br \/>\n<\/strong><\/em><span style=\"color: #2e8f00;\"><strong>15:00<\/strong><\/span> O\u00f9 trouver un\u00b7e masseur\u00b7se de confiance ? <em><strong>&#8211; Fran\u00e7ois Cordier <\/strong><\/em><br \/>\n<span style=\"color: #f89303;\"><strong>16:00<\/strong><\/span> Transformez votre vie en pratiquant la sagesse ancestrale des accords tolt\u00e8ques. Lib\u00e9rez-vous des sch\u00e9mas limitants <em><strong>&#8211; H\u00e9l\u00e8ne et Julie Girardin<\/strong><\/em><br \/>\n<span style=\"color: #2e8f00;\"><strong>16:00<\/strong><\/span> Soin collectif et m\u00e9ditation dans le cercle de perfection <em><strong>&#8211; Natah\u00e9<\/strong><\/em><br \/>\n<span style=\"color: #d783ff;\"><strong>16:30<\/strong><\/span> Comment agir contre les tensions musculaires de la t\u00eate, de la nuque et du dos ? <em><strong>&#8211; Alfred Pfennig<br \/>\n<\/strong><\/em><span style=\"color: #f89303;\"><strong>17:00<\/strong><\/span> Se gu\u00e9rir par la connaissance de soi et les soins \u00e9nerg\u00e9tiques<em><strong> &#8211; Nathalie Molendi<\/strong><\/em><br \/>\n<span style=\"color: #2e8f00;\"><strong>17:00<\/strong><\/span> Apprendre \u00e0 m\u00e9diter : m\u00e9diter sur les sons <em><strong>&#8211; Maitreya<br \/>\n<\/strong><\/em><span style=\"color: #d784ff;\"><strong>17:30<\/strong><\/span> Booster votre \u00e9nergie, votre confiance en vous pour activer le succ\u00e8s dans votre vie perso et pro !<em><strong> &#8211; G\u00e9raldine Matthey<br \/>\n<\/strong><\/em><\/p>\n<h2>Samedi 16 novembre<\/h2>\n<p><span style=\"color: #f89303;\"><span style=\"color: #333333;\"><span style=\"color: #d784ff;\"><strong>10:30<\/strong><\/span> O\u00f9 trouver un\u00b7e masseur\u00b7se de confiance ? <em><strong>&#8211; Fabrice Schelson et Fran\u00e7ois Cordier<\/strong><\/em><\/span><strong><br \/>\n11:00<\/strong><\/span> Les secrets toxiques de l&rsquo;industrie de la lessive : pourquoi changer votre lessive peut prot\u00e9ger votre sant\u00e9 <em><strong>&#8211; Jean-Baptiste Duranton<br \/>\n<\/strong><\/em><span style=\"color: #2e8f00;\"><strong>11:00<\/strong><\/span> Change ta vie maintenant ! Coaching collectif live <em><strong>&#8211; Carole Milliez<\/strong><\/em><br \/>\n<span style=\"color: #d783ff;\"><strong>11:30<\/strong> <\/span>Reprendre sa sant\u00e9 en main et soulager ses douleurs naturellement <em><strong>&#8211; Dr Aline Mercan<\/strong><\/em><br \/>\n<span style=\"color: #f89303;\"><strong>12:00<\/strong><\/span> Le bien-\u00eatre par les min\u00e9raux <em><strong>&#8211; Denis Guillot<\/strong><\/em><br \/>\n<span style=\"color: #2e8f00;\"><strong>12:00<\/strong><\/span> Les plantes sauvages au secours de nos articulations et de notre sant\u00e9 <em><strong>&#8211; Jean-P\u00f4l Clesse<\/strong><\/em><br \/>\n<span style=\"color: #d783ff;\"><strong>13:00<\/strong><\/span> Nos divers microbiotes. Celui du cerveau est identique \u00e0 celui de notre intestin. D&rsquo;o\u00f9 son importance ! C&rsquo;est notre identit\u00e9. Comment le r\u00e9parer et l&rsquo;entretenir ?<em><strong> &#8211; France Guillain<br \/>\n<\/strong><\/em><strong><span style=\"color: #f89303;\">13:00<\/span><\/strong> Retrouver un bon sommeil, \u00e9nergie et vitalit\u00e9 pour vivre une vie l\u00e9g\u00e8re et joyeuse gr\u00e2ce au Feng Shui ! <em><strong>&#8211; G\u00e9raldine Matthey<\/strong><\/em><br \/>\n<span style=\"color: #2e8f00;\"><strong>13:00<\/strong><\/span> Apprendre \u00e0 m\u00e9diter : m\u00e9diter sur le calme int\u00e9rieur <em><strong>&#8211; Maitreya<\/strong><\/em><br \/>\n<span style=\"color: #d783ff;\"><strong>14:00<\/strong><\/span> Retrouver son enfant int\u00e9rieur, la R\u00e9silience : gu\u00e9rir le pass\u00e9 pour vivre pleinement l\u2019instant pr\u00e9sent, d\u00e9marche profond\u00e9ment transformative <em><strong>&#8211; H\u00e9l\u00e8ne Girardin<\/strong><\/em><br \/>\n<span style=\"color: #f89303;\"><strong>14:00<\/strong><\/span> Aidez les autres \u00e0 en finir avec toutes les addictions gr\u00e2ce \u00e0 la m\u00e9thode ADIOS : alcool, drogues, sucre, tabac, d\u00e9pendance affective\u2026 <em><strong>&#8211; Sarah Nacass<\/strong><\/em><br \/>\n<span style=\"color: #2e8f00;\"><strong>14:00<\/strong><\/span> Bienfaits des min\u00e9raux, gemmologie<em> <strong>&#8211; Jean-Claude Kennedec<\/strong><\/em><br \/>\n<span style=\"color: #d783ff;\"><strong>15:00<\/strong><\/span> Vivre vieux, vivre mieux <em><strong>&#8211; Dr Fr\u00e9d\u00e9ric Rerolle<\/strong><\/em><br \/>\n<span style=\"color: #f89303;\"><strong>15:00<\/strong><\/span> Les m\u00e9taux lourds : origines, incidences, les mesurer, les solutions<em><strong> &#8211; Armand Bensemhoun<\/strong><\/em><br \/>\n<span style=\"color: #2e8f00;\"><strong>15:00<\/strong><\/span> M\u00e9ditation olfactive avec des huiles essentielles<em> <strong>&#8211; Virginie Lhuillier<\/strong><\/em><br \/>\n<span style=\"color: #f89303;\"><strong>16:00<\/strong><\/span> Trois solutions naturelles : argile \/ s\u00e8ve de bouleau \/ eau de mer \/ plasma marin<em><strong> &#8211; Gr\u00e9goire Cadeau<\/strong><\/em><br \/>\n<span style=\"color: #2e8f00;\"><strong>16:00<\/strong><\/span> Comment agir contre les tensions musculaires de la t\u00eate, de la nuque et du dos ? <em><strong>&#8211; Alfred Pfennig<\/strong><\/em><br \/>\n<span style=\"color: #d783ff;\"><strong>16:30<\/strong><\/span> L\u2019(es) \u00e9quilibre(s) : exister son propre chemin<em><strong> &#8211; Anne Donnet<\/strong><\/em><br \/>\n<span style=\"color: #f89303;\"><strong>17:00<\/strong><\/span> Transformez votre vie en pratiquant la sagesse ancestrale des accords tolt\u00e8ques. Lib\u00e9rez-vous des sch\u00e9mas limitants <em><strong>&#8211; H\u00e9l\u00e8ne et Julie Girardin<\/strong><\/em><br \/>\n<span style=\"color: #2e8f00;\"><strong>17:00<\/strong><\/span> Cellules souches porteuses d&rsquo;immortalit\u00e9<em><strong> &#8211; Jacques Prunier<\/strong><\/em><br \/>\n<span style=\"color: #d783ff;\"><strong>17:30<\/strong><\/span> Initiation \u00e0 la m\u00e9ditation &#8211; La pratique de l&rsquo;acceptation radicale pour se voir en profondeur <em><strong>&#8211; Melody Moon<\/strong><\/em><\/p>\n<h2>Dimanche 17 novembre<\/h2>\n<p><span style=\"color: #f89303;\"><span style=\"color: #333333;\"><span style=\"color: #d784ff;\"><strong> 10:30<\/strong><\/span> O\u00f9 trouver un\u00b7e masseur\u00b7se de confiance ?<em><strong> &#8211; Fran\u00e7ois Cordier<\/strong><\/em><\/span><strong><br \/>\n11:00<\/strong><\/span> Comment agir contre les tensions musculaires de la t\u00eate, de la nuque et du dos ? <em><strong>&#8211; Alfred Pfenig<\/strong><\/em><br \/>\n<span style=\"color: #2e8f00;\"><strong>11:00<\/strong><\/span> Comment soutenir sa digestion gr\u00e2ce \u00e0 la naturopathie ? <em><strong>&#8211; Solenn Chipon<\/strong><\/em><br \/>\n<span style=\"color: #d783ff;\"><strong>11:30<\/strong><\/span> La sophrologie avec les enfants et les adolescents : une aide pr\u00e9cieuse au quotidien <em><strong>&#8211; Laurence Le Henry<\/strong><\/em><br \/>\n<span style=\"color: #2e8f00;\"><strong>12:00<\/strong><\/span> Apprendre \u00e0 m\u00e9diter : m\u00e9diter sur la paix de l&rsquo;esprit <em><strong>&#8211; Maitreya<\/strong><\/em><br \/>\n<span style=\"color: #d783ff;\"><strong>13:00<\/strong><\/span> Comment d\u00e9tecter les dysfonctionnements de nos organes en observant notre visage et ses traits ? <em><strong>&#8211; France Guillain<\/strong><\/em><br \/>\n<span style=\"color: #f89303;\"><strong>13:00<\/strong><\/span> Bienfaits des min\u00e9raux, gemmologie <em><strong>&#8211; Jean-Claude Kennedec<br \/>\n<\/strong><\/em><span style=\"color: #319417;\"><strong>13:00<\/strong><\/span> Se gu\u00e9rir par la connaissance de soi et les soins \u00e9nerg\u00e9tiques<em><strong> &#8211; Nathalie Molendi<\/strong><\/em><br \/>\n<span style=\"color: #d783ff;\"><strong>14:00<\/strong><\/span> Les plantes sauvages au secours de nos articulations et de notre sant\u00e9 <em><strong>&#8211; Jean-P\u00f4l Clesse<\/strong><\/em><br \/>\n<span style=\"color: #f89303;\"><strong>14:00<\/strong><\/span> Transformez votre vie en pratiquant la sagesse ancestrale des accords tolt\u00e8ques. Lib\u00e9rez-vous des sch\u00e9mas limitants <em><strong>&#8211; H\u00e9l\u00e8ne et Julie Girardin<\/strong><\/em><br \/>\n<span style=\"color: #2e8f00;\"><strong>14:00<\/strong><\/span> Aidez les autres \u00e0 en finir avec toutes les addictions gr\u00e2ce \u00e0 la m\u00e9thode ADIOS : alcool, drogues, sucre, tabac, d\u00e9pendance affective\u2026 <em><strong>&#8211; Sarah Nacass<\/strong><\/em><br \/>\n<span style=\"color: #d783ff;\"><strong>15:00<\/strong><\/span> \u00ab Zhou Dao \u00bb, la pr\u00e9vention par l\u2019alimentation avec les bols Chinois<em><strong> &#8211; Bruno Soustre<br \/>\n<\/strong><\/em><span style=\"color: #f89303;\"><strong>15:00<\/strong><\/span> O\u00f9 trouver un\u00b7e masseur\u00b7se de confiance ? <em><strong>&#8211; Fran\u00e7ois Cordier<\/strong><\/em><br \/>\n<span style=\"color: #2e8f00;\"><strong>15:00<\/strong><\/span> Les m\u00e9taux lourds : origines, incidences, les mesurer, les solutions <em><strong>&#8211; Armand Bensemhoun<\/strong><\/em><br \/>\n<span style=\"color: #f89303;\"><strong>16:00<\/strong><\/span> Retrouver son enfant int\u00e9rieur, la R\u00e9silience : gu\u00e9rir le pass\u00e9 pour vivre pleinement l\u2019instant pr\u00e9sent, d\u00e9marche profond\u00e9ment transformative <em><strong>&#8211; H\u00e9l\u00e8ne Girardin<\/strong><\/em><br \/>\n<span style=\"color: #2e8f00;\"><strong>16:00<\/strong><\/span> Trois solutions naturelles : argile \/ s\u00e8ve de bouleau \/ eau de mer \/ plasma marin <em><strong>&#8211; Gr\u00e9goire Cadeau<\/strong><\/em><\/p>\n","protected":false},"excerpt":{"rendered":"<p>Les conf\u00e9rences exposants vous permettent de rencontrer des professionnels et d\u2019apprendre \u00e0 \u00e9vacuer votre stress, \u00e0 prendre soin de vous et \u00e0 faire le plein d\u2019\u00e9nergie en d\u00e9couvrant des nouveaux produits ou m\u00e9thodes. Des conf\u00e9rences sont organis\u00e9es pour permettre au public de d\u00e9couvrir et mieux comprendre les m\u00e9thodes et les produits pr\u00e9sent\u00e9s sur le salon.&hellip; <\/p>\n","protected":false},"author":6,"featured_media":0,"parent":0,"menu_order":0,"comment_status":"closed","ping_status":"closed","template":"","meta":{"_monsterinsights_skip_tracking":false,"_monsterinsights_sitenote_active":false,"_monsterinsights_sitenote_note":"","_monsterinsights_sitenote_category":0,"footnotes":""},"class_list":["post-11907","page","type-page","status-publish","hentry"],"yoast_head":"<!-- This site is optimized with the Yoast SEO plugin v27.3 - https:\/\/yoast.com\/product\/yoast-seo-wordpress\/ -->\n<title>Conf\u00e9rences 2024 - Salon Zen&amp;Bio Lyon<\/title>\n<meta name=\"robots\" content=\"index, follow, max-snippet:-1, max-image-preview:large, max-video-preview:-1\" \/>\n<link rel=\"canonical\" href=\"https:\/\/www.salon-zenetbio.com\/lyon\/conferences-2024\/\" \/>\n<meta property=\"og:locale\" content=\"fr_FR\" \/>\n<meta property=\"og:type\" content=\"article\" \/>\n<meta property=\"og:title\" content=\"Conf\u00e9rences 2024 - Salon Zen&amp;Bio Lyon\" \/>\n<meta property=\"og:description\" content=\"Les conf\u00e9rences exposants vous permettent de rencontrer des professionnels et d\u2019apprendre \u00e0 \u00e9vacuer votre stress, \u00e0 prendre soin de vous et \u00e0 faire le plein d\u2019\u00e9nergie en d\u00e9couvrant des nouveaux produits ou m\u00e9thodes. Des conf\u00e9rences sont organis\u00e9es pour permettre au public de d\u00e9couvrir et mieux comprendre les m\u00e9thodes et les produits pr\u00e9sent\u00e9s sur le salon.&hellip;\" \/>\n<meta property=\"og:url\" content=\"https:\/\/www.salon-zenetbio.com\/lyon\/conferences-2024\/\" \/>\n<meta property=\"og:site_name\" content=\"Salon Zen&amp;Bio Lyon\" \/>\n<meta name=\"twitter:card\" content=\"summary_large_image\" \/>\n<meta name=\"twitter:label1\" content=\"Dur\u00e9e de lecture estim\u00e9e\" \/>\n\t<meta name=\"twitter:data1\" content=\"5 minutes\" \/>\n<script type=\"application\/ld+json\" class=\"yoast-schema-graph\">{\"@context\":\"https:\\\/\\\/schema.org\",\"@graph\":[{\"@type\":\"WebPage\",\"@id\":\"https:\\\/\\\/www.salon-zenetbio.com\\\/lyon\\\/conferences-2024\\\/\",\"url\":\"https:\\\/\\\/www.salon-zenetbio.com\\\/lyon\\\/conferences-2024\\\/\",\"name\":\"Conf\u00e9rences 2024 - Salon Zen&amp;Bio Lyon\",\"isPartOf\":{\"@id\":\"https:\\\/\\\/www.salon-zenetbio.com\\\/lyon\\\/#website\"},\"datePublished\":\"2025-04-30T10:30:10+00:00\",\"breadcrumb\":{\"@id\":\"https:\\\/\\\/www.salon-zenetbio.com\\\/lyon\\\/conferences-2024\\\/#breadcrumb\"},\"inLanguage\":\"fr-FR\",\"potentialAction\":[{\"@type\":\"ReadAction\",\"target\":[\"https:\\\/\\\/www.salon-zenetbio.com\\\/lyon\\\/conferences-2024\\\/\"]}]},{\"@type\":\"BreadcrumbList\",\"@id\":\"https:\\\/\\\/www.salon-zenetbio.com\\\/lyon\\\/conferences-2024\\\/#breadcrumb\",\"itemListElement\":[{\"@type\":\"ListItem\",\"position\":1,\"name\":\"Accueil\",\"item\":\"https:\\\/\\\/www.salon-zenetbio.com\\\/lyon\\\/\"},{\"@type\":\"ListItem\",\"position\":2,\"name\":\"Conf\u00e9rences 2024\"}]},{\"@type\":\"WebSite\",\"@id\":\"https:\\\/\\\/www.salon-zenetbio.com\\\/lyon\\\/#website\",\"url\":\"https:\\\/\\\/www.salon-zenetbio.com\\\/lyon\\\/\",\"name\":\"Salon Zen&amp;Bio Lyon\",\"description\":\"salon Zen&amp;Bio Lyon : votre salon \u00e9colo, bio, bien-\u00eatre et habitat sain\",\"publisher\":{\"@id\":\"https:\\\/\\\/www.salon-zenetbio.com\\\/lyon\\\/#organization\"},\"potentialAction\":[{\"@type\":\"SearchAction\",\"target\":{\"@type\":\"EntryPoint\",\"urlTemplate\":\"https:\\\/\\\/www.salon-zenetbio.com\\\/lyon\\\/?s={search_term_string}\"},\"query-input\":{\"@type\":\"PropertyValueSpecification\",\"valueRequired\":true,\"valueName\":\"search_term_string\"}}],\"inLanguage\":\"fr-FR\"},{\"@type\":\"Organization\",\"@id\":\"https:\\\/\\\/www.salon-zenetbio.com\\\/lyon\\\/#organization\",\"name\":\"Salon Zen&amp;Bio Lyon\",\"url\":\"https:\\\/\\\/www.salon-zenetbio.com\\\/lyon\\\/\",\"logo\":{\"@type\":\"ImageObject\",\"inLanguage\":\"fr-FR\",\"@id\":\"https:\\\/\\\/www.salon-zenetbio.com\\\/lyon\\\/#\\\/schema\\\/logo\\\/image\\\/\",\"url\":\"https:\\\/\\\/www.salon-zenetbio.com\\\/lyon\\\/wp-content\\\/uploads\\\/sites\\\/12\\\/2026\\\/03\\\/cropped-Logo-ZEN-et-BIO-lyon-2026-1.png\",\"contentUrl\":\"https:\\\/\\\/www.salon-zenetbio.com\\\/lyon\\\/wp-content\\\/uploads\\\/sites\\\/12\\\/2026\\\/03\\\/cropped-Logo-ZEN-et-BIO-lyon-2026-1.png\",\"width\":921,\"height\":255,\"caption\":\"Salon Zen&amp;Bio Lyon\"},\"image\":{\"@id\":\"https:\\\/\\\/www.salon-zenetbio.com\\\/lyon\\\/#\\\/schema\\\/logo\\\/image\\\/\"}}]}<\/script>\n<!-- \/ Yoast SEO plugin. -->","yoast_head_json":{"title":"Conf\u00e9rences 2024 - Salon Zen&amp;Bio Lyon","robots":{"index":"index","follow":"follow","max-snippet":"max-snippet:-1","max-image-preview":"max-image-preview:large","max-video-preview":"max-video-preview:-1"},"canonical":"https:\/\/www.salon-zenetbio.com\/lyon\/conferences-2024\/","og_locale":"fr_FR","og_type":"article","og_title":"Conf\u00e9rences 2024 - Salon Zen&amp;Bio Lyon","og_description":"Les conf\u00e9rences exposants vous permettent de rencontrer des professionnels et d\u2019apprendre \u00e0 \u00e9vacuer votre stress, \u00e0 prendre soin de vous et \u00e0 faire le plein d\u2019\u00e9nergie en d\u00e9couvrant des nouveaux produits ou m\u00e9thodes. Des conf\u00e9rences sont organis\u00e9es pour permettre au public de d\u00e9couvrir et mieux comprendre les m\u00e9thodes et les produits pr\u00e9sent\u00e9s sur le salon.&hellip;","og_url":"https:\/\/www.salon-zenetbio.com\/lyon\/conferences-2024\/","og_site_name":"Salon Zen&amp;Bio Lyon","twitter_card":"summary_large_image","twitter_misc":{"Dur\u00e9e de lecture estim\u00e9e":"5 minutes"},"schema":{"@context":"https:\/\/schema.org","@graph":[{"@type":"WebPage","@id":"https:\/\/www.salon-zenetbio.com\/lyon\/conferences-2024\/","url":"https:\/\/www.salon-zenetbio.com\/lyon\/conferences-2024\/","name":"Conf\u00e9rences 2024 - Salon Zen&amp;Bio Lyon","isPartOf":{"@id":"https:\/\/www.salon-zenetbio.com\/lyon\/#website"},"datePublished":"2025-04-30T10:30:10+00:00","breadcrumb":{"@id":"https:\/\/www.salon-zenetbio.com\/lyon\/conferences-2024\/#breadcrumb"},"inLanguage":"fr-FR","potentialAction":[{"@type":"ReadAction","target":["https:\/\/www.salon-zenetbio.com\/lyon\/conferences-2024\/"]}]},{"@type":"BreadcrumbList","@id":"https:\/\/www.salon-zenetbio.com\/lyon\/conferences-2024\/#breadcrumb","itemListElement":[{"@type":"ListItem","position":1,"name":"Accueil","item":"https:\/\/www.salon-zenetbio.com\/lyon\/"},{"@type":"ListItem","position":2,"name":"Conf\u00e9rences 2024"}]},{"@type":"WebSite","@id":"https:\/\/www.salon-zenetbio.com\/lyon\/#website","url":"https:\/\/www.salon-zenetbio.com\/lyon\/","name":"Salon Zen&amp;Bio Lyon","description":"salon Zen&amp;Bio Lyon : votre salon \u00e9colo, bio, bien-\u00eatre et habitat sain","publisher":{"@id":"https:\/\/www.salon-zenetbio.com\/lyon\/#organization"},"potentialAction":[{"@type":"SearchAction","target":{"@type":"EntryPoint","urlTemplate":"https:\/\/www.salon-zenetbio.com\/lyon\/?s={search_term_string}"},"query-input":{"@type":"PropertyValueSpecification","valueRequired":true,"valueName":"search_term_string"}}],"inLanguage":"fr-FR"},{"@type":"Organization","@id":"https:\/\/www.salon-zenetbio.com\/lyon\/#organization","name":"Salon Zen&amp;Bio Lyon","url":"https:\/\/www.salon-zenetbio.com\/lyon\/","logo":{"@type":"ImageObject","inLanguage":"fr-FR","@id":"https:\/\/www.salon-zenetbio.com\/lyon\/#\/schema\/logo\/image\/","url":"https:\/\/www.salon-zenetbio.com\/lyon\/wp-content\/uploads\/sites\/12\/2026\/03\/cropped-Logo-ZEN-et-BIO-lyon-2026-1.png","contentUrl":"https:\/\/www.salon-zenetbio.com\/lyon\/wp-content\/uploads\/sites\/12\/2026\/03\/cropped-Logo-ZEN-et-BIO-lyon-2026-1.png","width":921,"height":255,"caption":"Salon Zen&amp;Bio Lyon"},"image":{"@id":"https:\/\/www.salon-zenetbio.com\/lyon\/#\/schema\/logo\/image\/"}}]}},"_links":{"self":[{"href":"https:\/\/www.salon-zenetbio.com\/lyon\/wp-json\/wp\/v2\/pages\/11907","targetHints":{"allow":["GET"]}}],"collection":[{"href":"https:\/\/www.salon-zenetbio.com\/lyon\/wp-json\/wp\/v2\/pages"}],"about":[{"href":"https:\/\/www.salon-zenetbio.com\/lyon\/wp-json\/wp\/v2\/types\/page"}],"author":[{"embeddable":true,"href":"https:\/\/www.salon-zenetbio.com\/lyon\/wp-json\/wp\/v2\/users\/6"}],"replies":[{"embeddable":true,"href":"https:\/\/www.salon-zenetbio.com\/lyon\/wp-json\/wp\/v2\/comments?post=11907"}],"version-history":[{"count":1,"href":"https:\/\/www.salon-zenetbio.com\/lyon\/wp-json\/wp\/v2\/pages\/11907\/revisions"}],"predecessor-version":[{"id":11908,"href":"https:\/\/www.salon-zenetbio.com\/lyon\/wp-json\/wp\/v2\/pages\/11907\/revisions\/11908"}],"wp:attachment":[{"href":"https:\/\/www.salon-zenetbio.com\/lyon\/wp-json\/wp\/v2\/media?parent=11907"}],"curies":[{"name":"wp","href":"https:\/\/api.w.org\/{rel}","templated":true}]}}