{"id":11910,"date":"2025-04-30T12:33:29","date_gmt":"2025-04-30T10:33:29","guid":{"rendered":"https:\/\/www.salon-zenetbio.com\/lyon\/?page_id=11910"},"modified":"2025-04-30T12:33:29","modified_gmt":"2025-04-30T10:33:29","slug":"workshop-bougez-zen-2024","status":"publish","type":"page","link":"https:\/\/www.salon-zenetbio.com\/lyon\/workshop-bougez-zen-2024\/","title":{"rendered":"Workshop Bougez Zen 2024"},"content":{"rendered":"<p><img fetchpriority=\"high\" decoding=\"async\" class=\"wp-image-9098 size-large\" src=\"https:\/\/www.salon-zenetbio.com\/lyon\/wp-content\/uploads\/sites\/12\/2022\/09\/Fotolia_45270035_Subscription_Monthly_M-e1568726347764-1024x342.jpeg\" alt=\"\" width=\"790\" height=\"264\" srcset=\"https:\/\/www.salon-zenetbio.com\/lyon\/wp-content\/uploads\/sites\/12\/2022\/09\/Fotolia_45270035_Subscription_Monthly_M-e1568726347764-1024x342.jpeg 1024w, https:\/\/www.salon-zenetbio.com\/lyon\/wp-content\/uploads\/sites\/12\/2022\/09\/Fotolia_45270035_Subscription_Monthly_M-e1568726347764-300x100.jpeg 300w, https:\/\/www.salon-zenetbio.com\/lyon\/wp-content\/uploads\/sites\/12\/2022\/09\/Fotolia_45270035_Subscription_Monthly_M-e1568726347764-768x257.jpeg 768w, https:\/\/www.salon-zenetbio.com\/lyon\/wp-content\/uploads\/sites\/12\/2022\/09\/Fotolia_45270035_Subscription_Monthly_M-e1568726347764-1536x513.jpeg 1536w, https:\/\/www.salon-zenetbio.com\/lyon\/wp-content\/uploads\/sites\/12\/2022\/09\/Fotolia_45270035_Subscription_Monthly_M-e1568726347764-150x50.jpeg 150w, https:\/\/www.salon-zenetbio.com\/lyon\/wp-content\/uploads\/sites\/12\/2022\/09\/Fotolia_45270035_Subscription_Monthly_M-e1568726347764-500x167.jpeg 500w, https:\/\/www.salon-zenetbio.com\/lyon\/wp-content\/uploads\/sites\/12\/2022\/09\/Fotolia_45270035_Subscription_Monthly_M-e1568726347764.jpeg 1688w\" sizes=\"(max-width: 790px) 100vw, 790px\" \/><\/p>\n<p>Afin que vous puissiez d\u00e9couvrir une technique ou l\u2019approfondir, seront propos\u00e9s durant 3 jours : des cours de yoga de l\u2019\u00e9nergie, kundalini yoga, pilate, yoga tib\u00e9tain, yangshen, Qi Gong ou encore Tai chi chuan, d\u2019une dur\u00e9e de 1h \u00e0 1h30 toute la journ\u00e9e (soit une quinzaine de cours pendant toute la dur\u00e9e du salon).<\/p>\n<p><span style=\"color: #941751;\"><strong>Espace \u00c9QUILIBRE<\/strong><\/span><\/p>\n<h2>Vendredi 15 novembre<\/h2>\n<p><span style=\"color: #941750;\"><strong> 11:00<\/strong><\/span> M\u00e9ditation : pratique et m\u00e9thode <em><strong>&#8211; Maitreya<br \/>\n<\/strong><\/em><strong><span style=\"color: #941750;\">12:30<\/span><\/strong> D\u00e9couverte du Yoga du Rire <em><strong>&#8211; Solange Casini<\/strong><\/em><br \/>\n<span style=\"color: #941750;\"><strong>14:00<\/strong><\/span> Ouverture d\u2019un chakra <em><strong>&#8211; Maitreya<br \/>\n<\/strong><\/em><span style=\"color: #941750;\"><strong>15:00<\/strong><\/span> Renouer avec soi en mouvement<em><strong> &#8211; Aurelie Schoenfelder<\/strong><\/em><br \/>\n<span style=\"color: #941750;\"><strong>17:00<\/strong><\/span> Qigong Liao Fa (qigong medical) <em><strong>&#8211; Denis Tran<\/strong><\/em><\/p>\n<h2>Samedi 16 novembre<\/h2>\n<p><span style=\"color: #941750;\"><strong> 11:00<\/strong><\/span> Qi Gong des 8 pi\u00e8ces de Brocart <em><strong>&#8211; Ma\u00eetre Sun Gen Fa<\/strong><\/em><br \/>\n<span style=\"color: #941750;\"><strong>12:30<\/strong><\/span> Qigong Liao Fa (qigong medical) <em><strong>&#8211; Denis Tran<\/strong><\/em><br \/>\n<span style=\"color: #941750;\"><strong>14:00<\/strong><\/span> Initiation au Tai Ji Quan Ballon <em><strong>&#8211; Ma\u00eetre Sun Gen Fa<\/strong><\/em><br \/>\n<span style=\"color: #941750;\"><strong>15:30<\/strong><\/span> Ouverture d\u2019un chakra <em><strong>&#8211; Maitreya<br \/>\n<\/strong><\/em><span style=\"color: #941750;\"><strong>17:00<\/strong><\/span> Les mains cr\u00e9atrice en mouvement<em><strong> &#8211; Aurelie Schoenfelder<br \/>\n<\/strong><\/em><\/p>\n<h2>Dimanche 17 novembre<\/h2>\n<p><span style=\"color: #941750;\"><strong> 11:00 <\/strong><span style=\"color: #343434;\">Renouer avec soi en mouvement<\/span><strong><em><span style=\"color: #343434;\"> &#8211; Aurelie Schoenfelder<\/span><\/em><br \/>\n12:30 <\/strong><span style=\"color: #343434;\">Atelier d&rsquo;initiation au massage Do In<em><strong> &#8211; Lucie Goiffon<\/strong><\/em><\/span><strong><br \/>\n14:00<\/strong><\/span> Qigong Liao Fa (qigong medical) <em><strong>&#8211; Denis Tran<\/strong><\/em><br \/>\n<span style=\"color: #941750;\"><strong>15:30<\/strong><\/span> Ouverture d\u2019un chakra <em><strong>&#8211; Maitreya<\/strong><\/em><\/p>\n","protected":false},"excerpt":{"rendered":"<p>Afin que vous puissiez d\u00e9couvrir une technique ou l\u2019approfondir, seront propos\u00e9s durant 3 jours : des cours de yoga de l\u2019\u00e9nergie, kundalini yoga, pilate, yoga tib\u00e9tain, yangshen, Qi Gong ou encore Tai chi chuan, d\u2019une dur\u00e9e de 1h \u00e0 1h30 toute la journ\u00e9e (soit une quinzaine de cours pendant toute la dur\u00e9e du salon). Espace&hellip; <\/p>\n","protected":false},"author":6,"featured_media":0,"parent":0,"menu_order":0,"comment_status":"closed","ping_status":"closed","template":"","meta":{"_monsterinsights_skip_tracking":false,"_monsterinsights_sitenote_active":false,"_monsterinsights_sitenote_note":"","_monsterinsights_sitenote_category":0,"footnotes":""},"class_list":["post-11910","page","type-page","status-publish","hentry"],"yoast_head":"<!-- This site is optimized with the Yoast SEO plugin v27.3 - https:\/\/yoast.com\/product\/yoast-seo-wordpress\/ -->\n<title>Workshop Bougez Zen 2024 - Salon Zen&amp;Bio Lyon<\/title>\n<meta name=\"robots\" content=\"index, follow, max-snippet:-1, max-image-preview:large, max-video-preview:-1\" \/>\n<link rel=\"canonical\" href=\"https:\/\/www.salon-zenetbio.com\/lyon\/workshop-bougez-zen-2024\/\" \/>\n<meta property=\"og:locale\" content=\"fr_FR\" \/>\n<meta property=\"og:type\" content=\"article\" \/>\n<meta property=\"og:title\" content=\"Workshop Bougez Zen 2024 - Salon Zen&amp;Bio Lyon\" \/>\n<meta property=\"og:description\" content=\"Afin que vous puissiez d\u00e9couvrir une technique ou l\u2019approfondir, seront propos\u00e9s durant 3 jours : des cours de yoga de l\u2019\u00e9nergie, kundalini yoga, pilate, yoga tib\u00e9tain, yangshen, Qi Gong ou encore Tai chi chuan, d\u2019une dur\u00e9e de 1h \u00e0 1h30 toute la journ\u00e9e (soit une quinzaine de cours pendant toute la dur\u00e9e du salon). Espace&hellip;\" \/>\n<meta property=\"og:url\" content=\"https:\/\/www.salon-zenetbio.com\/lyon\/workshop-bougez-zen-2024\/\" \/>\n<meta property=\"og:site_name\" content=\"Salon Zen&amp;Bio Lyon\" \/>\n<meta property=\"og:image\" content=\"https:\/\/www.salon-zenetbio.com\/lyon\/wp-content\/uploads\/sites\/12\/2022\/09\/Fotolia_45270035_Subscription_Monthly_M-e1568726347764-1024x342.jpeg\" \/>\n<meta name=\"twitter:card\" content=\"summary_large_image\" \/>\n<meta name=\"twitter:label1\" content=\"Dur\u00e9e de lecture estim\u00e9e\" \/>\n\t<meta name=\"twitter:data1\" content=\"2 minutes\" \/>\n<script type=\"application\/ld+json\" class=\"yoast-schema-graph\">{\"@context\":\"https:\\\/\\\/schema.org\",\"@graph\":[{\"@type\":\"WebPage\",\"@id\":\"https:\\\/\\\/www.salon-zenetbio.com\\\/lyon\\\/workshop-bougez-zen-2024\\\/\",\"url\":\"https:\\\/\\\/www.salon-zenetbio.com\\\/lyon\\\/workshop-bougez-zen-2024\\\/\",\"name\":\"Workshop Bougez Zen 2024 - Salon Zen&amp;Bio Lyon\",\"isPartOf\":{\"@id\":\"https:\\\/\\\/www.salon-zenetbio.com\\\/lyon\\\/#website\"},\"primaryImageOfPage\":{\"@id\":\"https:\\\/\\\/www.salon-zenetbio.com\\\/lyon\\\/workshop-bougez-zen-2024\\\/#primaryimage\"},\"image\":{\"@id\":\"https:\\\/\\\/www.salon-zenetbio.com\\\/lyon\\\/workshop-bougez-zen-2024\\\/#primaryimage\"},\"thumbnailUrl\":\"https:\\\/\\\/www.salon-zenetbio.com\\\/lyon\\\/wp-content\\\/uploads\\\/sites\\\/12\\\/2022\\\/09\\\/Fotolia_45270035_Subscription_Monthly_M-e1568726347764-1024x342.jpeg\",\"datePublished\":\"2025-04-30T10:33:29+00:00\",\"breadcrumb\":{\"@id\":\"https:\\\/\\\/www.salon-zenetbio.com\\\/lyon\\\/workshop-bougez-zen-2024\\\/#breadcrumb\"},\"inLanguage\":\"fr-FR\",\"potentialAction\":[{\"@type\":\"ReadAction\",\"target\":[\"https:\\\/\\\/www.salon-zenetbio.com\\\/lyon\\\/workshop-bougez-zen-2024\\\/\"]}]},{\"@type\":\"ImageObject\",\"inLanguage\":\"fr-FR\",\"@id\":\"https:\\\/\\\/www.salon-zenetbio.com\\\/lyon\\\/workshop-bougez-zen-2024\\\/#primaryimage\",\"url\":\"https:\\\/\\\/www.salon-zenetbio.com\\\/lyon\\\/wp-content\\\/uploads\\\/sites\\\/12\\\/2022\\\/09\\\/Fotolia_45270035_Subscription_Monthly_M-e1568726347764.jpeg\",\"contentUrl\":\"https:\\\/\\\/www.salon-zenetbio.com\\\/lyon\\\/wp-content\\\/uploads\\\/sites\\\/12\\\/2022\\\/09\\\/Fotolia_45270035_Subscription_Monthly_M-e1568726347764.jpeg\",\"width\":1688,\"height\":564,\"caption\":\"Spa still life with stacked of stone,burning candle and bamboo leaf\"},{\"@type\":\"BreadcrumbList\",\"@id\":\"https:\\\/\\\/www.salon-zenetbio.com\\\/lyon\\\/workshop-bougez-zen-2024\\\/#breadcrumb\",\"itemListElement\":[{\"@type\":\"ListItem\",\"position\":1,\"name\":\"Accueil\",\"item\":\"https:\\\/\\\/www.salon-zenetbio.com\\\/lyon\\\/\"},{\"@type\":\"ListItem\",\"position\":2,\"name\":\"Workshop Bougez Zen 2024\"}]},{\"@type\":\"WebSite\",\"@id\":\"https:\\\/\\\/www.salon-zenetbio.com\\\/lyon\\\/#website\",\"url\":\"https:\\\/\\\/www.salon-zenetbio.com\\\/lyon\\\/\",\"name\":\"Salon Zen&amp;Bio Lyon\",\"description\":\"salon Zen&amp;Bio Lyon : votre salon \u00e9colo, bio, bien-\u00eatre et habitat sain\",\"publisher\":{\"@id\":\"https:\\\/\\\/www.salon-zenetbio.com\\\/lyon\\\/#organization\"},\"potentialAction\":[{\"@type\":\"SearchAction\",\"target\":{\"@type\":\"EntryPoint\",\"urlTemplate\":\"https:\\\/\\\/www.salon-zenetbio.com\\\/lyon\\\/?s={search_term_string}\"},\"query-input\":{\"@type\":\"PropertyValueSpecification\",\"valueRequired\":true,\"valueName\":\"search_term_string\"}}],\"inLanguage\":\"fr-FR\"},{\"@type\":\"Organization\",\"@id\":\"https:\\\/\\\/www.salon-zenetbio.com\\\/lyon\\\/#organization\",\"name\":\"Salon Zen&amp;Bio Lyon\",\"url\":\"https:\\\/\\\/www.salon-zenetbio.com\\\/lyon\\\/\",\"logo\":{\"@type\":\"ImageObject\",\"inLanguage\":\"fr-FR\",\"@id\":\"https:\\\/\\\/www.salon-zenetbio.com\\\/lyon\\\/#\\\/schema\\\/logo\\\/image\\\/\",\"url\":\"https:\\\/\\\/www.salon-zenetbio.com\\\/lyon\\\/wp-content\\\/uploads\\\/sites\\\/12\\\/2026\\\/03\\\/cropped-Logo-ZEN-et-BIO-lyon-2026-1.png\",\"contentUrl\":\"https:\\\/\\\/www.salon-zenetbio.com\\\/lyon\\\/wp-content\\\/uploads\\\/sites\\\/12\\\/2026\\\/03\\\/cropped-Logo-ZEN-et-BIO-lyon-2026-1.png\",\"width\":921,\"height\":255,\"caption\":\"Salon Zen&amp;Bio Lyon\"},\"image\":{\"@id\":\"https:\\\/\\\/www.salon-zenetbio.com\\\/lyon\\\/#\\\/schema\\\/logo\\\/image\\\/\"}}]}<\/script>\n<!-- \/ Yoast SEO plugin. -->","yoast_head_json":{"title":"Workshop Bougez Zen 2024 - Salon Zen&amp;Bio Lyon","robots":{"index":"index","follow":"follow","max-snippet":"max-snippet:-1","max-image-preview":"max-image-preview:large","max-video-preview":"max-video-preview:-1"},"canonical":"https:\/\/www.salon-zenetbio.com\/lyon\/workshop-bougez-zen-2024\/","og_locale":"fr_FR","og_type":"article","og_title":"Workshop Bougez Zen 2024 - Salon Zen&amp;Bio Lyon","og_description":"Afin que vous puissiez d\u00e9couvrir une technique ou l\u2019approfondir, seront propos\u00e9s durant 3 jours : des cours de yoga de l\u2019\u00e9nergie, kundalini yoga, pilate, yoga tib\u00e9tain, yangshen, Qi Gong ou encore Tai chi chuan, d\u2019une dur\u00e9e de 1h \u00e0 1h30 toute la journ\u00e9e (soit une quinzaine de cours pendant toute la dur\u00e9e du salon). Espace&hellip;","og_url":"https:\/\/www.salon-zenetbio.com\/lyon\/workshop-bougez-zen-2024\/","og_site_name":"Salon Zen&amp;Bio Lyon","og_image":[{"url":"https:\/\/www.salon-zenetbio.com\/lyon\/wp-content\/uploads\/sites\/12\/2022\/09\/Fotolia_45270035_Subscription_Monthly_M-e1568726347764-1024x342.jpeg","type":"","width":"","height":""}],"twitter_card":"summary_large_image","twitter_misc":{"Dur\u00e9e de lecture estim\u00e9e":"2 minutes"},"schema":{"@context":"https:\/\/schema.org","@graph":[{"@type":"WebPage","@id":"https:\/\/www.salon-zenetbio.com\/lyon\/workshop-bougez-zen-2024\/","url":"https:\/\/www.salon-zenetbio.com\/lyon\/workshop-bougez-zen-2024\/","name":"Workshop Bougez Zen 2024 - Salon Zen&amp;Bio Lyon","isPartOf":{"@id":"https:\/\/www.salon-zenetbio.com\/lyon\/#website"},"primaryImageOfPage":{"@id":"https:\/\/www.salon-zenetbio.com\/lyon\/workshop-bougez-zen-2024\/#primaryimage"},"image":{"@id":"https:\/\/www.salon-zenetbio.com\/lyon\/workshop-bougez-zen-2024\/#primaryimage"},"thumbnailUrl":"https:\/\/www.salon-zenetbio.com\/lyon\/wp-content\/uploads\/sites\/12\/2022\/09\/Fotolia_45270035_Subscription_Monthly_M-e1568726347764-1024x342.jpeg","datePublished":"2025-04-30T10:33:29+00:00","breadcrumb":{"@id":"https:\/\/www.salon-zenetbio.com\/lyon\/workshop-bougez-zen-2024\/#breadcrumb"},"inLanguage":"fr-FR","potentialAction":[{"@type":"ReadAction","target":["https:\/\/www.salon-zenetbio.com\/lyon\/workshop-bougez-zen-2024\/"]}]},{"@type":"ImageObject","inLanguage":"fr-FR","@id":"https:\/\/www.salon-zenetbio.com\/lyon\/workshop-bougez-zen-2024\/#primaryimage","url":"https:\/\/www.salon-zenetbio.com\/lyon\/wp-content\/uploads\/sites\/12\/2022\/09\/Fotolia_45270035_Subscription_Monthly_M-e1568726347764.jpeg","contentUrl":"https:\/\/www.salon-zenetbio.com\/lyon\/wp-content\/uploads\/sites\/12\/2022\/09\/Fotolia_45270035_Subscription_Monthly_M-e1568726347764.jpeg","width":1688,"height":564,"caption":"Spa still life with stacked of stone,burning candle and bamboo leaf"},{"@type":"BreadcrumbList","@id":"https:\/\/www.salon-zenetbio.com\/lyon\/workshop-bougez-zen-2024\/#breadcrumb","itemListElement":[{"@type":"ListItem","position":1,"name":"Accueil","item":"https:\/\/www.salon-zenetbio.com\/lyon\/"},{"@type":"ListItem","position":2,"name":"Workshop Bougez Zen 2024"}]},{"@type":"WebSite","@id":"https:\/\/www.salon-zenetbio.com\/lyon\/#website","url":"https:\/\/www.salon-zenetbio.com\/lyon\/","name":"Salon Zen&amp;Bio Lyon","description":"salon Zen&amp;Bio Lyon : votre salon \u00e9colo, bio, bien-\u00eatre et habitat sain","publisher":{"@id":"https:\/\/www.salon-zenetbio.com\/lyon\/#organization"},"potentialAction":[{"@type":"SearchAction","target":{"@type":"EntryPoint","urlTemplate":"https:\/\/www.salon-zenetbio.com\/lyon\/?s={search_term_string}"},"query-input":{"@type":"PropertyValueSpecification","valueRequired":true,"valueName":"search_term_string"}}],"inLanguage":"fr-FR"},{"@type":"Organization","@id":"https:\/\/www.salon-zenetbio.com\/lyon\/#organization","name":"Salon Zen&amp;Bio Lyon","url":"https:\/\/www.salon-zenetbio.com\/lyon\/","logo":{"@type":"ImageObject","inLanguage":"fr-FR","@id":"https:\/\/www.salon-zenetbio.com\/lyon\/#\/schema\/logo\/image\/","url":"https:\/\/www.salon-zenetbio.com\/lyon\/wp-content\/uploads\/sites\/12\/2026\/03\/cropped-Logo-ZEN-et-BIO-lyon-2026-1.png","contentUrl":"https:\/\/www.salon-zenetbio.com\/lyon\/wp-content\/uploads\/sites\/12\/2026\/03\/cropped-Logo-ZEN-et-BIO-lyon-2026-1.png","width":921,"height":255,"caption":"Salon Zen&amp;Bio Lyon"},"image":{"@id":"https:\/\/www.salon-zenetbio.com\/lyon\/#\/schema\/logo\/image\/"}}]}},"_links":{"self":[{"href":"https:\/\/www.salon-zenetbio.com\/lyon\/wp-json\/wp\/v2\/pages\/11910","targetHints":{"allow":["GET"]}}],"collection":[{"href":"https:\/\/www.salon-zenetbio.com\/lyon\/wp-json\/wp\/v2\/pages"}],"about":[{"href":"https:\/\/www.salon-zenetbio.com\/lyon\/wp-json\/wp\/v2\/types\/page"}],"author":[{"embeddable":true,"href":"https:\/\/www.salon-zenetbio.com\/lyon\/wp-json\/wp\/v2\/users\/6"}],"replies":[{"embeddable":true,"href":"https:\/\/www.salon-zenetbio.com\/lyon\/wp-json\/wp\/v2\/comments?post=11910"}],"version-history":[{"count":1,"href":"https:\/\/www.salon-zenetbio.com\/lyon\/wp-json\/wp\/v2\/pages\/11910\/revisions"}],"predecessor-version":[{"id":11911,"href":"https:\/\/www.salon-zenetbio.com\/lyon\/wp-json\/wp\/v2\/pages\/11910\/revisions\/11911"}],"wp:attachment":[{"href":"https:\/\/www.salon-zenetbio.com\/lyon\/wp-json\/wp\/v2\/media?parent=11910"}],"curies":[{"name":"wp","href":"https:\/\/api.w.org\/{rel}","templated":true}]}}