{"id":2091,"date":"2016-10-05T16:22:10","date_gmt":"2016-10-05T14:22:10","guid":{"rendered":"http:\/\/localhost:8888\/natexpo\/?page_id=2091"},"modified":"2025-07-09T15:00:08","modified_gmt":"2025-07-09T13:00:08","slug":"presse","status":"publish","type":"page","link":"https:\/\/www.salon-zenetbio.com\/lyon\/presse\/","title":{"rendered":"Communication\/presse et partenaires"},"content":{"rendered":"<p style=\"text-align: justify;\">Bienvenue dans l\u2019espace communication\/presse du salon Zen &amp; Bio Lyon.<\/p>\n<h3 style=\"text-align: justify;\"><strong><a href=\"https:\/\/www.salon-zenetbio.com\/lyon\/presse\/presse\/\" target=\"_blank\" rel=\"noopener noreferrer\">Espace communication\/presse<\/a><\/strong><\/h3>\n<p style=\"text-align: justify;\">Ici vous pouvez t\u00e9l\u00e9charger : communiqu\u00e9s de presse, dossiers de presse au format .pdf, logos et visuels en haute d\u00e9finition pour vos usages d\u2019impression et de communication.<\/p>\n<h3 style=\"text-align: justify;\"><strong><a href=\"https:\/\/www.salon-zenetbio.com\/lyon\/presse\/nos-partenaires\/\" target=\"_blank\" rel=\"noopener noreferrer\">Partenaires<\/a><\/strong><\/h3>\n<p style=\"text-align: justify;\">Les partenaires de la presse sp\u00e9cialis\u00e9e, les partenaires locaux, tous les soutiens du salon<\/p>\n","protected":false},"excerpt":{"rendered":"<p>Bienvenue dans l\u2019espace communication\/presse du salon Zen &amp; Bio Lyon. Espace communication\/presse Ici vous pouvez t\u00e9l\u00e9charger : communiqu\u00e9s de presse, dossiers de presse au format .pdf, logos et visuels en haute d\u00e9finition pour vos usages d\u2019impression et de communication. Partenaires Les partenaires de la presse sp\u00e9cialis\u00e9e, les partenaires locaux, tous les soutiens du salon<\/p>\n","protected":false},"author":1,"featured_media":0,"parent":0,"menu_order":0,"comment_status":"closed","ping_status":"closed","template":"","meta":{"_monsterinsights_skip_tracking":false,"_monsterinsights_sitenote_active":false,"_monsterinsights_sitenote_note":"","_monsterinsights_sitenote_category":0,"footnotes":""},"class_list":["post-2091","page","type-page","status-publish","hentry"],"yoast_head":"<!-- This site is optimized with the Yoast SEO plugin v27.5 - https:\/\/yoast.com\/product\/yoast-seo-wordpress\/ -->\n<title>Communication\/presse et partenaires - Salon Zen&amp;Bio Lyon<\/title>\n<meta name=\"robots\" content=\"index, follow, max-snippet:-1, max-image-preview:large, max-video-preview:-1\" \/>\n<link rel=\"canonical\" href=\"https:\/\/www.salon-zenetbio.com\/lyon\/presse\/\" \/>\n<meta property=\"og:locale\" content=\"fr_FR\" \/>\n<meta property=\"og:type\" content=\"article\" \/>\n<meta property=\"og:title\" content=\"Communication\/presse et partenaires - Salon Zen&amp;Bio Lyon\" \/>\n<meta property=\"og:description\" content=\"Bienvenue dans l\u2019espace communication\/presse du salon Zen &amp; Bio Lyon. Espace communication\/presse Ici vous pouvez t\u00e9l\u00e9charger : communiqu\u00e9s de presse, dossiers de presse au format .pdf, logos et visuels en haute d\u00e9finition pour vos usages d\u2019impression et de communication. Partenaires Les partenaires de la presse sp\u00e9cialis\u00e9e, les partenaires locaux, tous les soutiens du salon\" \/>\n<meta property=\"og:url\" content=\"https:\/\/www.salon-zenetbio.com\/lyon\/presse\/\" \/>\n<meta property=\"og:site_name\" content=\"Salon Zen&amp;Bio Lyon\" \/>\n<meta property=\"article:modified_time\" content=\"2025-07-09T13:00:08+00:00\" \/>\n<meta name=\"twitter:card\" content=\"summary_large_image\" \/>\n<meta name=\"twitter:label1\" content=\"Dur\u00e9e de lecture estim\u00e9e\" \/>\n\t<meta name=\"twitter:data1\" content=\"1 minute\" \/>\n<script type=\"application\/ld+json\" class=\"yoast-schema-graph\">{\"@context\":\"https:\\\/\\\/schema.org\",\"@graph\":[{\"@type\":\"WebPage\",\"@id\":\"https:\\\/\\\/www.salon-zenetbio.com\\\/lyon\\\/presse\\\/\",\"url\":\"https:\\\/\\\/www.salon-zenetbio.com\\\/lyon\\\/presse\\\/\",\"name\":\"Communication\\\/presse et partenaires - Salon Zen&amp;Bio Lyon\",\"isPartOf\":{\"@id\":\"https:\\\/\\\/www.salon-zenetbio.com\\\/lyon\\\/#website\"},\"datePublished\":\"2016-10-05T14:22:10+00:00\",\"dateModified\":\"2025-07-09T13:00:08+00:00\",\"breadcrumb\":{\"@id\":\"https:\\\/\\\/www.salon-zenetbio.com\\\/lyon\\\/presse\\\/#breadcrumb\"},\"inLanguage\":\"fr-FR\",\"potentialAction\":[{\"@type\":\"ReadAction\",\"target\":[\"https:\\\/\\\/www.salon-zenetbio.com\\\/lyon\\\/presse\\\/\"]}]},{\"@type\":\"BreadcrumbList\",\"@id\":\"https:\\\/\\\/www.salon-zenetbio.com\\\/lyon\\\/presse\\\/#breadcrumb\",\"itemListElement\":[{\"@type\":\"ListItem\",\"position\":1,\"name\":\"Accueil\",\"item\":\"https:\\\/\\\/www.salon-zenetbio.com\\\/lyon\\\/\"},{\"@type\":\"ListItem\",\"position\":2,\"name\":\"Communication\\\/presse et partenaires\"}]},{\"@type\":\"WebSite\",\"@id\":\"https:\\\/\\\/www.salon-zenetbio.com\\\/lyon\\\/#website\",\"url\":\"https:\\\/\\\/www.salon-zenetbio.com\\\/lyon\\\/\",\"name\":\"Salon Zen&amp;Bio Lyon\",\"description\":\"salon Zen&amp;Bio Lyon : votre salon \u00e9colo, bio, bien-\u00eatre et habitat sain\",\"publisher\":{\"@id\":\"https:\\\/\\\/www.salon-zenetbio.com\\\/lyon\\\/#organization\"},\"potentialAction\":[{\"@type\":\"SearchAction\",\"target\":{\"@type\":\"EntryPoint\",\"urlTemplate\":\"https:\\\/\\\/www.salon-zenetbio.com\\\/lyon\\\/?s={search_term_string}\"},\"query-input\":{\"@type\":\"PropertyValueSpecification\",\"valueRequired\":true,\"valueName\":\"search_term_string\"}}],\"inLanguage\":\"fr-FR\"},{\"@type\":\"Organization\",\"@id\":\"https:\\\/\\\/www.salon-zenetbio.com\\\/lyon\\\/#organization\",\"name\":\"Salon Zen&amp;Bio Lyon\",\"url\":\"https:\\\/\\\/www.salon-zenetbio.com\\\/lyon\\\/\",\"logo\":{\"@type\":\"ImageObject\",\"inLanguage\":\"fr-FR\",\"@id\":\"https:\\\/\\\/www.salon-zenetbio.com\\\/lyon\\\/#\\\/schema\\\/logo\\\/image\\\/\",\"url\":\"https:\\\/\\\/www.salon-zenetbio.com\\\/lyon\\\/wp-content\\\/uploads\\\/sites\\\/12\\\/2026\\\/03\\\/cropped-Logo-ZEN-et-BIO-lyon-2026-1.png\",\"contentUrl\":\"https:\\\/\\\/www.salon-zenetbio.com\\\/lyon\\\/wp-content\\\/uploads\\\/sites\\\/12\\\/2026\\\/03\\\/cropped-Logo-ZEN-et-BIO-lyon-2026-1.png\",\"width\":921,\"height\":255,\"caption\":\"Salon Zen&amp;Bio Lyon\"},\"image\":{\"@id\":\"https:\\\/\\\/www.salon-zenetbio.com\\\/lyon\\\/#\\\/schema\\\/logo\\\/image\\\/\"}}]}<\/script>\n<!-- \/ Yoast SEO plugin. -->","yoast_head_json":{"title":"Communication\/presse et partenaires - Salon Zen&amp;Bio Lyon","robots":{"index":"index","follow":"follow","max-snippet":"max-snippet:-1","max-image-preview":"max-image-preview:large","max-video-preview":"max-video-preview:-1"},"canonical":"https:\/\/www.salon-zenetbio.com\/lyon\/presse\/","og_locale":"fr_FR","og_type":"article","og_title":"Communication\/presse et partenaires - Salon Zen&amp;Bio Lyon","og_description":"Bienvenue dans l\u2019espace communication\/presse du salon Zen &amp; Bio Lyon. Espace communication\/presse Ici vous pouvez t\u00e9l\u00e9charger : communiqu\u00e9s de presse, dossiers de presse au format .pdf, logos et visuels en haute d\u00e9finition pour vos usages d\u2019impression et de communication. Partenaires Les partenaires de la presse sp\u00e9cialis\u00e9e, les partenaires locaux, tous les soutiens du salon","og_url":"https:\/\/www.salon-zenetbio.com\/lyon\/presse\/","og_site_name":"Salon Zen&amp;Bio Lyon","article_modified_time":"2025-07-09T13:00:08+00:00","twitter_card":"summary_large_image","twitter_misc":{"Dur\u00e9e de lecture estim\u00e9e":"1 minute"},"schema":{"@context":"https:\/\/schema.org","@graph":[{"@type":"WebPage","@id":"https:\/\/www.salon-zenetbio.com\/lyon\/presse\/","url":"https:\/\/www.salon-zenetbio.com\/lyon\/presse\/","name":"Communication\/presse et partenaires - Salon Zen&amp;Bio Lyon","isPartOf":{"@id":"https:\/\/www.salon-zenetbio.com\/lyon\/#website"},"datePublished":"2016-10-05T14:22:10+00:00","dateModified":"2025-07-09T13:00:08+00:00","breadcrumb":{"@id":"https:\/\/www.salon-zenetbio.com\/lyon\/presse\/#breadcrumb"},"inLanguage":"fr-FR","potentialAction":[{"@type":"ReadAction","target":["https:\/\/www.salon-zenetbio.com\/lyon\/presse\/"]}]},{"@type":"BreadcrumbList","@id":"https:\/\/www.salon-zenetbio.com\/lyon\/presse\/#breadcrumb","itemListElement":[{"@type":"ListItem","position":1,"name":"Accueil","item":"https:\/\/www.salon-zenetbio.com\/lyon\/"},{"@type":"ListItem","position":2,"name":"Communication\/presse et partenaires"}]},{"@type":"WebSite","@id":"https:\/\/www.salon-zenetbio.com\/lyon\/#website","url":"https:\/\/www.salon-zenetbio.com\/lyon\/","name":"Salon Zen&amp;Bio Lyon","description":"salon Zen&amp;Bio Lyon : votre salon \u00e9colo, bio, bien-\u00eatre et habitat sain","publisher":{"@id":"https:\/\/www.salon-zenetbio.com\/lyon\/#organization"},"potentialAction":[{"@type":"SearchAction","target":{"@type":"EntryPoint","urlTemplate":"https:\/\/www.salon-zenetbio.com\/lyon\/?s={search_term_string}"},"query-input":{"@type":"PropertyValueSpecification","valueRequired":true,"valueName":"search_term_string"}}],"inLanguage":"fr-FR"},{"@type":"Organization","@id":"https:\/\/www.salon-zenetbio.com\/lyon\/#organization","name":"Salon Zen&amp;Bio Lyon","url":"https:\/\/www.salon-zenetbio.com\/lyon\/","logo":{"@type":"ImageObject","inLanguage":"fr-FR","@id":"https:\/\/www.salon-zenetbio.com\/lyon\/#\/schema\/logo\/image\/","url":"https:\/\/www.salon-zenetbio.com\/lyon\/wp-content\/uploads\/sites\/12\/2026\/03\/cropped-Logo-ZEN-et-BIO-lyon-2026-1.png","contentUrl":"https:\/\/www.salon-zenetbio.com\/lyon\/wp-content\/uploads\/sites\/12\/2026\/03\/cropped-Logo-ZEN-et-BIO-lyon-2026-1.png","width":921,"height":255,"caption":"Salon Zen&amp;Bio Lyon"},"image":{"@id":"https:\/\/www.salon-zenetbio.com\/lyon\/#\/schema\/logo\/image\/"}}]}},"_links":{"self":[{"href":"https:\/\/www.salon-zenetbio.com\/lyon\/wp-json\/wp\/v2\/pages\/2091","targetHints":{"allow":["GET"]}}],"collection":[{"href":"https:\/\/www.salon-zenetbio.com\/lyon\/wp-json\/wp\/v2\/pages"}],"about":[{"href":"https:\/\/www.salon-zenetbio.com\/lyon\/wp-json\/wp\/v2\/types\/page"}],"author":[{"embeddable":true,"href":"https:\/\/www.salon-zenetbio.com\/lyon\/wp-json\/wp\/v2\/users\/1"}],"replies":[{"embeddable":true,"href":"https:\/\/www.salon-zenetbio.com\/lyon\/wp-json\/wp\/v2\/comments?post=2091"}],"version-history":[{"count":8,"href":"https:\/\/www.salon-zenetbio.com\/lyon\/wp-json\/wp\/v2\/pages\/2091\/revisions"}],"predecessor-version":[{"id":12176,"href":"https:\/\/www.salon-zenetbio.com\/lyon\/wp-json\/wp\/v2\/pages\/2091\/revisions\/12176"}],"wp:attachment":[{"href":"https:\/\/www.salon-zenetbio.com\/lyon\/wp-json\/wp\/v2\/media?parent=2091"}],"curies":[{"name":"wp","href":"https:\/\/api.w.org\/{rel}","templated":true}]}}