{"id":2334,"date":"2017-01-20T16:02:29","date_gmt":"2017-01-20T15:02:29","guid":{"rendered":"http:\/\/localhost:8888\/zen\/?page_id=2334"},"modified":"2026-03-10T15:37:07","modified_gmt":"2026-03-10T14:37:07","slug":"visiteur_invitation","status":"publish","type":"page","link":"https:\/\/www.salon-zenetbio.com\/lyon\/visiteur_invitation\/","title":{"rendered":"T\u00e9l\u00e9chargez votre entr\u00e9e gratuite"},"content":{"rendered":"<h3 class=\"elementor-heading-title elementor-size-default\"><strong>Rendez-vous du 20 au 22 novembre 2026 !<\/strong><\/h3>\n<p>Pour t\u00e9l\u00e9charger votre entr\u00e9e gratuite, renseignez le formulaire ci-dessous. Vous pourrez ensuite pr\u00e9senter votre entr\u00e9e imprim\u00e9e ou sur votre t\u00e9l\u00e9phone.<\/p>\n<p><iframe style='border: 0; width: 100%; max-width: 900px; display: block; margin-left: auto; margin-right: auto;' id='mobicheckin-form' src='https:\/\/website-28651.eventmaker.io\/registration\/69a990939f2644948e41a550'><\/iframe><br \/>\n<script>\n\t(function(d,t,u,a,m){a=d.createElement(t),m=d.getElementsByTagName(t)[0];a.src=u;m.parentNode.insertBefore(a,m)})(document,'script','https:\/\/applidget.github.io\/vx-assets\/shared\/js\/iframe-resizer\/iframeResizerComplete.js');\n\twindow.addEventListener('load', function(){iFrameResize({checkOrigin:false});});\n<\/script><br \/>\n<script>\n\twindow.eventmakerCustomFields = []; \/\/ here you can set custom_fields that are not already tracked by the script\n\twindow.eventmakerTracking = { iframeHost: \"https:\/\/website-28651.eventmaker.io\" };\n\tscript=document.createElement(\"script\"), script.type=\"text\/javascript\", script.async=!0, script.onload=function(){ window.eventmakerTracking.injectURLParamsInIframes()}, script.src=\"https:\/\/applidget.github.io\/vx-assets\/shared\/js\/url-params-tracking\/1.0.1\/url-params-tracking.js\", document.getElementsByTagName(\"head\")[0].appendChild(script);\n<\/script><\/p>\n","protected":false},"excerpt":{"rendered":"<p>Rendez-vous du 20 au 22 novembre 2026 ! Pour t\u00e9l\u00e9charger votre entr\u00e9e gratuite, renseignez le formulaire ci-dessous. Vous pourrez ensuite pr\u00e9senter votre entr\u00e9e imprim\u00e9e ou sur votre t\u00e9l\u00e9phone.<\/p>\n","protected":false},"author":1,"featured_media":7643,"parent":0,"menu_order":0,"comment_status":"closed","ping_status":"closed","template":"","meta":{"_monsterinsights_skip_tracking":false,"_monsterinsights_sitenote_active":false,"_monsterinsights_sitenote_note":"","_monsterinsights_sitenote_category":0,"footnotes":""},"class_list":["post-2334","page","type-page","status-publish","has-post-thumbnail","hentry"],"yoast_head":"<!-- This site is optimized with the Yoast SEO plugin v27.3 - https:\/\/yoast.com\/product\/yoast-seo-wordpress\/ -->\n<title>T\u00e9l\u00e9chargez votre entr\u00e9e gratuite - Salon Zen&amp;Bio Lyon<\/title>\n<meta name=\"robots\" content=\"index, follow, max-snippet:-1, max-image-preview:large, max-video-preview:-1\" \/>\n<link rel=\"canonical\" href=\"https:\/\/www.salon-zenetbio.com\/lyon\/visiteur_invitation\/\" \/>\n<meta property=\"og:locale\" content=\"fr_FR\" \/>\n<meta property=\"og:type\" content=\"article\" \/>\n<meta property=\"og:title\" content=\"T\u00e9l\u00e9chargez votre entr\u00e9e gratuite - Salon Zen&amp;Bio Lyon\" \/>\n<meta property=\"og:description\" content=\"Rendez-vous du 20 au 22 novembre 2026 ! Pour t\u00e9l\u00e9charger votre entr\u00e9e gratuite, renseignez le formulaire ci-dessous. Vous pourrez ensuite pr\u00e9senter votre entr\u00e9e imprim\u00e9e ou sur votre t\u00e9l\u00e9phone.\" \/>\n<meta property=\"og:url\" content=\"https:\/\/www.salon-zenetbio.com\/lyon\/visiteur_invitation\/\" \/>\n<meta property=\"og:site_name\" content=\"Salon Zen&amp;Bio Lyon\" \/>\n<meta property=\"article:modified_time\" content=\"2026-03-10T14:37:07+00:00\" \/>\n<meta property=\"og:image\" content=\"https:\/\/www.salon-zenetbio.com\/lyon\/wp-content\/uploads\/sites\/12\/2020\/03\/Fotolia_87667205_Subscription_Monthly_M-1024x794-1.jpg\" \/>\n\t<meta property=\"og:image:width\" content=\"1024\" \/>\n\t<meta property=\"og:image:height\" content=\"794\" \/>\n\t<meta property=\"og:image:type\" content=\"image\/jpeg\" \/>\n<meta name=\"twitter:card\" content=\"summary_large_image\" \/>\n<meta name=\"twitter:label1\" content=\"Dur\u00e9e de lecture estim\u00e9e\" \/>\n\t<meta name=\"twitter:data1\" content=\"1 minute\" \/>\n<script type=\"application\/ld+json\" class=\"yoast-schema-graph\">{\"@context\":\"https:\\\/\\\/schema.org\",\"@graph\":[{\"@type\":\"WebPage\",\"@id\":\"https:\\\/\\\/www.salon-zenetbio.com\\\/lyon\\\/visiteur_invitation\\\/\",\"url\":\"https:\\\/\\\/www.salon-zenetbio.com\\\/lyon\\\/visiteur_invitation\\\/\",\"name\":\"T\u00e9l\u00e9chargez votre entr\u00e9e gratuite - Salon Zen&amp;Bio Lyon\",\"isPartOf\":{\"@id\":\"https:\\\/\\\/www.salon-zenetbio.com\\\/lyon\\\/#website\"},\"primaryImageOfPage\":{\"@id\":\"https:\\\/\\\/www.salon-zenetbio.com\\\/lyon\\\/visiteur_invitation\\\/#primaryimage\"},\"image\":{\"@id\":\"https:\\\/\\\/www.salon-zenetbio.com\\\/lyon\\\/visiteur_invitation\\\/#primaryimage\"},\"thumbnailUrl\":\"https:\\\/\\\/www.salon-zenetbio.com\\\/lyon\\\/wp-content\\\/uploads\\\/sites\\\/12\\\/2020\\\/03\\\/Fotolia_87667205_Subscription_Monthly_M-1024x794-1.jpg\",\"datePublished\":\"2017-01-20T15:02:29+00:00\",\"dateModified\":\"2026-03-10T14:37:07+00:00\",\"breadcrumb\":{\"@id\":\"https:\\\/\\\/www.salon-zenetbio.com\\\/lyon\\\/visiteur_invitation\\\/#breadcrumb\"},\"inLanguage\":\"fr-FR\",\"potentialAction\":[{\"@type\":\"ReadAction\",\"target\":[\"https:\\\/\\\/www.salon-zenetbio.com\\\/lyon\\\/visiteur_invitation\\\/\"]}]},{\"@type\":\"ImageObject\",\"inLanguage\":\"fr-FR\",\"@id\":\"https:\\\/\\\/www.salon-zenetbio.com\\\/lyon\\\/visiteur_invitation\\\/#primaryimage\",\"url\":\"https:\\\/\\\/www.salon-zenetbio.com\\\/lyon\\\/wp-content\\\/uploads\\\/sites\\\/12\\\/2020\\\/03\\\/Fotolia_87667205_Subscription_Monthly_M-1024x794-1.jpg\",\"contentUrl\":\"https:\\\/\\\/www.salon-zenetbio.com\\\/lyon\\\/wp-content\\\/uploads\\\/sites\\\/12\\\/2020\\\/03\\\/Fotolia_87667205_Subscription_Monthly_M-1024x794-1.jpg\",\"width\":1024,\"height\":794,\"caption\":\"laptop computer and coffee on wood workspace and park background\"},{\"@type\":\"BreadcrumbList\",\"@id\":\"https:\\\/\\\/www.salon-zenetbio.com\\\/lyon\\\/visiteur_invitation\\\/#breadcrumb\",\"itemListElement\":[{\"@type\":\"ListItem\",\"position\":1,\"name\":\"Accueil\",\"item\":\"https:\\\/\\\/www.salon-zenetbio.com\\\/lyon\\\/\"},{\"@type\":\"ListItem\",\"position\":2,\"name\":\"T\u00e9l\u00e9chargez votre entr\u00e9e gratuite\"}]},{\"@type\":\"WebSite\",\"@id\":\"https:\\\/\\\/www.salon-zenetbio.com\\\/lyon\\\/#website\",\"url\":\"https:\\\/\\\/www.salon-zenetbio.com\\\/lyon\\\/\",\"name\":\"Salon Zen&amp;Bio Lyon\",\"description\":\"salon Zen&amp;Bio Lyon : votre salon \u00e9colo, bio, bien-\u00eatre et habitat sain\",\"publisher\":{\"@id\":\"https:\\\/\\\/www.salon-zenetbio.com\\\/lyon\\\/#organization\"},\"potentialAction\":[{\"@type\":\"SearchAction\",\"target\":{\"@type\":\"EntryPoint\",\"urlTemplate\":\"https:\\\/\\\/www.salon-zenetbio.com\\\/lyon\\\/?s={search_term_string}\"},\"query-input\":{\"@type\":\"PropertyValueSpecification\",\"valueRequired\":true,\"valueName\":\"search_term_string\"}}],\"inLanguage\":\"fr-FR\"},{\"@type\":\"Organization\",\"@id\":\"https:\\\/\\\/www.salon-zenetbio.com\\\/lyon\\\/#organization\",\"name\":\"Salon Zen&amp;Bio Lyon\",\"url\":\"https:\\\/\\\/www.salon-zenetbio.com\\\/lyon\\\/\",\"logo\":{\"@type\":\"ImageObject\",\"inLanguage\":\"fr-FR\",\"@id\":\"https:\\\/\\\/www.salon-zenetbio.com\\\/lyon\\\/#\\\/schema\\\/logo\\\/image\\\/\",\"url\":\"https:\\\/\\\/www.salon-zenetbio.com\\\/lyon\\\/wp-content\\\/uploads\\\/sites\\\/12\\\/2026\\\/03\\\/cropped-Logo-ZEN-et-BIO-lyon-2026-1.png\",\"contentUrl\":\"https:\\\/\\\/www.salon-zenetbio.com\\\/lyon\\\/wp-content\\\/uploads\\\/sites\\\/12\\\/2026\\\/03\\\/cropped-Logo-ZEN-et-BIO-lyon-2026-1.png\",\"width\":921,\"height\":255,\"caption\":\"Salon Zen&amp;Bio Lyon\"},\"image\":{\"@id\":\"https:\\\/\\\/www.salon-zenetbio.com\\\/lyon\\\/#\\\/schema\\\/logo\\\/image\\\/\"}}]}<\/script>\n<!-- \/ Yoast SEO plugin. -->","yoast_head_json":{"title":"T\u00e9l\u00e9chargez votre entr\u00e9e gratuite - Salon Zen&amp;Bio Lyon","robots":{"index":"index","follow":"follow","max-snippet":"max-snippet:-1","max-image-preview":"max-image-preview:large","max-video-preview":"max-video-preview:-1"},"canonical":"https:\/\/www.salon-zenetbio.com\/lyon\/visiteur_invitation\/","og_locale":"fr_FR","og_type":"article","og_title":"T\u00e9l\u00e9chargez votre entr\u00e9e gratuite - Salon Zen&amp;Bio Lyon","og_description":"Rendez-vous du 20 au 22 novembre 2026 ! Pour t\u00e9l\u00e9charger votre entr\u00e9e gratuite, renseignez le formulaire ci-dessous. Vous pourrez ensuite pr\u00e9senter votre entr\u00e9e imprim\u00e9e ou sur votre t\u00e9l\u00e9phone.","og_url":"https:\/\/www.salon-zenetbio.com\/lyon\/visiteur_invitation\/","og_site_name":"Salon Zen&amp;Bio Lyon","article_modified_time":"2026-03-10T14:37:07+00:00","og_image":[{"width":1024,"height":794,"url":"https:\/\/www.salon-zenetbio.com\/lyon\/wp-content\/uploads\/sites\/12\/2020\/03\/Fotolia_87667205_Subscription_Monthly_M-1024x794-1.jpg","type":"image\/jpeg"}],"twitter_card":"summary_large_image","twitter_misc":{"Dur\u00e9e de lecture estim\u00e9e":"1 minute"},"schema":{"@context":"https:\/\/schema.org","@graph":[{"@type":"WebPage","@id":"https:\/\/www.salon-zenetbio.com\/lyon\/visiteur_invitation\/","url":"https:\/\/www.salon-zenetbio.com\/lyon\/visiteur_invitation\/","name":"T\u00e9l\u00e9chargez votre entr\u00e9e gratuite - Salon Zen&amp;Bio Lyon","isPartOf":{"@id":"https:\/\/www.salon-zenetbio.com\/lyon\/#website"},"primaryImageOfPage":{"@id":"https:\/\/www.salon-zenetbio.com\/lyon\/visiteur_invitation\/#primaryimage"},"image":{"@id":"https:\/\/www.salon-zenetbio.com\/lyon\/visiteur_invitation\/#primaryimage"},"thumbnailUrl":"https:\/\/www.salon-zenetbio.com\/lyon\/wp-content\/uploads\/sites\/12\/2020\/03\/Fotolia_87667205_Subscription_Monthly_M-1024x794-1.jpg","datePublished":"2017-01-20T15:02:29+00:00","dateModified":"2026-03-10T14:37:07+00:00","breadcrumb":{"@id":"https:\/\/www.salon-zenetbio.com\/lyon\/visiteur_invitation\/#breadcrumb"},"inLanguage":"fr-FR","potentialAction":[{"@type":"ReadAction","target":["https:\/\/www.salon-zenetbio.com\/lyon\/visiteur_invitation\/"]}]},{"@type":"ImageObject","inLanguage":"fr-FR","@id":"https:\/\/www.salon-zenetbio.com\/lyon\/visiteur_invitation\/#primaryimage","url":"https:\/\/www.salon-zenetbio.com\/lyon\/wp-content\/uploads\/sites\/12\/2020\/03\/Fotolia_87667205_Subscription_Monthly_M-1024x794-1.jpg","contentUrl":"https:\/\/www.salon-zenetbio.com\/lyon\/wp-content\/uploads\/sites\/12\/2020\/03\/Fotolia_87667205_Subscription_Monthly_M-1024x794-1.jpg","width":1024,"height":794,"caption":"laptop computer and coffee on wood workspace and park background"},{"@type":"BreadcrumbList","@id":"https:\/\/www.salon-zenetbio.com\/lyon\/visiteur_invitation\/#breadcrumb","itemListElement":[{"@type":"ListItem","position":1,"name":"Accueil","item":"https:\/\/www.salon-zenetbio.com\/lyon\/"},{"@type":"ListItem","position":2,"name":"T\u00e9l\u00e9chargez votre entr\u00e9e gratuite"}]},{"@type":"WebSite","@id":"https:\/\/www.salon-zenetbio.com\/lyon\/#website","url":"https:\/\/www.salon-zenetbio.com\/lyon\/","name":"Salon Zen&amp;Bio Lyon","description":"salon Zen&amp;Bio Lyon : votre salon \u00e9colo, bio, bien-\u00eatre et habitat sain","publisher":{"@id":"https:\/\/www.salon-zenetbio.com\/lyon\/#organization"},"potentialAction":[{"@type":"SearchAction","target":{"@type":"EntryPoint","urlTemplate":"https:\/\/www.salon-zenetbio.com\/lyon\/?s={search_term_string}"},"query-input":{"@type":"PropertyValueSpecification","valueRequired":true,"valueName":"search_term_string"}}],"inLanguage":"fr-FR"},{"@type":"Organization","@id":"https:\/\/www.salon-zenetbio.com\/lyon\/#organization","name":"Salon Zen&amp;Bio Lyon","url":"https:\/\/www.salon-zenetbio.com\/lyon\/","logo":{"@type":"ImageObject","inLanguage":"fr-FR","@id":"https:\/\/www.salon-zenetbio.com\/lyon\/#\/schema\/logo\/image\/","url":"https:\/\/www.salon-zenetbio.com\/lyon\/wp-content\/uploads\/sites\/12\/2026\/03\/cropped-Logo-ZEN-et-BIO-lyon-2026-1.png","contentUrl":"https:\/\/www.salon-zenetbio.com\/lyon\/wp-content\/uploads\/sites\/12\/2026\/03\/cropped-Logo-ZEN-et-BIO-lyon-2026-1.png","width":921,"height":255,"caption":"Salon Zen&amp;Bio Lyon"},"image":{"@id":"https:\/\/www.salon-zenetbio.com\/lyon\/#\/schema\/logo\/image\/"}}]}},"_links":{"self":[{"href":"https:\/\/www.salon-zenetbio.com\/lyon\/wp-json\/wp\/v2\/pages\/2334","targetHints":{"allow":["GET"]}}],"collection":[{"href":"https:\/\/www.salon-zenetbio.com\/lyon\/wp-json\/wp\/v2\/pages"}],"about":[{"href":"https:\/\/www.salon-zenetbio.com\/lyon\/wp-json\/wp\/v2\/types\/page"}],"author":[{"embeddable":true,"href":"https:\/\/www.salon-zenetbio.com\/lyon\/wp-json\/wp\/v2\/users\/1"}],"replies":[{"embeddable":true,"href":"https:\/\/www.salon-zenetbio.com\/lyon\/wp-json\/wp\/v2\/comments?post=2334"}],"version-history":[{"count":41,"href":"https:\/\/www.salon-zenetbio.com\/lyon\/wp-json\/wp\/v2\/pages\/2334\/revisions"}],"predecessor-version":[{"id":12968,"href":"https:\/\/www.salon-zenetbio.com\/lyon\/wp-json\/wp\/v2\/pages\/2334\/revisions\/12968"}],"wp:featuredmedia":[{"embeddable":true,"href":"https:\/\/www.salon-zenetbio.com\/lyon\/wp-json\/wp\/v2\/media\/7643"}],"wp:attachment":[{"href":"https:\/\/www.salon-zenetbio.com\/lyon\/wp-json\/wp\/v2\/media?parent=2334"}],"curies":[{"name":"wp","href":"https:\/\/api.w.org\/{rel}","templated":true}]}}