{"id":3843,"date":"2017-04-14T11:12:25","date_gmt":"2017-04-14T09:12:25","guid":{"rendered":"http:\/\/localhost:8888\/artemisia\/?page_id=3843"},"modified":"2026-03-10T14:30:27","modified_gmt":"2026-03-10T13:30:27","slug":"visiter","status":"publish","type":"page","link":"https:\/\/www.salon-zenetbio.com\/lyon\/visiter\/","title":{"rendered":"Visiter le salon Zen &#038; Bio Lyon"},"content":{"rendered":"<h2><strong><a href=\"https:\/\/www.salon-zenetbio.com\/lyon\/visiter\/la-presentation-du-salon\/\" target=\"_blank\" rel=\"noopener noreferrer\">Pr\u00e9sentation du salon<\/a><\/strong><\/h2>\n<p>Le salon Zen &amp; Bio Lyon, c&rsquo;est pr\u00e8s de 100 exposants, respectueux de la nature et des hommes, pour adopter des \u00e9co-r\u00e9flexes dans tous les domaines et des solutions pour vivre mieux.<\/p>\n<h2><strong><a href=\"https:\/\/www.salon-zenetbio.com\/lyon\/visiter\/les-secteurs-du-salon\/\" target=\"_blank\" rel=\"noopener noreferrer\">Les secteurs du salon<\/a><\/strong><\/h2>\n<p>3 jours pour adopter un nouveau style de vie : alimentaire, maison, beaut\u00e9, d\u00e9veloppement personnel&#8230;<\/p>\n<h2><strong><a href=\"https:\/\/www.salon-zenetbio.com\/lyon\/visiter\/charte-de-selection-salons-zen-bio\/\" target=\"_blank\" rel=\"noopener noreferrer\">Charte de s\u00e9lection des salons du r\u00e9seau Zen &amp; Bio<\/a><\/strong><\/h2>\n<p>Le comit\u00e9 de s\u00e9lection du salon s&rsquo;assure que les crit\u00e8res requis soient respect\u00e9s pour tous les produits et services pr\u00e9sent\u00e9s, dans le respect d&rsquo;une d\u00e9marche environnementale. Une caution efficace pour vous, visiteurs qui pouvez faire vos achats sur le salon en toute confiance.<\/p>\n<p>Vous trouverez ci-dessous nos principaux crit\u00e8res de s\u00e9lection que nous avons regroup\u00e9s pour vous qui vous posez des questions.<\/p>\n<h2><strong><a href=\"https:\/\/www.salon-zenetbio.com\/lyon\/visiter\/le-plan-du-salon\/\" target=\"_blank\" rel=\"noopener noreferrer\">Le plan du salon<\/a><\/strong><\/h2>\n<p>Consultez le plan visiteurs du salon pour pr\u00e9voir au mieux votre visite<\/p>\n<h2><strong><a href=\"https:\/\/www.salon-zenetbio.com\/lyon\/visiter\/liste-des-exposants\/\" target=\"_blank\" rel=\"noopener noreferrer\">Liste des exposants<\/a><\/strong><\/h2>\n<p>Consultez la fiche de l&rsquo;exposant pour connaitre son N\u00b0 de stand, visiter son site Internet.<\/p>\n<h2><a href=\"https:\/\/www.salon-zenetbio.com\/lyon\/visiter\/le-salon-zen-bio-lyon-en-photos\/\"><strong>Le salon en images<\/strong><\/a><\/h2>\n<p>D\u00e9couvrez en images le salon Zen&amp;Bio Lyon !<\/p>\n","protected":false},"excerpt":{"rendered":"<p>Pr\u00e9sentation du salon Le salon Zen &amp; Bio Lyon, c&rsquo;est pr\u00e8s de 100 exposants, respectueux de la nature et des hommes, pour adopter des \u00e9co-r\u00e9flexes dans tous les domaines et des solutions pour vivre mieux. Les secteurs du salon 3 jours pour adopter un nouveau style de vie : alimentaire, maison, beaut\u00e9, d\u00e9veloppement personnel&#8230; Charte&hellip; <\/p>\n","protected":false},"author":1,"featured_media":7642,"parent":0,"menu_order":0,"comment_status":"closed","ping_status":"closed","template":"","meta":{"_monsterinsights_skip_tracking":false,"_monsterinsights_sitenote_active":false,"_monsterinsights_sitenote_note":"","_monsterinsights_sitenote_category":0,"footnotes":""},"class_list":["post-3843","page","type-page","status-publish","has-post-thumbnail","hentry"],"yoast_head":"<!-- This site is optimized with the Yoast SEO plugin v27.5 - https:\/\/yoast.com\/product\/yoast-seo-wordpress\/ -->\n<title>Visiter le salon Zen &amp; Bio Lyon - Salon Zen&amp;Bio Lyon<\/title>\n<meta name=\"robots\" content=\"index, follow, max-snippet:-1, max-image-preview:large, max-video-preview:-1\" \/>\n<link rel=\"canonical\" href=\"http:\/\/www.salon-zenetbio.com\/lyon\/visiter\/\" \/>\n<meta property=\"og:locale\" content=\"fr_FR\" \/>\n<meta property=\"og:type\" content=\"article\" \/>\n<meta property=\"og:title\" content=\"Visiter le salon Zen &amp; Bio Lyon - Salon Zen&amp;Bio Lyon\" \/>\n<meta property=\"og:description\" content=\"Pr\u00e9sentation du salon Le salon Zen &amp; Bio Lyon, c&rsquo;est pr\u00e8s de 100 exposants, respectueux de la nature et des hommes, pour adopter des \u00e9co-r\u00e9flexes dans tous les domaines et des solutions pour vivre mieux. Les secteurs du salon 3 jours pour adopter un nouveau style de vie : alimentaire, maison, beaut\u00e9, d\u00e9veloppement personnel&#8230; Charte&hellip;\" \/>\n<meta property=\"og:url\" content=\"http:\/\/www.salon-zenetbio.com\/lyon\/visiter\/\" \/>\n<meta property=\"og:site_name\" content=\"Salon Zen&amp;Bio Lyon\" \/>\n<meta property=\"article:modified_time\" content=\"2026-03-10T13:30:27+00:00\" \/>\n<meta property=\"og:image\" content=\"http:\/\/www.salon-zenetbio.com\/lyon\/wp-content\/uploads\/sites\/12\/2020\/03\/Capture-du2019e\u0301cran-2019-05-15-a\u0300-11.49.36-1024x683-1.png\" \/>\n\t<meta property=\"og:image:width\" content=\"1024\" \/>\n\t<meta property=\"og:image:height\" content=\"683\" \/>\n\t<meta property=\"og:image:type\" content=\"image\/png\" \/>\n<meta name=\"twitter:card\" content=\"summary_large_image\" \/>\n<meta name=\"twitter:label1\" content=\"Dur\u00e9e de lecture estim\u00e9e\" \/>\n\t<meta name=\"twitter:data1\" content=\"2 minutes\" \/>\n<script type=\"application\/ld+json\" class=\"yoast-schema-graph\">{\"@context\":\"https:\\\/\\\/schema.org\",\"@graph\":[{\"@type\":\"WebPage\",\"@id\":\"http:\\\/\\\/www.salon-zenetbio.com\\\/lyon\\\/visiter\\\/\",\"url\":\"http:\\\/\\\/www.salon-zenetbio.com\\\/lyon\\\/visiter\\\/\",\"name\":\"Visiter le salon Zen & Bio Lyon - Salon Zen&amp;Bio Lyon\",\"isPartOf\":{\"@id\":\"https:\\\/\\\/www.salon-zenetbio.com\\\/lyon\\\/#website\"},\"primaryImageOfPage\":{\"@id\":\"http:\\\/\\\/www.salon-zenetbio.com\\\/lyon\\\/visiter\\\/#primaryimage\"},\"image\":{\"@id\":\"http:\\\/\\\/www.salon-zenetbio.com\\\/lyon\\\/visiter\\\/#primaryimage\"},\"thumbnailUrl\":\"https:\\\/\\\/www.salon-zenetbio.com\\\/lyon\\\/wp-content\\\/uploads\\\/sites\\\/12\\\/2020\\\/03\\\/Capture-du2019e\u0301cran-2019-05-15-a\u0300-11.49.36-1024x683-1.png\",\"datePublished\":\"2017-04-14T09:12:25+00:00\",\"dateModified\":\"2026-03-10T13:30:27+00:00\",\"breadcrumb\":{\"@id\":\"http:\\\/\\\/www.salon-zenetbio.com\\\/lyon\\\/visiter\\\/#breadcrumb\"},\"inLanguage\":\"fr-FR\",\"potentialAction\":[{\"@type\":\"ReadAction\",\"target\":[\"http:\\\/\\\/www.salon-zenetbio.com\\\/lyon\\\/visiter\\\/\"]}]},{\"@type\":\"ImageObject\",\"inLanguage\":\"fr-FR\",\"@id\":\"http:\\\/\\\/www.salon-zenetbio.com\\\/lyon\\\/visiter\\\/#primaryimage\",\"url\":\"https:\\\/\\\/www.salon-zenetbio.com\\\/lyon\\\/wp-content\\\/uploads\\\/sites\\\/12\\\/2020\\\/03\\\/Capture-du2019e\u0301cran-2019-05-15-a\u0300-11.49.36-1024x683-1.png\",\"contentUrl\":\"https:\\\/\\\/www.salon-zenetbio.com\\\/lyon\\\/wp-content\\\/uploads\\\/sites\\\/12\\\/2020\\\/03\\\/Capture-du2019e\u0301cran-2019-05-15-a\u0300-11.49.36-1024x683-1.png\",\"width\":1024,\"height\":683},{\"@type\":\"BreadcrumbList\",\"@id\":\"http:\\\/\\\/www.salon-zenetbio.com\\\/lyon\\\/visiter\\\/#breadcrumb\",\"itemListElement\":[{\"@type\":\"ListItem\",\"position\":1,\"name\":\"Accueil\",\"item\":\"https:\\\/\\\/www.salon-zenetbio.com\\\/lyon\\\/\"},{\"@type\":\"ListItem\",\"position\":2,\"name\":\"Visiter le salon Zen &#038; Bio Lyon\"}]},{\"@type\":\"WebSite\",\"@id\":\"https:\\\/\\\/www.salon-zenetbio.com\\\/lyon\\\/#website\",\"url\":\"https:\\\/\\\/www.salon-zenetbio.com\\\/lyon\\\/\",\"name\":\"Salon Zen&amp;Bio Lyon\",\"description\":\"salon Zen&amp;Bio Lyon : votre salon \u00e9colo, bio, bien-\u00eatre et habitat sain\",\"publisher\":{\"@id\":\"https:\\\/\\\/www.salon-zenetbio.com\\\/lyon\\\/#organization\"},\"potentialAction\":[{\"@type\":\"SearchAction\",\"target\":{\"@type\":\"EntryPoint\",\"urlTemplate\":\"https:\\\/\\\/www.salon-zenetbio.com\\\/lyon\\\/?s={search_term_string}\"},\"query-input\":{\"@type\":\"PropertyValueSpecification\",\"valueRequired\":true,\"valueName\":\"search_term_string\"}}],\"inLanguage\":\"fr-FR\"},{\"@type\":\"Organization\",\"@id\":\"https:\\\/\\\/www.salon-zenetbio.com\\\/lyon\\\/#organization\",\"name\":\"Salon Zen&amp;Bio Lyon\",\"url\":\"https:\\\/\\\/www.salon-zenetbio.com\\\/lyon\\\/\",\"logo\":{\"@type\":\"ImageObject\",\"inLanguage\":\"fr-FR\",\"@id\":\"https:\\\/\\\/www.salon-zenetbio.com\\\/lyon\\\/#\\\/schema\\\/logo\\\/image\\\/\",\"url\":\"https:\\\/\\\/www.salon-zenetbio.com\\\/lyon\\\/wp-content\\\/uploads\\\/sites\\\/12\\\/2026\\\/03\\\/cropped-Logo-ZEN-et-BIO-lyon-2026-1.png\",\"contentUrl\":\"https:\\\/\\\/www.salon-zenetbio.com\\\/lyon\\\/wp-content\\\/uploads\\\/sites\\\/12\\\/2026\\\/03\\\/cropped-Logo-ZEN-et-BIO-lyon-2026-1.png\",\"width\":921,\"height\":255,\"caption\":\"Salon Zen&amp;Bio Lyon\"},\"image\":{\"@id\":\"https:\\\/\\\/www.salon-zenetbio.com\\\/lyon\\\/#\\\/schema\\\/logo\\\/image\\\/\"}}]}<\/script>\n<!-- \/ Yoast SEO plugin. -->","yoast_head_json":{"title":"Visiter le salon Zen & Bio Lyon - Salon Zen&amp;Bio Lyon","robots":{"index":"index","follow":"follow","max-snippet":"max-snippet:-1","max-image-preview":"max-image-preview:large","max-video-preview":"max-video-preview:-1"},"canonical":"http:\/\/www.salon-zenetbio.com\/lyon\/visiter\/","og_locale":"fr_FR","og_type":"article","og_title":"Visiter le salon Zen & Bio Lyon - Salon Zen&amp;Bio Lyon","og_description":"Pr\u00e9sentation du salon Le salon Zen &amp; Bio Lyon, c&rsquo;est pr\u00e8s de 100 exposants, respectueux de la nature et des hommes, pour adopter des \u00e9co-r\u00e9flexes dans tous les domaines et des solutions pour vivre mieux. Les secteurs du salon 3 jours pour adopter un nouveau style de vie : alimentaire, maison, beaut\u00e9, d\u00e9veloppement personnel&#8230; Charte&hellip;","og_url":"http:\/\/www.salon-zenetbio.com\/lyon\/visiter\/","og_site_name":"Salon Zen&amp;Bio Lyon","article_modified_time":"2026-03-10T13:30:27+00:00","og_image":[{"width":1024,"height":683,"url":"http:\/\/www.salon-zenetbio.com\/lyon\/wp-content\/uploads\/sites\/12\/2020\/03\/Capture-du2019e\u0301cran-2019-05-15-a\u0300-11.49.36-1024x683-1.png","type":"image\/png"}],"twitter_card":"summary_large_image","twitter_misc":{"Dur\u00e9e de lecture estim\u00e9e":"2 minutes"},"schema":{"@context":"https:\/\/schema.org","@graph":[{"@type":"WebPage","@id":"http:\/\/www.salon-zenetbio.com\/lyon\/visiter\/","url":"http:\/\/www.salon-zenetbio.com\/lyon\/visiter\/","name":"Visiter le salon Zen & Bio Lyon - Salon Zen&amp;Bio Lyon","isPartOf":{"@id":"https:\/\/www.salon-zenetbio.com\/lyon\/#website"},"primaryImageOfPage":{"@id":"http:\/\/www.salon-zenetbio.com\/lyon\/visiter\/#primaryimage"},"image":{"@id":"http:\/\/www.salon-zenetbio.com\/lyon\/visiter\/#primaryimage"},"thumbnailUrl":"https:\/\/www.salon-zenetbio.com\/lyon\/wp-content\/uploads\/sites\/12\/2020\/03\/Capture-du2019e\u0301cran-2019-05-15-a\u0300-11.49.36-1024x683-1.png","datePublished":"2017-04-14T09:12:25+00:00","dateModified":"2026-03-10T13:30:27+00:00","breadcrumb":{"@id":"http:\/\/www.salon-zenetbio.com\/lyon\/visiter\/#breadcrumb"},"inLanguage":"fr-FR","potentialAction":[{"@type":"ReadAction","target":["http:\/\/www.salon-zenetbio.com\/lyon\/visiter\/"]}]},{"@type":"ImageObject","inLanguage":"fr-FR","@id":"http:\/\/www.salon-zenetbio.com\/lyon\/visiter\/#primaryimage","url":"https:\/\/www.salon-zenetbio.com\/lyon\/wp-content\/uploads\/sites\/12\/2020\/03\/Capture-du2019e\u0301cran-2019-05-15-a\u0300-11.49.36-1024x683-1.png","contentUrl":"https:\/\/www.salon-zenetbio.com\/lyon\/wp-content\/uploads\/sites\/12\/2020\/03\/Capture-du2019e\u0301cran-2019-05-15-a\u0300-11.49.36-1024x683-1.png","width":1024,"height":683},{"@type":"BreadcrumbList","@id":"http:\/\/www.salon-zenetbio.com\/lyon\/visiter\/#breadcrumb","itemListElement":[{"@type":"ListItem","position":1,"name":"Accueil","item":"https:\/\/www.salon-zenetbio.com\/lyon\/"},{"@type":"ListItem","position":2,"name":"Visiter le salon Zen &#038; Bio Lyon"}]},{"@type":"WebSite","@id":"https:\/\/www.salon-zenetbio.com\/lyon\/#website","url":"https:\/\/www.salon-zenetbio.com\/lyon\/","name":"Salon Zen&amp;Bio Lyon","description":"salon Zen&amp;Bio Lyon : votre salon \u00e9colo, bio, bien-\u00eatre et habitat sain","publisher":{"@id":"https:\/\/www.salon-zenetbio.com\/lyon\/#organization"},"potentialAction":[{"@type":"SearchAction","target":{"@type":"EntryPoint","urlTemplate":"https:\/\/www.salon-zenetbio.com\/lyon\/?s={search_term_string}"},"query-input":{"@type":"PropertyValueSpecification","valueRequired":true,"valueName":"search_term_string"}}],"inLanguage":"fr-FR"},{"@type":"Organization","@id":"https:\/\/www.salon-zenetbio.com\/lyon\/#organization","name":"Salon Zen&amp;Bio Lyon","url":"https:\/\/www.salon-zenetbio.com\/lyon\/","logo":{"@type":"ImageObject","inLanguage":"fr-FR","@id":"https:\/\/www.salon-zenetbio.com\/lyon\/#\/schema\/logo\/image\/","url":"https:\/\/www.salon-zenetbio.com\/lyon\/wp-content\/uploads\/sites\/12\/2026\/03\/cropped-Logo-ZEN-et-BIO-lyon-2026-1.png","contentUrl":"https:\/\/www.salon-zenetbio.com\/lyon\/wp-content\/uploads\/sites\/12\/2026\/03\/cropped-Logo-ZEN-et-BIO-lyon-2026-1.png","width":921,"height":255,"caption":"Salon Zen&amp;Bio Lyon"},"image":{"@id":"https:\/\/www.salon-zenetbio.com\/lyon\/#\/schema\/logo\/image\/"}}]}},"_links":{"self":[{"href":"https:\/\/www.salon-zenetbio.com\/lyon\/wp-json\/wp\/v2\/pages\/3843","targetHints":{"allow":["GET"]}}],"collection":[{"href":"https:\/\/www.salon-zenetbio.com\/lyon\/wp-json\/wp\/v2\/pages"}],"about":[{"href":"https:\/\/www.salon-zenetbio.com\/lyon\/wp-json\/wp\/v2\/types\/page"}],"author":[{"embeddable":true,"href":"https:\/\/www.salon-zenetbio.com\/lyon\/wp-json\/wp\/v2\/users\/1"}],"replies":[{"embeddable":true,"href":"https:\/\/www.salon-zenetbio.com\/lyon\/wp-json\/wp\/v2\/comments?post=3843"}],"version-history":[{"count":19,"href":"https:\/\/www.salon-zenetbio.com\/lyon\/wp-json\/wp\/v2\/pages\/3843\/revisions"}],"predecessor-version":[{"id":12952,"href":"https:\/\/www.salon-zenetbio.com\/lyon\/wp-json\/wp\/v2\/pages\/3843\/revisions\/12952"}],"wp:featuredmedia":[{"embeddable":true,"href":"https:\/\/www.salon-zenetbio.com\/lyon\/wp-json\/wp\/v2\/media\/7642"}],"wp:attachment":[{"href":"https:\/\/www.salon-zenetbio.com\/lyon\/wp-json\/wp\/v2\/media?parent=3843"}],"curies":[{"name":"wp","href":"https:\/\/api.w.org\/{rel}","templated":true}]}}