{"id":3855,"date":"2017-04-14T11:16:52","date_gmt":"2017-04-14T09:16:52","guid":{"rendered":"http:\/\/localhost:8888\/artemisia\/?page_id=3855"},"modified":"2025-07-09T12:53:38","modified_gmt":"2025-07-09T10:53:38","slug":"conferences","status":"publish","type":"page","link":"https:\/\/www.salon-zenetbio.com\/lyon\/conferences\/","title":{"rendered":"Conf\u00e9rences experts"},"content":{"rendered":"<p>Retrouvez bient\u00f4t le programme des conf\u00e9rences experts !<\/p>\n<div style=\"font-size: 13pt; line-height: 1.5; text-align: justify;\">\n<p style=\"margin-bottom: 5px;\"><a href=\"https:\/\/www.salon-zenetbio.com\/lyon\/conferences-experts-2024\/\" target=\"_blank\" rel=\"noopener\"><em>Consultez le programme des conf\u00e9rences experts 2024<\/em><\/a><\/p>\n<p style=\"margin-bottom: 5px;\"><a href=\"https:\/\/www.salon-zenetbio.com\/lyon\/conferences-experts-2023\/\" target=\"_blank\" rel=\"noopener\"><em>Consultez le programme des conf\u00e9rences experts 2023<\/em><\/a><\/p>\n<p style=\"margin-bottom: 5px;\"><a href=\"https:\/\/www.salon-zenetbio.com\/lyon\/conferences-experts-2022\/\" target=\"_blank\" rel=\"noopener\"><em>Consultez le programme des conf\u00e9rences experts 2022<\/em><\/a><\/p>\n<p style=\"margin-bottom: 5px;\"><a href=\"https:\/\/www.salon-zenetbio.com\/lyon\/conferences-experts-2021\/\" target=\"_blank\" rel=\"noopener\"><em>Consultez le programme des conf\u00e9rences experts 2021<\/em><\/a><\/p>\n<p style=\"margin-bottom: 5px;\"><a href=\"http:\/\/www.salon-zenetbio.com\/lyon\/conferences-experts-2020\/\" target=\"_blank\" rel=\"noopener\"><em>Consultez le programme des conf\u00e9rences experts 2020<\/em><\/a><\/p>\n<p style=\"margin-bottom: 5px;\"><a href=\"http:\/\/www.salon-zenetbio.com\/lyon\/conferences-experts-2019\/\" target=\"_blank\" rel=\"noopener noreferrer\"><em>Consultez le programme des conf\u00e9rences experts 2019<\/em><\/a><\/p>\n<p style=\"margin-bottom: 5px;\"><a href=\"https:\/\/www.vivez-nature.com\/lyon\/conferences-experts-2018-2\/\" target=\"_blank\" rel=\"noopener\"><em>Consultez le programme des conf\u00e9rences experts 2018<\/em><\/a><\/p>\n<p style=\"margin-bottom: 5px;\"><a href=\"https:\/\/www.vivez-nature.com\/lyon\/programmes-vivez-nature\/\" target=\"_blank\" rel=\"noopener noreferrer\"><em>Consultez le programme des \u00e9ditions pr\u00e9c\u00e9dentes<\/em><\/a><\/p>\n<\/div>\n","protected":false},"excerpt":{"rendered":"<p>Retrouvez bient\u00f4t le programme des conf\u00e9rences experts ! Consultez le programme des conf\u00e9rences experts 2024 Consultez le programme des conf\u00e9rences experts 2023 Consultez le programme des conf\u00e9rences experts 2022 Consultez le programme des conf\u00e9rences experts 2021 Consultez le programme des conf\u00e9rences experts 2020 Consultez le programme des conf\u00e9rences experts 2019 Consultez le programme des conf\u00e9rences&hellip; <\/p>\n","protected":false},"author":1,"featured_media":0,"parent":0,"menu_order":4,"comment_status":"closed","ping_status":"closed","template":"","meta":{"_monsterinsights_skip_tracking":false,"_monsterinsights_sitenote_active":false,"_monsterinsights_sitenote_note":"","_monsterinsights_sitenote_category":0,"footnotes":""},"class_list":["post-3855","page","type-page","status-publish","hentry"],"yoast_head":"<!-- This site is optimized with the Yoast SEO plugin v27.3 - https:\/\/yoast.com\/product\/yoast-seo-wordpress\/ -->\n<title>Conf\u00e9rences experts - Salon Zen&amp;Bio Lyon<\/title>\n<meta name=\"robots\" content=\"index, follow, max-snippet:-1, max-image-preview:large, max-video-preview:-1\" \/>\n<link rel=\"canonical\" href=\"https:\/\/www.salon-zenetbio.com\/lyon\/conferences\/\" \/>\n<meta property=\"og:locale\" content=\"fr_FR\" \/>\n<meta property=\"og:type\" content=\"article\" \/>\n<meta property=\"og:title\" content=\"Conf\u00e9rences experts - Salon Zen&amp;Bio Lyon\" \/>\n<meta property=\"og:description\" content=\"Retrouvez bient\u00f4t le programme des conf\u00e9rences experts ! Consultez le programme des conf\u00e9rences experts 2024 Consultez le programme des conf\u00e9rences experts 2023 Consultez le programme des conf\u00e9rences experts 2022 Consultez le programme des conf\u00e9rences experts 2021 Consultez le programme des conf\u00e9rences experts 2020 Consultez le programme des conf\u00e9rences experts 2019 Consultez le programme des conf\u00e9rences&hellip;\" \/>\n<meta property=\"og:url\" content=\"https:\/\/www.salon-zenetbio.com\/lyon\/conferences\/\" \/>\n<meta property=\"og:site_name\" content=\"Salon Zen&amp;Bio Lyon\" \/>\n<meta property=\"article:modified_time\" content=\"2025-07-09T10:53:38+00:00\" \/>\n<meta name=\"twitter:card\" content=\"summary_large_image\" \/>\n<meta name=\"twitter:label1\" content=\"Dur\u00e9e de lecture estim\u00e9e\" \/>\n\t<meta name=\"twitter:data1\" content=\"1 minute\" \/>\n<script type=\"application\/ld+json\" class=\"yoast-schema-graph\">{\"@context\":\"https:\\\/\\\/schema.org\",\"@graph\":[{\"@type\":\"WebPage\",\"@id\":\"https:\\\/\\\/www.salon-zenetbio.com\\\/lyon\\\/conferences\\\/\",\"url\":\"https:\\\/\\\/www.salon-zenetbio.com\\\/lyon\\\/conferences\\\/\",\"name\":\"Conf\u00e9rences experts - Salon Zen&amp;Bio Lyon\",\"isPartOf\":{\"@id\":\"https:\\\/\\\/www.salon-zenetbio.com\\\/lyon\\\/#website\"},\"datePublished\":\"2017-04-14T09:16:52+00:00\",\"dateModified\":\"2025-07-09T10:53:38+00:00\",\"breadcrumb\":{\"@id\":\"https:\\\/\\\/www.salon-zenetbio.com\\\/lyon\\\/conferences\\\/#breadcrumb\"},\"inLanguage\":\"fr-FR\",\"potentialAction\":[{\"@type\":\"ReadAction\",\"target\":[\"https:\\\/\\\/www.salon-zenetbio.com\\\/lyon\\\/conferences\\\/\"]}]},{\"@type\":\"BreadcrumbList\",\"@id\":\"https:\\\/\\\/www.salon-zenetbio.com\\\/lyon\\\/conferences\\\/#breadcrumb\",\"itemListElement\":[{\"@type\":\"ListItem\",\"position\":1,\"name\":\"Accueil\",\"item\":\"https:\\\/\\\/www.salon-zenetbio.com\\\/lyon\\\/\"},{\"@type\":\"ListItem\",\"position\":2,\"name\":\"Conf\u00e9rences experts\"}]},{\"@type\":\"WebSite\",\"@id\":\"https:\\\/\\\/www.salon-zenetbio.com\\\/lyon\\\/#website\",\"url\":\"https:\\\/\\\/www.salon-zenetbio.com\\\/lyon\\\/\",\"name\":\"Salon Zen&amp;Bio Lyon\",\"description\":\"salon Zen&amp;Bio Lyon : votre salon \u00e9colo, bio, bien-\u00eatre et habitat sain\",\"publisher\":{\"@id\":\"https:\\\/\\\/www.salon-zenetbio.com\\\/lyon\\\/#organization\"},\"potentialAction\":[{\"@type\":\"SearchAction\",\"target\":{\"@type\":\"EntryPoint\",\"urlTemplate\":\"https:\\\/\\\/www.salon-zenetbio.com\\\/lyon\\\/?s={search_term_string}\"},\"query-input\":{\"@type\":\"PropertyValueSpecification\",\"valueRequired\":true,\"valueName\":\"search_term_string\"}}],\"inLanguage\":\"fr-FR\"},{\"@type\":\"Organization\",\"@id\":\"https:\\\/\\\/www.salon-zenetbio.com\\\/lyon\\\/#organization\",\"name\":\"Salon Zen&amp;Bio Lyon\",\"url\":\"https:\\\/\\\/www.salon-zenetbio.com\\\/lyon\\\/\",\"logo\":{\"@type\":\"ImageObject\",\"inLanguage\":\"fr-FR\",\"@id\":\"https:\\\/\\\/www.salon-zenetbio.com\\\/lyon\\\/#\\\/schema\\\/logo\\\/image\\\/\",\"url\":\"https:\\\/\\\/www.salon-zenetbio.com\\\/lyon\\\/wp-content\\\/uploads\\\/sites\\\/12\\\/2026\\\/03\\\/cropped-Logo-ZEN-et-BIO-lyon-2026-1.png\",\"contentUrl\":\"https:\\\/\\\/www.salon-zenetbio.com\\\/lyon\\\/wp-content\\\/uploads\\\/sites\\\/12\\\/2026\\\/03\\\/cropped-Logo-ZEN-et-BIO-lyon-2026-1.png\",\"width\":921,\"height\":255,\"caption\":\"Salon Zen&amp;Bio Lyon\"},\"image\":{\"@id\":\"https:\\\/\\\/www.salon-zenetbio.com\\\/lyon\\\/#\\\/schema\\\/logo\\\/image\\\/\"}}]}<\/script>\n<!-- \/ Yoast SEO plugin. -->","yoast_head_json":{"title":"Conf\u00e9rences experts - Salon Zen&amp;Bio Lyon","robots":{"index":"index","follow":"follow","max-snippet":"max-snippet:-1","max-image-preview":"max-image-preview:large","max-video-preview":"max-video-preview:-1"},"canonical":"https:\/\/www.salon-zenetbio.com\/lyon\/conferences\/","og_locale":"fr_FR","og_type":"article","og_title":"Conf\u00e9rences experts - Salon Zen&amp;Bio Lyon","og_description":"Retrouvez bient\u00f4t le programme des conf\u00e9rences experts ! Consultez le programme des conf\u00e9rences experts 2024 Consultez le programme des conf\u00e9rences experts 2023 Consultez le programme des conf\u00e9rences experts 2022 Consultez le programme des conf\u00e9rences experts 2021 Consultez le programme des conf\u00e9rences experts 2020 Consultez le programme des conf\u00e9rences experts 2019 Consultez le programme des conf\u00e9rences&hellip;","og_url":"https:\/\/www.salon-zenetbio.com\/lyon\/conferences\/","og_site_name":"Salon Zen&amp;Bio Lyon","article_modified_time":"2025-07-09T10:53:38+00:00","twitter_card":"summary_large_image","twitter_misc":{"Dur\u00e9e de lecture estim\u00e9e":"1 minute"},"schema":{"@context":"https:\/\/schema.org","@graph":[{"@type":"WebPage","@id":"https:\/\/www.salon-zenetbio.com\/lyon\/conferences\/","url":"https:\/\/www.salon-zenetbio.com\/lyon\/conferences\/","name":"Conf\u00e9rences experts - Salon Zen&amp;Bio Lyon","isPartOf":{"@id":"https:\/\/www.salon-zenetbio.com\/lyon\/#website"},"datePublished":"2017-04-14T09:16:52+00:00","dateModified":"2025-07-09T10:53:38+00:00","breadcrumb":{"@id":"https:\/\/www.salon-zenetbio.com\/lyon\/conferences\/#breadcrumb"},"inLanguage":"fr-FR","potentialAction":[{"@type":"ReadAction","target":["https:\/\/www.salon-zenetbio.com\/lyon\/conferences\/"]}]},{"@type":"BreadcrumbList","@id":"https:\/\/www.salon-zenetbio.com\/lyon\/conferences\/#breadcrumb","itemListElement":[{"@type":"ListItem","position":1,"name":"Accueil","item":"https:\/\/www.salon-zenetbio.com\/lyon\/"},{"@type":"ListItem","position":2,"name":"Conf\u00e9rences experts"}]},{"@type":"WebSite","@id":"https:\/\/www.salon-zenetbio.com\/lyon\/#website","url":"https:\/\/www.salon-zenetbio.com\/lyon\/","name":"Salon Zen&amp;Bio Lyon","description":"salon Zen&amp;Bio Lyon : votre salon \u00e9colo, bio, bien-\u00eatre et habitat sain","publisher":{"@id":"https:\/\/www.salon-zenetbio.com\/lyon\/#organization"},"potentialAction":[{"@type":"SearchAction","target":{"@type":"EntryPoint","urlTemplate":"https:\/\/www.salon-zenetbio.com\/lyon\/?s={search_term_string}"},"query-input":{"@type":"PropertyValueSpecification","valueRequired":true,"valueName":"search_term_string"}}],"inLanguage":"fr-FR"},{"@type":"Organization","@id":"https:\/\/www.salon-zenetbio.com\/lyon\/#organization","name":"Salon Zen&amp;Bio Lyon","url":"https:\/\/www.salon-zenetbio.com\/lyon\/","logo":{"@type":"ImageObject","inLanguage":"fr-FR","@id":"https:\/\/www.salon-zenetbio.com\/lyon\/#\/schema\/logo\/image\/","url":"https:\/\/www.salon-zenetbio.com\/lyon\/wp-content\/uploads\/sites\/12\/2026\/03\/cropped-Logo-ZEN-et-BIO-lyon-2026-1.png","contentUrl":"https:\/\/www.salon-zenetbio.com\/lyon\/wp-content\/uploads\/sites\/12\/2026\/03\/cropped-Logo-ZEN-et-BIO-lyon-2026-1.png","width":921,"height":255,"caption":"Salon Zen&amp;Bio Lyon"},"image":{"@id":"https:\/\/www.salon-zenetbio.com\/lyon\/#\/schema\/logo\/image\/"}}]}},"_links":{"self":[{"href":"https:\/\/www.salon-zenetbio.com\/lyon\/wp-json\/wp\/v2\/pages\/3855","targetHints":{"allow":["GET"]}}],"collection":[{"href":"https:\/\/www.salon-zenetbio.com\/lyon\/wp-json\/wp\/v2\/pages"}],"about":[{"href":"https:\/\/www.salon-zenetbio.com\/lyon\/wp-json\/wp\/v2\/types\/page"}],"author":[{"embeddable":true,"href":"https:\/\/www.salon-zenetbio.com\/lyon\/wp-json\/wp\/v2\/users\/1"}],"replies":[{"embeddable":true,"href":"https:\/\/www.salon-zenetbio.com\/lyon\/wp-json\/wp\/v2\/comments?post=3855"}],"version-history":[{"count":49,"href":"https:\/\/www.salon-zenetbio.com\/lyon\/wp-json\/wp\/v2\/pages\/3855\/revisions"}],"predecessor-version":[{"id":11906,"href":"https:\/\/www.salon-zenetbio.com\/lyon\/wp-json\/wp\/v2\/pages\/3855\/revisions\/11906"}],"wp:attachment":[{"href":"https:\/\/www.salon-zenetbio.com\/lyon\/wp-json\/wp\/v2\/media?parent=3855"}],"curies":[{"name":"wp","href":"https:\/\/api.w.org\/{rel}","templated":true}]}}