{"id":4908,"date":"2018-09-06T10:24:00","date_gmt":"2018-09-06T08:24:00","guid":{"rendered":"https:\/\/www.vivez-nature.com\/lyon\/?page_id=4908"},"modified":"2026-03-10T14:43:58","modified_gmt":"2026-03-10T13:43:58","slug":"animations","status":"publish","type":"page","link":"https:\/\/www.salon-zenetbio.com\/lyon\/programme-du-salon\/animations\/","title":{"rendered":"Espace d&rsquo;animations"},"content":{"rendered":"<h2 style=\"text-align: justify;\"><img fetchpriority=\"high\" decoding=\"async\" src=\"https:\/\/www.salon-zenetbio.com\/nantes\/wp-content\/uploads\/sites\/7\/2019\/09\/img-famille-e1568725013141.jpg\" sizes=\"(max-width: 2188px) 100vw, 2188px\" srcset=\"https:\/\/www.salon-zenetbio.com\/nantes\/wp-content\/uploads\/sites\/7\/2019\/09\/img-famille-e1568725013141.jpg 2188w, https:\/\/www.salon-zenetbio.com\/nantes\/wp-content\/uploads\/sites\/7\/2019\/09\/img-famille-e1568725013141-300x109.jpg 300w, https:\/\/www.salon-zenetbio.com\/nantes\/wp-content\/uploads\/sites\/7\/2019\/09\/img-famille-e1568725013141-768x278.jpg 768w, https:\/\/www.salon-zenetbio.com\/nantes\/wp-content\/uploads\/sites\/7\/2019\/09\/img-famille-e1568725013141-1024x371.jpg 1024w, https:\/\/www.salon-zenetbio.com\/nantes\/wp-content\/uploads\/sites\/7\/2019\/09\/img-famille-e1568725013141-150x54.jpg 150w, https:\/\/www.salon-zenetbio.com\/nantes\/wp-content\/uploads\/sites\/7\/2019\/09\/img-famille-e1568725013141-500x181.jpg 500w\" alt=\"\" width=\"2188\" height=\"793\" \/><\/h2>\n<p style=\"text-align: justify;\">Le salon Zen&amp;Bio Lyon met en place des animations sp\u00e9ciales pour \u00e9veiller l\u2019int\u00e9r\u00eat et pour une exp\u00e9rience visiteurs riche et in\u00e9dite.<\/p>\n<p>&nbsp;<\/p>\n<hr \/>\n<p><span style=\"font-size: 10pt;\"><a href=\"https:\/\/www.salon-zenetbio.com\/lyon\/espace-danimations-2025\/\" target=\"_blank\" rel=\"noopener\"><em>Consultez l&rsquo;espace d&rsquo;animations en continu de l&rsquo;\u00e9dition 2025<\/em><\/a><br \/>\n<a href=\"https:\/\/www.salon-zenetbio.com\/lyon\/espace-danimations-2024\/\" target=\"_blank\" rel=\"noopener\"><em>Consultez l&rsquo;espace d&rsquo;animations en continu de l&rsquo;\u00e9dition 2024<\/em><\/a><\/span><br \/>\n<span style=\"font-size: 10pt;\"><a href=\"https:\/\/www.salon-zenetbio.com\/lyon\/espace-danimations-en-continu-2023\/\" target=\"_blank\" rel=\"noopener\"><em>Consultez l&rsquo;espace d&rsquo;animations en continu de l&rsquo;\u00e9dition 2023<\/em><\/a><br \/>\n<a href=\"https:\/\/www.salon-zenetbio.com\/lyon\/espace-danimations-en-continu-2022\/\" target=\"_blank\" rel=\"noopener\"><em>Consultez l&rsquo;espace d&rsquo;animations en continu de l&rsquo;\u00e9dition 2022<\/em><\/a><br \/>\n<a href=\"https:\/\/www.salon-zenetbio.com\/lyon\/animations-2021\/\" target=\"_blank\" rel=\"noopener\"><em>Consultez l&rsquo;espace d&rsquo;animations en continu de l&rsquo;\u00e9dition 2021<\/em><\/a><br \/>\n<a href=\"http:\/\/www.salon-zenetbio.com\/lyon\/animations-2020\/\"><em>Consultez l&rsquo;espace d&rsquo;animations en continu de l&rsquo;\u00e9dition 2020<\/em><\/a><br \/>\n<\/span><span style=\"font-size: 10pt;\"><a href=\"http:\/\/www.salon-zenetbio.com\/lyon\/animations-2019\/\" target=\"_blank\" rel=\"noopener noreferrer\"><em>Consultez l&rsquo;espace d&rsquo;animations en continu de l&rsquo;\u00e9dition 2019<\/em><\/a><\/span><br \/>\n<span style=\"font-size: 10pt;\"><em><a href=\"https:\/\/www.vivez-nature.com\/lyon\/animations-2018\/\" target=\"_blank\" rel=\"noopener noreferrer\">Consultez l&rsquo;espace d&rsquo;animations en continu de l&rsquo;\u00e9dition 2018<\/a><\/em><\/span><\/p>\n","protected":false},"excerpt":{"rendered":"<p>Le salon Zen&amp;Bio Lyon met en place des animations sp\u00e9ciales pour \u00e9veiller l\u2019int\u00e9r\u00eat et pour une exp\u00e9rience visiteurs riche et in\u00e9dite. &nbsp; Consultez l&rsquo;espace d&rsquo;animations en continu de l&rsquo;\u00e9dition 2025 Consultez l&rsquo;espace d&rsquo;animations en continu de l&rsquo;\u00e9dition 2024 Consultez l&rsquo;espace d&rsquo;animations en continu de l&rsquo;\u00e9dition 2023 Consultez l&rsquo;espace d&rsquo;animations en continu de l&rsquo;\u00e9dition 2022 Consultez&hellip; <\/p>\n","protected":false},"author":1,"featured_media":0,"parent":7604,"menu_order":2,"comment_status":"closed","ping_status":"closed","template":"","meta":{"_monsterinsights_skip_tracking":false,"_monsterinsights_sitenote_active":false,"_monsterinsights_sitenote_note":"","_monsterinsights_sitenote_category":0,"footnotes":""},"class_list":["post-4908","page","type-page","status-publish","hentry"],"yoast_head":"<!-- This site is optimized with the Yoast SEO plugin v27.3 - https:\/\/yoast.com\/product\/yoast-seo-wordpress\/ -->\n<title>Espace d&#039;animations - Salon Zen&amp;Bio Lyon<\/title>\n<meta name=\"robots\" content=\"index, follow, max-snippet:-1, max-image-preview:large, max-video-preview:-1\" \/>\n<link rel=\"canonical\" href=\"https:\/\/www.salon-zenetbio.com\/lyon\/programme-du-salon\/animations\/\" \/>\n<meta property=\"og:locale\" content=\"fr_FR\" \/>\n<meta property=\"og:type\" content=\"article\" \/>\n<meta property=\"og:title\" content=\"Espace d&#039;animations - Salon Zen&amp;Bio Lyon\" \/>\n<meta property=\"og:description\" content=\"Le salon Zen&amp;Bio Lyon met en place des animations sp\u00e9ciales pour \u00e9veiller l\u2019int\u00e9r\u00eat et pour une exp\u00e9rience visiteurs riche et in\u00e9dite. &nbsp; Consultez l&rsquo;espace d&rsquo;animations en continu de l&rsquo;\u00e9dition 2025 Consultez l&rsquo;espace d&rsquo;animations en continu de l&rsquo;\u00e9dition 2024 Consultez l&rsquo;espace d&rsquo;animations en continu de l&rsquo;\u00e9dition 2023 Consultez l&rsquo;espace d&rsquo;animations en continu de l&rsquo;\u00e9dition 2022 Consultez&hellip;\" \/>\n<meta property=\"og:url\" content=\"https:\/\/www.salon-zenetbio.com\/lyon\/programme-du-salon\/animations\/\" \/>\n<meta property=\"og:site_name\" content=\"Salon Zen&amp;Bio Lyon\" \/>\n<meta property=\"article:modified_time\" content=\"2026-03-10T13:43:58+00:00\" \/>\n<meta property=\"og:image\" content=\"https:\/\/www.salon-zenetbio.com\/nantes\/wp-content\/uploads\/sites\/7\/2019\/09\/img-famille-e1568725013141.jpg\" \/>\n<meta name=\"twitter:card\" content=\"summary_large_image\" \/>\n<meta name=\"twitter:label1\" content=\"Dur\u00e9e de lecture estim\u00e9e\" \/>\n\t<meta name=\"twitter:data1\" content=\"1 minute\" \/>\n<script type=\"application\/ld+json\" class=\"yoast-schema-graph\">{\"@context\":\"https:\\\/\\\/schema.org\",\"@graph\":[{\"@type\":\"WebPage\",\"@id\":\"https:\\\/\\\/www.salon-zenetbio.com\\\/lyon\\\/programme-du-salon\\\/animations\\\/\",\"url\":\"https:\\\/\\\/www.salon-zenetbio.com\\\/lyon\\\/programme-du-salon\\\/animations\\\/\",\"name\":\"Espace d'animations - Salon Zen&amp;Bio Lyon\",\"isPartOf\":{\"@id\":\"https:\\\/\\\/www.salon-zenetbio.com\\\/lyon\\\/#website\"},\"primaryImageOfPage\":{\"@id\":\"https:\\\/\\\/www.salon-zenetbio.com\\\/lyon\\\/programme-du-salon\\\/animations\\\/#primaryimage\"},\"image\":{\"@id\":\"https:\\\/\\\/www.salon-zenetbio.com\\\/lyon\\\/programme-du-salon\\\/animations\\\/#primaryimage\"},\"thumbnailUrl\":\"https:\\\/\\\/www.salon-zenetbio.com\\\/nantes\\\/wp-content\\\/uploads\\\/sites\\\/7\\\/2019\\\/09\\\/img-famille-e1568725013141.jpg\",\"datePublished\":\"2018-09-06T08:24:00+00:00\",\"dateModified\":\"2026-03-10T13:43:58+00:00\",\"breadcrumb\":{\"@id\":\"https:\\\/\\\/www.salon-zenetbio.com\\\/lyon\\\/programme-du-salon\\\/animations\\\/#breadcrumb\"},\"inLanguage\":\"fr-FR\",\"potentialAction\":[{\"@type\":\"ReadAction\",\"target\":[\"https:\\\/\\\/www.salon-zenetbio.com\\\/lyon\\\/programme-du-salon\\\/animations\\\/\"]}]},{\"@type\":\"ImageObject\",\"inLanguage\":\"fr-FR\",\"@id\":\"https:\\\/\\\/www.salon-zenetbio.com\\\/lyon\\\/programme-du-salon\\\/animations\\\/#primaryimage\",\"url\":\"https:\\\/\\\/www.salon-zenetbio.com\\\/nantes\\\/wp-content\\\/uploads\\\/sites\\\/7\\\/2019\\\/09\\\/img-famille-e1568725013141.jpg\",\"contentUrl\":\"https:\\\/\\\/www.salon-zenetbio.com\\\/nantes\\\/wp-content\\\/uploads\\\/sites\\\/7\\\/2019\\\/09\\\/img-famille-e1568725013141.jpg\"},{\"@type\":\"BreadcrumbList\",\"@id\":\"https:\\\/\\\/www.salon-zenetbio.com\\\/lyon\\\/programme-du-salon\\\/animations\\\/#breadcrumb\",\"itemListElement\":[{\"@type\":\"ListItem\",\"position\":1,\"name\":\"Accueil\",\"item\":\"https:\\\/\\\/www.salon-zenetbio.com\\\/lyon\\\/\"},{\"@type\":\"ListItem\",\"position\":2,\"name\":\"Programme du salon\",\"item\":\"https:\\\/\\\/www.salon-zenetbio.com\\\/lyon\\\/programme-du-salon\\\/\"},{\"@type\":\"ListItem\",\"position\":3,\"name\":\"Espace d&rsquo;animations\"}]},{\"@type\":\"WebSite\",\"@id\":\"https:\\\/\\\/www.salon-zenetbio.com\\\/lyon\\\/#website\",\"url\":\"https:\\\/\\\/www.salon-zenetbio.com\\\/lyon\\\/\",\"name\":\"Salon Zen&amp;Bio Lyon\",\"description\":\"salon Zen&amp;Bio Lyon : votre salon \u00e9colo, bio, bien-\u00eatre et habitat sain\",\"publisher\":{\"@id\":\"https:\\\/\\\/www.salon-zenetbio.com\\\/lyon\\\/#organization\"},\"potentialAction\":[{\"@type\":\"SearchAction\",\"target\":{\"@type\":\"EntryPoint\",\"urlTemplate\":\"https:\\\/\\\/www.salon-zenetbio.com\\\/lyon\\\/?s={search_term_string}\"},\"query-input\":{\"@type\":\"PropertyValueSpecification\",\"valueRequired\":true,\"valueName\":\"search_term_string\"}}],\"inLanguage\":\"fr-FR\"},{\"@type\":\"Organization\",\"@id\":\"https:\\\/\\\/www.salon-zenetbio.com\\\/lyon\\\/#organization\",\"name\":\"Salon Zen&amp;Bio Lyon\",\"url\":\"https:\\\/\\\/www.salon-zenetbio.com\\\/lyon\\\/\",\"logo\":{\"@type\":\"ImageObject\",\"inLanguage\":\"fr-FR\",\"@id\":\"https:\\\/\\\/www.salon-zenetbio.com\\\/lyon\\\/#\\\/schema\\\/logo\\\/image\\\/\",\"url\":\"https:\\\/\\\/www.salon-zenetbio.com\\\/lyon\\\/wp-content\\\/uploads\\\/sites\\\/12\\\/2026\\\/03\\\/cropped-Logo-ZEN-et-BIO-lyon-2026-1.png\",\"contentUrl\":\"https:\\\/\\\/www.salon-zenetbio.com\\\/lyon\\\/wp-content\\\/uploads\\\/sites\\\/12\\\/2026\\\/03\\\/cropped-Logo-ZEN-et-BIO-lyon-2026-1.png\",\"width\":921,\"height\":255,\"caption\":\"Salon Zen&amp;Bio Lyon\"},\"image\":{\"@id\":\"https:\\\/\\\/www.salon-zenetbio.com\\\/lyon\\\/#\\\/schema\\\/logo\\\/image\\\/\"}}]}<\/script>\n<!-- \/ Yoast SEO plugin. -->","yoast_head_json":{"title":"Espace d'animations - Salon Zen&amp;Bio Lyon","robots":{"index":"index","follow":"follow","max-snippet":"max-snippet:-1","max-image-preview":"max-image-preview:large","max-video-preview":"max-video-preview:-1"},"canonical":"https:\/\/www.salon-zenetbio.com\/lyon\/programme-du-salon\/animations\/","og_locale":"fr_FR","og_type":"article","og_title":"Espace d'animations - Salon Zen&amp;Bio Lyon","og_description":"Le salon Zen&amp;Bio Lyon met en place des animations sp\u00e9ciales pour \u00e9veiller l\u2019int\u00e9r\u00eat et pour une exp\u00e9rience visiteurs riche et in\u00e9dite. &nbsp; Consultez l&rsquo;espace d&rsquo;animations en continu de l&rsquo;\u00e9dition 2025 Consultez l&rsquo;espace d&rsquo;animations en continu de l&rsquo;\u00e9dition 2024 Consultez l&rsquo;espace d&rsquo;animations en continu de l&rsquo;\u00e9dition 2023 Consultez l&rsquo;espace d&rsquo;animations en continu de l&rsquo;\u00e9dition 2022 Consultez&hellip;","og_url":"https:\/\/www.salon-zenetbio.com\/lyon\/programme-du-salon\/animations\/","og_site_name":"Salon Zen&amp;Bio Lyon","article_modified_time":"2026-03-10T13:43:58+00:00","og_image":[{"url":"https:\/\/www.salon-zenetbio.com\/nantes\/wp-content\/uploads\/sites\/7\/2019\/09\/img-famille-e1568725013141.jpg","type":"","width":"","height":""}],"twitter_card":"summary_large_image","twitter_misc":{"Dur\u00e9e de lecture estim\u00e9e":"1 minute"},"schema":{"@context":"https:\/\/schema.org","@graph":[{"@type":"WebPage","@id":"https:\/\/www.salon-zenetbio.com\/lyon\/programme-du-salon\/animations\/","url":"https:\/\/www.salon-zenetbio.com\/lyon\/programme-du-salon\/animations\/","name":"Espace d'animations - Salon Zen&amp;Bio Lyon","isPartOf":{"@id":"https:\/\/www.salon-zenetbio.com\/lyon\/#website"},"primaryImageOfPage":{"@id":"https:\/\/www.salon-zenetbio.com\/lyon\/programme-du-salon\/animations\/#primaryimage"},"image":{"@id":"https:\/\/www.salon-zenetbio.com\/lyon\/programme-du-salon\/animations\/#primaryimage"},"thumbnailUrl":"https:\/\/www.salon-zenetbio.com\/nantes\/wp-content\/uploads\/sites\/7\/2019\/09\/img-famille-e1568725013141.jpg","datePublished":"2018-09-06T08:24:00+00:00","dateModified":"2026-03-10T13:43:58+00:00","breadcrumb":{"@id":"https:\/\/www.salon-zenetbio.com\/lyon\/programme-du-salon\/animations\/#breadcrumb"},"inLanguage":"fr-FR","potentialAction":[{"@type":"ReadAction","target":["https:\/\/www.salon-zenetbio.com\/lyon\/programme-du-salon\/animations\/"]}]},{"@type":"ImageObject","inLanguage":"fr-FR","@id":"https:\/\/www.salon-zenetbio.com\/lyon\/programme-du-salon\/animations\/#primaryimage","url":"https:\/\/www.salon-zenetbio.com\/nantes\/wp-content\/uploads\/sites\/7\/2019\/09\/img-famille-e1568725013141.jpg","contentUrl":"https:\/\/www.salon-zenetbio.com\/nantes\/wp-content\/uploads\/sites\/7\/2019\/09\/img-famille-e1568725013141.jpg"},{"@type":"BreadcrumbList","@id":"https:\/\/www.salon-zenetbio.com\/lyon\/programme-du-salon\/animations\/#breadcrumb","itemListElement":[{"@type":"ListItem","position":1,"name":"Accueil","item":"https:\/\/www.salon-zenetbio.com\/lyon\/"},{"@type":"ListItem","position":2,"name":"Programme du salon","item":"https:\/\/www.salon-zenetbio.com\/lyon\/programme-du-salon\/"},{"@type":"ListItem","position":3,"name":"Espace d&rsquo;animations"}]},{"@type":"WebSite","@id":"https:\/\/www.salon-zenetbio.com\/lyon\/#website","url":"https:\/\/www.salon-zenetbio.com\/lyon\/","name":"Salon Zen&amp;Bio Lyon","description":"salon Zen&amp;Bio Lyon : votre salon \u00e9colo, bio, bien-\u00eatre et habitat sain","publisher":{"@id":"https:\/\/www.salon-zenetbio.com\/lyon\/#organization"},"potentialAction":[{"@type":"SearchAction","target":{"@type":"EntryPoint","urlTemplate":"https:\/\/www.salon-zenetbio.com\/lyon\/?s={search_term_string}"},"query-input":{"@type":"PropertyValueSpecification","valueRequired":true,"valueName":"search_term_string"}}],"inLanguage":"fr-FR"},{"@type":"Organization","@id":"https:\/\/www.salon-zenetbio.com\/lyon\/#organization","name":"Salon Zen&amp;Bio Lyon","url":"https:\/\/www.salon-zenetbio.com\/lyon\/","logo":{"@type":"ImageObject","inLanguage":"fr-FR","@id":"https:\/\/www.salon-zenetbio.com\/lyon\/#\/schema\/logo\/image\/","url":"https:\/\/www.salon-zenetbio.com\/lyon\/wp-content\/uploads\/sites\/12\/2026\/03\/cropped-Logo-ZEN-et-BIO-lyon-2026-1.png","contentUrl":"https:\/\/www.salon-zenetbio.com\/lyon\/wp-content\/uploads\/sites\/12\/2026\/03\/cropped-Logo-ZEN-et-BIO-lyon-2026-1.png","width":921,"height":255,"caption":"Salon Zen&amp;Bio Lyon"},"image":{"@id":"https:\/\/www.salon-zenetbio.com\/lyon\/#\/schema\/logo\/image\/"}}]}},"_links":{"self":[{"href":"https:\/\/www.salon-zenetbio.com\/lyon\/wp-json\/wp\/v2\/pages\/4908","targetHints":{"allow":["GET"]}}],"collection":[{"href":"https:\/\/www.salon-zenetbio.com\/lyon\/wp-json\/wp\/v2\/pages"}],"about":[{"href":"https:\/\/www.salon-zenetbio.com\/lyon\/wp-json\/wp\/v2\/types\/page"}],"author":[{"embeddable":true,"href":"https:\/\/www.salon-zenetbio.com\/lyon\/wp-json\/wp\/v2\/users\/1"}],"replies":[{"embeddable":true,"href":"https:\/\/www.salon-zenetbio.com\/lyon\/wp-json\/wp\/v2\/comments?post=4908"}],"version-history":[{"count":40,"href":"https:\/\/www.salon-zenetbio.com\/lyon\/wp-json\/wp\/v2\/pages\/4908\/revisions"}],"predecessor-version":[{"id":12960,"href":"https:\/\/www.salon-zenetbio.com\/lyon\/wp-json\/wp\/v2\/pages\/4908\/revisions\/12960"}],"up":[{"embeddable":true,"href":"https:\/\/www.salon-zenetbio.com\/lyon\/wp-json\/wp\/v2\/pages\/7604"}],"wp:attachment":[{"href":"https:\/\/www.salon-zenetbio.com\/lyon\/wp-json\/wp\/v2\/media?parent=4908"}],"curies":[{"name":"wp","href":"https:\/\/api.w.org\/{rel}","templated":true}]}}