{"id":6042,"date":"2019-09-27T14:39:03","date_gmt":"2019-09-27T12:39:03","guid":{"rendered":"https:\/\/www.vivez-nature.com\/lyon\/?page_id=6042"},"modified":"2020-03-30T12:11:44","modified_gmt":"2020-03-30T10:11:44","slug":"service-livraison","status":"publish","type":"page","link":"https:\/\/www.salon-zenetbio.com\/lyon\/infos-pratiques\/service-livraison\/","title":{"rendered":"Service livraison"},"content":{"rendered":"<h2><strong>LIVRAISON \u00c0 LA VOITURE<\/strong><\/h2>\n<p style=\"text-align: justify;\">Pour les gros achats, un service de livraison \u00e0 la voiture est pr\u00e9vu pour faciliter votre visite sur le salon.<\/p>\n<ol style=\"text-align: justify;\">\n<li>Suite \u00e0 votre achat, l\u2019exposant vous remet un bon de livraison \u00e0 la voiture<\/li>\n<li>Rendez-vous \u00e0 l\u2019accueil du salon pour remettre le bon \u00e0 l\u2019h\u00f4te<\/li>\n<li>A la fin de votre visite, pr\u00e9venir l\u2019h\u00f4tesse d\u2019accueil de votre d\u00e9part du salon<\/li>\n<li>Approchez votre voiture \u00e0 l\u2019endroit indiqu\u00e9, un h\u00f4te chargera votre voiture de vos achats<\/li>\n<\/ol>\n<p style=\"text-align: justify;\">Pour les petits achats, un service de consigne GRATUITE vous est propos\u00e9 \u00e0 l\u2019accueil du salon pendant votre visite.<\/p>\n","protected":false},"excerpt":{"rendered":"<p>LIVRAISON \u00c0 LA VOITURE Pour les gros achats, un service de livraison \u00e0 la voiture est pr\u00e9vu pour faciliter votre visite sur le salon. Suite \u00e0 votre achat, l\u2019exposant vous remet un bon de livraison \u00e0 la voiture Rendez-vous \u00e0 l\u2019accueil du salon pour remettre le bon \u00e0 l\u2019h\u00f4te A la fin de votre visite,&hellip; <\/p>\n","protected":false},"author":1,"featured_media":0,"parent":2094,"menu_order":3,"comment_status":"closed","ping_status":"closed","template":"","meta":{"_monsterinsights_skip_tracking":false,"_monsterinsights_sitenote_active":false,"_monsterinsights_sitenote_note":"","_monsterinsights_sitenote_category":0,"footnotes":""},"class_list":["post-6042","page","type-page","status-publish","hentry"],"yoast_head":"<!-- This site is optimized with the Yoast SEO plugin v27.3 - https:\/\/yoast.com\/product\/yoast-seo-wordpress\/ -->\n<title>Service livraison - Salon Zen&amp;Bio Lyon<\/title>\n<meta name=\"robots\" content=\"index, follow, max-snippet:-1, max-image-preview:large, max-video-preview:-1\" \/>\n<link rel=\"canonical\" href=\"http:\/\/www.salon-zenetbio.com\/lyon\/infos-pratiques\/service-livraison\/\" \/>\n<meta property=\"og:locale\" content=\"fr_FR\" \/>\n<meta property=\"og:type\" content=\"article\" \/>\n<meta property=\"og:title\" content=\"Service livraison - Salon Zen&amp;Bio Lyon\" \/>\n<meta property=\"og:description\" content=\"LIVRAISON \u00c0 LA VOITURE Pour les gros achats, un service de livraison \u00e0 la voiture est pr\u00e9vu pour faciliter votre visite sur le salon. Suite \u00e0 votre achat, l\u2019exposant vous remet un bon de livraison \u00e0 la voiture Rendez-vous \u00e0 l\u2019accueil du salon pour remettre le bon \u00e0 l\u2019h\u00f4te A la fin de votre visite,&hellip;\" \/>\n<meta property=\"og:url\" content=\"http:\/\/www.salon-zenetbio.com\/lyon\/infos-pratiques\/service-livraison\/\" \/>\n<meta property=\"og:site_name\" content=\"Salon Zen&amp;Bio Lyon\" \/>\n<meta property=\"article:modified_time\" content=\"2020-03-30T10:11:44+00:00\" \/>\n<meta name=\"twitter:card\" content=\"summary_large_image\" \/>\n<meta name=\"twitter:label1\" content=\"Dur\u00e9e de lecture estim\u00e9e\" \/>\n\t<meta name=\"twitter:data1\" content=\"1 minute\" \/>\n<script type=\"application\/ld+json\" class=\"yoast-schema-graph\">{\"@context\":\"https:\\\/\\\/schema.org\",\"@graph\":[{\"@type\":\"WebPage\",\"@id\":\"http:\\\/\\\/www.salon-zenetbio.com\\\/lyon\\\/infos-pratiques\\\/service-livraison\\\/\",\"url\":\"http:\\\/\\\/www.salon-zenetbio.com\\\/lyon\\\/infos-pratiques\\\/service-livraison\\\/\",\"name\":\"Service livraison - Salon Zen&amp;Bio Lyon\",\"isPartOf\":{\"@id\":\"https:\\\/\\\/www.salon-zenetbio.com\\\/lyon\\\/#website\"},\"datePublished\":\"2019-09-27T12:39:03+00:00\",\"dateModified\":\"2020-03-30T10:11:44+00:00\",\"breadcrumb\":{\"@id\":\"http:\\\/\\\/www.salon-zenetbio.com\\\/lyon\\\/infos-pratiques\\\/service-livraison\\\/#breadcrumb\"},\"inLanguage\":\"fr-FR\",\"potentialAction\":[{\"@type\":\"ReadAction\",\"target\":[\"http:\\\/\\\/www.salon-zenetbio.com\\\/lyon\\\/infos-pratiques\\\/service-livraison\\\/\"]}]},{\"@type\":\"BreadcrumbList\",\"@id\":\"http:\\\/\\\/www.salon-zenetbio.com\\\/lyon\\\/infos-pratiques\\\/service-livraison\\\/#breadcrumb\",\"itemListElement\":[{\"@type\":\"ListItem\",\"position\":1,\"name\":\"Accueil\",\"item\":\"https:\\\/\\\/www.salon-zenetbio.com\\\/lyon\\\/\"},{\"@type\":\"ListItem\",\"position\":2,\"name\":\"Infos pratiques\",\"item\":\"https:\\\/\\\/www.salon-zenetbio.com\\\/lyon\\\/infos-pratiques\\\/\"},{\"@type\":\"ListItem\",\"position\":3,\"name\":\"Service livraison\"}]},{\"@type\":\"WebSite\",\"@id\":\"https:\\\/\\\/www.salon-zenetbio.com\\\/lyon\\\/#website\",\"url\":\"https:\\\/\\\/www.salon-zenetbio.com\\\/lyon\\\/\",\"name\":\"Salon Zen&amp;Bio Lyon\",\"description\":\"salon Zen&amp;Bio Lyon : votre salon \u00e9colo, bio, bien-\u00eatre et habitat sain\",\"publisher\":{\"@id\":\"https:\\\/\\\/www.salon-zenetbio.com\\\/lyon\\\/#organization\"},\"potentialAction\":[{\"@type\":\"SearchAction\",\"target\":{\"@type\":\"EntryPoint\",\"urlTemplate\":\"https:\\\/\\\/www.salon-zenetbio.com\\\/lyon\\\/?s={search_term_string}\"},\"query-input\":{\"@type\":\"PropertyValueSpecification\",\"valueRequired\":true,\"valueName\":\"search_term_string\"}}],\"inLanguage\":\"fr-FR\"},{\"@type\":\"Organization\",\"@id\":\"https:\\\/\\\/www.salon-zenetbio.com\\\/lyon\\\/#organization\",\"name\":\"Salon Zen&amp;Bio Lyon\",\"url\":\"https:\\\/\\\/www.salon-zenetbio.com\\\/lyon\\\/\",\"logo\":{\"@type\":\"ImageObject\",\"inLanguage\":\"fr-FR\",\"@id\":\"https:\\\/\\\/www.salon-zenetbio.com\\\/lyon\\\/#\\\/schema\\\/logo\\\/image\\\/\",\"url\":\"https:\\\/\\\/www.salon-zenetbio.com\\\/lyon\\\/wp-content\\\/uploads\\\/sites\\\/12\\\/2026\\\/03\\\/cropped-Logo-ZEN-et-BIO-lyon-2026-1.png\",\"contentUrl\":\"https:\\\/\\\/www.salon-zenetbio.com\\\/lyon\\\/wp-content\\\/uploads\\\/sites\\\/12\\\/2026\\\/03\\\/cropped-Logo-ZEN-et-BIO-lyon-2026-1.png\",\"width\":921,\"height\":255,\"caption\":\"Salon Zen&amp;Bio Lyon\"},\"image\":{\"@id\":\"https:\\\/\\\/www.salon-zenetbio.com\\\/lyon\\\/#\\\/schema\\\/logo\\\/image\\\/\"}}]}<\/script>\n<!-- \/ Yoast SEO plugin. -->","yoast_head_json":{"title":"Service livraison - Salon Zen&amp;Bio Lyon","robots":{"index":"index","follow":"follow","max-snippet":"max-snippet:-1","max-image-preview":"max-image-preview:large","max-video-preview":"max-video-preview:-1"},"canonical":"http:\/\/www.salon-zenetbio.com\/lyon\/infos-pratiques\/service-livraison\/","og_locale":"fr_FR","og_type":"article","og_title":"Service livraison - Salon Zen&amp;Bio Lyon","og_description":"LIVRAISON \u00c0 LA VOITURE Pour les gros achats, un service de livraison \u00e0 la voiture est pr\u00e9vu pour faciliter votre visite sur le salon. Suite \u00e0 votre achat, l\u2019exposant vous remet un bon de livraison \u00e0 la voiture Rendez-vous \u00e0 l\u2019accueil du salon pour remettre le bon \u00e0 l\u2019h\u00f4te A la fin de votre visite,&hellip;","og_url":"http:\/\/www.salon-zenetbio.com\/lyon\/infos-pratiques\/service-livraison\/","og_site_name":"Salon Zen&amp;Bio Lyon","article_modified_time":"2020-03-30T10:11:44+00:00","twitter_card":"summary_large_image","twitter_misc":{"Dur\u00e9e de lecture estim\u00e9e":"1 minute"},"schema":{"@context":"https:\/\/schema.org","@graph":[{"@type":"WebPage","@id":"http:\/\/www.salon-zenetbio.com\/lyon\/infos-pratiques\/service-livraison\/","url":"http:\/\/www.salon-zenetbio.com\/lyon\/infos-pratiques\/service-livraison\/","name":"Service livraison - Salon Zen&amp;Bio Lyon","isPartOf":{"@id":"https:\/\/www.salon-zenetbio.com\/lyon\/#website"},"datePublished":"2019-09-27T12:39:03+00:00","dateModified":"2020-03-30T10:11:44+00:00","breadcrumb":{"@id":"http:\/\/www.salon-zenetbio.com\/lyon\/infos-pratiques\/service-livraison\/#breadcrumb"},"inLanguage":"fr-FR","potentialAction":[{"@type":"ReadAction","target":["http:\/\/www.salon-zenetbio.com\/lyon\/infos-pratiques\/service-livraison\/"]}]},{"@type":"BreadcrumbList","@id":"http:\/\/www.salon-zenetbio.com\/lyon\/infos-pratiques\/service-livraison\/#breadcrumb","itemListElement":[{"@type":"ListItem","position":1,"name":"Accueil","item":"https:\/\/www.salon-zenetbio.com\/lyon\/"},{"@type":"ListItem","position":2,"name":"Infos pratiques","item":"https:\/\/www.salon-zenetbio.com\/lyon\/infos-pratiques\/"},{"@type":"ListItem","position":3,"name":"Service livraison"}]},{"@type":"WebSite","@id":"https:\/\/www.salon-zenetbio.com\/lyon\/#website","url":"https:\/\/www.salon-zenetbio.com\/lyon\/","name":"Salon Zen&amp;Bio Lyon","description":"salon Zen&amp;Bio Lyon : votre salon \u00e9colo, bio, bien-\u00eatre et habitat sain","publisher":{"@id":"https:\/\/www.salon-zenetbio.com\/lyon\/#organization"},"potentialAction":[{"@type":"SearchAction","target":{"@type":"EntryPoint","urlTemplate":"https:\/\/www.salon-zenetbio.com\/lyon\/?s={search_term_string}"},"query-input":{"@type":"PropertyValueSpecification","valueRequired":true,"valueName":"search_term_string"}}],"inLanguage":"fr-FR"},{"@type":"Organization","@id":"https:\/\/www.salon-zenetbio.com\/lyon\/#organization","name":"Salon Zen&amp;Bio Lyon","url":"https:\/\/www.salon-zenetbio.com\/lyon\/","logo":{"@type":"ImageObject","inLanguage":"fr-FR","@id":"https:\/\/www.salon-zenetbio.com\/lyon\/#\/schema\/logo\/image\/","url":"https:\/\/www.salon-zenetbio.com\/lyon\/wp-content\/uploads\/sites\/12\/2026\/03\/cropped-Logo-ZEN-et-BIO-lyon-2026-1.png","contentUrl":"https:\/\/www.salon-zenetbio.com\/lyon\/wp-content\/uploads\/sites\/12\/2026\/03\/cropped-Logo-ZEN-et-BIO-lyon-2026-1.png","width":921,"height":255,"caption":"Salon Zen&amp;Bio Lyon"},"image":{"@id":"https:\/\/www.salon-zenetbio.com\/lyon\/#\/schema\/logo\/image\/"}}]}},"_links":{"self":[{"href":"https:\/\/www.salon-zenetbio.com\/lyon\/wp-json\/wp\/v2\/pages\/6042","targetHints":{"allow":["GET"]}}],"collection":[{"href":"https:\/\/www.salon-zenetbio.com\/lyon\/wp-json\/wp\/v2\/pages"}],"about":[{"href":"https:\/\/www.salon-zenetbio.com\/lyon\/wp-json\/wp\/v2\/types\/page"}],"author":[{"embeddable":true,"href":"https:\/\/www.salon-zenetbio.com\/lyon\/wp-json\/wp\/v2\/users\/1"}],"replies":[{"embeddable":true,"href":"https:\/\/www.salon-zenetbio.com\/lyon\/wp-json\/wp\/v2\/comments?post=6042"}],"version-history":[{"count":1,"href":"https:\/\/www.salon-zenetbio.com\/lyon\/wp-json\/wp\/v2\/pages\/6042\/revisions"}],"predecessor-version":[{"id":7798,"href":"https:\/\/www.salon-zenetbio.com\/lyon\/wp-json\/wp\/v2\/pages\/6042\/revisions\/7798"}],"up":[{"embeddable":true,"href":"https:\/\/www.salon-zenetbio.com\/lyon\/wp-json\/wp\/v2\/pages\/2094"}],"wp:attachment":[{"href":"https:\/\/www.salon-zenetbio.com\/lyon\/wp-json\/wp\/v2\/media?parent=6042"}],"curies":[{"name":"wp","href":"https:\/\/api.w.org\/{rel}","templated":true}]}}