{"id":8005,"date":"2020-12-22T17:19:01","date_gmt":"2020-12-22T16:19:01","guid":{"rendered":"http:\/\/www.salon-zenetbio.com\/lyon\/?page_id=8005"},"modified":"2020-12-22T17:19:01","modified_gmt":"2020-12-22T16:19:01","slug":"conferences-2020","status":"publish","type":"page","link":"https:\/\/www.salon-zenetbio.com\/lyon\/conferences-2020\/","title":{"rendered":"Conf\u00e9rences 2020"},"content":{"rendered":"<p><strong><em><span style=\"color: #55a932;\">Salle de la T\u00caTE D&rsquo;OR<\/span>\u00a0 \/ <\/em><span style=\"color: #00a6e2;\"><em>Salle BELLECOUR<\/em><\/span><em>\u00a0 \/ <span style=\"color: #f56f0b;\">Salle CROIX ROUSSE\u00a0<\/span><\/em><\/strong><\/p>\n<h2><strong>Vendredi 20 novembre 2020<\/strong><\/h2>\n<p class=\"p1\"><strong><span class=\"s1\" style=\"color: #55a932;\">11:00 <\/span><\/strong>La confiance en soi, restructurer son hitoire de vie. Le chemin de l&rsquo;amour de soi &#8211; <strong><em>H\u00e9l\u00e8ne Girardin<\/em><\/strong><br \/>\n<span style=\"color: #00a6e2;\"><strong><span class=\"s3\">13:00 <\/span><\/strong><\/span>Le Yoga des yeux, une approche holistique de la vision &#8211;<span class=\"Apple-converted-space\">\u00a0 <\/span><strong><em>Philippe Cleyet-Merle<\/em><\/strong><br \/>\n<span style=\"color: #f56f0b;\"><strong><span class=\"s4\">13:00 <\/span><\/strong><\/span>Les plantes sauvages au service de nos douleurs et de notre sant\u00e9, les bons conseils du P\u00e8re Jean &#8211; <strong><em>Jean-Pol Clesse<\/em><\/strong><br \/>\n<span class=\"s1\" style=\"color: #55a932;\"><strong>13:30<\/strong> <\/span>L&rsquo;humain devrait vivre 120 \u00e0 140 ans en bonne sant\u00e9. Comment r\u00e9g\u00e9n\u00e9rer son organisme simplement ? <strong><em>Renaud Richet<\/em><\/strong><br \/>\n<strong><span class=\"s3\" style=\"color: #00a6e2;\">14:00 <\/span><\/strong>Min\u00e9raux : origines (g\u00e9ologie) &#8211; bienfaits (gemmoth\u00e9rapie) &#8211; utilisations &#8211; <strong><em>Jean-Claude Kennedec<\/em><\/strong><br \/>\n<strong><span class=\"s4\" style=\"color: #f56f0b;\">14:00 <\/span><\/strong>Ateliers les Gongs, utilisation en th\u00e9rapie des diff\u00e9rents gongs &#8211;<span class=\"Apple-converted-space\">\u00a0 <\/span><strong><em>Alain M\u00e9traux<\/em><\/strong><br \/>\n<strong><span class=\"s1\" style=\"color: #55a932;\">14:30 <\/span><\/strong>Permaculture et r\u00e9silience &#8211; <strong><em>S\u00e8ve de Vie<\/em><\/strong><br \/>\n<strong><span style=\"color: #00a6e2;\">15:00<\/span><\/strong> La jungle de la compl\u00e9mentation alimentaire : min\u00e9raux\/m\u00e9taux lourds, des solutions authentiques et fiables &#8211;<span class=\"Apple-converted-space\">\u00a0 <\/span><strong><em>Nathalie Marty-Glasse<\/em><\/strong><br \/>\n<strong><span class=\"s4\" style=\"color: #f56f0b;\">15:00 <\/span><\/strong>Incroyable pouvoir de l&rsquo;acupuncture ! Quelle acupuncture pour am\u00e9liorer la sant\u00e9 au quotidien ? <strong><em>Chang<\/em><\/strong><br \/>\n<span style=\"color: #00a6e2;\"><strong><span class=\"s3\">16:00 <\/span><\/strong><\/span>Les chakras au quotidien &#8211; <strong><em>Annick Brofman<\/em><\/strong><br \/>\n<span style=\"color: #f56f0b;\"><strong><span class=\"s4\">16:00 <\/span><\/strong><\/span>Retrouver et gu\u00e9rir son enfant int\u00e9rieur : La R\u00e9silience. Gu\u00e9rir le pass\u00e9 pour vivre pleinement l&rsquo;instant pr\u00e9sent &#8211; <strong><em>H\u00e9l\u00e8ne Girardin<\/em><\/strong><br \/>\n<span style=\"color: #f56f0b;\"><strong><span class=\"s4\">17:00 <\/span><\/strong><\/span>Les plantes bio-indicatrices : sant\u00e9 du sol, sant\u00e9 des hommes &#8211;<span class=\"Apple-converted-space\">\u00a0 <\/span><strong><em>Estelle Decrozant<\/em><\/strong><\/p>\n<h2><strong>Samedi 21 novembre 2020<\/strong><\/h2>\n<p class=\"p2\"><span style=\"color: #00a6e2;\"><strong>12:00<\/strong><\/span> Mincir avec l\u2019Hypnose, la Psychologie du poids, et la r\u00e9gulation des neurom\u00e9diateurs. Les 4 piliers de la minceur \u00e0 activer simultan\u00e9ment pour garantir le succ\u00e8s &#8211; <strong><em>Julie Girardin<\/em><\/strong><br \/>\n<span style=\"color: #f56f0b;\"><strong><span class=\"s2\">12:00 <\/span><\/strong><\/span>Min\u00e9raux : origines (g\u00e9ologie) &#8211; bienfaits (gemmoth\u00e9rapie) &#8211; utilisations &#8211; <strong><em>Jean-Claude Kennedec<\/em><\/strong><br \/>\n<span style=\"color: #00a6e2;\"><strong><span class=\"s3\">13:00 <\/span><\/strong><\/span>Urgence : je suis responsable de l&rsquo;eau que je bois ! <strong><em>Thibault Geluyckens<\/em><\/strong><br \/>\n<span style=\"color: #f56f0b;\"><strong>13:00<\/strong><\/span> L&rsquo;incoh\u00e9rence nutritionnelle et les fl\u00e9aux alimentaires \u00e0 l&rsquo;origine de la d\u00e9g\u00e9n\u00e9rescence cellulaire. Explication et solutions\u00a0 &#8211; <strong><em>Monique Pellen<\/em><\/strong><br \/>\n<span style=\"color: #55a932;\"><strong><span class=\"s1\">13:30 <\/span><\/strong><\/span>Les plantes sauvages au service de nos douleurs et de notre sant\u00e9, les bons conseils du P\u00e8re Jean &#8211; <strong><em>Jean-Pol Clesse<\/em> <\/strong><br \/>\n<span style=\"color: #00a6e2;\"><strong><span class=\"s3\">14:00 <\/span><\/strong><\/span>Le foie : comment le maintenir en forme pour qu&rsquo;il ne nous fasse pas vivre un enfer ? <strong><em>Renaud Richet<\/em><\/strong><br \/>\n<span style=\"color: #f56f0b;\"><strong><span class=\"s2\">14:00 <\/span><\/strong><\/span>Les bols de cristal : les diff\u00e9rents bols de cristal, utilisation en th\u00e9rapie, leurs histoires &#8211; <strong><em>Alain M\u00e9traux<br \/>\n<\/em><\/strong><span style=\"color: #55a932;\"><strong><span class=\"s1\">14:30<\/span><\/strong><\/span> Biodynamie : de Venus \u00e0 <span class=\"s1\">Bacchus &#8211; <\/span><strong><em>J\u00e9r\u00f4me Gen\u00e9e<\/em><\/strong><br \/>\n<span style=\"color: #00a6e2;\"><strong><span class=\"s3\">15:00 <\/span><\/strong><\/span>Red\u00e9couvrir le Bicarbonate &#8211; Ortie &#8211; Charbon les champions du z\u00e9ro d\u00e9chet &#8211; <strong><em>Christophe Esnault<\/em><\/strong><br \/>\n<span style=\"color: #f56f0b;\"><strong><span class=\"s2\">15:00 <\/span><\/strong><\/span>Prot\u00e9ger son lieu de vie, sa vie priv\u00e9e &#8211; pourquoi, comment ? &#8211; <strong><em>Marc Hild<\/em><\/strong><br \/>\n<span style=\"color: #55a932;\"><strong><span class=\"s1\">15:30 <\/span><\/strong><\/span>D\u00e9chiffrage des ingr\u00e9dients cosm\u00e9tiques, pour mieux comprendre les \u00e9tiquettes des produits &#8211; <strong><em>Chlo\u00e9 Ruffier<\/em><\/strong><br \/>\n<span style=\"color: #00a6e2;\"><strong><span class=\"s3\">16:00 <\/span><\/strong><\/span>L&rsquo;approche naturopathique et holistique de la sant\u00e9 &#8211; <strong><em>Philippe Cleyet-Merle<\/em><\/strong><br \/>\n<span style=\"color: #f56f0b;\"><strong><span class=\"s2\">16:00 <\/span><\/strong><\/span>Les m\u00e9taux lourds : origines, incidences, mesures et solutions &#8211; <strong><em>Armand Bensemhoun<\/em><\/strong><br \/>\n<span style=\"color: #00a6e2;\"><strong><span class=\"s3\">17:00 <\/span><\/strong><\/span>Nos plantes sauvages ont des vertus &#8211; <strong><em>Agn\u00e8s Lombard<\/em><\/strong><br \/>\n<span style=\"color: #f56f0b;\"><strong><span class=\"s2\">17:00 <\/span><\/strong><\/span>La confiance en soi, restructurer son hitoire de vie. Le chemin de l&rsquo;amour de soi &#8211; <strong><em>H\u00e9l\u00e8ne Girardin<\/em><\/strong><\/p>\n<h2><strong>Dimanche 22 novembre 2020<\/strong><\/h2>\n<p class=\"p1\"><span style=\"color: #55a932;\"><strong><span class=\"s1\">11:00 <\/span><\/strong><\/span>La naturopathie : un chemin vers l&rsquo;autonomie &#8211; <strong><em>Dominick Leaud-Zachoval<\/em><\/strong><br \/>\n<span style=\"color: #00a6e2;\"><strong><span class=\"s2\">11:00 <\/span><\/strong><\/span>Pr\u00e9sentation de la m\u00e9thode Arts of Touch\u00ae &#8211; <strong><em>Anne-Ga\u00eblle Yvon<\/em><\/strong><br \/>\n<span style=\"color: #00a6e2;\"><strong><span class=\"s2\">12:00 <\/span><\/strong><\/span>Les plantes m\u00e9dicinales pour accompagner les affections hivernales &#8211; <strong><em>S\u00e8ve de Vie<\/em><\/strong><br \/>\n<span style=\"color: #f56f0b;\"><strong>12:00<\/strong><\/span> L\u2019hypnose comme outil de connaissance de soi. Voyage au coeur de nos personnages int\u00e9rieurs; les \u00e9tats de consciences modifi\u00e9s aux services et nos \u00e9motions \u00e9tat d\u2019\u00eatre et bien plus encore\u2026 &#8211;<span class=\"Apple-converted-space\">\u00a0 <\/span><strong><em>H\u00e9l\u00e8ne Girardin<\/em><\/strong><br \/>\n<span style=\"color: #00a6e2;\"><strong><span class=\"s2\">13:00 <\/span><\/strong><\/span>Les bols Tib\u00e9tains : Histoire et tradition: les diff\u00e9rents bols tib\u00e9tains comment choisir son bol &#8211; <strong><em>Alain M\u00e9traux<\/em><\/strong><br \/>\n<span style=\"color: #f56f0b;\"><strong>13:00<\/strong><\/span> Intestin et microbiotes : quoi faire pour qu&rsquo;ils nous prot\u00e8gent et nous rendent heureux, au lieu de nous emposisonner ? <strong><em>Renaud Richet<\/em> <\/strong><br \/>\n<span style=\"color: #55a932;\"><strong><span class=\"s1\">13:30 <\/span><\/strong><\/span>Algues marines, graines germ\u00e9es en goutte &#8211; <strong><em>Monique Pellen<\/em><\/strong><br \/>\n<span style=\"color: #00a6e2;\"><strong><span class=\"s2\">14:00 <\/span><\/strong><\/span>Urgence : je suis responsable de l&rsquo;eau que je bois ! <strong><em>Thibault Geluyckens<\/em><\/strong><br \/>\n<span style=\"color: #f56f0b;\"><strong><span class=\"s4\">14:00 <\/span><\/strong><\/span>Min\u00e9raux : origines (g\u00e9ologie) &#8211; bienfaits (gemmoth\u00e9rapie) &#8211; utilisations &#8211; <strong><em>Jean-Claude Kennedec<\/em><\/strong><br \/>\n<span class=\"s2\" style=\"color: #00a6e2;\"><strong>15:00<\/strong> <\/span>L&rsquo;approche naturopathique et holistique de la sant\u00e9 &#8211; <strong><em>Philippe Cleyet-Merle<\/em> <\/strong><br \/>\n<span style=\"color: #55a932;\"><strong>15:30<\/strong><\/span> Mincir avec l\u2019Hypnose, la Psychologie du poids, et la r\u00e9gulation des neurom\u00e9diateurs. Les 4 piliers de la minceur \u00e0 activer simultan\u00e9ment pour garantir le succ\u00e8s &#8211; <strong><em>Julie Girardin<\/em><\/strong><br \/>\n<span style=\"color: #00a6e2;\"><strong><span class=\"s2\">16:00 <\/span><\/strong><\/span>Les plantes sauvages au service de nos douleurs et de notre sant\u00e9, les bons conseils du P\u00e8re Jean &#8211; <strong><em>Jean-Pol Clesse<\/em><\/strong><br \/>\n<span style=\"color: #f56f0b;\"><strong><span class=\"s4\">17:00 <\/span><\/strong><\/span>Les plantes sauvages comestibles, une histoire vieille comme l&rsquo;humanit\u00e9 &#8211; <strong><em>Fr\u00e9d\u00e9rique Lor\u00e9<\/em><\/strong><\/p>\n","protected":false},"excerpt":{"rendered":"<p>Salle de la T\u00caTE D&rsquo;OR\u00a0 \/ Salle BELLECOUR\u00a0 \/ Salle CROIX ROUSSE\u00a0 Vendredi 20 novembre 2020 11:00 La confiance en soi, restructurer son hitoire de vie. Le chemin de l&rsquo;amour de soi &#8211; H\u00e9l\u00e8ne Girardin 13:00 Le Yoga des yeux, une approche holistique de la vision &#8211;\u00a0 Philippe Cleyet-Merle 13:00 Les plantes sauvages au service&hellip; <\/p>\n","protected":false},"author":5,"featured_media":0,"parent":0,"menu_order":0,"comment_status":"closed","ping_status":"closed","template":"","meta":{"_monsterinsights_skip_tracking":false,"_monsterinsights_sitenote_active":false,"_monsterinsights_sitenote_note":"","_monsterinsights_sitenote_category":0,"footnotes":""},"class_list":["post-8005","page","type-page","status-publish","hentry"],"yoast_head":"<!-- This site is optimized with the Yoast SEO plugin v27.3 - https:\/\/yoast.com\/product\/yoast-seo-wordpress\/ -->\n<title>Conf\u00e9rences 2020 - Salon Zen&amp;Bio Lyon<\/title>\n<meta name=\"robots\" content=\"index, follow, max-snippet:-1, max-image-preview:large, max-video-preview:-1\" \/>\n<link rel=\"canonical\" href=\"http:\/\/www.salon-zenetbio.com\/lyon\/conferences-2020\/\" \/>\n<meta property=\"og:locale\" content=\"fr_FR\" \/>\n<meta property=\"og:type\" content=\"article\" \/>\n<meta property=\"og:title\" content=\"Conf\u00e9rences 2020 - Salon Zen&amp;Bio Lyon\" \/>\n<meta property=\"og:description\" content=\"Salle de la T\u00caTE D&rsquo;OR\u00a0 \/ Salle BELLECOUR\u00a0 \/ Salle CROIX ROUSSE\u00a0 Vendredi 20 novembre 2020 11:00 La confiance en soi, restructurer son hitoire de vie. Le chemin de l&rsquo;amour de soi &#8211; H\u00e9l\u00e8ne Girardin 13:00 Le Yoga des yeux, une approche holistique de la vision &#8211;\u00a0 Philippe Cleyet-Merle 13:00 Les plantes sauvages au service&hellip;\" \/>\n<meta property=\"og:url\" content=\"http:\/\/www.salon-zenetbio.com\/lyon\/conferences-2020\/\" \/>\n<meta property=\"og:site_name\" content=\"Salon Zen&amp;Bio Lyon\" \/>\n<meta name=\"twitter:card\" content=\"summary_large_image\" \/>\n<meta name=\"twitter:label1\" content=\"Dur\u00e9e de lecture estim\u00e9e\" \/>\n\t<meta name=\"twitter:data1\" content=\"3 minutes\" \/>\n<script type=\"application\/ld+json\" class=\"yoast-schema-graph\">{\"@context\":\"https:\\\/\\\/schema.org\",\"@graph\":[{\"@type\":\"WebPage\",\"@id\":\"http:\\\/\\\/www.salon-zenetbio.com\\\/lyon\\\/conferences-2020\\\/\",\"url\":\"http:\\\/\\\/www.salon-zenetbio.com\\\/lyon\\\/conferences-2020\\\/\",\"name\":\"Conf\u00e9rences 2020 - Salon Zen&amp;Bio Lyon\",\"isPartOf\":{\"@id\":\"https:\\\/\\\/www.salon-zenetbio.com\\\/lyon\\\/#website\"},\"datePublished\":\"2020-12-22T16:19:01+00:00\",\"breadcrumb\":{\"@id\":\"http:\\\/\\\/www.salon-zenetbio.com\\\/lyon\\\/conferences-2020\\\/#breadcrumb\"},\"inLanguage\":\"fr-FR\",\"potentialAction\":[{\"@type\":\"ReadAction\",\"target\":[\"http:\\\/\\\/www.salon-zenetbio.com\\\/lyon\\\/conferences-2020\\\/\"]}]},{\"@type\":\"BreadcrumbList\",\"@id\":\"http:\\\/\\\/www.salon-zenetbio.com\\\/lyon\\\/conferences-2020\\\/#breadcrumb\",\"itemListElement\":[{\"@type\":\"ListItem\",\"position\":1,\"name\":\"Accueil\",\"item\":\"https:\\\/\\\/www.salon-zenetbio.com\\\/lyon\\\/\"},{\"@type\":\"ListItem\",\"position\":2,\"name\":\"Conf\u00e9rences 2020\"}]},{\"@type\":\"WebSite\",\"@id\":\"https:\\\/\\\/www.salon-zenetbio.com\\\/lyon\\\/#website\",\"url\":\"https:\\\/\\\/www.salon-zenetbio.com\\\/lyon\\\/\",\"name\":\"Salon Zen&amp;Bio Lyon\",\"description\":\"salon Zen&amp;Bio Lyon : votre salon \u00e9colo, bio, bien-\u00eatre et habitat sain\",\"publisher\":{\"@id\":\"https:\\\/\\\/www.salon-zenetbio.com\\\/lyon\\\/#organization\"},\"potentialAction\":[{\"@type\":\"SearchAction\",\"target\":{\"@type\":\"EntryPoint\",\"urlTemplate\":\"https:\\\/\\\/www.salon-zenetbio.com\\\/lyon\\\/?s={search_term_string}\"},\"query-input\":{\"@type\":\"PropertyValueSpecification\",\"valueRequired\":true,\"valueName\":\"search_term_string\"}}],\"inLanguage\":\"fr-FR\"},{\"@type\":\"Organization\",\"@id\":\"https:\\\/\\\/www.salon-zenetbio.com\\\/lyon\\\/#organization\",\"name\":\"Salon Zen&amp;Bio Lyon\",\"url\":\"https:\\\/\\\/www.salon-zenetbio.com\\\/lyon\\\/\",\"logo\":{\"@type\":\"ImageObject\",\"inLanguage\":\"fr-FR\",\"@id\":\"https:\\\/\\\/www.salon-zenetbio.com\\\/lyon\\\/#\\\/schema\\\/logo\\\/image\\\/\",\"url\":\"https:\\\/\\\/www.salon-zenetbio.com\\\/lyon\\\/wp-content\\\/uploads\\\/sites\\\/12\\\/2026\\\/03\\\/cropped-Logo-ZEN-et-BIO-lyon-2026-1.png\",\"contentUrl\":\"https:\\\/\\\/www.salon-zenetbio.com\\\/lyon\\\/wp-content\\\/uploads\\\/sites\\\/12\\\/2026\\\/03\\\/cropped-Logo-ZEN-et-BIO-lyon-2026-1.png\",\"width\":921,\"height\":255,\"caption\":\"Salon Zen&amp;Bio Lyon\"},\"image\":{\"@id\":\"https:\\\/\\\/www.salon-zenetbio.com\\\/lyon\\\/#\\\/schema\\\/logo\\\/image\\\/\"}}]}<\/script>\n<!-- \/ Yoast SEO plugin. -->","yoast_head_json":{"title":"Conf\u00e9rences 2020 - Salon Zen&amp;Bio Lyon","robots":{"index":"index","follow":"follow","max-snippet":"max-snippet:-1","max-image-preview":"max-image-preview:large","max-video-preview":"max-video-preview:-1"},"canonical":"http:\/\/www.salon-zenetbio.com\/lyon\/conferences-2020\/","og_locale":"fr_FR","og_type":"article","og_title":"Conf\u00e9rences 2020 - Salon Zen&amp;Bio Lyon","og_description":"Salle de la T\u00caTE D&rsquo;OR\u00a0 \/ Salle BELLECOUR\u00a0 \/ Salle CROIX ROUSSE\u00a0 Vendredi 20 novembre 2020 11:00 La confiance en soi, restructurer son hitoire de vie. Le chemin de l&rsquo;amour de soi &#8211; H\u00e9l\u00e8ne Girardin 13:00 Le Yoga des yeux, une approche holistique de la vision &#8211;\u00a0 Philippe Cleyet-Merle 13:00 Les plantes sauvages au service&hellip;","og_url":"http:\/\/www.salon-zenetbio.com\/lyon\/conferences-2020\/","og_site_name":"Salon Zen&amp;Bio Lyon","twitter_card":"summary_large_image","twitter_misc":{"Dur\u00e9e de lecture estim\u00e9e":"3 minutes"},"schema":{"@context":"https:\/\/schema.org","@graph":[{"@type":"WebPage","@id":"http:\/\/www.salon-zenetbio.com\/lyon\/conferences-2020\/","url":"http:\/\/www.salon-zenetbio.com\/lyon\/conferences-2020\/","name":"Conf\u00e9rences 2020 - Salon Zen&amp;Bio Lyon","isPartOf":{"@id":"https:\/\/www.salon-zenetbio.com\/lyon\/#website"},"datePublished":"2020-12-22T16:19:01+00:00","breadcrumb":{"@id":"http:\/\/www.salon-zenetbio.com\/lyon\/conferences-2020\/#breadcrumb"},"inLanguage":"fr-FR","potentialAction":[{"@type":"ReadAction","target":["http:\/\/www.salon-zenetbio.com\/lyon\/conferences-2020\/"]}]},{"@type":"BreadcrumbList","@id":"http:\/\/www.salon-zenetbio.com\/lyon\/conferences-2020\/#breadcrumb","itemListElement":[{"@type":"ListItem","position":1,"name":"Accueil","item":"https:\/\/www.salon-zenetbio.com\/lyon\/"},{"@type":"ListItem","position":2,"name":"Conf\u00e9rences 2020"}]},{"@type":"WebSite","@id":"https:\/\/www.salon-zenetbio.com\/lyon\/#website","url":"https:\/\/www.salon-zenetbio.com\/lyon\/","name":"Salon Zen&amp;Bio Lyon","description":"salon Zen&amp;Bio Lyon : votre salon \u00e9colo, bio, bien-\u00eatre et habitat sain","publisher":{"@id":"https:\/\/www.salon-zenetbio.com\/lyon\/#organization"},"potentialAction":[{"@type":"SearchAction","target":{"@type":"EntryPoint","urlTemplate":"https:\/\/www.salon-zenetbio.com\/lyon\/?s={search_term_string}"},"query-input":{"@type":"PropertyValueSpecification","valueRequired":true,"valueName":"search_term_string"}}],"inLanguage":"fr-FR"},{"@type":"Organization","@id":"https:\/\/www.salon-zenetbio.com\/lyon\/#organization","name":"Salon Zen&amp;Bio Lyon","url":"https:\/\/www.salon-zenetbio.com\/lyon\/","logo":{"@type":"ImageObject","inLanguage":"fr-FR","@id":"https:\/\/www.salon-zenetbio.com\/lyon\/#\/schema\/logo\/image\/","url":"https:\/\/www.salon-zenetbio.com\/lyon\/wp-content\/uploads\/sites\/12\/2026\/03\/cropped-Logo-ZEN-et-BIO-lyon-2026-1.png","contentUrl":"https:\/\/www.salon-zenetbio.com\/lyon\/wp-content\/uploads\/sites\/12\/2026\/03\/cropped-Logo-ZEN-et-BIO-lyon-2026-1.png","width":921,"height":255,"caption":"Salon Zen&amp;Bio Lyon"},"image":{"@id":"https:\/\/www.salon-zenetbio.com\/lyon\/#\/schema\/logo\/image\/"}}]}},"_links":{"self":[{"href":"https:\/\/www.salon-zenetbio.com\/lyon\/wp-json\/wp\/v2\/pages\/8005","targetHints":{"allow":["GET"]}}],"collection":[{"href":"https:\/\/www.salon-zenetbio.com\/lyon\/wp-json\/wp\/v2\/pages"}],"about":[{"href":"https:\/\/www.salon-zenetbio.com\/lyon\/wp-json\/wp\/v2\/types\/page"}],"author":[{"embeddable":true,"href":"https:\/\/www.salon-zenetbio.com\/lyon\/wp-json\/wp\/v2\/users\/5"}],"replies":[{"embeddable":true,"href":"https:\/\/www.salon-zenetbio.com\/lyon\/wp-json\/wp\/v2\/comments?post=8005"}],"version-history":[{"count":1,"href":"https:\/\/www.salon-zenetbio.com\/lyon\/wp-json\/wp\/v2\/pages\/8005\/revisions"}],"predecessor-version":[{"id":8006,"href":"https:\/\/www.salon-zenetbio.com\/lyon\/wp-json\/wp\/v2\/pages\/8005\/revisions\/8006"}],"wp:attachment":[{"href":"https:\/\/www.salon-zenetbio.com\/lyon\/wp-json\/wp\/v2\/media?parent=8005"}],"curies":[{"name":"wp","href":"https:\/\/api.w.org\/{rel}","templated":true}]}}