{"id":12263,"date":"2022-05-16T11:58:32","date_gmt":"2022-05-16T09:58:32","guid":{"rendered":"https:\/\/www.salon-zenetbio.com\/nantes\/?page_id=12263"},"modified":"2022-05-16T11:58:32","modified_gmt":"2022-05-16T09:58:32","slug":"animations-creatives-2021","status":"publish","type":"page","link":"https:\/\/www.salon-zenetbio.com\/nantes\/animations-creatives-2021\/","title":{"rendered":"Animations cr\u00e9atives 2021"},"content":{"rendered":"<p><span style=\"color: #93268f;\"><em><strong>Salle JULES VERNE\u00a0<\/strong><\/em><\/span><\/p>\n<h2><strong>Vendredi 8 octobre 2021<\/strong><\/h2>\n<p class=\"p1\"><span style=\"color: #93268f;\"><strong><span class=\"s1\">11:00 <\/span><\/strong><\/span><del>D\u00e9monstration saponification \u00e0 froid &#8211; <\/del><strong><em><del>Aur\u00e9lie Le Guen, Aur\u00e9lie au Naturel et Savonnerie Douar<\/del> &#8211; Annul\u00e9 et remplac\u00e9 par : <\/em><\/strong>Makis et rouleaux de printemps 100% v\u00e9g\u00e9taux<strong><em> &#8211; Association V\u00e9g\u00e9tarienne de France<br \/>\n<\/em><span class=\"s1\" style=\"color: #93268f;\">12:30 <\/span><\/strong>Utilisation du bicarbonate et les bienfaits de la grenade concentr\u00e9e &#8211; <strong><em>Gagik Saakian<\/em><\/strong><br \/>\n<span style=\"color: #93268f;\"><strong><span class=\"s1\">14:00 <\/span><\/strong><\/span><del>Baume parfum\u00e9 pour le corps &#8211; <\/del><strong><em><del>Aur\u00e9lie Le Guen, Aur\u00e9lie au Naturel<\/del> &#8211; Annul\u00e9 et remplac\u00e9 par : <\/em><\/strong>Risotto butternut champignon &#8211;<strong><em> Veggie Avenue<\/em><\/strong><br \/>\n<span style=\"color: #93268f;\"><strong><span class=\"s1\">15:30 <\/span><\/strong><\/span>Analyser son sol de jardin pour l&rsquo;am\u00e9liorer &#8211; <strong><em>Les Nourritures Urbaines<\/em><\/strong><br \/>\n<span style=\"color: #93268f;\"><strong><span class=\"s1\">17:00 <\/span><\/strong><\/span>Cr\u00e9ation d&rsquo;une fleur de vie (3\u20ac) &#8211; <strong><em>Elodie Ball\u00e9, La Cabane d&rsquo;Elo<\/em><\/strong><\/p>\n<h2><strong>Samedi 9 octobre 2021<\/strong><\/h2>\n<p class=\"p1\"><span style=\"color: #93268f;\"><strong><span class=\"s1\">10:45 <\/span><\/strong><\/span>Confectionnez votre baume \u00e0 l\u00e8vres au naturel (1\u20ac &#8211; 15 personnes max) &#8211; <strong><em>Sandrine, Le Grimoire de Sandrine<\/em><\/strong><br \/>\n<span style=\"color: #93268f;\"><strong><span class=\"s1\">11:45 <\/span><\/strong><\/span>Confectionnez votre baume \u00e0 l\u00e8vres au naturel (1\u20ac &#8211; 15 personnes max) &#8211; <strong><em>Sandrine, Le Grimoire de Sandrine<\/em><\/strong><br \/>\n<span style=\"color: #93268f;\"><strong><span class=\"s1\">12:30 <\/span><\/strong><\/span>Utilisation du bicarbonate et les bienfaits de la grenade concentr\u00e9e &#8211; <em><strong>Gagik Saakian<\/strong><\/em><br \/>\n<span style=\"color: #93268f;\"><strong><span class=\"s1\">14:00 <\/span><\/strong><\/span>Cr\u00e9ation d&rsquo;un pendentif sacr\u00e9 de la maternit\u00e9 (3\u20ac) &#8211; <strong><em>Elodie Ball\u00e9, La Cabane d&rsquo;Elo<\/em><\/strong><br \/>\n<span style=\"color: #93268f;\"><strong><span class=\"s1\">15:30 <\/span><\/strong><\/span><del>Cr\u00e8me hydratante visage &#8211; <\/del><strong><em><del>Aur\u00e9lie Le Guen, Aur\u00e9lie au Naturel<\/del> &#8211; Annul\u00e9 et remplac\u00e9 par : <\/em><\/strong>Six tartinables v\u00e9g\u00e9taux simples et savoureux\u00a0<em>&#8211;<\/em><strong><em> Association V\u00e9g\u00e9tarienne de France<\/em><\/strong><br \/>\n<span style=\"color: #93268f;\"><strong><span class=\"s1\">17:00 <\/span><\/strong><\/span>Savon d\u00e9sinfectant pour les mains &#8211; <strong><em>Nadine Bouillon, Jacaranda<\/em><\/strong><\/p>\n<h2><strong>Dimanche 10 octobre 2021<\/strong><\/h2>\n<p class=\"p1\"><span style=\"color: #93268f;\"><strong><span class=\"s1\">11:00 <\/span><\/strong><\/span>Je r\u00e9alise ma cr\u00e8me de soins visage (3\u20ac &#8211; 12 personnes max) &#8211; <strong><em>Claire Poirier, Sakaide<\/em><\/strong><br \/>\n<span style=\"color: #93268f;\"><strong><span class=\"s1\">12:30 <\/span><\/strong><\/span>Utilisation du bicarbonate et les bienfaits de la grenade concentr\u00e9e &#8211; <strong><em>Gagik Saakian<\/em><\/strong><br \/>\n<span style=\"color: #93268f;\"><strong><span class=\"s1\">14:00 <\/span><\/strong><\/span>Cr\u00e8me mains douces &#8211; <strong><em>Nadine Bouillon, Jacaranda<\/em><\/strong><br \/>\n<span style=\"color: #93268f;\"><strong><span class=\"s1\">15:30 <\/span><\/strong><\/span>Fabrication d&rsquo;un lait hydratant bio (3\u20ac &#8211; 15 personnes max) &#8211; <strong><em>Marie Fr\u00e9our, Ateliers au naturel<\/em><\/strong><br \/>\n<span style=\"color: #93268f;\"><strong><span class=\"s1\">17:00 <\/span><\/strong><\/span><del>Atelier en agro\u00e9cologie &#8211; <\/del><strong><em><del>Terre et Humanisme<\/del> &#8211; Annul\u00e9 &#8211;<\/em><\/strong><\/p>\n","protected":false},"excerpt":{"rendered":"<p>Salle JULES VERNE\u00a0 Vendredi 8 octobre 2021 11:00 D\u00e9monstration saponification \u00e0 froid &#8211; Aur\u00e9lie Le Guen, Aur\u00e9lie au Naturel et Savonnerie Douar &#8211; Annul\u00e9 et remplac\u00e9 par : Makis et rouleaux de printemps 100% v\u00e9g\u00e9taux &#8211; Association V\u00e9g\u00e9tarienne de France 12:30 Utilisation du bicarbonate et les bienfaits de la grenade concentr\u00e9e &#8211; Gagik Saakian 14:00&hellip; <\/p>\n","protected":false},"author":7,"featured_media":0,"parent":0,"menu_order":0,"comment_status":"closed","ping_status":"closed","template":"","meta":{"_monsterinsights_skip_tracking":false,"_monsterinsights_sitenote_active":false,"_monsterinsights_sitenote_note":"","_monsterinsights_sitenote_category":0,"footnotes":""},"class_list":["post-12263","page","type-page","status-publish","hentry"],"yoast_head":"<!-- This site is optimized with the Yoast SEO plugin v27.3 - https:\/\/yoast.com\/product\/yoast-seo-wordpress\/ -->\n<title>Animations cr\u00e9atives 2021 - Salon ZEN &amp; BIO Nantes<\/title>\n<meta name=\"robots\" content=\"index, follow, max-snippet:-1, max-image-preview:large, max-video-preview:-1\" \/>\n<link rel=\"canonical\" href=\"https:\/\/www.salon-zenetbio.com\/nantes\/animations-creatives-2021\/\" \/>\n<meta property=\"og:locale\" content=\"fr_FR\" \/>\n<meta property=\"og:type\" content=\"article\" \/>\n<meta property=\"og:title\" content=\"Animations cr\u00e9atives 2021 - Salon ZEN &amp; BIO Nantes\" \/>\n<meta property=\"og:description\" content=\"Salle JULES VERNE\u00a0 Vendredi 8 octobre 2021 11:00 D\u00e9monstration saponification \u00e0 froid &#8211; Aur\u00e9lie Le Guen, Aur\u00e9lie au Naturel et Savonnerie Douar &#8211; Annul\u00e9 et remplac\u00e9 par : Makis et rouleaux de printemps 100% v\u00e9g\u00e9taux &#8211; Association V\u00e9g\u00e9tarienne de France 12:30 Utilisation du bicarbonate et les bienfaits de la grenade concentr\u00e9e &#8211; Gagik Saakian 14:00&hellip;\" \/>\n<meta property=\"og:url\" content=\"https:\/\/www.salon-zenetbio.com\/nantes\/animations-creatives-2021\/\" \/>\n<meta property=\"og:site_name\" content=\"Salon ZEN &amp; BIO Nantes\" \/>\n<meta name=\"twitter:card\" content=\"summary_large_image\" \/>\n<meta name=\"twitter:label1\" content=\"Dur\u00e9e de lecture estim\u00e9e\" \/>\n\t<meta name=\"twitter:data1\" content=\"1 minute\" \/>\n<script type=\"application\/ld+json\" class=\"yoast-schema-graph\">{\"@context\":\"https:\\\/\\\/schema.org\",\"@graph\":[{\"@type\":\"WebPage\",\"@id\":\"https:\\\/\\\/www.salon-zenetbio.com\\\/nantes\\\/animations-creatives-2021\\\/\",\"url\":\"https:\\\/\\\/www.salon-zenetbio.com\\\/nantes\\\/animations-creatives-2021\\\/\",\"name\":\"Animations cr\u00e9atives 2021 - Salon ZEN &amp; BIO Nantes\",\"isPartOf\":{\"@id\":\"https:\\\/\\\/www.salon-zenetbio.com\\\/nantes\\\/#website\"},\"datePublished\":\"2022-05-16T09:58:32+00:00\",\"breadcrumb\":{\"@id\":\"https:\\\/\\\/www.salon-zenetbio.com\\\/nantes\\\/animations-creatives-2021\\\/#breadcrumb\"},\"inLanguage\":\"fr-FR\",\"potentialAction\":[{\"@type\":\"ReadAction\",\"target\":[\"https:\\\/\\\/www.salon-zenetbio.com\\\/nantes\\\/animations-creatives-2021\\\/\"]}]},{\"@type\":\"BreadcrumbList\",\"@id\":\"https:\\\/\\\/www.salon-zenetbio.com\\\/nantes\\\/animations-creatives-2021\\\/#breadcrumb\",\"itemListElement\":[{\"@type\":\"ListItem\",\"position\":1,\"name\":\"Accueil\",\"item\":\"https:\\\/\\\/www.salon-zenetbio.com\\\/nantes\\\/\"},{\"@type\":\"ListItem\",\"position\":2,\"name\":\"Animations cr\u00e9atives 2021\"}]},{\"@type\":\"WebSite\",\"@id\":\"https:\\\/\\\/www.salon-zenetbio.com\\\/nantes\\\/#website\",\"url\":\"https:\\\/\\\/www.salon-zenetbio.com\\\/nantes\\\/\",\"name\":\"Salon ZEN &amp; BIO Nantes\",\"description\":\"salon ZEN &amp; BIO Nantes : votre salon bio, bien-\u00eatre et habitat sain\",\"publisher\":{\"@id\":\"https:\\\/\\\/www.salon-zenetbio.com\\\/nantes\\\/#organization\"},\"potentialAction\":[{\"@type\":\"SearchAction\",\"target\":{\"@type\":\"EntryPoint\",\"urlTemplate\":\"https:\\\/\\\/www.salon-zenetbio.com\\\/nantes\\\/?s={search_term_string}\"},\"query-input\":{\"@type\":\"PropertyValueSpecification\",\"valueRequired\":true,\"valueName\":\"search_term_string\"}}],\"inLanguage\":\"fr-FR\"},{\"@type\":\"Organization\",\"@id\":\"https:\\\/\\\/www.salon-zenetbio.com\\\/nantes\\\/#organization\",\"name\":\"Salon ZEN &amp; BIO Nantes\",\"url\":\"https:\\\/\\\/www.salon-zenetbio.com\\\/nantes\\\/\",\"logo\":{\"@type\":\"ImageObject\",\"inLanguage\":\"fr-FR\",\"@id\":\"https:\\\/\\\/www.salon-zenetbio.com\\\/nantes\\\/#\\\/schema\\\/logo\\\/image\\\/\",\"url\":\"https:\\\/\\\/www.salon-zenetbio.com\\\/nantes\\\/wp-content\\\/uploads\\\/sites\\\/7\\\/2026\\\/03\\\/cropped-Logo-ZEN-et-BIO-nantes-2026.png\",\"contentUrl\":\"https:\\\/\\\/www.salon-zenetbio.com\\\/nantes\\\/wp-content\\\/uploads\\\/sites\\\/7\\\/2026\\\/03\\\/cropped-Logo-ZEN-et-BIO-nantes-2026.png\",\"width\":921,\"height\":255,\"caption\":\"Salon ZEN &amp; BIO Nantes\"},\"image\":{\"@id\":\"https:\\\/\\\/www.salon-zenetbio.com\\\/nantes\\\/#\\\/schema\\\/logo\\\/image\\\/\"}}]}<\/script>\n<!-- \/ Yoast SEO plugin. -->","yoast_head_json":{"title":"Animations cr\u00e9atives 2021 - Salon ZEN &amp; BIO Nantes","robots":{"index":"index","follow":"follow","max-snippet":"max-snippet:-1","max-image-preview":"max-image-preview:large","max-video-preview":"max-video-preview:-1"},"canonical":"https:\/\/www.salon-zenetbio.com\/nantes\/animations-creatives-2021\/","og_locale":"fr_FR","og_type":"article","og_title":"Animations cr\u00e9atives 2021 - Salon ZEN &amp; BIO Nantes","og_description":"Salle JULES VERNE\u00a0 Vendredi 8 octobre 2021 11:00 D\u00e9monstration saponification \u00e0 froid &#8211; Aur\u00e9lie Le Guen, Aur\u00e9lie au Naturel et Savonnerie Douar &#8211; Annul\u00e9 et remplac\u00e9 par : Makis et rouleaux de printemps 100% v\u00e9g\u00e9taux &#8211; Association V\u00e9g\u00e9tarienne de France 12:30 Utilisation du bicarbonate et les bienfaits de la grenade concentr\u00e9e &#8211; Gagik Saakian 14:00&hellip;","og_url":"https:\/\/www.salon-zenetbio.com\/nantes\/animations-creatives-2021\/","og_site_name":"Salon ZEN &amp; BIO Nantes","twitter_card":"summary_large_image","twitter_misc":{"Dur\u00e9e de lecture estim\u00e9e":"1 minute"},"schema":{"@context":"https:\/\/schema.org","@graph":[{"@type":"WebPage","@id":"https:\/\/www.salon-zenetbio.com\/nantes\/animations-creatives-2021\/","url":"https:\/\/www.salon-zenetbio.com\/nantes\/animations-creatives-2021\/","name":"Animations cr\u00e9atives 2021 - Salon ZEN &amp; BIO Nantes","isPartOf":{"@id":"https:\/\/www.salon-zenetbio.com\/nantes\/#website"},"datePublished":"2022-05-16T09:58:32+00:00","breadcrumb":{"@id":"https:\/\/www.salon-zenetbio.com\/nantes\/animations-creatives-2021\/#breadcrumb"},"inLanguage":"fr-FR","potentialAction":[{"@type":"ReadAction","target":["https:\/\/www.salon-zenetbio.com\/nantes\/animations-creatives-2021\/"]}]},{"@type":"BreadcrumbList","@id":"https:\/\/www.salon-zenetbio.com\/nantes\/animations-creatives-2021\/#breadcrumb","itemListElement":[{"@type":"ListItem","position":1,"name":"Accueil","item":"https:\/\/www.salon-zenetbio.com\/nantes\/"},{"@type":"ListItem","position":2,"name":"Animations cr\u00e9atives 2021"}]},{"@type":"WebSite","@id":"https:\/\/www.salon-zenetbio.com\/nantes\/#website","url":"https:\/\/www.salon-zenetbio.com\/nantes\/","name":"Salon ZEN &amp; BIO Nantes","description":"salon ZEN &amp; BIO Nantes : votre salon bio, bien-\u00eatre et habitat sain","publisher":{"@id":"https:\/\/www.salon-zenetbio.com\/nantes\/#organization"},"potentialAction":[{"@type":"SearchAction","target":{"@type":"EntryPoint","urlTemplate":"https:\/\/www.salon-zenetbio.com\/nantes\/?s={search_term_string}"},"query-input":{"@type":"PropertyValueSpecification","valueRequired":true,"valueName":"search_term_string"}}],"inLanguage":"fr-FR"},{"@type":"Organization","@id":"https:\/\/www.salon-zenetbio.com\/nantes\/#organization","name":"Salon ZEN &amp; BIO Nantes","url":"https:\/\/www.salon-zenetbio.com\/nantes\/","logo":{"@type":"ImageObject","inLanguage":"fr-FR","@id":"https:\/\/www.salon-zenetbio.com\/nantes\/#\/schema\/logo\/image\/","url":"https:\/\/www.salon-zenetbio.com\/nantes\/wp-content\/uploads\/sites\/7\/2026\/03\/cropped-Logo-ZEN-et-BIO-nantes-2026.png","contentUrl":"https:\/\/www.salon-zenetbio.com\/nantes\/wp-content\/uploads\/sites\/7\/2026\/03\/cropped-Logo-ZEN-et-BIO-nantes-2026.png","width":921,"height":255,"caption":"Salon ZEN &amp; BIO Nantes"},"image":{"@id":"https:\/\/www.salon-zenetbio.com\/nantes\/#\/schema\/logo\/image\/"}}]}},"_links":{"self":[{"href":"https:\/\/www.salon-zenetbio.com\/nantes\/wp-json\/wp\/v2\/pages\/12263","targetHints":{"allow":["GET"]}}],"collection":[{"href":"https:\/\/www.salon-zenetbio.com\/nantes\/wp-json\/wp\/v2\/pages"}],"about":[{"href":"https:\/\/www.salon-zenetbio.com\/nantes\/wp-json\/wp\/v2\/types\/page"}],"author":[{"embeddable":true,"href":"https:\/\/www.salon-zenetbio.com\/nantes\/wp-json\/wp\/v2\/users\/7"}],"replies":[{"embeddable":true,"href":"https:\/\/www.salon-zenetbio.com\/nantes\/wp-json\/wp\/v2\/comments?post=12263"}],"version-history":[{"count":1,"href":"https:\/\/www.salon-zenetbio.com\/nantes\/wp-json\/wp\/v2\/pages\/12263\/revisions"}],"predecessor-version":[{"id":12264,"href":"https:\/\/www.salon-zenetbio.com\/nantes\/wp-json\/wp\/v2\/pages\/12263\/revisions\/12264"}],"wp:attachment":[{"href":"https:\/\/www.salon-zenetbio.com\/nantes\/wp-json\/wp\/v2\/media?parent=12263"}],"curies":[{"name":"wp","href":"https:\/\/api.w.org\/{rel}","templated":true}]}}