{"id":12267,"date":"2022-05-16T12:01:09","date_gmt":"2022-05-16T10:01:09","guid":{"rendered":"https:\/\/www.salon-zenetbio.com\/nantes\/?page_id=12267"},"modified":"2022-05-16T12:01:09","modified_gmt":"2022-05-16T10:01:09","slug":"animations-culinaires-2021","status":"publish","type":"page","link":"https:\/\/www.salon-zenetbio.com\/nantes\/animations-culinaires-2021\/","title":{"rendered":"Animations culinaires 2021"},"content":{"rendered":"<p class=\"p1\"><span style=\"color: #31537f;\"><em><strong>Salle BERLINGOT<\/strong><\/em><\/span><\/p>\n<h2 class=\"p2\"><strong>Vendredi 8 octobre 2021<\/strong><\/h2>\n<p class=\"p3\"><span style=\"color: #31537f;\"><strong><span class=\"s1\">11:00 <\/span><\/strong><\/span>D\u00e9couverte des super-aliments &#8211; <em><strong>La\u00ebtitia Guern<\/strong><\/em><br \/>\n<span style=\"color: #31537f;\"><strong><span class=\"s1\">12:30 <\/span><\/strong><\/span>Cuisson basse temp\u00e9rature : de l&rsquo;entr\u00e9e au dessert en une seule cuisson &#8211; <strong><em>L&rsquo;Omnicuiseur Vitalit\u00e9<\/em><\/strong><br \/>\n<span class=\"s1\" style=\"color: #31537f;\"><strong>14:00<\/strong> <\/span>La lactofermentation &#8211; <strong><em>Laure Emmanuelle, MiamNutrition Academie<\/em><\/strong><br \/>\n<span style=\"color: #31537f;\"><strong><span class=\"s1\">15:30 <\/span><\/strong><\/span>La cuisine au wok &#8211; <strong><em>Laure Emmanuelle, MiamNutrition Academie<\/em><\/strong><br \/>\n<span style=\"color: #31537f;\"><strong><span class=\"s1\">17:00 <\/span><\/strong><\/span>Sublimez vos g\u00e2teaux ! <strong><em>Les Bouch\u00e9es Douces<\/em><\/strong><\/p>\n<h2 class=\"p2\"><strong>Samedi 9 octobre 2021<\/strong><\/h2>\n<p class=\"p3\"><span style=\"color: #31537f;\"><strong><span class=\"s1\">11:00 <\/span><\/strong><\/span>Equilibre des repas v\u00e9g\u00e9tariens et plantes sauvages comestibles &#8211; <em><strong>Rose, Ombelles \u00e0 Croquer<\/strong><\/em><br \/>\n<span style=\"color: #31537f;\"><strong><span class=\"s1\">12:30 <\/span><\/strong><\/span>La cuisine v\u00e9g\u00e9tarienne &#8211; <strong><em>Laure Emmanuelle, MiamNutrition Academie<\/em><\/strong><br \/>\n<span style=\"color: #31537f;\"><strong><span class=\"s1\">14:00 <\/span><\/strong><\/span>Cuisson basse temp\u00e9rature : de l&rsquo;entr\u00e9e au dessert en une seule cuisson &#8211; <strong><em>L&rsquo;Omnicuiseur Vitalit\u00e9<\/em><\/strong><br \/>\n<span style=\"color: #31537f;\"><strong><span class=\"s1\">15:30 <\/span><\/strong><\/span>La p\u00e2tisserie sant\u00e9 &#8211; <strong><em>Laure Emmanuelle, MiamNutrition Academie<\/em><\/strong><br \/>\n<span style=\"color: #31537f;\"><strong><span class=\"s1\">17:00 <\/span><\/strong><\/span>D\u00e9velopper sa posture de d\u00e9gustant &#8211; <strong><em>V\u00e9ronique Duguet, Atelier Go\u00fbtologie<\/em><\/strong><\/p>\n<h2 class=\"p2\"><strong>Dimanche 10 octobre 2021<\/strong><\/h2>\n<p class=\"p3\"><span style=\"color: #31537f;\"><strong><span class=\"s1\">11:00 <\/span><\/strong><\/span>Je cuisine sans gluten &#8211; <strong><em>Laure Emmanuelle, MiamNutrition Academie<\/em><\/strong><br \/>\n<span style=\"color: #31537f;\"><strong><span class=\"s1\">12:30 <\/span><\/strong><\/span>Cuisson basse temp\u00e9rature : de l&rsquo;entr\u00e9e au dessert en une seule cuisson &#8211; <strong><em>L&rsquo;Omnicuiseur Vitalit\u00e9<\/em><\/strong><br \/>\n<span style=\"color: #31537f;\"><strong><span class=\"s1\">14:00 <\/span><\/strong><\/span>Tartinades sucr\u00e9es et sal\u00e9es &#8211; <strong><em>Lucile Allanos, Se\u00efva<\/em><\/strong><br \/>\n<span style=\"color: #31537f;\"><strong><span class=\"s1\">15:30 <\/span><\/strong><\/span>Cuisine v\u00e9g\u00e9tale au quotidien &#8211; <strong><em>Lucile Allanos, Se\u00efva<\/em><\/strong><br \/>\n<span style=\"color: #31537f;\"><strong><span class=\"s1\">17:00 <\/span><\/strong><\/span>Je cuisine sans produits laitiers animaux &#8211; <strong><em>L<\/em><em>aure Emmanuelle, MiamNutrition Academie<\/em><\/strong><\/p>\n","protected":false},"excerpt":{"rendered":"<p>Salle BERLINGOT Vendredi 8 octobre 2021 11:00 D\u00e9couverte des super-aliments &#8211; La\u00ebtitia Guern 12:30 Cuisson basse temp\u00e9rature : de l&rsquo;entr\u00e9e au dessert en une seule cuisson &#8211; L&rsquo;Omnicuiseur Vitalit\u00e9 14:00 La lactofermentation &#8211; Laure Emmanuelle, MiamNutrition Academie 15:30 La cuisine au wok &#8211; Laure Emmanuelle, MiamNutrition Academie 17:00 Sublimez vos g\u00e2teaux ! Les Bouch\u00e9es Douces&hellip; <\/p>\n","protected":false},"author":7,"featured_media":0,"parent":0,"menu_order":0,"comment_status":"closed","ping_status":"closed","template":"","meta":{"_monsterinsights_skip_tracking":false,"_monsterinsights_sitenote_active":false,"_monsterinsights_sitenote_note":"","_monsterinsights_sitenote_category":0,"footnotes":""},"class_list":["post-12267","page","type-page","status-publish","hentry"],"yoast_head":"<!-- This site is optimized with the Yoast SEO plugin v27.3 - https:\/\/yoast.com\/product\/yoast-seo-wordpress\/ -->\n<title>Animations culinaires 2021 - Salon ZEN &amp; BIO Nantes<\/title>\n<meta name=\"robots\" content=\"index, follow, max-snippet:-1, max-image-preview:large, max-video-preview:-1\" \/>\n<link rel=\"canonical\" href=\"https:\/\/www.salon-zenetbio.com\/nantes\/animations-culinaires-2021\/\" \/>\n<meta property=\"og:locale\" content=\"fr_FR\" \/>\n<meta property=\"og:type\" content=\"article\" \/>\n<meta property=\"og:title\" content=\"Animations culinaires 2021 - Salon ZEN &amp; BIO Nantes\" \/>\n<meta property=\"og:description\" content=\"Salle BERLINGOT Vendredi 8 octobre 2021 11:00 D\u00e9couverte des super-aliments &#8211; La\u00ebtitia Guern 12:30 Cuisson basse temp\u00e9rature : de l&rsquo;entr\u00e9e au dessert en une seule cuisson &#8211; L&rsquo;Omnicuiseur Vitalit\u00e9 14:00 La lactofermentation &#8211; Laure Emmanuelle, MiamNutrition Academie 15:30 La cuisine au wok &#8211; Laure Emmanuelle, MiamNutrition Academie 17:00 Sublimez vos g\u00e2teaux ! Les Bouch\u00e9es Douces&hellip;\" \/>\n<meta property=\"og:url\" content=\"https:\/\/www.salon-zenetbio.com\/nantes\/animations-culinaires-2021\/\" \/>\n<meta property=\"og:site_name\" content=\"Salon ZEN &amp; BIO Nantes\" \/>\n<meta name=\"twitter:card\" content=\"summary_large_image\" \/>\n<meta name=\"twitter:label1\" content=\"Dur\u00e9e de lecture estim\u00e9e\" \/>\n\t<meta name=\"twitter:data1\" content=\"1 minute\" \/>\n<script type=\"application\/ld+json\" class=\"yoast-schema-graph\">{\"@context\":\"https:\\\/\\\/schema.org\",\"@graph\":[{\"@type\":\"WebPage\",\"@id\":\"https:\\\/\\\/www.salon-zenetbio.com\\\/nantes\\\/animations-culinaires-2021\\\/\",\"url\":\"https:\\\/\\\/www.salon-zenetbio.com\\\/nantes\\\/animations-culinaires-2021\\\/\",\"name\":\"Animations culinaires 2021 - Salon ZEN &amp; BIO Nantes\",\"isPartOf\":{\"@id\":\"https:\\\/\\\/www.salon-zenetbio.com\\\/nantes\\\/#website\"},\"datePublished\":\"2022-05-16T10:01:09+00:00\",\"breadcrumb\":{\"@id\":\"https:\\\/\\\/www.salon-zenetbio.com\\\/nantes\\\/animations-culinaires-2021\\\/#breadcrumb\"},\"inLanguage\":\"fr-FR\",\"potentialAction\":[{\"@type\":\"ReadAction\",\"target\":[\"https:\\\/\\\/www.salon-zenetbio.com\\\/nantes\\\/animations-culinaires-2021\\\/\"]}]},{\"@type\":\"BreadcrumbList\",\"@id\":\"https:\\\/\\\/www.salon-zenetbio.com\\\/nantes\\\/animations-culinaires-2021\\\/#breadcrumb\",\"itemListElement\":[{\"@type\":\"ListItem\",\"position\":1,\"name\":\"Accueil\",\"item\":\"https:\\\/\\\/www.salon-zenetbio.com\\\/nantes\\\/\"},{\"@type\":\"ListItem\",\"position\":2,\"name\":\"Animations culinaires 2021\"}]},{\"@type\":\"WebSite\",\"@id\":\"https:\\\/\\\/www.salon-zenetbio.com\\\/nantes\\\/#website\",\"url\":\"https:\\\/\\\/www.salon-zenetbio.com\\\/nantes\\\/\",\"name\":\"Salon ZEN &amp; BIO Nantes\",\"description\":\"salon ZEN &amp; BIO Nantes : votre salon bio, bien-\u00eatre et habitat sain\",\"publisher\":{\"@id\":\"https:\\\/\\\/www.salon-zenetbio.com\\\/nantes\\\/#organization\"},\"potentialAction\":[{\"@type\":\"SearchAction\",\"target\":{\"@type\":\"EntryPoint\",\"urlTemplate\":\"https:\\\/\\\/www.salon-zenetbio.com\\\/nantes\\\/?s={search_term_string}\"},\"query-input\":{\"@type\":\"PropertyValueSpecification\",\"valueRequired\":true,\"valueName\":\"search_term_string\"}}],\"inLanguage\":\"fr-FR\"},{\"@type\":\"Organization\",\"@id\":\"https:\\\/\\\/www.salon-zenetbio.com\\\/nantes\\\/#organization\",\"name\":\"Salon ZEN &amp; BIO Nantes\",\"url\":\"https:\\\/\\\/www.salon-zenetbio.com\\\/nantes\\\/\",\"logo\":{\"@type\":\"ImageObject\",\"inLanguage\":\"fr-FR\",\"@id\":\"https:\\\/\\\/www.salon-zenetbio.com\\\/nantes\\\/#\\\/schema\\\/logo\\\/image\\\/\",\"url\":\"https:\\\/\\\/www.salon-zenetbio.com\\\/nantes\\\/wp-content\\\/uploads\\\/sites\\\/7\\\/2026\\\/03\\\/cropped-Logo-ZEN-et-BIO-nantes-2026.png\",\"contentUrl\":\"https:\\\/\\\/www.salon-zenetbio.com\\\/nantes\\\/wp-content\\\/uploads\\\/sites\\\/7\\\/2026\\\/03\\\/cropped-Logo-ZEN-et-BIO-nantes-2026.png\",\"width\":921,\"height\":255,\"caption\":\"Salon ZEN &amp; BIO Nantes\"},\"image\":{\"@id\":\"https:\\\/\\\/www.salon-zenetbio.com\\\/nantes\\\/#\\\/schema\\\/logo\\\/image\\\/\"}}]}<\/script>\n<!-- \/ Yoast SEO plugin. -->","yoast_head_json":{"title":"Animations culinaires 2021 - Salon ZEN &amp; BIO Nantes","robots":{"index":"index","follow":"follow","max-snippet":"max-snippet:-1","max-image-preview":"max-image-preview:large","max-video-preview":"max-video-preview:-1"},"canonical":"https:\/\/www.salon-zenetbio.com\/nantes\/animations-culinaires-2021\/","og_locale":"fr_FR","og_type":"article","og_title":"Animations culinaires 2021 - Salon ZEN &amp; BIO Nantes","og_description":"Salle BERLINGOT Vendredi 8 octobre 2021 11:00 D\u00e9couverte des super-aliments &#8211; La\u00ebtitia Guern 12:30 Cuisson basse temp\u00e9rature : de l&rsquo;entr\u00e9e au dessert en une seule cuisson &#8211; L&rsquo;Omnicuiseur Vitalit\u00e9 14:00 La lactofermentation &#8211; Laure Emmanuelle, MiamNutrition Academie 15:30 La cuisine au wok &#8211; Laure Emmanuelle, MiamNutrition Academie 17:00 Sublimez vos g\u00e2teaux ! Les Bouch\u00e9es Douces&hellip;","og_url":"https:\/\/www.salon-zenetbio.com\/nantes\/animations-culinaires-2021\/","og_site_name":"Salon ZEN &amp; BIO Nantes","twitter_card":"summary_large_image","twitter_misc":{"Dur\u00e9e de lecture estim\u00e9e":"1 minute"},"schema":{"@context":"https:\/\/schema.org","@graph":[{"@type":"WebPage","@id":"https:\/\/www.salon-zenetbio.com\/nantes\/animations-culinaires-2021\/","url":"https:\/\/www.salon-zenetbio.com\/nantes\/animations-culinaires-2021\/","name":"Animations culinaires 2021 - Salon ZEN &amp; BIO Nantes","isPartOf":{"@id":"https:\/\/www.salon-zenetbio.com\/nantes\/#website"},"datePublished":"2022-05-16T10:01:09+00:00","breadcrumb":{"@id":"https:\/\/www.salon-zenetbio.com\/nantes\/animations-culinaires-2021\/#breadcrumb"},"inLanguage":"fr-FR","potentialAction":[{"@type":"ReadAction","target":["https:\/\/www.salon-zenetbio.com\/nantes\/animations-culinaires-2021\/"]}]},{"@type":"BreadcrumbList","@id":"https:\/\/www.salon-zenetbio.com\/nantes\/animations-culinaires-2021\/#breadcrumb","itemListElement":[{"@type":"ListItem","position":1,"name":"Accueil","item":"https:\/\/www.salon-zenetbio.com\/nantes\/"},{"@type":"ListItem","position":2,"name":"Animations culinaires 2021"}]},{"@type":"WebSite","@id":"https:\/\/www.salon-zenetbio.com\/nantes\/#website","url":"https:\/\/www.salon-zenetbio.com\/nantes\/","name":"Salon ZEN &amp; BIO Nantes","description":"salon ZEN &amp; BIO Nantes : votre salon bio, bien-\u00eatre et habitat sain","publisher":{"@id":"https:\/\/www.salon-zenetbio.com\/nantes\/#organization"},"potentialAction":[{"@type":"SearchAction","target":{"@type":"EntryPoint","urlTemplate":"https:\/\/www.salon-zenetbio.com\/nantes\/?s={search_term_string}"},"query-input":{"@type":"PropertyValueSpecification","valueRequired":true,"valueName":"search_term_string"}}],"inLanguage":"fr-FR"},{"@type":"Organization","@id":"https:\/\/www.salon-zenetbio.com\/nantes\/#organization","name":"Salon ZEN &amp; BIO Nantes","url":"https:\/\/www.salon-zenetbio.com\/nantes\/","logo":{"@type":"ImageObject","inLanguage":"fr-FR","@id":"https:\/\/www.salon-zenetbio.com\/nantes\/#\/schema\/logo\/image\/","url":"https:\/\/www.salon-zenetbio.com\/nantes\/wp-content\/uploads\/sites\/7\/2026\/03\/cropped-Logo-ZEN-et-BIO-nantes-2026.png","contentUrl":"https:\/\/www.salon-zenetbio.com\/nantes\/wp-content\/uploads\/sites\/7\/2026\/03\/cropped-Logo-ZEN-et-BIO-nantes-2026.png","width":921,"height":255,"caption":"Salon ZEN &amp; BIO Nantes"},"image":{"@id":"https:\/\/www.salon-zenetbio.com\/nantes\/#\/schema\/logo\/image\/"}}]}},"_links":{"self":[{"href":"https:\/\/www.salon-zenetbio.com\/nantes\/wp-json\/wp\/v2\/pages\/12267","targetHints":{"allow":["GET"]}}],"collection":[{"href":"https:\/\/www.salon-zenetbio.com\/nantes\/wp-json\/wp\/v2\/pages"}],"about":[{"href":"https:\/\/www.salon-zenetbio.com\/nantes\/wp-json\/wp\/v2\/types\/page"}],"author":[{"embeddable":true,"href":"https:\/\/www.salon-zenetbio.com\/nantes\/wp-json\/wp\/v2\/users\/7"}],"replies":[{"embeddable":true,"href":"https:\/\/www.salon-zenetbio.com\/nantes\/wp-json\/wp\/v2\/comments?post=12267"}],"version-history":[{"count":1,"href":"https:\/\/www.salon-zenetbio.com\/nantes\/wp-json\/wp\/v2\/pages\/12267\/revisions"}],"predecessor-version":[{"id":12268,"href":"https:\/\/www.salon-zenetbio.com\/nantes\/wp-json\/wp\/v2\/pages\/12267\/revisions\/12268"}],"wp:attachment":[{"href":"https:\/\/www.salon-zenetbio.com\/nantes\/wp-json\/wp\/v2\/media?parent=12267"}],"curies":[{"name":"wp","href":"https:\/\/api.w.org\/{rel}","templated":true}]}}