{"id":12287,"date":"2022-05-16T12:15:37","date_gmt":"2022-05-16T10:15:37","guid":{"rendered":"https:\/\/www.salon-zenetbio.com\/nantes\/?page_id=12287"},"modified":"2022-05-16T12:15:37","modified_gmt":"2022-05-16T10:15:37","slug":"conference-2021","status":"publish","type":"page","link":"https:\/\/www.salon-zenetbio.com\/nantes\/conference-2021\/","title":{"rendered":"Conf\u00e9rence 2021"},"content":{"rendered":"<p><strong><em><span style=\"color: #55a932;\">Salle LOIRE\u00a0<\/span> \/ <\/em><span style=\"color: #00a6e2;\"><em>Salle ERDRE<\/em><\/span><em>\u00a0 \/ <span style=\"color: #f56f0b;\">Salle CH\u00c9ZINE\u00a0<\/span><\/em><\/strong><\/p>\n<h2 class=\"p1\"><strong>Vendredi 8 octobre 2021<\/strong><\/h2>\n<p class=\"p1\"><strong><span class=\"s1\" style=\"color: #55a932;\">11:00 <\/span><\/strong>Loi d\u2019attraction et hypnose : comment changer vers le mieux \u00eatre ? <span class=\"s2\"><strong><em>Dany Dan Debeix<\/em><\/strong><br \/>\n<\/span><strong><span class=\"s3\" style=\"color: #00a6e2;\">11:00 <\/span><\/strong>Les \u00c9lixirs sans alcool \u00e0 base de Cristaux non taill\u00e9s &#8211; <em><strong>Linda Perrat<\/strong><\/em><br \/>\n<strong><span class=\"s4\" style=\"color: #f56f0b;\">11:00 <\/span><\/strong>Num\u00e9rologie : votre mission de vie \u00e9clair\u00e9e par un chiffre &#8211; <strong><em>Sandrine Laurier<\/em><\/strong><br \/>\n<span style=\"color: #00a6e2;\"><strong><span class=\"s3\">12:00 <\/span><\/strong><\/span>Equilibre acido-basique de la sant\u00e9 et de l&rsquo;immunit\u00e9 &#8211; <strong><em>Patricia Paisant<\/em><\/strong><br \/>\n<strong><span class=\"s4\" style=\"color: #f56f0b;\">12:00 <\/span><\/strong><del>La sonoth\u00e9rapie : des outils de bien-\u00eatre dans son quotidien &#8211; <strong><em>Manuel Mah\u00e9<\/em><\/strong><\/del><strong><em>\u00a0 &#8211; Annul\u00e9 et remplac\u00e9 par : <\/em><\/strong>Mieux choisir ses huiles essentielles pour mieux se soigner cet hiver<strong><em> &#8211; Sylvie Vinet<\/em><\/strong><br \/>\n<strong><span class=\"s3\" style=\"color: #00a6e2;\">13:00 <\/span><\/strong><del>G\u00e9obiologie : harmoniser durablement son lieu de vie &#8211; <\/del><strong><em><del>Herv\u00e9 Rouch\u00e9<\/del> &#8211; Annul\u00e9 et remplac\u00e9 par : <\/em><\/strong>La biologie humaine, une r\u00e9alit\u00e9 bafou\u00e9e et pourtant vitale, connaitre notre corps, ses besoins et ses ennemis afin de r\u00e9fl\u00e9chir notre pouvoir et d&rsquo;en tirer le maximum<strong> &#8211; <em>Dr Luc Le Metayer Landr\u00e9<\/em><\/strong><br \/>\n<strong><span class=\"s4\" style=\"color: #f56f0b;\">13:00 <\/span><\/strong>Les plantes sauvages au secours de nos articulations et de notre sant\u00e9. Les bons conseils du P\u00e8re Jean &#8211; <strong><em>Jpol Clesse<\/em><\/strong><br \/>\n<strong><span class=\"s5\" style=\"color: #55a932;\">13:30 <\/span><\/strong>Accueillir le changement &#8211; <strong><em>E<\/em><em>l\u00e9onore de Lardemelle<\/em><\/strong><br \/>\n<strong><span class=\"s3\" style=\"color: #00a6e2;\">14:00 <\/span><\/strong>Trouver sa juste place avec le Vittoz &#8211; <strong><em>Astrid Tacher<\/em><\/strong><br \/>\n<strong><span class=\"s4\" style=\"color: #f56f0b;\">14:00 <\/span><\/strong><del>Orgonites : protection des ondes \u00e9lectromagn\u00e9tiques et g\u00e9obiologie &#8211; <\/del><strong><em><del>Thierry Hermann<\/del> &#8211; Annul\u00e9 et remplac\u00e9 par : Technique d&rsquo;hypnose pour mieux communiquer et pour convaincre &#8211; Dany Dan Debeix<\/em><\/strong><br \/>\n<strong><span class=\"s5\" style=\"color: #55a932;\">14:30 <\/span><\/strong>All\u00e9ger sa charge mentale et mieux-vivre dans sa maison gr\u00e2ce aux bienfaits du Home Organising &#8211; <strong><em>Laurence Pigeon<\/em><\/strong><br \/>\n<strong><span class=\"s3\" style=\"color: #00a6e2;\">15:00 <\/span><\/strong>Min\u00e9raux : origines (g\u00e9ologie) &#8211; bienfaits (gemmoth\u00e9rapie) &#8211; utilisations &#8211; <strong><em>Jean-Claude Kennedec<\/em><\/strong><br \/>\n<strong><span class=\"s4\" style=\"color: #f56f0b;\">15:00 <\/span><\/strong>Quel est le r\u00f4le d&rsquo;un chaman aujourd&rsquo;hui &#8211; <em><strong>Karine Laillier<\/strong><\/em><br \/>\n<strong><span class=\"s5\" style=\"color: #55a932;\">15:30 <\/span><\/strong>Retrouver et gu\u00e9rir son enfant int\u00e9rieur. La r\u00e9silience, gu\u00e9rir le pass\u00e9 pour vivre pleinement le pr\u00e9sent &#8211; <em><strong>H\u00e9l\u00e8ne Girardin<\/strong><\/em><br \/>\n<strong><span class=\"s3\" style=\"color: #00a6e2;\">16:00 <\/span><\/strong>La num\u00e9rologie cr\u00e9ative pour accompagner les transitions de vie &#8211; <em><strong>Laurence Thievin<\/strong><\/em><br \/>\n<strong><span class=\"s4\" style=\"color: #f56f0b;\">16:00 <\/span><\/strong>Magn\u00e9tisme Bio \u00e9nerg\u00e9tique : des soins venus d&rsquo;ailleurs &#8211; <em><strong>Chantal Jannic<\/strong><\/em><br \/>\n<strong><span class=\"s3\" style=\"color: #00a6e2;\">17:00 <\/span><\/strong>Le je\u00fbne et ses bienfaits : physiologie et pratiques &#8211; <em><strong>Manon Limosin<\/strong><\/em><br \/>\n<strong><span class=\"s4\" style=\"color: #f56f0b;\">17:00 <\/span><\/strong>Comment l\u2019intuition ouvre \u00e0 tous les possibles ? <em><strong>Vanessa Mielczareck et Gilles Guyon<\/strong><\/em><br \/>\n<strong><span class=\"s5\" style=\"color: #55a932;\">18:00 <\/span><\/strong>Les 6 phases d\u2019acc\u00e8s au l\u00e2cher prise. Vivre pleinement sa vie au Pr\u00e9sent &#8211; <em><strong>H\u00e9l\u00e8ne Girardin<\/strong><\/em><br \/>\n<strong><span class=\"s3\" style=\"color: #00a6e2;\">18:00 <\/span><\/strong><del>La biologie humaine, une r\u00e9alit\u00e9 bafou\u00e9e et pourtant vitale &#8211; <\/del><em><strong><del>Luc Le Metayer-Landr\u00e9<\/del> &#8211; Annul\u00e9 et remplac\u00e9 par : La voie de la lib\u00e9ration &#8211; Nicolas et Sylvaniel<\/strong><\/em><br \/>\n<strong><span class=\"s4\" style=\"color: #f56f0b;\">18:00 <\/span><\/strong>La m\u00e9thode 8\u00e8me Sens : choisir l&rsquo;am\u00e9nagement de son habitation &#8211; <em><strong>Lydie Joyer<\/strong><\/em><\/p>\n<h2 class=\"p1\"><strong>Samedi 9 octobre 2021<\/strong><\/h2>\n<p class=\"p1\"><strong><span class=\"s1\" style=\"color: #55a932;\">11:00 <\/span><\/strong>Se former \u00e0 l\u2019hypnose : pr\u00e9sentation et d\u00e9bouch\u00e9s des formations de l\u2019ECH &#8211; <span class=\"s2\"><em><strong>Dany Dan Debeix<\/strong><\/em><br \/>\n<\/span><strong><span class=\"s3\" style=\"color: #00a6e2;\">11:00 <\/span><\/strong>Les \u00c9lixirs sans alcool \u00e0 base de Cristaux non taill\u00e9s &#8211; <em><strong>Linda Perrat<\/strong><\/em><br \/>\n<strong><span class=\"s1\" style=\"color: #f56f0b;\">11:00 <\/span><\/strong>Cr\u00e9er son jardin fruitier &#8211; <em><strong>Les Nourritures Urbaines<\/strong><\/em><br \/>\n<strong><span class=\"s3\" style=\"color: #00a6e2;\">12:00 <\/span><\/strong>Les plantes sauvages au secours de nos articulations et de notre sant\u00e9. Les bons conseils du P\u00e8re Jean &#8211; <em><strong>Jpol Clesse<\/strong><\/em><br \/>\n<strong><span class=\"s1\" style=\"color: #f56f0b;\">12:00 <\/span><\/strong>Vivre et r\u00e9ussir sa mission de Vie &#8211; <em><strong>Gilles Guyon et Vanessa Mielczareck<\/strong><\/em><br \/>\n<strong><span class=\"s3\" style=\"color: #00a6e2;\">13:00 <\/span><\/strong>Magn\u00e9tisme Bio \u00e9nerg\u00e9tique : des soins venus d&rsquo;ailleurs &#8211; <em><strong>Chantal Jannic<\/strong><\/em><br \/>\n<strong><span class=\"s1\" style=\"color: #f56f0b;\">13:00 <\/span><\/strong>All\u00e9ger sa charge mentale et mieux-vivre dans sa maison gr\u00e2ce aux bienfaits du Home Organising &#8211; <em><strong>Laurence Pigeon<\/strong><\/em><br \/>\n<strong><span class=\"s2\" style=\"color: #55a932;\">13:30 <\/span><\/strong>Retrouver et gu\u00e9rir son enfant int\u00e9rieur. La r\u00e9silience, gu\u00e9rir le pass\u00e9 pour vivre pleinement le pr\u00e9sent &#8211; <em><strong>H\u00e9l\u00e8ne Girardin<\/strong><\/em><br \/>\n<strong><span class=\"s3\" style=\"color: #00a6e2;\">14:00 <\/span><\/strong><del>Orgonites : protection des ondes \u00e9lectromagn\u00e9tiques et g\u00e9obiologie &#8211; <\/del><em><strong><del>Thierry Hermann<\/del> &#8211; Annul\u00e9 et remplac\u00e9 par : Axe cerveau intestin la sant\u00e9 est dans le ventre &#8211; Patricia Paisant<\/strong><\/em><br \/>\n<strong><span class=\"s1\" style=\"color: #f56f0b;\">14:00 <\/span><\/strong>Les bols tib\u00e9tains &#8211; <em><strong>Alain M\u00e9traux<\/strong><\/em><br \/>\n<strong><span class=\"s2\" style=\"color: #55a932;\">14:30 <\/span><\/strong>Cycles f\u00e9minins et m\u00e9nopause : retrouver sa force naturellement &#8211; <em><strong>La\u00ebtitia Guern<\/strong><\/em><br \/>\n<strong><span class=\"s3\" style=\"color: #00a6e2;\">15:00 <\/span><\/strong><del>Comment b\u00e9n\u00e9ficier de l&rsquo;action \u00e9nerg\u00e9tique des min\u00e9raux &#8211; <\/del><em><strong><del>Herv\u00e9 Rouch\u00e9<\/del> &#8211; Annul\u00e9 et remplac\u00e9 par : Les algues marines, une n\u00e9cessit\u00e9 nutritionnelle et profiter du pouvoir des v\u00e9g\u00e9taux marins pour \u00e9purer et alcaliniser notre physio-anatomie souvent malmen\u00e9e par nos erreurs &#8211; Dr Luc Le Metayer Landr\u00e9<\/strong><\/em><br \/>\n<strong><span class=\"s1\" style=\"color: #f56f0b;\">15:00 <\/span><\/strong>La num\u00e9rologie cr\u00e9ative : donner du sens \u00e0 sa vie &#8211; <em><strong>Laurence Thievin<\/strong><\/em><br \/>\n<strong><span class=\"s2\" style=\"color: #55a932;\">15:30 <\/span><\/strong>Mincir avec l\u2019Hypnose, la Psychologie du poids, et la r\u00e9gulation des neurom\u00e9diateurs. Les 4 piliers de la minceur &#8211; <em><strong>Julie Girardin<\/strong><\/em><br \/>\n<strong><span class=\"s3\" style=\"color: #00a6e2;\">16:00 <\/span><\/strong>Microbiote, biofilm et cie, la r\u00e9volution intestinale ! Comment rester en sant\u00e9 en en prenant soin &#8211; <em><strong>Nathalie Marty-Glasse<\/strong><\/em><br \/>\n<strong><span class=\"s1\" style=\"color: #f56f0b;\">16:00 <\/span><\/strong><del>La M\u00e9decine Symbolique &#8211; <\/del><em><strong><del>Gr\u00e9gory Antonovich<\/del> &#8211; Annul\u00e9 et remplac\u00e9 par : Synchronicit\u00e9s et intuition pour une vie magique ! Vanessa Mielczareck et Gilles Guyon<\/strong><\/em><br \/>\n<strong><span class=\"s3\" style=\"color: #00a6e2;\">17:00 <\/span><\/strong>Le je\u00fbne et ses bienfaits : physiologie et pratiques &#8211; <em><strong>Manon Limosin<\/strong><\/em><br \/>\n<strong><span class=\"s1\" style=\"color: #f56f0b;\">17:00 <\/span><\/strong>Le Tao de la R\u00e9conciliation : cheminer vers soi et impacter le monde &#8211; <strong><em>Anne Danibert<\/em><\/strong><br \/>\n<strong><span class=\"s2\" style=\"color: #55a932;\">18:00 <\/span><\/strong><del>Les algues marines, une n\u00e9cessit\u00e9 nutritionnelle &#8211;<\/del><strong><em><del> Luc Le Metayer-Landr\u00e9<\/del> &#8211; Annul\u00e9 et remplac\u00e9 par : Vaincre les addictions par l&rsquo;hypnose (tabac, poids, alcool, &#8230;) &#8211; Dany Dan Debeix<\/em><\/strong><br \/>\n<strong><span class=\"s3\" style=\"color: #00a6e2;\">18:00 <\/span><\/strong>La m\u00e9thode 8\u00e8me Sens : choisir l&rsquo;am\u00e9nagement de son habitation &#8211; <em><strong>Lydie Joyer<\/strong><\/em><br \/>\n<strong><span class=\"s1\" style=\"color: #f56f0b;\">18:00 <\/span><\/strong>La g\u00e9obiologie scientifique pour un habitat sain &#8211; <em><strong><span class=\"s4\">David Averty<\/span><\/strong><\/em><\/p>\n<h2 class=\"p1\"><strong>Dimanche 10 octobre 2021<\/strong><\/h2>\n<p class=\"p2\"><strong><span class=\"s1\" style=\"color: #55a932;\">11:00 <\/span><\/strong>Comment optimiser son immunit\u00e9, coh\u00e9rences nutritionnelles et mentales, conditions essentielles pour garder notre r\u00e9ponse immunitaire &#8211; <em><strong>Dr Luc Le Metayer-Landr\u00e9<\/strong><\/em><br \/>\n<strong><span class=\"s2\" style=\"color: #00a6e2;\">11:00 <\/span><\/strong>Les \u00c9lixirs sans alcool \u00e0 base de Cristaux non taill\u00e9s &#8211;<em><strong> Linda Perrat<\/strong><\/em><br \/>\n<strong><span class=\"s3\" style=\"color: #f56f0b;\">11:00 <\/span><\/strong>Les m\u00e9moires pr\u00e9natales, de la naissance et de l&rsquo;enfance &#8211; <em><strong>Elodie Ball\u00e9<\/strong><\/em><br \/>\n<strong><span class=\"s2\" style=\"color: #00a6e2;\">12:00 <\/span><\/strong>Min\u00e9raux : origines (g\u00e9ologie) &#8211; bienfaits (gemmoth\u00e9rapie) &#8211; utilisations &#8211; <em><strong>Jean-Claude Kennedec<\/strong><\/em><br \/>\n<strong><span class=\"s3\" style=\"color: #f56f0b;\">12:00 <\/span><\/strong>Axe cerveau intestin la sant\u00e9 est dans le ventre &#8211; <em><strong>Patricia Paisant<\/strong><\/em><br \/>\n<strong><span class=\"s2\" style=\"color: #00a6e2;\">13:00 <\/span><\/strong>Les plantes sauvages au secours de nos articulations et de notre sant\u00e9. Les bons conseils du P\u00e8re Jean &#8211; <em><strong>Jpol Clesse<\/strong><\/em><br \/>\n<strong><span class=\"s3\" style=\"color: #f56f0b;\">13:00 <\/span><\/strong>Et si tout avait un sens ? Les probl\u00e8mes mat\u00e9riels et physiques, les activit\u00e9s pratiqu\u00e9es\u2026 &#8211; <em><strong>Gilles Guyon<\/strong><\/em><br \/>\n<strong><span class=\"s1\" style=\"color: #55a932;\">13:30 <\/span><\/strong>Du job qui vous \u00e9puise au job qui vous fait vibrer &#8211; <em><strong>Astrid Le Fur<\/strong><\/em><br \/>\n<strong><span class=\"s2\" style=\"color: #00a6e2;\">14:00 <\/span><\/strong><del>Orgonites : protection des ondes \u00e9lectromagn\u00e9tiques et g\u00e9obiologie &#8211; <\/del><em><strong><del>Thierry Hermann<\/del> &#8211; annul\u00e9 et remplac\u00e9 par : <\/strong><\/em>Entre hypersensibilit\u00e9 et gestion des \u00e9motions : les nuances, les outils<em><strong> &#8211; Anne Monharoul et S\u00e9bastien Mabit<\/strong><\/em><br \/>\n<strong><span class=\"s3\" style=\"color: #f56f0b;\">14:00 <\/span><\/strong>Bols de cristal &#8211; <em><strong>Alain M\u00e9traux<\/strong><\/em><br \/>\n<strong><span class=\"s1\" style=\"color: #55a932;\">14:30 <\/span><\/strong>Mincir avec l\u2019Hypnose, la Psychologie du poids, et la r\u00e9gulation des neurom\u00e9diateurs. Les 4 piliers de la minceur &#8211; <em><strong>Julie Girardin<\/strong><\/em><br \/>\n<strong><span class=\"s2\" style=\"color: #00a6e2;\">15:00 <\/span><\/strong><del>Lithoth\u00e9rapie : d\u00e9velopper son intuition \u00e0 l&rsquo;aide des min\u00e9raux<\/del> &#8211; <em><strong>Herv\u00e9 Rouch\u00e9 &#8211; Annul\u00e9 et remplac\u00e9 par : La Nutrition, avant tout une r\u00e9flexion sur nos besoins et notre anatomie, par del\u00e0 les clich\u00e9s, les habitudes et les inepties &#8211; Dr Luc Le Metayer Landr\u00e9<\/strong><\/em><br \/>\n<strong><span class=\"s3\" style=\"color: #f56f0b;\">15:00 <\/span><\/strong>Num\u00e9rologie : votre mission de vie \u00e9clair\u00e9e par un chiffre &#8211; <em><strong>Sandrine Laurier<\/strong><\/em><br \/>\n<strong><span class=\"s1\" style=\"color: #55a932;\">15:30 <\/span><\/strong>Je\u00fbner pourquoi comment ? <em><strong>Bruno Moisan<\/strong><\/em><br \/>\n<strong><span class=\"s4\" style=\"color: #00a6e2;\">16:00 <\/span><\/strong>Am\u00e9liorer sa sant\u00e9 par l\u2019auto-hypnose et soigner par l\u2019hypnose &#8211; <span class=\"s5\"><em><strong>Dany Dan Debeix<\/strong><\/em><br \/>\n<\/span><strong><span class=\"s3\" style=\"color: #f56f0b;\">16:00 <\/span><\/strong>Quel est le r\u00f4le d&rsquo;un chaman aujourd&rsquo;hui &#8211; <em><strong>Karine Laillier<\/strong><\/em><br \/>\n<strong><span class=\"s2\" style=\"color: #00a6e2;\">17:00 <\/span><\/strong>Retrouver et gu\u00e9rir son enfant int\u00e9rieur. La r\u00e9silience, gu\u00e9rir le pass\u00e9 pour vivre pleinement le pr\u00e9sent &#8211; <em><strong>H\u00e9l\u00e8ne Girardin<\/strong><\/em><br \/>\n<strong><span class=\"s3\" style=\"color: #f56f0b;\">17:00 <\/span><\/strong>Le je\u00fbne et ses bienfaits : physiologie et pratiques &#8211; <em><strong>Manon Limosin<\/strong><\/em><\/p>\n","protected":false},"excerpt":{"rendered":"<p>Salle LOIRE\u00a0 \/ Salle ERDRE\u00a0 \/ Salle CH\u00c9ZINE\u00a0 Vendredi 8 octobre 2021 11:00 Loi d\u2019attraction et hypnose : comment changer vers le mieux \u00eatre ? Dany Dan Debeix 11:00 Les \u00c9lixirs sans alcool \u00e0 base de Cristaux non taill\u00e9s &#8211; Linda Perrat 11:00 Num\u00e9rologie : votre mission de vie \u00e9clair\u00e9e par un chiffre &#8211; Sandrine&hellip; <\/p>\n","protected":false},"author":7,"featured_media":0,"parent":0,"menu_order":0,"comment_status":"closed","ping_status":"closed","template":"","meta":{"_monsterinsights_skip_tracking":false,"_monsterinsights_sitenote_active":false,"_monsterinsights_sitenote_note":"","_monsterinsights_sitenote_category":0,"footnotes":""},"class_list":["post-12287","page","type-page","status-publish","hentry"],"yoast_head":"<!-- This site is optimized with the Yoast SEO plugin v27.3 - https:\/\/yoast.com\/product\/yoast-seo-wordpress\/ -->\n<title>Conf\u00e9rence 2021 - Salon ZEN &amp; BIO Nantes<\/title>\n<meta name=\"robots\" content=\"index, follow, max-snippet:-1, max-image-preview:large, max-video-preview:-1\" \/>\n<link rel=\"canonical\" href=\"https:\/\/www.salon-zenetbio.com\/nantes\/conference-2021\/\" \/>\n<meta property=\"og:locale\" content=\"fr_FR\" \/>\n<meta property=\"og:type\" content=\"article\" \/>\n<meta property=\"og:title\" content=\"Conf\u00e9rence 2021 - Salon ZEN &amp; BIO Nantes\" \/>\n<meta property=\"og:description\" content=\"Salle LOIRE\u00a0 \/ Salle ERDRE\u00a0 \/ Salle CH\u00c9ZINE\u00a0 Vendredi 8 octobre 2021 11:00 Loi d\u2019attraction et hypnose : comment changer vers le mieux \u00eatre ? Dany Dan Debeix 11:00 Les \u00c9lixirs sans alcool \u00e0 base de Cristaux non taill\u00e9s &#8211; Linda Perrat 11:00 Num\u00e9rologie : votre mission de vie \u00e9clair\u00e9e par un chiffre &#8211; Sandrine&hellip;\" \/>\n<meta property=\"og:url\" content=\"https:\/\/www.salon-zenetbio.com\/nantes\/conference-2021\/\" \/>\n<meta property=\"og:site_name\" content=\"Salon ZEN &amp; BIO Nantes\" \/>\n<meta name=\"twitter:card\" content=\"summary_large_image\" \/>\n<meta name=\"twitter:label1\" content=\"Dur\u00e9e de lecture estim\u00e9e\" \/>\n\t<meta name=\"twitter:data1\" content=\"6 minutes\" \/>\n<script type=\"application\/ld+json\" class=\"yoast-schema-graph\">{\"@context\":\"https:\\\/\\\/schema.org\",\"@graph\":[{\"@type\":\"WebPage\",\"@id\":\"https:\\\/\\\/www.salon-zenetbio.com\\\/nantes\\\/conference-2021\\\/\",\"url\":\"https:\\\/\\\/www.salon-zenetbio.com\\\/nantes\\\/conference-2021\\\/\",\"name\":\"Conf\u00e9rence 2021 - Salon ZEN &amp; BIO Nantes\",\"isPartOf\":{\"@id\":\"https:\\\/\\\/www.salon-zenetbio.com\\\/nantes\\\/#website\"},\"datePublished\":\"2022-05-16T10:15:37+00:00\",\"breadcrumb\":{\"@id\":\"https:\\\/\\\/www.salon-zenetbio.com\\\/nantes\\\/conference-2021\\\/#breadcrumb\"},\"inLanguage\":\"fr-FR\",\"potentialAction\":[{\"@type\":\"ReadAction\",\"target\":[\"https:\\\/\\\/www.salon-zenetbio.com\\\/nantes\\\/conference-2021\\\/\"]}]},{\"@type\":\"BreadcrumbList\",\"@id\":\"https:\\\/\\\/www.salon-zenetbio.com\\\/nantes\\\/conference-2021\\\/#breadcrumb\",\"itemListElement\":[{\"@type\":\"ListItem\",\"position\":1,\"name\":\"Accueil\",\"item\":\"https:\\\/\\\/www.salon-zenetbio.com\\\/nantes\\\/\"},{\"@type\":\"ListItem\",\"position\":2,\"name\":\"Conf\u00e9rence 2021\"}]},{\"@type\":\"WebSite\",\"@id\":\"https:\\\/\\\/www.salon-zenetbio.com\\\/nantes\\\/#website\",\"url\":\"https:\\\/\\\/www.salon-zenetbio.com\\\/nantes\\\/\",\"name\":\"Salon ZEN &amp; BIO Nantes\",\"description\":\"salon ZEN &amp; BIO Nantes : votre salon bio, bien-\u00eatre et habitat sain\",\"publisher\":{\"@id\":\"https:\\\/\\\/www.salon-zenetbio.com\\\/nantes\\\/#organization\"},\"potentialAction\":[{\"@type\":\"SearchAction\",\"target\":{\"@type\":\"EntryPoint\",\"urlTemplate\":\"https:\\\/\\\/www.salon-zenetbio.com\\\/nantes\\\/?s={search_term_string}\"},\"query-input\":{\"@type\":\"PropertyValueSpecification\",\"valueRequired\":true,\"valueName\":\"search_term_string\"}}],\"inLanguage\":\"fr-FR\"},{\"@type\":\"Organization\",\"@id\":\"https:\\\/\\\/www.salon-zenetbio.com\\\/nantes\\\/#organization\",\"name\":\"Salon ZEN &amp; BIO Nantes\",\"url\":\"https:\\\/\\\/www.salon-zenetbio.com\\\/nantes\\\/\",\"logo\":{\"@type\":\"ImageObject\",\"inLanguage\":\"fr-FR\",\"@id\":\"https:\\\/\\\/www.salon-zenetbio.com\\\/nantes\\\/#\\\/schema\\\/logo\\\/image\\\/\",\"url\":\"https:\\\/\\\/www.salon-zenetbio.com\\\/nantes\\\/wp-content\\\/uploads\\\/sites\\\/7\\\/2026\\\/03\\\/cropped-Logo-ZEN-et-BIO-nantes-2026.png\",\"contentUrl\":\"https:\\\/\\\/www.salon-zenetbio.com\\\/nantes\\\/wp-content\\\/uploads\\\/sites\\\/7\\\/2026\\\/03\\\/cropped-Logo-ZEN-et-BIO-nantes-2026.png\",\"width\":921,\"height\":255,\"caption\":\"Salon ZEN &amp; BIO Nantes\"},\"image\":{\"@id\":\"https:\\\/\\\/www.salon-zenetbio.com\\\/nantes\\\/#\\\/schema\\\/logo\\\/image\\\/\"}}]}<\/script>\n<!-- \/ Yoast SEO plugin. -->","yoast_head_json":{"title":"Conf\u00e9rence 2021 - Salon ZEN &amp; BIO Nantes","robots":{"index":"index","follow":"follow","max-snippet":"max-snippet:-1","max-image-preview":"max-image-preview:large","max-video-preview":"max-video-preview:-1"},"canonical":"https:\/\/www.salon-zenetbio.com\/nantes\/conference-2021\/","og_locale":"fr_FR","og_type":"article","og_title":"Conf\u00e9rence 2021 - Salon ZEN &amp; BIO Nantes","og_description":"Salle LOIRE\u00a0 \/ Salle ERDRE\u00a0 \/ Salle CH\u00c9ZINE\u00a0 Vendredi 8 octobre 2021 11:00 Loi d\u2019attraction et hypnose : comment changer vers le mieux \u00eatre ? Dany Dan Debeix 11:00 Les \u00c9lixirs sans alcool \u00e0 base de Cristaux non taill\u00e9s &#8211; Linda Perrat 11:00 Num\u00e9rologie : votre mission de vie \u00e9clair\u00e9e par un chiffre &#8211; Sandrine&hellip;","og_url":"https:\/\/www.salon-zenetbio.com\/nantes\/conference-2021\/","og_site_name":"Salon ZEN &amp; BIO Nantes","twitter_card":"summary_large_image","twitter_misc":{"Dur\u00e9e de lecture estim\u00e9e":"6 minutes"},"schema":{"@context":"https:\/\/schema.org","@graph":[{"@type":"WebPage","@id":"https:\/\/www.salon-zenetbio.com\/nantes\/conference-2021\/","url":"https:\/\/www.salon-zenetbio.com\/nantes\/conference-2021\/","name":"Conf\u00e9rence 2021 - Salon ZEN &amp; BIO Nantes","isPartOf":{"@id":"https:\/\/www.salon-zenetbio.com\/nantes\/#website"},"datePublished":"2022-05-16T10:15:37+00:00","breadcrumb":{"@id":"https:\/\/www.salon-zenetbio.com\/nantes\/conference-2021\/#breadcrumb"},"inLanguage":"fr-FR","potentialAction":[{"@type":"ReadAction","target":["https:\/\/www.salon-zenetbio.com\/nantes\/conference-2021\/"]}]},{"@type":"BreadcrumbList","@id":"https:\/\/www.salon-zenetbio.com\/nantes\/conference-2021\/#breadcrumb","itemListElement":[{"@type":"ListItem","position":1,"name":"Accueil","item":"https:\/\/www.salon-zenetbio.com\/nantes\/"},{"@type":"ListItem","position":2,"name":"Conf\u00e9rence 2021"}]},{"@type":"WebSite","@id":"https:\/\/www.salon-zenetbio.com\/nantes\/#website","url":"https:\/\/www.salon-zenetbio.com\/nantes\/","name":"Salon ZEN &amp; BIO Nantes","description":"salon ZEN &amp; BIO Nantes : votre salon bio, bien-\u00eatre et habitat sain","publisher":{"@id":"https:\/\/www.salon-zenetbio.com\/nantes\/#organization"},"potentialAction":[{"@type":"SearchAction","target":{"@type":"EntryPoint","urlTemplate":"https:\/\/www.salon-zenetbio.com\/nantes\/?s={search_term_string}"},"query-input":{"@type":"PropertyValueSpecification","valueRequired":true,"valueName":"search_term_string"}}],"inLanguage":"fr-FR"},{"@type":"Organization","@id":"https:\/\/www.salon-zenetbio.com\/nantes\/#organization","name":"Salon ZEN &amp; BIO Nantes","url":"https:\/\/www.salon-zenetbio.com\/nantes\/","logo":{"@type":"ImageObject","inLanguage":"fr-FR","@id":"https:\/\/www.salon-zenetbio.com\/nantes\/#\/schema\/logo\/image\/","url":"https:\/\/www.salon-zenetbio.com\/nantes\/wp-content\/uploads\/sites\/7\/2026\/03\/cropped-Logo-ZEN-et-BIO-nantes-2026.png","contentUrl":"https:\/\/www.salon-zenetbio.com\/nantes\/wp-content\/uploads\/sites\/7\/2026\/03\/cropped-Logo-ZEN-et-BIO-nantes-2026.png","width":921,"height":255,"caption":"Salon ZEN &amp; BIO Nantes"},"image":{"@id":"https:\/\/www.salon-zenetbio.com\/nantes\/#\/schema\/logo\/image\/"}}]}},"_links":{"self":[{"href":"https:\/\/www.salon-zenetbio.com\/nantes\/wp-json\/wp\/v2\/pages\/12287","targetHints":{"allow":["GET"]}}],"collection":[{"href":"https:\/\/www.salon-zenetbio.com\/nantes\/wp-json\/wp\/v2\/pages"}],"about":[{"href":"https:\/\/www.salon-zenetbio.com\/nantes\/wp-json\/wp\/v2\/types\/page"}],"author":[{"embeddable":true,"href":"https:\/\/www.salon-zenetbio.com\/nantes\/wp-json\/wp\/v2\/users\/7"}],"replies":[{"embeddable":true,"href":"https:\/\/www.salon-zenetbio.com\/nantes\/wp-json\/wp\/v2\/comments?post=12287"}],"version-history":[{"count":1,"href":"https:\/\/www.salon-zenetbio.com\/nantes\/wp-json\/wp\/v2\/pages\/12287\/revisions"}],"predecessor-version":[{"id":12288,"href":"https:\/\/www.salon-zenetbio.com\/nantes\/wp-json\/wp\/v2\/pages\/12287\/revisions\/12288"}],"wp:attachment":[{"href":"https:\/\/www.salon-zenetbio.com\/nantes\/wp-json\/wp\/v2\/media?parent=12287"}],"curies":[{"name":"wp","href":"https:\/\/api.w.org\/{rel}","templated":true}]}}