{"id":13701,"date":"2023-03-13T16:43:03","date_gmt":"2023-03-13T15:43:03","guid":{"rendered":"https:\/\/www.salon-zenetbio.com\/nantes\/?page_id=13701"},"modified":"2023-03-13T16:43:03","modified_gmt":"2023-03-13T15:43:03","slug":"ateliers-bien-etre-2022","status":"publish","type":"page","link":"https:\/\/www.salon-zenetbio.com\/nantes\/ateliers-bien-etre-2022\/","title":{"rendered":"Ateliers bien-\u00eatre 2022"},"content":{"rendered":"<p><img fetchpriority=\"high\" decoding=\"async\" class=\"alignnone wp-image-8419 size-full\" src=\"https:\/\/www.salon-zenetbio.com\/nantes\/wp-content\/uploads\/sites\/7\/2019\/09\/form-w0YIvob3LlI-unsplash-e1568725982368.jpg\" alt=\"\" width=\"696\" height=\"311\" srcset=\"https:\/\/www.salon-zenetbio.com\/nantes\/wp-content\/uploads\/sites\/7\/2019\/09\/form-w0YIvob3LlI-unsplash-e1568725982368.jpg 696w, https:\/\/www.salon-zenetbio.com\/nantes\/wp-content\/uploads\/sites\/7\/2019\/09\/form-w0YIvob3LlI-unsplash-e1568725982368-300x134.jpg 300w, https:\/\/www.salon-zenetbio.com\/nantes\/wp-content\/uploads\/sites\/7\/2019\/09\/form-w0YIvob3LlI-unsplash-e1568725982368-150x67.jpg 150w, https:\/\/www.salon-zenetbio.com\/nantes\/wp-content\/uploads\/sites\/7\/2019\/09\/form-w0YIvob3LlI-unsplash-e1568725982368-500x223.jpg 500w\" sizes=\"(max-width: 696px) 100vw, 696px\" \/><\/p>\n<p>Pour exp\u00e9rimenter des nouvelles pratiques de d\u00e9veloppement personnel, dialoguer avec des praticiens, apprendre \u00e0 se recentrer\u2026<\/p>\n<p><strong><span style=\"color: #ff5caf;\">Salle TRENTEMOULT<\/span><\/strong><\/p>\n<h2>VENDREDI 7 Octobre 2022<\/h2>\n<p><strong><span style=\"color: #ff5caf;\">11:00<\/span><\/strong> Les cl\u00e9s de la sant\u00e9, r\u00e9\u00e9quilibrer (ses deux cerveaux: microbiote et neurom\u00e9diateurs) par l\u2019alimentation &#8211; la psychologie et l\u2019\u00e9quilibrage hormonal &#8211; <strong><em>Julie Girardin<\/em><\/strong><br \/>\n<strong><span style=\"color: #ff5caf;\">13:00<\/span><\/strong> L&rsquo;alchimie du Qi Gong \u2026&#8230; \u00e0 la maison &#8211; <strong><em>Gilles Le Picard<\/em><\/strong><br \/>\n<strong><span style=\"color: #ff5caf;\">14:00<\/span><\/strong> Restons chelous &#8211; <strong><em>Eleonore De Lardemelle<\/em><\/strong><br \/>\n<strong><span style=\"color: #ff5caf;\">15:00<\/span><\/strong> F\u00e9minin \/Masculin deux \u00e9nergies fabuleuses &#8211; <strong><em>Gilles Guyon<br \/>\n<\/em><span style=\"color: #f95cb0;\">16:00 <\/span><\/strong>Otez vos croyances limitantes &#8211;<strong><em>Pascal Bertrand et Nathalie Taraud<\/em><\/strong><\/p>\n<h2>SAMEDI 8 Octobre 2022<\/h2>\n<p><strong><span style=\"color: #ff5caf;\">11:00<\/span><\/strong> Mincir avec l\u2019Hypnose, la Psychologie du poids, et la r\u00e9gulation des neurom\u00e9diateurs. Les 4 piliers de la minceur \u00e0 activer simultan\u00e9ment pour garantir le succ\u00e8s &#8211; <strong><em>Julie Girardin<\/em><\/strong><br \/>\n<strong><span style=\"color: #ff5caf;\">12:00<\/span><\/strong> Faites l\u2019exp\u00e9rience d&rsquo;une s\u00e9ance de coaching intuitif &#8211; <strong><em>Gilles Guyon<\/em><\/strong><br \/>\n<strong><span style=\"color: #ff5caf;\">13:00<\/span><\/strong> Restons chelous &#8211; <strong><em>Eleonore De Lardemelle<\/em><\/strong><br \/>\n<strong><span style=\"color: #ff5caf;\">14:00<\/span><\/strong> D\u00e9couverte de l&rsquo;auto-hypnose &#8211; <strong><em>Elodie Tonnaire<\/em><\/strong><br \/>\n<strong><span style=\"color: #ff5caf;\">15:00<\/span><\/strong> Atelier pratique quotidienne des points d&rsquo;acupuncture et bior\u00e9sonance pour la sant\u00e9 &#8211; <strong><em>Hwang Chang<\/em><\/strong><br \/>\n<strong><span style=\"color: #ff5caf;\">16:00<\/span><\/strong> Retrouvez le sommeil ! &#8211; <strong><em>Charlotte Elric<\/em><\/strong><br \/>\n<strong><span style=\"color: #ff5caf;\">17:00<\/span><\/strong> Atelier Shiatsu D\u00e9couverte (2h) &#8211; <strong><em>Xavier Porter-Ladousse<\/em><\/strong><\/p>\n<h2>DIMANCHE 9 Octobre 2022<\/h2>\n<p><strong><span style=\"color: #ff5caf;\">11:00<\/span><\/strong> Respirer et revenir \u00e0 ses sens &#8211; <strong><em>Josselin Pecher<\/em><\/strong><br \/>\n<strong><span style=\"color: #ff5caf;\">12:00<\/span><\/strong> Voyages chamaniques &#8211; <strong><em>OOWAKE<\/em><\/strong><br \/>\n<strong><span style=\"color: #ff5caf;\">13:00<\/span><\/strong> Restons chelous &#8211; <strong><em>Eleonore De Lardemelle<\/em><\/strong><br \/>\n<strong><span style=\"color: #ff5caf;\">14:00<\/span><\/strong> D\u00e9couverte de l&rsquo;auto-hypnose &#8211; <strong><em>Elodie Tonnaire<\/em><\/strong><br \/>\n<strong><span style=\"color: #ff5caf;\">15:00<\/span><\/strong> Comment passer \u00e0 l\u2019action et concr\u00e9tiser ses projets &#8211; <strong><em>Gilles Guyon<\/em><\/strong><br \/>\n<strong><span style=\"color: #ff5caf;\">16:00<\/span><\/strong> Les cl\u00e9s de la sant\u00e9, r\u00e9\u00e9quilibrer (ses deux cerveaux: microbiote et neurom\u00e9diateurs) par l\u2019alimentation &#8211; la psychologie et l\u2019\u00e9quilibrage hormonal. &#8211; <strong><em>Julie Girardin<\/em><\/strong><br \/>\n<strong><span style=\"color: #ff5caf;\">17:00<\/span><\/strong> L&rsquo;alchimie du Qi Gong \u2026&#8230; \u00e0 la maison &#8211; <strong><em>Gilles Le Picard<\/em><\/strong><\/p>\n","protected":false},"excerpt":{"rendered":"<p>Pour exp\u00e9rimenter des nouvelles pratiques de d\u00e9veloppement personnel, dialoguer avec des praticiens, apprendre \u00e0 se recentrer\u2026 Salle TRENTEMOULT VENDREDI 7 Octobre 2022 11:00 Les cl\u00e9s de la sant\u00e9, r\u00e9\u00e9quilibrer (ses deux cerveaux: microbiote et neurom\u00e9diateurs) par l\u2019alimentation &#8211; la psychologie et l\u2019\u00e9quilibrage hormonal &#8211; Julie Girardin 13:00 L&rsquo;alchimie du Qi Gong \u2026&#8230; \u00e0 la maison&hellip; <\/p>\n","protected":false},"author":8,"featured_media":0,"parent":0,"menu_order":0,"comment_status":"closed","ping_status":"closed","template":"","meta":{"_monsterinsights_skip_tracking":false,"_monsterinsights_sitenote_active":false,"_monsterinsights_sitenote_note":"","_monsterinsights_sitenote_category":0,"footnotes":""},"class_list":["post-13701","page","type-page","status-publish","hentry"],"yoast_head":"<!-- This site is optimized with the Yoast SEO plugin v27.3 - https:\/\/yoast.com\/product\/yoast-seo-wordpress\/ -->\n<title>Ateliers bien-\u00eatre 2022 - Salon ZEN &amp; BIO Nantes<\/title>\n<meta name=\"robots\" content=\"index, follow, max-snippet:-1, max-image-preview:large, max-video-preview:-1\" \/>\n<link rel=\"canonical\" href=\"https:\/\/www.salon-zenetbio.com\/nantes\/ateliers-bien-etre-2022\/\" \/>\n<meta property=\"og:locale\" content=\"fr_FR\" \/>\n<meta property=\"og:type\" content=\"article\" \/>\n<meta property=\"og:title\" content=\"Ateliers bien-\u00eatre 2022 - Salon ZEN &amp; BIO Nantes\" \/>\n<meta property=\"og:description\" content=\"Pour exp\u00e9rimenter des nouvelles pratiques de d\u00e9veloppement personnel, dialoguer avec des praticiens, apprendre \u00e0 se recentrer\u2026 Salle TRENTEMOULT VENDREDI 7 Octobre 2022 11:00 Les cl\u00e9s de la sant\u00e9, r\u00e9\u00e9quilibrer (ses deux cerveaux: microbiote et neurom\u00e9diateurs) par l\u2019alimentation &#8211; la psychologie et l\u2019\u00e9quilibrage hormonal &#8211; Julie Girardin 13:00 L&rsquo;alchimie du Qi Gong \u2026&#8230; \u00e0 la maison&hellip;\" \/>\n<meta property=\"og:url\" content=\"https:\/\/www.salon-zenetbio.com\/nantes\/ateliers-bien-etre-2022\/\" \/>\n<meta property=\"og:site_name\" content=\"Salon ZEN &amp; BIO Nantes\" \/>\n<meta property=\"og:image\" content=\"https:\/\/www.salon-zenetbio.com\/nantes\/wp-content\/uploads\/sites\/7\/2019\/09\/form-w0YIvob3LlI-unsplash-e1568725982368.jpg\" \/>\n<meta name=\"twitter:card\" content=\"summary_large_image\" \/>\n<meta name=\"twitter:label1\" content=\"Dur\u00e9e de lecture estim\u00e9e\" \/>\n\t<meta name=\"twitter:data1\" content=\"1 minute\" \/>\n<script type=\"application\/ld+json\" class=\"yoast-schema-graph\">{\"@context\":\"https:\\\/\\\/schema.org\",\"@graph\":[{\"@type\":\"WebPage\",\"@id\":\"https:\\\/\\\/www.salon-zenetbio.com\\\/nantes\\\/ateliers-bien-etre-2022\\\/\",\"url\":\"https:\\\/\\\/www.salon-zenetbio.com\\\/nantes\\\/ateliers-bien-etre-2022\\\/\",\"name\":\"Ateliers bien-\u00eatre 2022 - Salon ZEN &amp; BIO Nantes\",\"isPartOf\":{\"@id\":\"https:\\\/\\\/www.salon-zenetbio.com\\\/nantes\\\/#website\"},\"primaryImageOfPage\":{\"@id\":\"https:\\\/\\\/www.salon-zenetbio.com\\\/nantes\\\/ateliers-bien-etre-2022\\\/#primaryimage\"},\"image\":{\"@id\":\"https:\\\/\\\/www.salon-zenetbio.com\\\/nantes\\\/ateliers-bien-etre-2022\\\/#primaryimage\"},\"thumbnailUrl\":\"https:\\\/\\\/www.salon-zenetbio.com\\\/nantes\\\/wp-content\\\/uploads\\\/sites\\\/7\\\/2019\\\/09\\\/form-w0YIvob3LlI-unsplash-e1568725982368.jpg\",\"datePublished\":\"2023-03-13T15:43:03+00:00\",\"breadcrumb\":{\"@id\":\"https:\\\/\\\/www.salon-zenetbio.com\\\/nantes\\\/ateliers-bien-etre-2022\\\/#breadcrumb\"},\"inLanguage\":\"fr-FR\",\"potentialAction\":[{\"@type\":\"ReadAction\",\"target\":[\"https:\\\/\\\/www.salon-zenetbio.com\\\/nantes\\\/ateliers-bien-etre-2022\\\/\"]}]},{\"@type\":\"ImageObject\",\"inLanguage\":\"fr-FR\",\"@id\":\"https:\\\/\\\/www.salon-zenetbio.com\\\/nantes\\\/ateliers-bien-etre-2022\\\/#primaryimage\",\"url\":\"https:\\\/\\\/www.salon-zenetbio.com\\\/nantes\\\/wp-content\\\/uploads\\\/sites\\\/7\\\/2019\\\/09\\\/form-w0YIvob3LlI-unsplash-e1568725982368.jpg\",\"contentUrl\":\"https:\\\/\\\/www.salon-zenetbio.com\\\/nantes\\\/wp-content\\\/uploads\\\/sites\\\/7\\\/2019\\\/09\\\/form-w0YIvob3LlI-unsplash-e1568725982368.jpg\",\"width\":696,\"height\":311},{\"@type\":\"BreadcrumbList\",\"@id\":\"https:\\\/\\\/www.salon-zenetbio.com\\\/nantes\\\/ateliers-bien-etre-2022\\\/#breadcrumb\",\"itemListElement\":[{\"@type\":\"ListItem\",\"position\":1,\"name\":\"Accueil\",\"item\":\"https:\\\/\\\/www.salon-zenetbio.com\\\/nantes\\\/\"},{\"@type\":\"ListItem\",\"position\":2,\"name\":\"Ateliers bien-\u00eatre 2022\"}]},{\"@type\":\"WebSite\",\"@id\":\"https:\\\/\\\/www.salon-zenetbio.com\\\/nantes\\\/#website\",\"url\":\"https:\\\/\\\/www.salon-zenetbio.com\\\/nantes\\\/\",\"name\":\"Salon ZEN &amp; BIO Nantes\",\"description\":\"salon ZEN &amp; BIO Nantes : votre salon bio, bien-\u00eatre et habitat sain\",\"publisher\":{\"@id\":\"https:\\\/\\\/www.salon-zenetbio.com\\\/nantes\\\/#organization\"},\"potentialAction\":[{\"@type\":\"SearchAction\",\"target\":{\"@type\":\"EntryPoint\",\"urlTemplate\":\"https:\\\/\\\/www.salon-zenetbio.com\\\/nantes\\\/?s={search_term_string}\"},\"query-input\":{\"@type\":\"PropertyValueSpecification\",\"valueRequired\":true,\"valueName\":\"search_term_string\"}}],\"inLanguage\":\"fr-FR\"},{\"@type\":\"Organization\",\"@id\":\"https:\\\/\\\/www.salon-zenetbio.com\\\/nantes\\\/#organization\",\"name\":\"Salon ZEN &amp; BIO Nantes\",\"url\":\"https:\\\/\\\/www.salon-zenetbio.com\\\/nantes\\\/\",\"logo\":{\"@type\":\"ImageObject\",\"inLanguage\":\"fr-FR\",\"@id\":\"https:\\\/\\\/www.salon-zenetbio.com\\\/nantes\\\/#\\\/schema\\\/logo\\\/image\\\/\",\"url\":\"https:\\\/\\\/www.salon-zenetbio.com\\\/nantes\\\/wp-content\\\/uploads\\\/sites\\\/7\\\/2026\\\/03\\\/cropped-Logo-ZEN-et-BIO-nantes-2026.png\",\"contentUrl\":\"https:\\\/\\\/www.salon-zenetbio.com\\\/nantes\\\/wp-content\\\/uploads\\\/sites\\\/7\\\/2026\\\/03\\\/cropped-Logo-ZEN-et-BIO-nantes-2026.png\",\"width\":921,\"height\":255,\"caption\":\"Salon ZEN &amp; BIO Nantes\"},\"image\":{\"@id\":\"https:\\\/\\\/www.salon-zenetbio.com\\\/nantes\\\/#\\\/schema\\\/logo\\\/image\\\/\"}}]}<\/script>\n<!-- \/ Yoast SEO plugin. -->","yoast_head_json":{"title":"Ateliers bien-\u00eatre 2022 - Salon ZEN &amp; BIO Nantes","robots":{"index":"index","follow":"follow","max-snippet":"max-snippet:-1","max-image-preview":"max-image-preview:large","max-video-preview":"max-video-preview:-1"},"canonical":"https:\/\/www.salon-zenetbio.com\/nantes\/ateliers-bien-etre-2022\/","og_locale":"fr_FR","og_type":"article","og_title":"Ateliers bien-\u00eatre 2022 - Salon ZEN &amp; BIO Nantes","og_description":"Pour exp\u00e9rimenter des nouvelles pratiques de d\u00e9veloppement personnel, dialoguer avec des praticiens, apprendre \u00e0 se recentrer\u2026 Salle TRENTEMOULT VENDREDI 7 Octobre 2022 11:00 Les cl\u00e9s de la sant\u00e9, r\u00e9\u00e9quilibrer (ses deux cerveaux: microbiote et neurom\u00e9diateurs) par l\u2019alimentation &#8211; la psychologie et l\u2019\u00e9quilibrage hormonal &#8211; Julie Girardin 13:00 L&rsquo;alchimie du Qi Gong \u2026&#8230; \u00e0 la maison&hellip;","og_url":"https:\/\/www.salon-zenetbio.com\/nantes\/ateliers-bien-etre-2022\/","og_site_name":"Salon ZEN &amp; BIO Nantes","og_image":[{"url":"https:\/\/www.salon-zenetbio.com\/nantes\/wp-content\/uploads\/sites\/7\/2019\/09\/form-w0YIvob3LlI-unsplash-e1568725982368.jpg","type":"","width":"","height":""}],"twitter_card":"summary_large_image","twitter_misc":{"Dur\u00e9e de lecture estim\u00e9e":"1 minute"},"schema":{"@context":"https:\/\/schema.org","@graph":[{"@type":"WebPage","@id":"https:\/\/www.salon-zenetbio.com\/nantes\/ateliers-bien-etre-2022\/","url":"https:\/\/www.salon-zenetbio.com\/nantes\/ateliers-bien-etre-2022\/","name":"Ateliers bien-\u00eatre 2022 - Salon ZEN &amp; BIO Nantes","isPartOf":{"@id":"https:\/\/www.salon-zenetbio.com\/nantes\/#website"},"primaryImageOfPage":{"@id":"https:\/\/www.salon-zenetbio.com\/nantes\/ateliers-bien-etre-2022\/#primaryimage"},"image":{"@id":"https:\/\/www.salon-zenetbio.com\/nantes\/ateliers-bien-etre-2022\/#primaryimage"},"thumbnailUrl":"https:\/\/www.salon-zenetbio.com\/nantes\/wp-content\/uploads\/sites\/7\/2019\/09\/form-w0YIvob3LlI-unsplash-e1568725982368.jpg","datePublished":"2023-03-13T15:43:03+00:00","breadcrumb":{"@id":"https:\/\/www.salon-zenetbio.com\/nantes\/ateliers-bien-etre-2022\/#breadcrumb"},"inLanguage":"fr-FR","potentialAction":[{"@type":"ReadAction","target":["https:\/\/www.salon-zenetbio.com\/nantes\/ateliers-bien-etre-2022\/"]}]},{"@type":"ImageObject","inLanguage":"fr-FR","@id":"https:\/\/www.salon-zenetbio.com\/nantes\/ateliers-bien-etre-2022\/#primaryimage","url":"https:\/\/www.salon-zenetbio.com\/nantes\/wp-content\/uploads\/sites\/7\/2019\/09\/form-w0YIvob3LlI-unsplash-e1568725982368.jpg","contentUrl":"https:\/\/www.salon-zenetbio.com\/nantes\/wp-content\/uploads\/sites\/7\/2019\/09\/form-w0YIvob3LlI-unsplash-e1568725982368.jpg","width":696,"height":311},{"@type":"BreadcrumbList","@id":"https:\/\/www.salon-zenetbio.com\/nantes\/ateliers-bien-etre-2022\/#breadcrumb","itemListElement":[{"@type":"ListItem","position":1,"name":"Accueil","item":"https:\/\/www.salon-zenetbio.com\/nantes\/"},{"@type":"ListItem","position":2,"name":"Ateliers bien-\u00eatre 2022"}]},{"@type":"WebSite","@id":"https:\/\/www.salon-zenetbio.com\/nantes\/#website","url":"https:\/\/www.salon-zenetbio.com\/nantes\/","name":"Salon ZEN &amp; BIO Nantes","description":"salon ZEN &amp; BIO Nantes : votre salon bio, bien-\u00eatre et habitat sain","publisher":{"@id":"https:\/\/www.salon-zenetbio.com\/nantes\/#organization"},"potentialAction":[{"@type":"SearchAction","target":{"@type":"EntryPoint","urlTemplate":"https:\/\/www.salon-zenetbio.com\/nantes\/?s={search_term_string}"},"query-input":{"@type":"PropertyValueSpecification","valueRequired":true,"valueName":"search_term_string"}}],"inLanguage":"fr-FR"},{"@type":"Organization","@id":"https:\/\/www.salon-zenetbio.com\/nantes\/#organization","name":"Salon ZEN &amp; BIO Nantes","url":"https:\/\/www.salon-zenetbio.com\/nantes\/","logo":{"@type":"ImageObject","inLanguage":"fr-FR","@id":"https:\/\/www.salon-zenetbio.com\/nantes\/#\/schema\/logo\/image\/","url":"https:\/\/www.salon-zenetbio.com\/nantes\/wp-content\/uploads\/sites\/7\/2026\/03\/cropped-Logo-ZEN-et-BIO-nantes-2026.png","contentUrl":"https:\/\/www.salon-zenetbio.com\/nantes\/wp-content\/uploads\/sites\/7\/2026\/03\/cropped-Logo-ZEN-et-BIO-nantes-2026.png","width":921,"height":255,"caption":"Salon ZEN &amp; BIO Nantes"},"image":{"@id":"https:\/\/www.salon-zenetbio.com\/nantes\/#\/schema\/logo\/image\/"}}]}},"_links":{"self":[{"href":"https:\/\/www.salon-zenetbio.com\/nantes\/wp-json\/wp\/v2\/pages\/13701","targetHints":{"allow":["GET"]}}],"collection":[{"href":"https:\/\/www.salon-zenetbio.com\/nantes\/wp-json\/wp\/v2\/pages"}],"about":[{"href":"https:\/\/www.salon-zenetbio.com\/nantes\/wp-json\/wp\/v2\/types\/page"}],"author":[{"embeddable":true,"href":"https:\/\/www.salon-zenetbio.com\/nantes\/wp-json\/wp\/v2\/users\/8"}],"replies":[{"embeddable":true,"href":"https:\/\/www.salon-zenetbio.com\/nantes\/wp-json\/wp\/v2\/comments?post=13701"}],"version-history":[{"count":1,"href":"https:\/\/www.salon-zenetbio.com\/nantes\/wp-json\/wp\/v2\/pages\/13701\/revisions"}],"predecessor-version":[{"id":13702,"href":"https:\/\/www.salon-zenetbio.com\/nantes\/wp-json\/wp\/v2\/pages\/13701\/revisions\/13702"}],"wp:attachment":[{"href":"https:\/\/www.salon-zenetbio.com\/nantes\/wp-json\/wp\/v2\/media?parent=13701"}],"curies":[{"name":"wp","href":"https:\/\/api.w.org\/{rel}","templated":true}]}}