{"id":13704,"date":"2023-03-13T16:44:33","date_gmt":"2023-03-13T15:44:33","guid":{"rendered":"https:\/\/www.salon-zenetbio.com\/nantes\/?page_id=13704"},"modified":"2023-03-13T16:44:33","modified_gmt":"2023-03-13T15:44:33","slug":"workshop-bougez-zen-2022","status":"publish","type":"page","link":"https:\/\/www.salon-zenetbio.com\/nantes\/workshop-bougez-zen-2022\/","title":{"rendered":"Workshop bougez zen 2022"},"content":{"rendered":"<p><img fetchpriority=\"high\" decoding=\"async\" class=\"alignnone wp-image-8459 size-full\" src=\"https:\/\/www.salon-zenetbio.com\/nantes\/wp-content\/uploads\/sites\/7\/2019\/09\/Fotolia_45270035_Subscription_Monthly_M-e1568726347764.jpg\" alt=\"\" width=\"1688\" height=\"564\" srcset=\"https:\/\/www.salon-zenetbio.com\/nantes\/wp-content\/uploads\/sites\/7\/2019\/09\/Fotolia_45270035_Subscription_Monthly_M-e1568726347764.jpg 1688w, https:\/\/www.salon-zenetbio.com\/nantes\/wp-content\/uploads\/sites\/7\/2019\/09\/Fotolia_45270035_Subscription_Monthly_M-e1568726347764-300x100.jpg 300w, https:\/\/www.salon-zenetbio.com\/nantes\/wp-content\/uploads\/sites\/7\/2019\/09\/Fotolia_45270035_Subscription_Monthly_M-e1568726347764-768x257.jpg 768w, https:\/\/www.salon-zenetbio.com\/nantes\/wp-content\/uploads\/sites\/7\/2019\/09\/Fotolia_45270035_Subscription_Monthly_M-e1568726347764-1024x342.jpg 1024w, https:\/\/www.salon-zenetbio.com\/nantes\/wp-content\/uploads\/sites\/7\/2019\/09\/Fotolia_45270035_Subscription_Monthly_M-e1568726347764-150x50.jpg 150w, https:\/\/www.salon-zenetbio.com\/nantes\/wp-content\/uploads\/sites\/7\/2019\/09\/Fotolia_45270035_Subscription_Monthly_M-e1568726347764-500x167.jpg 500w\" sizes=\"(max-width: 1688px) 100vw, 1688px\" \/><\/p>\n<p style=\"text-align: justify;\">Afin que vous puissiez d\u00e9couvrir une technique ou l\u2019approfondir, seront propos\u00e9s durant 3 jours : des cours de yoga de l\u2019\u00e9nergie, kundalini yoga, pilate, yoga tib\u00e9tain, yangshen, Qi Gong ou encore Tai chi chuan, d\u2019une dur\u00e9e de 1h \u00e0 1h30 toute la journ\u00e9e (soit une quinzaine de cours pendant toute la dur\u00e9e du salon).<\/p>\n<p><strong><span style=\"color: #c08d00;\">Salle de L&rsquo;ELEPHANT<\/span><\/strong><\/p>\n<h2>VENDREDI 7 Octobre 2022<\/h2>\n<p><strong><span style=\"color: #c08d00;\">15:30<\/span><\/strong> Qi-gong m\u00e9dical (qigong liao fa) &#8211; <strong><em>Denis Tran<\/em><\/strong><br \/>\n<strong><span style=\"color: #c08d00;\">17:00<\/span><\/strong> Qi-gong m\u00e9dical (qigong liao fa) &#8211; <strong><em>Denis Tran<\/em><\/strong><\/p>\n<h2>SAMEDI 8 Octobre 2022<\/h2>\n<p><strong><span style=\"color: #c08d00;\">14:00<\/span><\/strong> Qi-gong m\u00e9dical (qigong liao fa) &#8211; <em><strong>Denis Tran<\/strong><br \/>\n<\/em><strong><span style=\"color: #c08d00;\">15:30 <\/span><\/strong>Atelier Ost\u00e9o-Yoga <em>&#8211; <strong>G\u00e9raldine Rault et Laurence Louis Delauriere<\/strong><\/em><strong><span style=\"color: #c08d00;\"><br \/>\n16:15 <\/span><\/strong>Atelier Ost\u00e9o-Yoga <em>&#8211; <strong>G\u00e9raldine Rault et Laurence Louis Delauriere<\/strong><\/em><em><br \/>\n<\/em><strong><span style=\"color: #c08d00;\">17:00<\/span><\/strong> Qi-gong m\u00e9dical (qigong liao fa) &#8211; <strong><em>Denis Tran<\/em><\/strong><\/p>\n<h2>DIMANCHE 9 Octobre 2022<\/h2>\n<p><strong><span style=\"color: #c08d00;\">11:00<\/span><\/strong> Qi-gong m\u00e9dical (qigong liao fa) &#8211; <strong><em>Denis Tran<\/em><\/strong><br \/>\n<strong><span style=\"color: #c08d00;\">14:00<\/span><\/strong> Qi-gong m\u00e9dical (qigong liao fa) &#8211; <strong><em>Denis Tran<\/em><\/strong><\/p>\n","protected":false},"excerpt":{"rendered":"<p>Afin que vous puissiez d\u00e9couvrir une technique ou l\u2019approfondir, seront propos\u00e9s durant 3 jours : des cours de yoga de l\u2019\u00e9nergie, kundalini yoga, pilate, yoga tib\u00e9tain, yangshen, Qi Gong ou encore Tai chi chuan, d\u2019une dur\u00e9e de 1h \u00e0 1h30 toute la journ\u00e9e (soit une quinzaine de cours pendant toute la dur\u00e9e du salon). Salle&hellip; <\/p>\n","protected":false},"author":8,"featured_media":0,"parent":0,"menu_order":0,"comment_status":"closed","ping_status":"closed","template":"","meta":{"_monsterinsights_skip_tracking":false,"_monsterinsights_sitenote_active":false,"_monsterinsights_sitenote_note":"","_monsterinsights_sitenote_category":0,"footnotes":""},"class_list":["post-13704","page","type-page","status-publish","hentry"],"yoast_head":"<!-- This site is optimized with the Yoast SEO plugin v27.3 - https:\/\/yoast.com\/product\/yoast-seo-wordpress\/ -->\n<title>Workshop bougez zen 2022 - Salon ZEN &amp; BIO Nantes<\/title>\n<meta name=\"robots\" content=\"index, follow, max-snippet:-1, max-image-preview:large, max-video-preview:-1\" \/>\n<link rel=\"canonical\" href=\"https:\/\/www.salon-zenetbio.com\/nantes\/workshop-bougez-zen-2022\/\" \/>\n<meta property=\"og:locale\" content=\"fr_FR\" \/>\n<meta property=\"og:type\" content=\"article\" \/>\n<meta property=\"og:title\" content=\"Workshop bougez zen 2022 - Salon ZEN &amp; BIO Nantes\" \/>\n<meta property=\"og:description\" content=\"Afin que vous puissiez d\u00e9couvrir une technique ou l\u2019approfondir, seront propos\u00e9s durant 3 jours : des cours de yoga de l\u2019\u00e9nergie, kundalini yoga, pilate, yoga tib\u00e9tain, yangshen, Qi Gong ou encore Tai chi chuan, d\u2019une dur\u00e9e de 1h \u00e0 1h30 toute la journ\u00e9e (soit une quinzaine de cours pendant toute la dur\u00e9e du salon). Salle&hellip;\" \/>\n<meta property=\"og:url\" content=\"https:\/\/www.salon-zenetbio.com\/nantes\/workshop-bougez-zen-2022\/\" \/>\n<meta property=\"og:site_name\" content=\"Salon ZEN &amp; BIO Nantes\" \/>\n<meta property=\"og:image\" content=\"https:\/\/www.salon-zenetbio.com\/nantes\/wp-content\/uploads\/sites\/7\/2019\/09\/Fotolia_45270035_Subscription_Monthly_M-e1568726347764.jpg\" \/>\n<meta name=\"twitter:card\" content=\"summary_large_image\" \/>\n<meta name=\"twitter:label1\" content=\"Dur\u00e9e de lecture estim\u00e9e\" \/>\n\t<meta name=\"twitter:data1\" content=\"1 minute\" \/>\n<script type=\"application\/ld+json\" class=\"yoast-schema-graph\">{\"@context\":\"https:\\\/\\\/schema.org\",\"@graph\":[{\"@type\":\"WebPage\",\"@id\":\"https:\\\/\\\/www.salon-zenetbio.com\\\/nantes\\\/workshop-bougez-zen-2022\\\/\",\"url\":\"https:\\\/\\\/www.salon-zenetbio.com\\\/nantes\\\/workshop-bougez-zen-2022\\\/\",\"name\":\"Workshop bougez zen 2022 - Salon ZEN &amp; BIO Nantes\",\"isPartOf\":{\"@id\":\"https:\\\/\\\/www.salon-zenetbio.com\\\/nantes\\\/#website\"},\"primaryImageOfPage\":{\"@id\":\"https:\\\/\\\/www.salon-zenetbio.com\\\/nantes\\\/workshop-bougez-zen-2022\\\/#primaryimage\"},\"image\":{\"@id\":\"https:\\\/\\\/www.salon-zenetbio.com\\\/nantes\\\/workshop-bougez-zen-2022\\\/#primaryimage\"},\"thumbnailUrl\":\"https:\\\/\\\/www.salon-zenetbio.com\\\/nantes\\\/wp-content\\\/uploads\\\/sites\\\/7\\\/2019\\\/09\\\/Fotolia_45270035_Subscription_Monthly_M-e1568726347764.jpg\",\"datePublished\":\"2023-03-13T15:44:33+00:00\",\"breadcrumb\":{\"@id\":\"https:\\\/\\\/www.salon-zenetbio.com\\\/nantes\\\/workshop-bougez-zen-2022\\\/#breadcrumb\"},\"inLanguage\":\"fr-FR\",\"potentialAction\":[{\"@type\":\"ReadAction\",\"target\":[\"https:\\\/\\\/www.salon-zenetbio.com\\\/nantes\\\/workshop-bougez-zen-2022\\\/\"]}]},{\"@type\":\"ImageObject\",\"inLanguage\":\"fr-FR\",\"@id\":\"https:\\\/\\\/www.salon-zenetbio.com\\\/nantes\\\/workshop-bougez-zen-2022\\\/#primaryimage\",\"url\":\"https:\\\/\\\/www.salon-zenetbio.com\\\/nantes\\\/wp-content\\\/uploads\\\/sites\\\/7\\\/2019\\\/09\\\/Fotolia_45270035_Subscription_Monthly_M-e1568726347764.jpg\",\"contentUrl\":\"https:\\\/\\\/www.salon-zenetbio.com\\\/nantes\\\/wp-content\\\/uploads\\\/sites\\\/7\\\/2019\\\/09\\\/Fotolia_45270035_Subscription_Monthly_M-e1568726347764.jpg\",\"width\":1688,\"height\":564,\"caption\":\"Spa still life with stacked of stone,burning candle and bamboo leaf\"},{\"@type\":\"BreadcrumbList\",\"@id\":\"https:\\\/\\\/www.salon-zenetbio.com\\\/nantes\\\/workshop-bougez-zen-2022\\\/#breadcrumb\",\"itemListElement\":[{\"@type\":\"ListItem\",\"position\":1,\"name\":\"Accueil\",\"item\":\"https:\\\/\\\/www.salon-zenetbio.com\\\/nantes\\\/\"},{\"@type\":\"ListItem\",\"position\":2,\"name\":\"Workshop bougez zen 2022\"}]},{\"@type\":\"WebSite\",\"@id\":\"https:\\\/\\\/www.salon-zenetbio.com\\\/nantes\\\/#website\",\"url\":\"https:\\\/\\\/www.salon-zenetbio.com\\\/nantes\\\/\",\"name\":\"Salon ZEN &amp; BIO Nantes\",\"description\":\"salon ZEN &amp; BIO Nantes : votre salon bio, bien-\u00eatre et habitat sain\",\"publisher\":{\"@id\":\"https:\\\/\\\/www.salon-zenetbio.com\\\/nantes\\\/#organization\"},\"potentialAction\":[{\"@type\":\"SearchAction\",\"target\":{\"@type\":\"EntryPoint\",\"urlTemplate\":\"https:\\\/\\\/www.salon-zenetbio.com\\\/nantes\\\/?s={search_term_string}\"},\"query-input\":{\"@type\":\"PropertyValueSpecification\",\"valueRequired\":true,\"valueName\":\"search_term_string\"}}],\"inLanguage\":\"fr-FR\"},{\"@type\":\"Organization\",\"@id\":\"https:\\\/\\\/www.salon-zenetbio.com\\\/nantes\\\/#organization\",\"name\":\"Salon ZEN &amp; BIO Nantes\",\"url\":\"https:\\\/\\\/www.salon-zenetbio.com\\\/nantes\\\/\",\"logo\":{\"@type\":\"ImageObject\",\"inLanguage\":\"fr-FR\",\"@id\":\"https:\\\/\\\/www.salon-zenetbio.com\\\/nantes\\\/#\\\/schema\\\/logo\\\/image\\\/\",\"url\":\"https:\\\/\\\/www.salon-zenetbio.com\\\/nantes\\\/wp-content\\\/uploads\\\/sites\\\/7\\\/2026\\\/03\\\/cropped-Logo-ZEN-et-BIO-nantes-2026.png\",\"contentUrl\":\"https:\\\/\\\/www.salon-zenetbio.com\\\/nantes\\\/wp-content\\\/uploads\\\/sites\\\/7\\\/2026\\\/03\\\/cropped-Logo-ZEN-et-BIO-nantes-2026.png\",\"width\":921,\"height\":255,\"caption\":\"Salon ZEN &amp; BIO Nantes\"},\"image\":{\"@id\":\"https:\\\/\\\/www.salon-zenetbio.com\\\/nantes\\\/#\\\/schema\\\/logo\\\/image\\\/\"}}]}<\/script>\n<!-- \/ Yoast SEO plugin. -->","yoast_head_json":{"title":"Workshop bougez zen 2022 - Salon ZEN &amp; BIO Nantes","robots":{"index":"index","follow":"follow","max-snippet":"max-snippet:-1","max-image-preview":"max-image-preview:large","max-video-preview":"max-video-preview:-1"},"canonical":"https:\/\/www.salon-zenetbio.com\/nantes\/workshop-bougez-zen-2022\/","og_locale":"fr_FR","og_type":"article","og_title":"Workshop bougez zen 2022 - Salon ZEN &amp; BIO Nantes","og_description":"Afin que vous puissiez d\u00e9couvrir une technique ou l\u2019approfondir, seront propos\u00e9s durant 3 jours : des cours de yoga de l\u2019\u00e9nergie, kundalini yoga, pilate, yoga tib\u00e9tain, yangshen, Qi Gong ou encore Tai chi chuan, d\u2019une dur\u00e9e de 1h \u00e0 1h30 toute la journ\u00e9e (soit une quinzaine de cours pendant toute la dur\u00e9e du salon). Salle&hellip;","og_url":"https:\/\/www.salon-zenetbio.com\/nantes\/workshop-bougez-zen-2022\/","og_site_name":"Salon ZEN &amp; BIO Nantes","og_image":[{"url":"https:\/\/www.salon-zenetbio.com\/nantes\/wp-content\/uploads\/sites\/7\/2019\/09\/Fotolia_45270035_Subscription_Monthly_M-e1568726347764.jpg","type":"","width":"","height":""}],"twitter_card":"summary_large_image","twitter_misc":{"Dur\u00e9e de lecture estim\u00e9e":"1 minute"},"schema":{"@context":"https:\/\/schema.org","@graph":[{"@type":"WebPage","@id":"https:\/\/www.salon-zenetbio.com\/nantes\/workshop-bougez-zen-2022\/","url":"https:\/\/www.salon-zenetbio.com\/nantes\/workshop-bougez-zen-2022\/","name":"Workshop bougez zen 2022 - Salon ZEN &amp; BIO Nantes","isPartOf":{"@id":"https:\/\/www.salon-zenetbio.com\/nantes\/#website"},"primaryImageOfPage":{"@id":"https:\/\/www.salon-zenetbio.com\/nantes\/workshop-bougez-zen-2022\/#primaryimage"},"image":{"@id":"https:\/\/www.salon-zenetbio.com\/nantes\/workshop-bougez-zen-2022\/#primaryimage"},"thumbnailUrl":"https:\/\/www.salon-zenetbio.com\/nantes\/wp-content\/uploads\/sites\/7\/2019\/09\/Fotolia_45270035_Subscription_Monthly_M-e1568726347764.jpg","datePublished":"2023-03-13T15:44:33+00:00","breadcrumb":{"@id":"https:\/\/www.salon-zenetbio.com\/nantes\/workshop-bougez-zen-2022\/#breadcrumb"},"inLanguage":"fr-FR","potentialAction":[{"@type":"ReadAction","target":["https:\/\/www.salon-zenetbio.com\/nantes\/workshop-bougez-zen-2022\/"]}]},{"@type":"ImageObject","inLanguage":"fr-FR","@id":"https:\/\/www.salon-zenetbio.com\/nantes\/workshop-bougez-zen-2022\/#primaryimage","url":"https:\/\/www.salon-zenetbio.com\/nantes\/wp-content\/uploads\/sites\/7\/2019\/09\/Fotolia_45270035_Subscription_Monthly_M-e1568726347764.jpg","contentUrl":"https:\/\/www.salon-zenetbio.com\/nantes\/wp-content\/uploads\/sites\/7\/2019\/09\/Fotolia_45270035_Subscription_Monthly_M-e1568726347764.jpg","width":1688,"height":564,"caption":"Spa still life with stacked of stone,burning candle and bamboo leaf"},{"@type":"BreadcrumbList","@id":"https:\/\/www.salon-zenetbio.com\/nantes\/workshop-bougez-zen-2022\/#breadcrumb","itemListElement":[{"@type":"ListItem","position":1,"name":"Accueil","item":"https:\/\/www.salon-zenetbio.com\/nantes\/"},{"@type":"ListItem","position":2,"name":"Workshop bougez zen 2022"}]},{"@type":"WebSite","@id":"https:\/\/www.salon-zenetbio.com\/nantes\/#website","url":"https:\/\/www.salon-zenetbio.com\/nantes\/","name":"Salon ZEN &amp; BIO Nantes","description":"salon ZEN &amp; BIO Nantes : votre salon bio, bien-\u00eatre et habitat sain","publisher":{"@id":"https:\/\/www.salon-zenetbio.com\/nantes\/#organization"},"potentialAction":[{"@type":"SearchAction","target":{"@type":"EntryPoint","urlTemplate":"https:\/\/www.salon-zenetbio.com\/nantes\/?s={search_term_string}"},"query-input":{"@type":"PropertyValueSpecification","valueRequired":true,"valueName":"search_term_string"}}],"inLanguage":"fr-FR"},{"@type":"Organization","@id":"https:\/\/www.salon-zenetbio.com\/nantes\/#organization","name":"Salon ZEN &amp; BIO Nantes","url":"https:\/\/www.salon-zenetbio.com\/nantes\/","logo":{"@type":"ImageObject","inLanguage":"fr-FR","@id":"https:\/\/www.salon-zenetbio.com\/nantes\/#\/schema\/logo\/image\/","url":"https:\/\/www.salon-zenetbio.com\/nantes\/wp-content\/uploads\/sites\/7\/2026\/03\/cropped-Logo-ZEN-et-BIO-nantes-2026.png","contentUrl":"https:\/\/www.salon-zenetbio.com\/nantes\/wp-content\/uploads\/sites\/7\/2026\/03\/cropped-Logo-ZEN-et-BIO-nantes-2026.png","width":921,"height":255,"caption":"Salon ZEN &amp; BIO Nantes"},"image":{"@id":"https:\/\/www.salon-zenetbio.com\/nantes\/#\/schema\/logo\/image\/"}}]}},"_links":{"self":[{"href":"https:\/\/www.salon-zenetbio.com\/nantes\/wp-json\/wp\/v2\/pages\/13704","targetHints":{"allow":["GET"]}}],"collection":[{"href":"https:\/\/www.salon-zenetbio.com\/nantes\/wp-json\/wp\/v2\/pages"}],"about":[{"href":"https:\/\/www.salon-zenetbio.com\/nantes\/wp-json\/wp\/v2\/types\/page"}],"author":[{"embeddable":true,"href":"https:\/\/www.salon-zenetbio.com\/nantes\/wp-json\/wp\/v2\/users\/8"}],"replies":[{"embeddable":true,"href":"https:\/\/www.salon-zenetbio.com\/nantes\/wp-json\/wp\/v2\/comments?post=13704"}],"version-history":[{"count":1,"href":"https:\/\/www.salon-zenetbio.com\/nantes\/wp-json\/wp\/v2\/pages\/13704\/revisions"}],"predecessor-version":[{"id":13705,"href":"https:\/\/www.salon-zenetbio.com\/nantes\/wp-json\/wp\/v2\/pages\/13704\/revisions\/13705"}],"wp:attachment":[{"href":"https:\/\/www.salon-zenetbio.com\/nantes\/wp-json\/wp\/v2\/media?parent=13704"}],"curies":[{"name":"wp","href":"https:\/\/api.w.org\/{rel}","templated":true}]}}