{"id":15159,"date":"2024-03-18T15:43:42","date_gmt":"2024-03-18T14:43:42","guid":{"rendered":"https:\/\/www.salon-zenetbio.com\/nantes\/?page_id=15159"},"modified":"2024-03-18T15:43:42","modified_gmt":"2024-03-18T14:43:42","slug":"ateliers-bien-etre-2023","status":"publish","type":"page","link":"https:\/\/www.salon-zenetbio.com\/nantes\/ateliers-bien-etre-2023\/","title":{"rendered":"Ateliers bien-\u00eatre 2023"},"content":{"rendered":"<p><img fetchpriority=\"high\" decoding=\"async\" class=\"alignnone wp-image-8419 size-full\" src=\"https:\/\/www.salon-zenetbio.com\/nantes\/wp-content\/uploads\/sites\/7\/2019\/09\/form-w0YIvob3LlI-unsplash-e1568725982368.jpg\" alt=\"\" width=\"696\" height=\"311\" srcset=\"https:\/\/www.salon-zenetbio.com\/nantes\/wp-content\/uploads\/sites\/7\/2019\/09\/form-w0YIvob3LlI-unsplash-e1568725982368.jpg 696w, https:\/\/www.salon-zenetbio.com\/nantes\/wp-content\/uploads\/sites\/7\/2019\/09\/form-w0YIvob3LlI-unsplash-e1568725982368-300x134.jpg 300w, https:\/\/www.salon-zenetbio.com\/nantes\/wp-content\/uploads\/sites\/7\/2019\/09\/form-w0YIvob3LlI-unsplash-e1568725982368-150x67.jpg 150w, https:\/\/www.salon-zenetbio.com\/nantes\/wp-content\/uploads\/sites\/7\/2019\/09\/form-w0YIvob3LlI-unsplash-e1568725982368-500x223.jpg 500w\" sizes=\"(max-width: 696px) 100vw, 696px\" \/><\/p>\n<p>Pour exp\u00e9rimenter des nouvelles pratiques de d\u00e9veloppement personnel, dialoguer avec des praticiens, apprendre \u00e0 se recentrer\u2026<\/p>\n<p><strong><span style=\"color: #ff2f92;\"> Salle TRENTEMOULT<\/span><\/strong><\/p>\n<h2>Vendredi 13 octobre<\/h2>\n<p><span style=\"color: #ff2f92;\"><strong>11:00<\/strong><\/span> La num\u00e9rologie de la chrysalide &#8211; M\u00e9thode r\u00e9volutionnaire <em><strong>&#8211; Eric Plu<br \/>\n<\/strong><\/em><strong><span style=\"color: #ff2f92;\">12:00<\/span> <\/strong>Les bols tib\u00e9tains histoire et tradition<em><strong> &#8211; Alain Metraux<\/strong><\/em><br \/>\n<span style=\"color: #ff2f92;\"><strong>13:00<\/strong><\/span> Soin collectif et m\u00e9ditation C\u0153ur Cristal <em><strong>&#8211; Christelle Tafanel<\/strong><\/em><br \/>\n<span style=\"color: #ff2f92;\"><strong>14:00<\/strong><\/span> Les cl\u00e9s de la sant\u00e9 : l\u2019\u00e9quilibre des 2 cerveaux : microbiote et neurom\u00e9diateur, psychologie et \u00e9quilibrage hormonal <em><strong>&#8211; Julie Girardin<\/strong><\/em><br \/>\n<span style=\"color: #ff2f92;\"><strong>15:00<\/strong> <span style=\"color: #000000;\">L<\/span><\/span>ifting naturel gr\u00e2ce \u00e0 la m\u00e9thode chinoise<em> <strong>&#8211; Josianne Laure<\/strong><\/em><br \/>\n<span style=\"color: #ff2f92;\"><strong>16:00<\/strong><\/span> Harmonie des 3 cerveaux <em><strong>&#8211; Sylvain Belanger<\/strong><\/em><br \/>\n<span style=\"color: #ff2f92;\"><strong>17:00<\/strong><\/span> Percevoir l&rsquo;aura <em><strong>&#8211; Pierre Griffoin<\/strong><\/em><br \/>\n<span style=\"color: #ff2f92;\"><strong>18:00<\/strong><\/span> Restons chelous <em><strong>&#8211; El\u00e9onore de Lardemelle<\/strong><\/em><\/p>\n<h2>Samedi 14 octobre<\/h2>\n<p><span style=\"color: #ff2f92;\"><strong>11:00<\/strong><\/span> Les 4 piliers de la minceur \u00e0 activer simultan\u00e9ment pour garantir le succ\u00e8s : l\u2019hypnose, la r\u00e9gulation des neurom\u00e9diateurs, la psychologie du poids et l\u2019\u00e9quilibre hormonal <em><strong>&#8211; Julie Girardin<\/strong><\/em><br \/>\n<span style=\"color: #ff2f92;\"><strong>12:00<\/strong><\/span> Dressing \u00e9thique : changer sa fa\u00e7on de consommer et de s&rsquo;habiller ! <em><strong>&#8211; Karen Brossard<\/strong><\/em><br \/>\n<span style=\"color: #ff2f92;\"><strong>13:00<\/strong><\/span> Soulagez votre corps en parlant \u00e0 vos cellules <em><strong>&#8211; Jean-Pierre Chamodot<\/strong><\/em><br \/>\n<span style=\"color: #ff2f92;\"><strong>14:00<\/strong><\/span> Lib\u00e9rez votre plein potentiel gr\u00e2ce \u00e0 la th\u00e9rapie symbolique et l&rsquo;hypnose : Le Voyage du H\u00e9ros. Le chemin initiatique de la connaissance de soi et de l\u2019ouverture du c\u0153ur <em><strong>&#8211; H\u00e9l\u00e8ne Girardin<\/strong><\/em><br \/>\n<span style=\"color: #ff2f92;\"><strong>15:00<\/strong><\/span> Contrat sacr\u00e9 pour favoriser le changement <em><strong>&#8211; Sylvain Belanger<\/strong><\/em><br \/>\n<span style=\"color: #ff2f92;\"><strong>16:00<\/strong><\/span> Relaxation hypnotique <em><strong>&#8211; St\u00e9phane Idier<\/strong><\/em><br \/>\n<span style=\"color: #ff2f92;\"><strong>17:00<\/strong><\/span> D\u00e9couverte du Shiastsu (2h) <em><strong>&#8211; Xavier Porter-Ladousse<\/strong><\/em><\/p>\n<h2>Dimanche 15 octobre<\/h2>\n<p><span style=\"color: #ff2f92;\"><strong>11:00<\/strong><\/span> Lib\u00e9rez votre plein potentiel gr\u00e2ce \u00e0 la th\u00e9rapie symbolique et l&rsquo;hypnose : Le Voyage du H\u00e9ros. Le chemin initiatique de la connaissance de soi et de l\u2019ouverture du c\u0153ur <em><strong>&#8211; H\u00e9l\u00e8ne Girardin<\/strong><\/em><br \/>\n<span style=\"color: #ff2f92;\"><strong>12:00<\/strong><\/span> Relaxation hypnotique<em><strong> &#8211; St\u00e9phane Idier<\/strong><\/em><br \/>\n<span style=\"color: #ff2f92;\"><strong>13:00<\/strong><\/span> Concert sardine <em><strong>&#8211; El\u00e9onore de Lardemelle<\/strong><\/em><br \/>\n<span style=\"color: #ff2f92;\"><strong>14:00<\/strong> <\/span>Bien chez soi : et si le d\u00e9sordre avait un impact sur mon bien-\u00eatre ? <em><strong>&#8211; Karen Brossard<\/strong><\/em><br \/>\n<span style=\"color: #ff2f92;\"><strong>14:00<\/strong><\/span> Voyages chamaniques (cour ext\u00e9rieure &#8211; selon m\u00e9t\u00e9o) <em><strong>&#8211; Karine Laillier<\/strong><\/em><br \/>\n<span style=\"color: #ff2f92;\"><strong>15:00<\/strong><\/span> Intuition et coh\u00e9rence cardiaque <em><strong>&#8211; Sylvain Belanger<\/strong><\/em><br \/>\n<span style=\"color: #ff2f92;\"><strong>16:00<\/strong><\/span> Restons chelous <em><strong>&#8211; El\u00e9onore de Lardemelle<br \/>\n<\/strong><\/em><strong><span style=\"color: #ff2f92;\">17:00<\/span><\/strong> Les bols de cristal <em><strong>&#8211; Alain Metraux<br \/>\n<\/strong><\/em><\/p>\n","protected":false},"excerpt":{"rendered":"<p>Pour exp\u00e9rimenter des nouvelles pratiques de d\u00e9veloppement personnel, dialoguer avec des praticiens, apprendre \u00e0 se recentrer\u2026 Salle TRENTEMOULT Vendredi 13 octobre 11:00 La num\u00e9rologie de la chrysalide &#8211; M\u00e9thode r\u00e9volutionnaire &#8211; Eric Plu 12:00 Les bols tib\u00e9tains histoire et tradition &#8211; Alain Metraux 13:00 Soin collectif et m\u00e9ditation C\u0153ur Cristal &#8211; Christelle Tafanel 14:00 Les&hellip; <\/p>\n","protected":false},"author":6,"featured_media":0,"parent":0,"menu_order":0,"comment_status":"closed","ping_status":"closed","template":"","meta":{"_monsterinsights_skip_tracking":false,"_monsterinsights_sitenote_active":false,"_monsterinsights_sitenote_note":"","_monsterinsights_sitenote_category":0,"footnotes":""},"class_list":["post-15159","page","type-page","status-publish","hentry"],"yoast_head":"<!-- This site is optimized with the Yoast SEO plugin v27.3 - https:\/\/yoast.com\/product\/yoast-seo-wordpress\/ -->\n<title>Ateliers bien-\u00eatre 2023 - Salon ZEN &amp; BIO Nantes<\/title>\n<meta name=\"robots\" content=\"index, follow, max-snippet:-1, max-image-preview:large, max-video-preview:-1\" \/>\n<link rel=\"canonical\" href=\"https:\/\/www.salon-zenetbio.com\/nantes\/ateliers-bien-etre-2023\/\" \/>\n<meta property=\"og:locale\" content=\"fr_FR\" \/>\n<meta property=\"og:type\" content=\"article\" \/>\n<meta property=\"og:title\" content=\"Ateliers bien-\u00eatre 2023 - Salon ZEN &amp; BIO Nantes\" \/>\n<meta property=\"og:description\" content=\"Pour exp\u00e9rimenter des nouvelles pratiques de d\u00e9veloppement personnel, dialoguer avec des praticiens, apprendre \u00e0 se recentrer\u2026 Salle TRENTEMOULT Vendredi 13 octobre 11:00 La num\u00e9rologie de la chrysalide &#8211; M\u00e9thode r\u00e9volutionnaire &#8211; Eric Plu 12:00 Les bols tib\u00e9tains histoire et tradition &#8211; Alain Metraux 13:00 Soin collectif et m\u00e9ditation C\u0153ur Cristal &#8211; Christelle Tafanel 14:00 Les&hellip;\" \/>\n<meta property=\"og:url\" content=\"https:\/\/www.salon-zenetbio.com\/nantes\/ateliers-bien-etre-2023\/\" \/>\n<meta property=\"og:site_name\" content=\"Salon ZEN &amp; BIO Nantes\" \/>\n<meta property=\"og:image\" content=\"https:\/\/www.salon-zenetbio.com\/nantes\/wp-content\/uploads\/sites\/7\/2019\/09\/form-w0YIvob3LlI-unsplash-e1568725982368.jpg\" \/>\n<meta name=\"twitter:card\" content=\"summary_large_image\" \/>\n<meta name=\"twitter:label1\" content=\"Dur\u00e9e de lecture estim\u00e9e\" \/>\n\t<meta name=\"twitter:data1\" content=\"2 minutes\" \/>\n<script type=\"application\/ld+json\" class=\"yoast-schema-graph\">{\"@context\":\"https:\\\/\\\/schema.org\",\"@graph\":[{\"@type\":\"WebPage\",\"@id\":\"https:\\\/\\\/www.salon-zenetbio.com\\\/nantes\\\/ateliers-bien-etre-2023\\\/\",\"url\":\"https:\\\/\\\/www.salon-zenetbio.com\\\/nantes\\\/ateliers-bien-etre-2023\\\/\",\"name\":\"Ateliers bien-\u00eatre 2023 - Salon ZEN &amp; BIO Nantes\",\"isPartOf\":{\"@id\":\"https:\\\/\\\/www.salon-zenetbio.com\\\/nantes\\\/#website\"},\"primaryImageOfPage\":{\"@id\":\"https:\\\/\\\/www.salon-zenetbio.com\\\/nantes\\\/ateliers-bien-etre-2023\\\/#primaryimage\"},\"image\":{\"@id\":\"https:\\\/\\\/www.salon-zenetbio.com\\\/nantes\\\/ateliers-bien-etre-2023\\\/#primaryimage\"},\"thumbnailUrl\":\"https:\\\/\\\/www.salon-zenetbio.com\\\/nantes\\\/wp-content\\\/uploads\\\/sites\\\/7\\\/2019\\\/09\\\/form-w0YIvob3LlI-unsplash-e1568725982368.jpg\",\"datePublished\":\"2024-03-18T14:43:42+00:00\",\"breadcrumb\":{\"@id\":\"https:\\\/\\\/www.salon-zenetbio.com\\\/nantes\\\/ateliers-bien-etre-2023\\\/#breadcrumb\"},\"inLanguage\":\"fr-FR\",\"potentialAction\":[{\"@type\":\"ReadAction\",\"target\":[\"https:\\\/\\\/www.salon-zenetbio.com\\\/nantes\\\/ateliers-bien-etre-2023\\\/\"]}]},{\"@type\":\"ImageObject\",\"inLanguage\":\"fr-FR\",\"@id\":\"https:\\\/\\\/www.salon-zenetbio.com\\\/nantes\\\/ateliers-bien-etre-2023\\\/#primaryimage\",\"url\":\"https:\\\/\\\/www.salon-zenetbio.com\\\/nantes\\\/wp-content\\\/uploads\\\/sites\\\/7\\\/2019\\\/09\\\/form-w0YIvob3LlI-unsplash-e1568725982368.jpg\",\"contentUrl\":\"https:\\\/\\\/www.salon-zenetbio.com\\\/nantes\\\/wp-content\\\/uploads\\\/sites\\\/7\\\/2019\\\/09\\\/form-w0YIvob3LlI-unsplash-e1568725982368.jpg\",\"width\":696,\"height\":311},{\"@type\":\"BreadcrumbList\",\"@id\":\"https:\\\/\\\/www.salon-zenetbio.com\\\/nantes\\\/ateliers-bien-etre-2023\\\/#breadcrumb\",\"itemListElement\":[{\"@type\":\"ListItem\",\"position\":1,\"name\":\"Accueil\",\"item\":\"https:\\\/\\\/www.salon-zenetbio.com\\\/nantes\\\/\"},{\"@type\":\"ListItem\",\"position\":2,\"name\":\"Ateliers bien-\u00eatre 2023\"}]},{\"@type\":\"WebSite\",\"@id\":\"https:\\\/\\\/www.salon-zenetbio.com\\\/nantes\\\/#website\",\"url\":\"https:\\\/\\\/www.salon-zenetbio.com\\\/nantes\\\/\",\"name\":\"Salon ZEN &amp; BIO Nantes\",\"description\":\"salon ZEN &amp; BIO Nantes : votre salon bio, bien-\u00eatre et habitat sain\",\"publisher\":{\"@id\":\"https:\\\/\\\/www.salon-zenetbio.com\\\/nantes\\\/#organization\"},\"potentialAction\":[{\"@type\":\"SearchAction\",\"target\":{\"@type\":\"EntryPoint\",\"urlTemplate\":\"https:\\\/\\\/www.salon-zenetbio.com\\\/nantes\\\/?s={search_term_string}\"},\"query-input\":{\"@type\":\"PropertyValueSpecification\",\"valueRequired\":true,\"valueName\":\"search_term_string\"}}],\"inLanguage\":\"fr-FR\"},{\"@type\":\"Organization\",\"@id\":\"https:\\\/\\\/www.salon-zenetbio.com\\\/nantes\\\/#organization\",\"name\":\"Salon ZEN &amp; BIO Nantes\",\"url\":\"https:\\\/\\\/www.salon-zenetbio.com\\\/nantes\\\/\",\"logo\":{\"@type\":\"ImageObject\",\"inLanguage\":\"fr-FR\",\"@id\":\"https:\\\/\\\/www.salon-zenetbio.com\\\/nantes\\\/#\\\/schema\\\/logo\\\/image\\\/\",\"url\":\"https:\\\/\\\/www.salon-zenetbio.com\\\/nantes\\\/wp-content\\\/uploads\\\/sites\\\/7\\\/2026\\\/03\\\/cropped-Logo-ZEN-et-BIO-nantes-2026.png\",\"contentUrl\":\"https:\\\/\\\/www.salon-zenetbio.com\\\/nantes\\\/wp-content\\\/uploads\\\/sites\\\/7\\\/2026\\\/03\\\/cropped-Logo-ZEN-et-BIO-nantes-2026.png\",\"width\":921,\"height\":255,\"caption\":\"Salon ZEN &amp; BIO Nantes\"},\"image\":{\"@id\":\"https:\\\/\\\/www.salon-zenetbio.com\\\/nantes\\\/#\\\/schema\\\/logo\\\/image\\\/\"}}]}<\/script>\n<!-- \/ Yoast SEO plugin. -->","yoast_head_json":{"title":"Ateliers bien-\u00eatre 2023 - Salon ZEN &amp; BIO Nantes","robots":{"index":"index","follow":"follow","max-snippet":"max-snippet:-1","max-image-preview":"max-image-preview:large","max-video-preview":"max-video-preview:-1"},"canonical":"https:\/\/www.salon-zenetbio.com\/nantes\/ateliers-bien-etre-2023\/","og_locale":"fr_FR","og_type":"article","og_title":"Ateliers bien-\u00eatre 2023 - Salon ZEN &amp; BIO Nantes","og_description":"Pour exp\u00e9rimenter des nouvelles pratiques de d\u00e9veloppement personnel, dialoguer avec des praticiens, apprendre \u00e0 se recentrer\u2026 Salle TRENTEMOULT Vendredi 13 octobre 11:00 La num\u00e9rologie de la chrysalide &#8211; M\u00e9thode r\u00e9volutionnaire &#8211; Eric Plu 12:00 Les bols tib\u00e9tains histoire et tradition &#8211; Alain Metraux 13:00 Soin collectif et m\u00e9ditation C\u0153ur Cristal &#8211; Christelle Tafanel 14:00 Les&hellip;","og_url":"https:\/\/www.salon-zenetbio.com\/nantes\/ateliers-bien-etre-2023\/","og_site_name":"Salon ZEN &amp; BIO Nantes","og_image":[{"url":"https:\/\/www.salon-zenetbio.com\/nantes\/wp-content\/uploads\/sites\/7\/2019\/09\/form-w0YIvob3LlI-unsplash-e1568725982368.jpg","type":"","width":"","height":""}],"twitter_card":"summary_large_image","twitter_misc":{"Dur\u00e9e de lecture estim\u00e9e":"2 minutes"},"schema":{"@context":"https:\/\/schema.org","@graph":[{"@type":"WebPage","@id":"https:\/\/www.salon-zenetbio.com\/nantes\/ateliers-bien-etre-2023\/","url":"https:\/\/www.salon-zenetbio.com\/nantes\/ateliers-bien-etre-2023\/","name":"Ateliers bien-\u00eatre 2023 - Salon ZEN &amp; BIO Nantes","isPartOf":{"@id":"https:\/\/www.salon-zenetbio.com\/nantes\/#website"},"primaryImageOfPage":{"@id":"https:\/\/www.salon-zenetbio.com\/nantes\/ateliers-bien-etre-2023\/#primaryimage"},"image":{"@id":"https:\/\/www.salon-zenetbio.com\/nantes\/ateliers-bien-etre-2023\/#primaryimage"},"thumbnailUrl":"https:\/\/www.salon-zenetbio.com\/nantes\/wp-content\/uploads\/sites\/7\/2019\/09\/form-w0YIvob3LlI-unsplash-e1568725982368.jpg","datePublished":"2024-03-18T14:43:42+00:00","breadcrumb":{"@id":"https:\/\/www.salon-zenetbio.com\/nantes\/ateliers-bien-etre-2023\/#breadcrumb"},"inLanguage":"fr-FR","potentialAction":[{"@type":"ReadAction","target":["https:\/\/www.salon-zenetbio.com\/nantes\/ateliers-bien-etre-2023\/"]}]},{"@type":"ImageObject","inLanguage":"fr-FR","@id":"https:\/\/www.salon-zenetbio.com\/nantes\/ateliers-bien-etre-2023\/#primaryimage","url":"https:\/\/www.salon-zenetbio.com\/nantes\/wp-content\/uploads\/sites\/7\/2019\/09\/form-w0YIvob3LlI-unsplash-e1568725982368.jpg","contentUrl":"https:\/\/www.salon-zenetbio.com\/nantes\/wp-content\/uploads\/sites\/7\/2019\/09\/form-w0YIvob3LlI-unsplash-e1568725982368.jpg","width":696,"height":311},{"@type":"BreadcrumbList","@id":"https:\/\/www.salon-zenetbio.com\/nantes\/ateliers-bien-etre-2023\/#breadcrumb","itemListElement":[{"@type":"ListItem","position":1,"name":"Accueil","item":"https:\/\/www.salon-zenetbio.com\/nantes\/"},{"@type":"ListItem","position":2,"name":"Ateliers bien-\u00eatre 2023"}]},{"@type":"WebSite","@id":"https:\/\/www.salon-zenetbio.com\/nantes\/#website","url":"https:\/\/www.salon-zenetbio.com\/nantes\/","name":"Salon ZEN &amp; BIO Nantes","description":"salon ZEN &amp; BIO Nantes : votre salon bio, bien-\u00eatre et habitat sain","publisher":{"@id":"https:\/\/www.salon-zenetbio.com\/nantes\/#organization"},"potentialAction":[{"@type":"SearchAction","target":{"@type":"EntryPoint","urlTemplate":"https:\/\/www.salon-zenetbio.com\/nantes\/?s={search_term_string}"},"query-input":{"@type":"PropertyValueSpecification","valueRequired":true,"valueName":"search_term_string"}}],"inLanguage":"fr-FR"},{"@type":"Organization","@id":"https:\/\/www.salon-zenetbio.com\/nantes\/#organization","name":"Salon ZEN &amp; BIO Nantes","url":"https:\/\/www.salon-zenetbio.com\/nantes\/","logo":{"@type":"ImageObject","inLanguage":"fr-FR","@id":"https:\/\/www.salon-zenetbio.com\/nantes\/#\/schema\/logo\/image\/","url":"https:\/\/www.salon-zenetbio.com\/nantes\/wp-content\/uploads\/sites\/7\/2026\/03\/cropped-Logo-ZEN-et-BIO-nantes-2026.png","contentUrl":"https:\/\/www.salon-zenetbio.com\/nantes\/wp-content\/uploads\/sites\/7\/2026\/03\/cropped-Logo-ZEN-et-BIO-nantes-2026.png","width":921,"height":255,"caption":"Salon ZEN &amp; BIO Nantes"},"image":{"@id":"https:\/\/www.salon-zenetbio.com\/nantes\/#\/schema\/logo\/image\/"}}]}},"_links":{"self":[{"href":"https:\/\/www.salon-zenetbio.com\/nantes\/wp-json\/wp\/v2\/pages\/15159","targetHints":{"allow":["GET"]}}],"collection":[{"href":"https:\/\/www.salon-zenetbio.com\/nantes\/wp-json\/wp\/v2\/pages"}],"about":[{"href":"https:\/\/www.salon-zenetbio.com\/nantes\/wp-json\/wp\/v2\/types\/page"}],"author":[{"embeddable":true,"href":"https:\/\/www.salon-zenetbio.com\/nantes\/wp-json\/wp\/v2\/users\/6"}],"replies":[{"embeddable":true,"href":"https:\/\/www.salon-zenetbio.com\/nantes\/wp-json\/wp\/v2\/comments?post=15159"}],"version-history":[{"count":1,"href":"https:\/\/www.salon-zenetbio.com\/nantes\/wp-json\/wp\/v2\/pages\/15159\/revisions"}],"predecessor-version":[{"id":15160,"href":"https:\/\/www.salon-zenetbio.com\/nantes\/wp-json\/wp\/v2\/pages\/15159\/revisions\/15160"}],"wp:attachment":[{"href":"https:\/\/www.salon-zenetbio.com\/nantes\/wp-json\/wp\/v2\/media?parent=15159"}],"curies":[{"name":"wp","href":"https:\/\/api.w.org\/{rel}","templated":true}]}}