{"id":15272,"date":"2024-06-07T12:55:00","date_gmt":"2024-06-07T10:55:00","guid":{"rendered":"https:\/\/www.salon-zenetbio.com\/nantes\/?page_id=15272"},"modified":"2025-07-10T11:42:57","modified_gmt":"2025-07-10T09:42:57","slug":"la-cour-des-grands","status":"publish","type":"page","link":"https:\/\/www.salon-zenetbio.com\/nantes\/la-cour-des-grands\/","title":{"rendered":"La Cour Des Grands"},"content":{"rendered":"<p>&nbsp;<\/p>\n<p><img decoding=\"async\" class=\"size-medium wp-image-17429 aligncenter\" src=\"https:\/\/www.salon-zenetbio.com\/nantes\/wp-content\/uploads\/sites\/7\/2025\/07\/images-300x114.png\" alt=\"\" width=\"300\" height=\"114\" srcset=\"https:\/\/www.salon-zenetbio.com\/nantes\/wp-content\/uploads\/sites\/7\/2025\/07\/images-300x114.png 300w, https:\/\/www.salon-zenetbio.com\/nantes\/wp-content\/uploads\/sites\/7\/2025\/07\/images-150x57.png 150w, https:\/\/www.salon-zenetbio.com\/nantes\/wp-content\/uploads\/sites\/7\/2025\/07\/images.png 364w\" sizes=\"(max-width: 300px) 100vw, 300px\" \/><\/p>\n<p>&nbsp;<\/p>\n<p>La Cour Des Grands, votre partenaire innovant en publicit\u00e9 \u00e0 v\u00e9lo, d\u00e9di\u00e9 \u00e0 transformer les espaces urbains en plateformes dynamiques de communication. Fond\u00e9e \u00e0 Strasbourg, notre entreprise est pionni\u00e8re dans l&rsquo;int\u00e9gration de solutions publicitaires \u00e9cologiques avec la cyclo-logistique, offrant une visibilit\u00e9 sans pr\u00e9c\u00e9dent tout en r\u00e9duisant l&#8217;empreinte carbone.<\/p>\n<p>Chez La Cour Des Grands, nous croyons en une approche qui respecte \u00e0 la fois l&rsquo;environnement et les besoins de nos clients. Nous proposons des campagnes publicitaires mobiles sur des v\u00e9los et remorques sp\u00e9cialement con\u00e7us, qui captent l&rsquo;attention dans des zones \u00e0 forte affluence, telles que les centres-villes. Nos solutions sur mesure garantissent que chaque campagne est non seulement visible, mais \u00e9galement m\u00e9morable.<\/p>\n<p>Notre mission est de soutenir la croissance des entreprises tout en contribuant \u00e0 la cr\u00e9ation de villes plus vertes et plus agr\u00e9ables \u00e0 vivre. Gr\u00e2ce \u00e0 des partenariats strat\u00e9giques, La Cour Des Grands est \u00e0 l&rsquo;avant-garde de la publicit\u00e9 ext\u00e9rieure.<\/p>\n<p>Visiter le\u00a0<a href=\"https:\/\/www.lcdg.club\/\" target=\"_blank\" rel=\"noopener\">site internet<\/a><\/p>\n","protected":false},"excerpt":{"rendered":"<p>&nbsp; &nbsp; La Cour Des Grands, votre partenaire innovant en publicit\u00e9 \u00e0 v\u00e9lo, d\u00e9di\u00e9 \u00e0 transformer les espaces urbains en plateformes dynamiques de communication. Fond\u00e9e \u00e0 Strasbourg, notre entreprise est pionni\u00e8re dans l&rsquo;int\u00e9gration de solutions publicitaires \u00e9cologiques avec la cyclo-logistique, offrant une visibilit\u00e9 sans pr\u00e9c\u00e9dent tout en r\u00e9duisant l&#8217;empreinte carbone. Chez La Cour Des Grands,&hellip; <\/p>\n","protected":false},"author":8,"featured_media":0,"parent":0,"menu_order":0,"comment_status":"closed","ping_status":"closed","template":"","meta":{"_monsterinsights_skip_tracking":false,"_monsterinsights_sitenote_active":false,"_monsterinsights_sitenote_note":"","_monsterinsights_sitenote_category":0,"footnotes":""},"class_list":["post-15272","page","type-page","status-publish","hentry"],"yoast_head":"<!-- This site is optimized with the Yoast SEO plugin v27.3 - https:\/\/yoast.com\/product\/yoast-seo-wordpress\/ -->\n<title>La Cour Des Grands - Salon ZEN &amp; BIO Nantes<\/title>\n<meta name=\"robots\" content=\"index, follow, max-snippet:-1, max-image-preview:large, max-video-preview:-1\" \/>\n<link rel=\"canonical\" href=\"https:\/\/www.salon-zenetbio.com\/nantes\/la-cour-des-grands\/\" \/>\n<meta property=\"og:locale\" content=\"fr_FR\" \/>\n<meta property=\"og:type\" content=\"article\" \/>\n<meta property=\"og:title\" content=\"La Cour Des Grands - Salon ZEN &amp; BIO Nantes\" \/>\n<meta property=\"og:description\" content=\"&nbsp; &nbsp; La Cour Des Grands, votre partenaire innovant en publicit\u00e9 \u00e0 v\u00e9lo, d\u00e9di\u00e9 \u00e0 transformer les espaces urbains en plateformes dynamiques de communication. Fond\u00e9e \u00e0 Strasbourg, notre entreprise est pionni\u00e8re dans l&rsquo;int\u00e9gration de solutions publicitaires \u00e9cologiques avec la cyclo-logistique, offrant une visibilit\u00e9 sans pr\u00e9c\u00e9dent tout en r\u00e9duisant l&#8217;empreinte carbone. Chez La Cour Des Grands,&hellip;\" \/>\n<meta property=\"og:url\" content=\"https:\/\/www.salon-zenetbio.com\/nantes\/la-cour-des-grands\/\" \/>\n<meta property=\"og:site_name\" content=\"Salon ZEN &amp; BIO Nantes\" \/>\n<meta property=\"article:modified_time\" content=\"2025-07-10T09:42:57+00:00\" \/>\n<meta property=\"og:image\" content=\"https:\/\/www.salon-zenetbio.com\/nantes\/wp-content\/uploads\/sites\/7\/2025\/07\/images-300x114.png\" \/>\n<meta name=\"twitter:card\" content=\"summary_large_image\" \/>\n<meta name=\"twitter:label1\" content=\"Dur\u00e9e de lecture estim\u00e9e\" \/>\n\t<meta name=\"twitter:data1\" content=\"1 minute\" \/>\n<script type=\"application\/ld+json\" class=\"yoast-schema-graph\">{\"@context\":\"https:\\\/\\\/schema.org\",\"@graph\":[{\"@type\":\"WebPage\",\"@id\":\"https:\\\/\\\/www.salon-zenetbio.com\\\/nantes\\\/la-cour-des-grands\\\/\",\"url\":\"https:\\\/\\\/www.salon-zenetbio.com\\\/nantes\\\/la-cour-des-grands\\\/\",\"name\":\"La Cour Des Grands - Salon ZEN &amp; BIO Nantes\",\"isPartOf\":{\"@id\":\"https:\\\/\\\/www.salon-zenetbio.com\\\/nantes\\\/#website\"},\"primaryImageOfPage\":{\"@id\":\"https:\\\/\\\/www.salon-zenetbio.com\\\/nantes\\\/la-cour-des-grands\\\/#primaryimage\"},\"image\":{\"@id\":\"https:\\\/\\\/www.salon-zenetbio.com\\\/nantes\\\/la-cour-des-grands\\\/#primaryimage\"},\"thumbnailUrl\":\"https:\\\/\\\/www.salon-zenetbio.com\\\/nantes\\\/wp-content\\\/uploads\\\/sites\\\/7\\\/2025\\\/07\\\/images-300x114.png\",\"datePublished\":\"2024-06-07T10:55:00+00:00\",\"dateModified\":\"2025-07-10T09:42:57+00:00\",\"breadcrumb\":{\"@id\":\"https:\\\/\\\/www.salon-zenetbio.com\\\/nantes\\\/la-cour-des-grands\\\/#breadcrumb\"},\"inLanguage\":\"fr-FR\",\"potentialAction\":[{\"@type\":\"ReadAction\",\"target\":[\"https:\\\/\\\/www.salon-zenetbio.com\\\/nantes\\\/la-cour-des-grands\\\/\"]}]},{\"@type\":\"ImageObject\",\"inLanguage\":\"fr-FR\",\"@id\":\"https:\\\/\\\/www.salon-zenetbio.com\\\/nantes\\\/la-cour-des-grands\\\/#primaryimage\",\"url\":\"https:\\\/\\\/www.salon-zenetbio.com\\\/nantes\\\/wp-content\\\/uploads\\\/sites\\\/7\\\/2025\\\/07\\\/images.png\",\"contentUrl\":\"https:\\\/\\\/www.salon-zenetbio.com\\\/nantes\\\/wp-content\\\/uploads\\\/sites\\\/7\\\/2025\\\/07\\\/images.png\",\"width\":364,\"height\":138},{\"@type\":\"BreadcrumbList\",\"@id\":\"https:\\\/\\\/www.salon-zenetbio.com\\\/nantes\\\/la-cour-des-grands\\\/#breadcrumb\",\"itemListElement\":[{\"@type\":\"ListItem\",\"position\":1,\"name\":\"Accueil\",\"item\":\"https:\\\/\\\/www.salon-zenetbio.com\\\/nantes\\\/\"},{\"@type\":\"ListItem\",\"position\":2,\"name\":\"La Cour Des Grands\"}]},{\"@type\":\"WebSite\",\"@id\":\"https:\\\/\\\/www.salon-zenetbio.com\\\/nantes\\\/#website\",\"url\":\"https:\\\/\\\/www.salon-zenetbio.com\\\/nantes\\\/\",\"name\":\"Salon ZEN &amp; BIO Nantes\",\"description\":\"salon ZEN &amp; BIO Nantes : votre salon bio, bien-\u00eatre et habitat sain\",\"publisher\":{\"@id\":\"https:\\\/\\\/www.salon-zenetbio.com\\\/nantes\\\/#organization\"},\"potentialAction\":[{\"@type\":\"SearchAction\",\"target\":{\"@type\":\"EntryPoint\",\"urlTemplate\":\"https:\\\/\\\/www.salon-zenetbio.com\\\/nantes\\\/?s={search_term_string}\"},\"query-input\":{\"@type\":\"PropertyValueSpecification\",\"valueRequired\":true,\"valueName\":\"search_term_string\"}}],\"inLanguage\":\"fr-FR\"},{\"@type\":\"Organization\",\"@id\":\"https:\\\/\\\/www.salon-zenetbio.com\\\/nantes\\\/#organization\",\"name\":\"Salon ZEN &amp; BIO Nantes\",\"url\":\"https:\\\/\\\/www.salon-zenetbio.com\\\/nantes\\\/\",\"logo\":{\"@type\":\"ImageObject\",\"inLanguage\":\"fr-FR\",\"@id\":\"https:\\\/\\\/www.salon-zenetbio.com\\\/nantes\\\/#\\\/schema\\\/logo\\\/image\\\/\",\"url\":\"https:\\\/\\\/www.salon-zenetbio.com\\\/nantes\\\/wp-content\\\/uploads\\\/sites\\\/7\\\/2026\\\/03\\\/cropped-Logo-ZEN-et-BIO-nantes-2026.png\",\"contentUrl\":\"https:\\\/\\\/www.salon-zenetbio.com\\\/nantes\\\/wp-content\\\/uploads\\\/sites\\\/7\\\/2026\\\/03\\\/cropped-Logo-ZEN-et-BIO-nantes-2026.png\",\"width\":921,\"height\":255,\"caption\":\"Salon ZEN &amp; BIO Nantes\"},\"image\":{\"@id\":\"https:\\\/\\\/www.salon-zenetbio.com\\\/nantes\\\/#\\\/schema\\\/logo\\\/image\\\/\"}}]}<\/script>\n<!-- \/ Yoast SEO plugin. -->","yoast_head_json":{"title":"La Cour Des Grands - Salon ZEN &amp; BIO Nantes","robots":{"index":"index","follow":"follow","max-snippet":"max-snippet:-1","max-image-preview":"max-image-preview:large","max-video-preview":"max-video-preview:-1"},"canonical":"https:\/\/www.salon-zenetbio.com\/nantes\/la-cour-des-grands\/","og_locale":"fr_FR","og_type":"article","og_title":"La Cour Des Grands - Salon ZEN &amp; BIO Nantes","og_description":"&nbsp; &nbsp; La Cour Des Grands, votre partenaire innovant en publicit\u00e9 \u00e0 v\u00e9lo, d\u00e9di\u00e9 \u00e0 transformer les espaces urbains en plateformes dynamiques de communication. Fond\u00e9e \u00e0 Strasbourg, notre entreprise est pionni\u00e8re dans l&rsquo;int\u00e9gration de solutions publicitaires \u00e9cologiques avec la cyclo-logistique, offrant une visibilit\u00e9 sans pr\u00e9c\u00e9dent tout en r\u00e9duisant l&#8217;empreinte carbone. Chez La Cour Des Grands,&hellip;","og_url":"https:\/\/www.salon-zenetbio.com\/nantes\/la-cour-des-grands\/","og_site_name":"Salon ZEN &amp; BIO Nantes","article_modified_time":"2025-07-10T09:42:57+00:00","og_image":[{"url":"https:\/\/www.salon-zenetbio.com\/nantes\/wp-content\/uploads\/sites\/7\/2025\/07\/images-300x114.png","type":"","width":"","height":""}],"twitter_card":"summary_large_image","twitter_misc":{"Dur\u00e9e de lecture estim\u00e9e":"1 minute"},"schema":{"@context":"https:\/\/schema.org","@graph":[{"@type":"WebPage","@id":"https:\/\/www.salon-zenetbio.com\/nantes\/la-cour-des-grands\/","url":"https:\/\/www.salon-zenetbio.com\/nantes\/la-cour-des-grands\/","name":"La Cour Des Grands - Salon ZEN &amp; BIO Nantes","isPartOf":{"@id":"https:\/\/www.salon-zenetbio.com\/nantes\/#website"},"primaryImageOfPage":{"@id":"https:\/\/www.salon-zenetbio.com\/nantes\/la-cour-des-grands\/#primaryimage"},"image":{"@id":"https:\/\/www.salon-zenetbio.com\/nantes\/la-cour-des-grands\/#primaryimage"},"thumbnailUrl":"https:\/\/www.salon-zenetbio.com\/nantes\/wp-content\/uploads\/sites\/7\/2025\/07\/images-300x114.png","datePublished":"2024-06-07T10:55:00+00:00","dateModified":"2025-07-10T09:42:57+00:00","breadcrumb":{"@id":"https:\/\/www.salon-zenetbio.com\/nantes\/la-cour-des-grands\/#breadcrumb"},"inLanguage":"fr-FR","potentialAction":[{"@type":"ReadAction","target":["https:\/\/www.salon-zenetbio.com\/nantes\/la-cour-des-grands\/"]}]},{"@type":"ImageObject","inLanguage":"fr-FR","@id":"https:\/\/www.salon-zenetbio.com\/nantes\/la-cour-des-grands\/#primaryimage","url":"https:\/\/www.salon-zenetbio.com\/nantes\/wp-content\/uploads\/sites\/7\/2025\/07\/images.png","contentUrl":"https:\/\/www.salon-zenetbio.com\/nantes\/wp-content\/uploads\/sites\/7\/2025\/07\/images.png","width":364,"height":138},{"@type":"BreadcrumbList","@id":"https:\/\/www.salon-zenetbio.com\/nantes\/la-cour-des-grands\/#breadcrumb","itemListElement":[{"@type":"ListItem","position":1,"name":"Accueil","item":"https:\/\/www.salon-zenetbio.com\/nantes\/"},{"@type":"ListItem","position":2,"name":"La Cour Des Grands"}]},{"@type":"WebSite","@id":"https:\/\/www.salon-zenetbio.com\/nantes\/#website","url":"https:\/\/www.salon-zenetbio.com\/nantes\/","name":"Salon ZEN &amp; BIO Nantes","description":"salon ZEN &amp; BIO Nantes : votre salon bio, bien-\u00eatre et habitat sain","publisher":{"@id":"https:\/\/www.salon-zenetbio.com\/nantes\/#organization"},"potentialAction":[{"@type":"SearchAction","target":{"@type":"EntryPoint","urlTemplate":"https:\/\/www.salon-zenetbio.com\/nantes\/?s={search_term_string}"},"query-input":{"@type":"PropertyValueSpecification","valueRequired":true,"valueName":"search_term_string"}}],"inLanguage":"fr-FR"},{"@type":"Organization","@id":"https:\/\/www.salon-zenetbio.com\/nantes\/#organization","name":"Salon ZEN &amp; BIO Nantes","url":"https:\/\/www.salon-zenetbio.com\/nantes\/","logo":{"@type":"ImageObject","inLanguage":"fr-FR","@id":"https:\/\/www.salon-zenetbio.com\/nantes\/#\/schema\/logo\/image\/","url":"https:\/\/www.salon-zenetbio.com\/nantes\/wp-content\/uploads\/sites\/7\/2026\/03\/cropped-Logo-ZEN-et-BIO-nantes-2026.png","contentUrl":"https:\/\/www.salon-zenetbio.com\/nantes\/wp-content\/uploads\/sites\/7\/2026\/03\/cropped-Logo-ZEN-et-BIO-nantes-2026.png","width":921,"height":255,"caption":"Salon ZEN &amp; BIO Nantes"},"image":{"@id":"https:\/\/www.salon-zenetbio.com\/nantes\/#\/schema\/logo\/image\/"}}]}},"_links":{"self":[{"href":"https:\/\/www.salon-zenetbio.com\/nantes\/wp-json\/wp\/v2\/pages\/15272","targetHints":{"allow":["GET"]}}],"collection":[{"href":"https:\/\/www.salon-zenetbio.com\/nantes\/wp-json\/wp\/v2\/pages"}],"about":[{"href":"https:\/\/www.salon-zenetbio.com\/nantes\/wp-json\/wp\/v2\/types\/page"}],"author":[{"embeddable":true,"href":"https:\/\/www.salon-zenetbio.com\/nantes\/wp-json\/wp\/v2\/users\/8"}],"replies":[{"embeddable":true,"href":"https:\/\/www.salon-zenetbio.com\/nantes\/wp-json\/wp\/v2\/comments?post=15272"}],"version-history":[{"count":2,"href":"https:\/\/www.salon-zenetbio.com\/nantes\/wp-json\/wp\/v2\/pages\/15272\/revisions"}],"predecessor-version":[{"id":17430,"href":"https:\/\/www.salon-zenetbio.com\/nantes\/wp-json\/wp\/v2\/pages\/15272\/revisions\/17430"}],"wp:attachment":[{"href":"https:\/\/www.salon-zenetbio.com\/nantes\/wp-json\/wp\/v2\/media?parent=15272"}],"curies":[{"name":"wp","href":"https:\/\/api.w.org\/{rel}","templated":true}]}}