{"id":17100,"date":"2025-04-29T11:07:12","date_gmt":"2025-04-29T09:07:12","guid":{"rendered":"https:\/\/www.salon-zenetbio.com\/nantes\/?page_id=17100"},"modified":"2025-04-29T11:07:12","modified_gmt":"2025-04-29T09:07:12","slug":"conferences-2024","status":"publish","type":"page","link":"https:\/\/www.salon-zenetbio.com\/nantes\/conferences-2024\/","title":{"rendered":"Conf\u00e9rences 2024"},"content":{"rendered":"<p style=\"text-align: justify;\">Les conf\u00e9rences exposants vous permettent de rencontrer des professionnels et d\u2019apprendre \u00e0 \u00e9vacuer votre stress, \u00e0 prendre soin de vous et \u00e0 faire le plein d\u2019\u00e9nergie en d\u00e9couvrant des nouveaux produits ou m\u00e9thodes.<\/p>\n<p>Des conf\u00e9rences sont organis\u00e9es pour permettre au public de d\u00e9couvrir et mieux comprendre les m\u00e9thodes et les produits pr\u00e9sent\u00e9s sur le salon.<\/p>\n<p><span style=\"color: #008f00;\"><strong>Salle NATURE<\/strong><\/span><br \/>\n<span style=\"color: #d783ff;\"><strong>Salle HARMONIE<\/strong><\/span><br \/>\n<span style=\"color: #ff9300;\"><strong>Salle VITALIT\u00c9<\/strong><\/span><\/p>\n<h2>Vendredi 11 octobre<\/h2>\n<p><span style=\"color: #d783ff;\"><strong>11:00<\/strong><\/span> Harmonisation des lieux et du vivant <em><strong>&#8211; Martine Barreau<br \/>\n<\/strong><\/em><strong><span style=\"color: #ff9300;\">11:00<\/span><\/strong> Voyage Int\u00e9rieur des rencontres Authentiques : la Voie du C\u0153ur en Voyage\u00a0 <em><strong>&#8211; Claudia Boursicot<\/strong><\/em><br \/>\n<span style=\"color: #008f00;\"><strong>11:30<\/strong><\/span> Vous allez adorer les l\u00e9gumineuses <em><strong>&#8211; C\u00e9line Mingam<\/strong><\/em><br \/>\n<span style=\"color: #d783ff;\"><strong>12:00<\/strong><\/span> Les plantes sauvages au secours de nos articulations et de notre sant\u00e9 <em><strong>&#8211; Jean-P\u00f4l Clesse<\/strong><\/em><br \/>\n<span style=\"color: #ff9300;\"><strong>12:00<\/strong><\/span> L\u2019eau et ses pollutions : la solution naturelle de filtration &#8211; dynamisation AMILO <em><strong>&#8211; Jo\u00eblle Fernandez<\/strong><\/em><br \/>\n<span style=\"color: #008f00;\"><strong>13:00<\/strong><\/span> Retrouver son enfant int\u00e9rieur, la R\u00e9silience : gu\u00e9rir le pass\u00e9 pour vivre pleinement l\u2019instant pr\u00e9sent, une d\u00e9marche profond\u00e9ment transformative<em> <strong>&#8211; H\u00e9l\u00e8ne Girardin<\/strong><\/em><br \/>\n<span style=\"color: #d783ff;\"><strong>13:00<\/strong><\/span> \u00c9tat inflammatoire, le d\u00e9clencheur des maladies d\u00e9g\u00e9n\u00e9ratives. Comment en sortir avec la m\u00e9thode France Guillain ? <em><strong>&#8211; France Guillain<\/strong><\/em><br \/>\n<span style=\"color: #ff9300;\"><strong>13:00<\/strong><\/span> Trois solutions naturelles fondamentales : argile &#8211; s\u00e8ve de bouleau &#8211; eau de mer \/ plasma marin <em><strong>&#8211; Gr\u00e9goire Cadeau<\/strong><\/em><br \/>\n<span style=\"color: #008f00;\"><strong>14:00<\/strong><\/span> La Num\u00e9rologie de la Chrysalide. D\u00e9couvrez Votre Potentiel Cach\u00e9 <em><strong>&#8211; M\u00e9lina Barbaud Plu et \u00c9ric Plu<\/strong><\/em><br \/>\n<span style=\"color: #d783ff;\"><strong>14:00<\/strong><\/span> Bienfaits des min\u00e9raux, gemmologie<em><strong> &#8211; Jean-Claude Kennedec<\/strong><\/em><br \/>\n<span style=\"color: #ff9300;\"><strong>14:00<\/strong><\/span> Les m\u00e9taux lourds : origines, incidences, les mesurer, les solutions<em><strong> &#8211; Armand Bensemhoun<\/strong><\/em><br \/>\n<span style=\"color: #008f00;\"><strong>15:00<\/strong><\/span> La sophrologie avec les enfants et les adolescents : une aide pr\u00e9cieuse au quotidien<em> <strong>&#8211; Laurence Le Henry<\/strong><\/em><br \/>\n<span style=\"color: #d783ff;\"><strong>15:00<\/strong><\/span> La Num\u00e9rologie Cr\u00e9ative : un guide pour r\u00e9v\u00e9ler son Essence profonde<em><strong> &#8211; Laurence Thievin<\/strong><\/em><br \/>\n<span style=\"color: #ff9300;\"><strong>15:00<\/strong><\/span> Incroyable pouvoir de l\u2019acupuncture ! Quelle acupuncture pour am\u00e9liorer la sant\u00e9 au quotidien ?<em> <strong>&#8211; Hwang &#8211; TeraForce<\/strong><\/em><br \/>\n<span style=\"color: #d783ff;\"><strong>16:00<\/strong><\/span> Comment agir contre les tensions musculaires de la t\u00eate, de la nuque et du dos ? <em><strong>&#8211; Alfred Pfennig<\/strong><\/em><br \/>\n<span style=\"color: #ff9300;\"><strong>16:00<\/strong><\/span> Comment transformer les ondes \u00e9lectromagn\u00e9tiques nuisibles en ondes scalaires ou \u00e9th\u00e9riques favorables au vivant ? <em><strong>&#8211; Hubert Mauerer<\/strong><\/em><br \/>\n<span style=\"color: #008f00;\"><strong>16:30<\/strong><\/span> Les 6 phases du L\u00e2cher Prise : gu\u00e9rir les blessures du pass\u00e9 pour mieux vivre le pr\u00e9sent et trouver la paix int\u00e9rieure <em><strong>&#8211; H\u00e9l\u00e8ne Girardin<\/strong><\/em><br \/>\n<span style=\"color: #d783ff;\"><strong>17:00<\/strong><\/span> La Physique quantique &amp; l\u2019\u00e9pig\u00e9n\u00e9tique au service du bien-\u00eatre et de la sant\u00e9 ?<em> <strong>&#8211; Jean-Pierre Chamodot<\/strong><\/em><br \/>\n<span style=\"color: #ff9300;\"><strong>17:00<\/strong><\/span> Num\u00e9rologie : la magie des nombres pour se r\u00e9v\u00e9ler <em><strong>&#8211; Sandrine Laurier<\/strong><\/em><br \/>\n<span style=\"color: #008f00;\"><strong>17:30<\/strong><\/span> Des cl\u00e9s pour votre sant\u00e9 : la g\u00e9obiologie pour un habitat sain <em><strong>&#8211; Roland Fernandez<\/strong><\/em><br \/>\n<strong><span style=\"color: #d783ff;\">18:00<\/span><\/strong> Comment parler de la mort en famille ? <em><strong>&#8211; M\u00e9lissa Sicot<br \/>\n<\/strong><\/em><strong><span style=\"color: #ff9300;\">18:00 <\/span><\/strong>La m\u00e9ditation au quotidien <strong>&#8211; <em>Catherine Brau<\/em><\/strong><em><strong><br \/>\n<\/strong><\/em><\/p>\n<h2>Samedi 12 octobre<\/h2>\n<p><span style=\"color: #008f00;\"><strong>10:30<\/strong><\/span> Qu\u2019est-ce que le love coaching ? <em><strong>&#8211; Anne Cordier<\/strong><\/em><br \/>\n<span style=\"color: #d783ff;\"><strong>11:00<\/strong><\/span> Et un jour tu comprends : comment retrouver confiance apr\u00e8s les violences ?<em> <strong>&#8211; Aur\u00e9lie Le Malefant<\/strong><\/em><br \/>\n<span style=\"color: #ff9300;\"><strong>11:00<\/strong><\/span> Retrouver son enfant int\u00e9rieur, la R\u00e9silience : gu\u00e9rir le pass\u00e9 pour vivre pleinement l\u2019instant pr\u00e9sent, une d\u00e9marche profond\u00e9ment transformative<em> <strong>&#8211; H\u00e9l\u00e8ne Girardin<\/strong><\/em><br \/>\n<span style=\"color: #008f00;\"><strong>11:30<\/strong><\/span> Les \u00e9pices, ces fabuleuses plantes m\u00e9dicinales <em><strong>&#8211; Genevi\u00e8ve Martin Callede<\/strong><\/em><br \/>\n<span style=\"color: #d783ff;\"><strong>12:00<\/strong><\/span> Bienfaits des min\u00e9raux, gemmologie<em> <strong>&#8211; Jean-Claude Kennedec<\/strong><\/em><br \/>\n<span style=\"color: #ff9300;\"><strong>12:00<\/strong><\/span> Voyage initiatique : quand les Terres sacr\u00e9es nous aident dans notre \u00e9volution !<br \/>\nQu&rsquo;est-ce qu&rsquo;un voyage initiatique, pourquoi aller autour du monde pour se rencontrer ? Quand le voyage se met au service de notre bien-\u00eatre ! <em><strong>&#8211; Oowake<\/strong><\/em><br \/>\n<span style=\"color: #008f00;\"><strong>13:00<\/strong><\/span> Nos divers microbiotes. Celui du cerveau est identique \u00e0 celui de notre intestin. D&rsquo;o\u00f9 son importance! Comment le r\u00e9parer et l&rsquo;entretenir ? <em><strong>&#8211; France Guillain<\/strong><\/em><br \/>\n<span style=\"color: #d783ff;\"><strong>13:00<\/strong><\/span> Des cl\u00e9s pour votre sant\u00e9 : la g\u00e9obiologie pour un habitat sain<em><strong> &#8211; Roland Fernandez<\/strong><\/em><br \/>\n<span style=\"color: #ff9300;\"><strong>13:00<\/strong><\/span> Les m\u00e9taux lourds : origines, incidences, les mesurer, les solutions <em><strong>&#8211; Armand Bensemhoun<\/strong><\/em><br \/>\n<span style=\"color: #008f00;\"><strong>14:00<\/strong><\/span> La Num\u00e9rologie de la Chrysalide : \u00e9veillez Votre V\u00e9ritable Essence<em><strong> &#8211; M\u00e9lina Barbaud Plu et \u00c9ric Plu<\/strong><\/em><br \/>\n<span style=\"color: #d783ff;\"><strong>14:00<\/strong><\/span> Les plantes sauvages au secours de nos articulations et de notre sant\u00e9 <em><strong>&#8211; Jean-P\u00f4l Clesse<\/strong><\/em><br \/>\n<span style=\"color: #ff9301;\"><strong>14:00<\/strong><\/span> Trois solutions naturelles fondamentales : argile &#8211; s\u00e8ve de bouleau &#8211; eau de mer \/ plasma marin <em><strong>&#8211; Gr\u00e9goire Cadeau<\/strong><\/em><br \/>\n<span style=\"color: #008f00;\"><strong>15:00<\/strong><\/span> La Num\u00e9rologie Cr\u00e9ative : un guide pour r\u00e9v\u00e9ler son Essence profonde<em><strong> &#8211; Laurence Thi\u00e9vin<\/strong><\/em><br \/>\n<span style=\"color: #d783ff;\"><strong>15:00<\/strong><\/span> Comment transformer les ondes \u00e9lectromagn\u00e9tiques nuisibles en ondes scalaires ou \u00e9th\u00e9riques favorables au vivant ?<em><strong> &#8211; Hubert Mauerer<\/strong><\/em><br \/>\n<span style=\"color: #ff9300;\"><strong>15:00<\/strong><\/span> Comment agir contre les tensions musculaires de la t\u00eate, de la nuque et du dos ? <em><strong>&#8211; Alfred Pfennig<\/strong><\/em><br \/>\n<span style=\"color: #d783ff;\"><strong>16:00<\/strong><\/span> Stress, peur, tensions, fatigue, douleurs ? Nouvelles sciences, nouveaux espoirs ? <em><strong>&#8211; Jean-Pierre Chamodot<\/strong><\/em><br \/>\n<span style=\"color: #ff9300;\"><strong>16:00<\/strong><\/span> L\u2019eau et ses pollutions : la solution naturelle de filtration et dynamisation &#8211; AMILO <em><strong>&#8211; Jo\u00eblle Fernandez<\/strong><\/em><br \/>\n<span style=\"color: #008f00;\"><strong>16:30<\/strong><\/span> Qu\u2019est-ce que l\u2019art-th\u00e9rapie \u00e9volutive ? <em><strong>&#8211; Marie-Odile Br\u00eathes<\/strong><\/em><br \/>\n<span style=\"color: #d783ff;\"><strong>17:00<\/strong><\/span> La g\u00e9om\u00e9trie sacr\u00e9e au service de la Paix <em><strong>&#8211; J\u00e9r\u00f4me Boujon<\/strong><\/em><br \/>\n<span style=\"color: #ff9300;\"><strong>17:00<\/strong><\/span> Les 6 phases du L\u00e2cher Prise : gu\u00e9rir les blessures du pass\u00e9 pour mieux vivre le pr\u00e9sent et trouver la paix int\u00e9rieure <em><strong>&#8211; H\u00e9l\u00e8ne Girardin<\/strong><\/em><br \/>\n<span style=\"color: #008f00;\"><strong>17:30<\/strong><\/span> Le je\u00fbne, une experience de transformation<em> <strong>&#8211; Marie P\u00e9rin<\/strong><\/em><br \/>\n<span style=\"color: #d783ff;\"><strong>18:00<\/strong><\/span> La sophro-analyse \u00a0\u00bb votre \u00e2me aux commandes\u00a0\u00bb <em><strong>&#8211; Marion Rolland et H\u00e9lo\u00efse Denicourt<\/strong><\/em><br \/>\n<span style=\"color: #ff9300;\"><strong>18:00<\/strong><\/span> Comment la chiropratique peut vous aider \u00e0 gu\u00e9rir et \u00e0 r\u00e9cup\u00e9rer la pleine sant\u00e9 ?<em> <strong>&#8211; S\u00e9r\u00e9na Billet<\/strong><\/em><\/p>\n<h2>Dimanche 13 octobre<\/h2>\n<p><span style=\"color: #d783ff;\"><strong><span style=\"color: #008f00;\">10:30<\/span> <\/strong><\/span>Identifier les 5 blessures \u00e9motionnelles qui se cachent derri\u00e8re la d\u00e9pendance affective, le besoin de contr\u00f4le, le manque de confiance en soi<strong><em>&#8211; Fran\u00e7oise Boucly<\/em><\/strong><span style=\"color: #d783ff;\"><strong><br \/>\n11:00<\/strong><\/span> Comment agir contre les tensions musculaires de la t\u00eate, de la nuque et du dos ? <em><strong>&#8211; Alfred Pfennig<\/strong><\/em><br \/>\n<span style=\"color: #ff9300;\"><strong>11:00<\/strong><\/span> Et un jour tu comprends : comment retrouver confiance apr\u00e8s les violences ? <em><strong>&#8211; Aur\u00e9lie Le Malefant<\/strong><\/em><br \/>\n<span style=\"color: #008f00;\"><strong>11:30<\/strong><\/span> Retrouver son enfant int\u00e9rieur, la R\u00e9silience : gu\u00e9rir le pass\u00e9 pour vivre pleinement l\u2019instant pr\u00e9sent, une d\u00e9marche profond\u00e9ment transformative<em> <strong>&#8211; H\u00e9l\u00e8ne Girardin<\/strong><\/em><br \/>\n<span style=\"color: #d783ff;\"><strong>12:00<\/strong><\/span> Les plantes sauvages au secours de nos articulations et de notre sant\u00e9 <em><strong>&#8211; Jean-P\u00f4l Clesse<\/strong><\/em><br \/>\n<span style=\"color: #ff9300;\"><strong>12:00<\/strong><\/span> La Num\u00e9rologie de la Chrysalide : transformer votre vie personnelle et professionnelle<em><strong> &#8211; M\u00e9lina Barbaud Plu et \u00c9ric Plu<\/strong><\/em><br \/>\n<span style=\"color: #008f00;\"><strong>13:00<\/strong><\/span> Les m\u00e9taux lourds : origines, incidences, les mesurer, les solutions <em><strong>&#8211; Armand Bensemhoun<\/strong><\/em><br \/>\n<span style=\"color: #d783ff;\"><strong>13:00<\/strong><\/span> Des cl\u00e9s pour votre sant\u00e9 : la g\u00e9obiologie pour un habitat sain<em><strong> &#8211; Roland Fernandez<br \/>\n<\/strong><\/em><strong><span style=\"color: #ff9300;\">13:00<\/span><\/strong> Comment d\u00e9tecter les dysfonctionnements de nos organes en observant notre visage et ses traits ? <em><strong>&#8211; France Guillain<br \/>\n<\/strong><\/em><span style=\"color: #008f00;\"><strong>14:00<\/strong><\/span> Bienfaits des min\u00e9raux, gemmologie<em> <strong>&#8211; Jean-Claude Kennedec<\/strong><\/em><br \/>\n<span style=\"color: #d783ff;\"><strong>14:00<\/strong><\/span> L\u2019eau et ses pollutions : la solution naturelle de filtration et dynamisation &#8211; AMILO <em><strong>&#8211; Jo\u00eblle Fernandez<\/strong><\/em><br \/>\n<span style=\"color: #ff9300;\"><strong>14:00<\/strong><\/span> Retrouver son enfant int\u00e9rieur, la R\u00e9silience : gu\u00e9rir le pass\u00e9 pour vivre pleinement l\u2019instant pr\u00e9sent, une d\u00e9marche profond\u00e9ment transformative<em> <strong>&#8211; H\u00e9l\u00e8ne Girardin<\/strong><\/em><br \/>\n<span style=\"color: #008f00;\"><strong>15:00<\/strong><\/span> Du bon sens dans notre assiette<em><strong> &#8211; Anthony Berthou<\/strong><\/em><br \/>\n<span style=\"color: #d783ff;\"><strong>15:00<\/strong><\/span> Comment transformer les ondes \u00e9lectromagn\u00e9tiques nuisibles en ondes scalaires ou \u00e9th\u00e9riques favorables au vivant ? <em><strong>&#8211; Hubert Mauerer<\/strong><\/em><br \/>\n<span style=\"color: #ff9300;\"><strong>15:00<\/strong><\/span> Trois solutions naturelles fondamentales : argile &#8211; s\u00e8ve de bouleau &#8211; eau de mer \/ plasma marin<em> <strong>&#8211; Gr\u00e9goire Cadeau<\/strong><\/em><br \/>\n<span style=\"color: #d783ff;\"><strong>16:00<\/strong><\/span> Le r\u00f4le du chamane aujourd&rsquo;hui <em><strong>&#8211; Oowake<\/strong><\/em><br \/>\n<span style=\"color: #ff9300;\"><strong>16:00<\/strong><\/span> Des cl\u00e9s pour votre sant\u00e9 : la g\u00e9obiologie pour un habitat sain<em><strong> &#8211; Roland Fernandez<\/strong><\/em><br \/>\n<span style=\"color: #008f00;\"><strong>16:30<\/strong><\/span> Les 6 phases du L\u00e2cher Prise : gu\u00e9rir les blessures du pass\u00e9 pour mieux vivre le pr\u00e9sent et trouver la paix int\u00e9rieure<em><strong> &#8211; H\u00e9l\u00e8ne Girardin<\/strong><\/em><br \/>\n<span style=\"color: #d783ff;\"><strong>17:00<\/strong><\/span> Soulagez les sympt\u00f4mes par la lecture biologique <em><strong>&#8211; Nicolas Panouill\u00e8res<\/strong><\/em><br \/>\n<span style=\"color: #ff9300;\"><strong>17:00<\/strong><\/span> Num\u00e9rologie : la magie des nombres pour se r\u00e9v\u00e9ler <em><strong>&#8211; Sandrine Laurier<\/strong><\/em><\/p>\n","protected":false},"excerpt":{"rendered":"<p>Les conf\u00e9rences exposants vous permettent de rencontrer des professionnels et d\u2019apprendre \u00e0 \u00e9vacuer votre stress, \u00e0 prendre soin de vous et \u00e0 faire le plein d\u2019\u00e9nergie en d\u00e9couvrant des nouveaux produits ou m\u00e9thodes. Des conf\u00e9rences sont organis\u00e9es pour permettre au public de d\u00e9couvrir et mieux comprendre les m\u00e9thodes et les produits pr\u00e9sent\u00e9s sur le salon.&hellip; <\/p>\n","protected":false},"author":6,"featured_media":0,"parent":0,"menu_order":0,"comment_status":"closed","ping_status":"closed","template":"","meta":{"_monsterinsights_skip_tracking":false,"_monsterinsights_sitenote_active":false,"_monsterinsights_sitenote_note":"","_monsterinsights_sitenote_category":0,"footnotes":""},"class_list":["post-17100","page","type-page","status-publish","hentry"],"yoast_head":"<!-- This site is optimized with the Yoast SEO plugin v27.3 - https:\/\/yoast.com\/product\/yoast-seo-wordpress\/ -->\n<title>Conf\u00e9rences 2024 - Salon ZEN &amp; BIO Nantes<\/title>\n<meta name=\"robots\" content=\"index, follow, max-snippet:-1, max-image-preview:large, max-video-preview:-1\" \/>\n<link rel=\"canonical\" href=\"https:\/\/www.salon-zenetbio.com\/nantes\/conferences-2024\/\" \/>\n<meta property=\"og:locale\" content=\"fr_FR\" \/>\n<meta property=\"og:type\" content=\"article\" \/>\n<meta property=\"og:title\" content=\"Conf\u00e9rences 2024 - Salon ZEN &amp; BIO Nantes\" \/>\n<meta property=\"og:description\" content=\"Les conf\u00e9rences exposants vous permettent de rencontrer des professionnels et d\u2019apprendre \u00e0 \u00e9vacuer votre stress, \u00e0 prendre soin de vous et \u00e0 faire le plein d\u2019\u00e9nergie en d\u00e9couvrant des nouveaux produits ou m\u00e9thodes. Des conf\u00e9rences sont organis\u00e9es pour permettre au public de d\u00e9couvrir et mieux comprendre les m\u00e9thodes et les produits pr\u00e9sent\u00e9s sur le salon.&hellip;\" \/>\n<meta property=\"og:url\" content=\"https:\/\/www.salon-zenetbio.com\/nantes\/conferences-2024\/\" \/>\n<meta property=\"og:site_name\" content=\"Salon ZEN &amp; BIO Nantes\" \/>\n<meta name=\"twitter:card\" content=\"summary_large_image\" \/>\n<meta name=\"twitter:label1\" content=\"Dur\u00e9e de lecture estim\u00e9e\" \/>\n\t<meta name=\"twitter:data1\" content=\"6 minutes\" \/>\n<script type=\"application\/ld+json\" class=\"yoast-schema-graph\">{\"@context\":\"https:\\\/\\\/schema.org\",\"@graph\":[{\"@type\":\"WebPage\",\"@id\":\"https:\\\/\\\/www.salon-zenetbio.com\\\/nantes\\\/conferences-2024\\\/\",\"url\":\"https:\\\/\\\/www.salon-zenetbio.com\\\/nantes\\\/conferences-2024\\\/\",\"name\":\"Conf\u00e9rences 2024 - Salon ZEN &amp; BIO Nantes\",\"isPartOf\":{\"@id\":\"https:\\\/\\\/www.salon-zenetbio.com\\\/nantes\\\/#website\"},\"datePublished\":\"2025-04-29T09:07:12+00:00\",\"breadcrumb\":{\"@id\":\"https:\\\/\\\/www.salon-zenetbio.com\\\/nantes\\\/conferences-2024\\\/#breadcrumb\"},\"inLanguage\":\"fr-FR\",\"potentialAction\":[{\"@type\":\"ReadAction\",\"target\":[\"https:\\\/\\\/www.salon-zenetbio.com\\\/nantes\\\/conferences-2024\\\/\"]}]},{\"@type\":\"BreadcrumbList\",\"@id\":\"https:\\\/\\\/www.salon-zenetbio.com\\\/nantes\\\/conferences-2024\\\/#breadcrumb\",\"itemListElement\":[{\"@type\":\"ListItem\",\"position\":1,\"name\":\"Accueil\",\"item\":\"https:\\\/\\\/www.salon-zenetbio.com\\\/nantes\\\/\"},{\"@type\":\"ListItem\",\"position\":2,\"name\":\"Conf\u00e9rences 2024\"}]},{\"@type\":\"WebSite\",\"@id\":\"https:\\\/\\\/www.salon-zenetbio.com\\\/nantes\\\/#website\",\"url\":\"https:\\\/\\\/www.salon-zenetbio.com\\\/nantes\\\/\",\"name\":\"Salon ZEN &amp; BIO Nantes\",\"description\":\"salon ZEN &amp; BIO Nantes : votre salon bio, bien-\u00eatre et habitat sain\",\"publisher\":{\"@id\":\"https:\\\/\\\/www.salon-zenetbio.com\\\/nantes\\\/#organization\"},\"potentialAction\":[{\"@type\":\"SearchAction\",\"target\":{\"@type\":\"EntryPoint\",\"urlTemplate\":\"https:\\\/\\\/www.salon-zenetbio.com\\\/nantes\\\/?s={search_term_string}\"},\"query-input\":{\"@type\":\"PropertyValueSpecification\",\"valueRequired\":true,\"valueName\":\"search_term_string\"}}],\"inLanguage\":\"fr-FR\"},{\"@type\":\"Organization\",\"@id\":\"https:\\\/\\\/www.salon-zenetbio.com\\\/nantes\\\/#organization\",\"name\":\"Salon ZEN &amp; BIO Nantes\",\"url\":\"https:\\\/\\\/www.salon-zenetbio.com\\\/nantes\\\/\",\"logo\":{\"@type\":\"ImageObject\",\"inLanguage\":\"fr-FR\",\"@id\":\"https:\\\/\\\/www.salon-zenetbio.com\\\/nantes\\\/#\\\/schema\\\/logo\\\/image\\\/\",\"url\":\"https:\\\/\\\/www.salon-zenetbio.com\\\/nantes\\\/wp-content\\\/uploads\\\/sites\\\/7\\\/2026\\\/03\\\/cropped-Logo-ZEN-et-BIO-nantes-2026.png\",\"contentUrl\":\"https:\\\/\\\/www.salon-zenetbio.com\\\/nantes\\\/wp-content\\\/uploads\\\/sites\\\/7\\\/2026\\\/03\\\/cropped-Logo-ZEN-et-BIO-nantes-2026.png\",\"width\":921,\"height\":255,\"caption\":\"Salon ZEN &amp; BIO Nantes\"},\"image\":{\"@id\":\"https:\\\/\\\/www.salon-zenetbio.com\\\/nantes\\\/#\\\/schema\\\/logo\\\/image\\\/\"}}]}<\/script>\n<!-- \/ Yoast SEO plugin. -->","yoast_head_json":{"title":"Conf\u00e9rences 2024 - Salon ZEN &amp; BIO Nantes","robots":{"index":"index","follow":"follow","max-snippet":"max-snippet:-1","max-image-preview":"max-image-preview:large","max-video-preview":"max-video-preview:-1"},"canonical":"https:\/\/www.salon-zenetbio.com\/nantes\/conferences-2024\/","og_locale":"fr_FR","og_type":"article","og_title":"Conf\u00e9rences 2024 - Salon ZEN &amp; BIO Nantes","og_description":"Les conf\u00e9rences exposants vous permettent de rencontrer des professionnels et d\u2019apprendre \u00e0 \u00e9vacuer votre stress, \u00e0 prendre soin de vous et \u00e0 faire le plein d\u2019\u00e9nergie en d\u00e9couvrant des nouveaux produits ou m\u00e9thodes. Des conf\u00e9rences sont organis\u00e9es pour permettre au public de d\u00e9couvrir et mieux comprendre les m\u00e9thodes et les produits pr\u00e9sent\u00e9s sur le salon.&hellip;","og_url":"https:\/\/www.salon-zenetbio.com\/nantes\/conferences-2024\/","og_site_name":"Salon ZEN &amp; BIO Nantes","twitter_card":"summary_large_image","twitter_misc":{"Dur\u00e9e de lecture estim\u00e9e":"6 minutes"},"schema":{"@context":"https:\/\/schema.org","@graph":[{"@type":"WebPage","@id":"https:\/\/www.salon-zenetbio.com\/nantes\/conferences-2024\/","url":"https:\/\/www.salon-zenetbio.com\/nantes\/conferences-2024\/","name":"Conf\u00e9rences 2024 - Salon ZEN &amp; BIO Nantes","isPartOf":{"@id":"https:\/\/www.salon-zenetbio.com\/nantes\/#website"},"datePublished":"2025-04-29T09:07:12+00:00","breadcrumb":{"@id":"https:\/\/www.salon-zenetbio.com\/nantes\/conferences-2024\/#breadcrumb"},"inLanguage":"fr-FR","potentialAction":[{"@type":"ReadAction","target":["https:\/\/www.salon-zenetbio.com\/nantes\/conferences-2024\/"]}]},{"@type":"BreadcrumbList","@id":"https:\/\/www.salon-zenetbio.com\/nantes\/conferences-2024\/#breadcrumb","itemListElement":[{"@type":"ListItem","position":1,"name":"Accueil","item":"https:\/\/www.salon-zenetbio.com\/nantes\/"},{"@type":"ListItem","position":2,"name":"Conf\u00e9rences 2024"}]},{"@type":"WebSite","@id":"https:\/\/www.salon-zenetbio.com\/nantes\/#website","url":"https:\/\/www.salon-zenetbio.com\/nantes\/","name":"Salon ZEN &amp; BIO Nantes","description":"salon ZEN &amp; BIO Nantes : votre salon bio, bien-\u00eatre et habitat sain","publisher":{"@id":"https:\/\/www.salon-zenetbio.com\/nantes\/#organization"},"potentialAction":[{"@type":"SearchAction","target":{"@type":"EntryPoint","urlTemplate":"https:\/\/www.salon-zenetbio.com\/nantes\/?s={search_term_string}"},"query-input":{"@type":"PropertyValueSpecification","valueRequired":true,"valueName":"search_term_string"}}],"inLanguage":"fr-FR"},{"@type":"Organization","@id":"https:\/\/www.salon-zenetbio.com\/nantes\/#organization","name":"Salon ZEN &amp; BIO Nantes","url":"https:\/\/www.salon-zenetbio.com\/nantes\/","logo":{"@type":"ImageObject","inLanguage":"fr-FR","@id":"https:\/\/www.salon-zenetbio.com\/nantes\/#\/schema\/logo\/image\/","url":"https:\/\/www.salon-zenetbio.com\/nantes\/wp-content\/uploads\/sites\/7\/2026\/03\/cropped-Logo-ZEN-et-BIO-nantes-2026.png","contentUrl":"https:\/\/www.salon-zenetbio.com\/nantes\/wp-content\/uploads\/sites\/7\/2026\/03\/cropped-Logo-ZEN-et-BIO-nantes-2026.png","width":921,"height":255,"caption":"Salon ZEN &amp; BIO Nantes"},"image":{"@id":"https:\/\/www.salon-zenetbio.com\/nantes\/#\/schema\/logo\/image\/"}}]}},"_links":{"self":[{"href":"https:\/\/www.salon-zenetbio.com\/nantes\/wp-json\/wp\/v2\/pages\/17100","targetHints":{"allow":["GET"]}}],"collection":[{"href":"https:\/\/www.salon-zenetbio.com\/nantes\/wp-json\/wp\/v2\/pages"}],"about":[{"href":"https:\/\/www.salon-zenetbio.com\/nantes\/wp-json\/wp\/v2\/types\/page"}],"author":[{"embeddable":true,"href":"https:\/\/www.salon-zenetbio.com\/nantes\/wp-json\/wp\/v2\/users\/6"}],"replies":[{"embeddable":true,"href":"https:\/\/www.salon-zenetbio.com\/nantes\/wp-json\/wp\/v2\/comments?post=17100"}],"version-history":[{"count":1,"href":"https:\/\/www.salon-zenetbio.com\/nantes\/wp-json\/wp\/v2\/pages\/17100\/revisions"}],"predecessor-version":[{"id":17101,"href":"https:\/\/www.salon-zenetbio.com\/nantes\/wp-json\/wp\/v2\/pages\/17100\/revisions\/17101"}],"wp:attachment":[{"href":"https:\/\/www.salon-zenetbio.com\/nantes\/wp-json\/wp\/v2\/media?parent=17100"}],"curies":[{"name":"wp","href":"https:\/\/api.w.org\/{rel}","templated":true}]}}