{"id":17110,"date":"2025-04-29T11:32:39","date_gmt":"2025-04-29T09:32:39","guid":{"rendered":"https:\/\/www.salon-zenetbio.com\/nantes\/?page_id=17110"},"modified":"2025-04-29T11:32:39","modified_gmt":"2025-04-29T09:32:39","slug":"animations-creatives-2024","status":"publish","type":"page","link":"https:\/\/www.salon-zenetbio.com\/nantes\/animations-creatives-2024\/","title":{"rendered":"Animations cr\u00e9atives 2024"},"content":{"rendered":"<p><img fetchpriority=\"high\" decoding=\"async\" class=\"alignnone wp-image-8131 size-large\" src=\"https:\/\/www.salon-zenetbio.com\/nantes\/wp-content\/uploads\/sites\/7\/2019\/07\/Fotolia_214085793_Subscription_Monthly_M-1024x341.jpg\" alt=\"\" width=\"790\" height=\"263\" srcset=\"https:\/\/www.salon-zenetbio.com\/nantes\/wp-content\/uploads\/sites\/7\/2019\/07\/Fotolia_214085793_Subscription_Monthly_M-1024x341.jpg 1024w, https:\/\/www.salon-zenetbio.com\/nantes\/wp-content\/uploads\/sites\/7\/2019\/07\/Fotolia_214085793_Subscription_Monthly_M-300x100.jpg 300w, https:\/\/www.salon-zenetbio.com\/nantes\/wp-content\/uploads\/sites\/7\/2019\/07\/Fotolia_214085793_Subscription_Monthly_M-768x256.jpg 768w, https:\/\/www.salon-zenetbio.com\/nantes\/wp-content\/uploads\/sites\/7\/2019\/07\/Fotolia_214085793_Subscription_Monthly_M-150x50.jpg 150w, https:\/\/www.salon-zenetbio.com\/nantes\/wp-content\/uploads\/sites\/7\/2019\/07\/Fotolia_214085793_Subscription_Monthly_M-500x167.jpg 500w\" sizes=\"(max-width: 790px) 100vw, 790px\" \/><\/p>\n<p>Assistez \u00e0 des ateliers et d\u00e9couvrez comment fabriquer vos propres cosm\u00e9tiques, produits d\u2019entretien etc.<\/p>\n<p><span style=\"color: #ff2f92;\"><strong>Espace CR\u00c9ATIF<\/strong><\/span><\/p>\n<h2>Vendredi 11 octobre<\/h2>\n<p><span style=\"color: #ff2f92;\"><strong>12:30<\/strong><\/span> Utilisation du bicarbonate et bienfaits du concentr\u00e9 de grenade <em><strong>&#8211; Gagik Saakian<br \/>\n<\/strong><\/em><strong><span style=\"color: #ff2f92;\">14:00 <\/span><\/strong>D\u00e9couverte des super-aliments<strong> &#8211; <em>Sophie Caroline Chancel<\/em><\/strong><em><strong><br \/>\n<\/strong><\/em><span style=\"color: #ff2f92;\"><strong>15:30<\/strong><\/span> Comment g\u00e9rer votre stress, vos angoisses, votre sommeil, addictions et diab\u00e8te ? <em><strong>&#8211; Jean-Claude Berton<br \/>\n<\/strong><\/em><strong><span style=\"color: #ff2f92;\">17:00<\/span><\/strong><span style=\"color: #ff2f92;\">\u00a0<\/span>Buvez mieux, vivez pur &#8211;<em><strong> Claude Saint-Marc\u00a0<\/strong><strong><br \/>\n<\/strong><\/em><\/p>\n<h2>Samedi 12 octobre<\/h2>\n<p><span style=\"color: #ff2f92;\"><strong>11:00<\/strong><\/span> Fabrication d&rsquo;un nettoyant multi-usages <em><strong>&#8211; Nadine Bouillon \/ Jacaranda Cosm\u00e9tiques<\/strong><\/em><br \/>\n<span style=\"color: #ff2f92;\"><strong>12:30<\/strong><\/span> Utilisation du bicarbonate et bienfaits du concentr\u00e9 de grenade <em><strong>&#8211; Gagik Saakian<\/strong><\/em><br \/>\n<span style=\"color: #ff2f92;\"><strong>14:00<\/strong><\/span> Cr\u00e9ation de cosm\u00e9tiques et conseil <em><strong>&#8211; Rolande Martin<\/strong><\/em><br \/>\n<span style=\"color: #ff2f92;\"><strong>15:30<\/strong><\/span> Les bienfaits du karit\u00e9 gastronomique <em><strong>&#8211; Z\u00e9na Barry-Sapin<br \/>\n<\/strong><\/em><strong><span style=\"color: #ff2f92;\">17:00\u00a0<\/span><\/strong>D\u00e9couverte des super-aliments &#8211;\u00a0<em><strong>Sophie Caroline Chancel<\/strong><\/em><em><strong><br \/>\n<\/strong><\/em><\/p>\n<h2>Dimanche 13 octobre<\/h2>\n<p><span style=\"color: #ff2f92;\"><strong>12:30 <\/strong><\/span>D\u00e9couverte des super-aliments<span style=\"color: #ff2f92;\"><strong> &#8211;\u00a0<\/strong><\/span><strong><em>Sophie Caroline Chancel<br \/>\n<\/em><\/strong><span style=\"color: #ff2f92;\"><strong>14:00<\/strong><\/span> Utilisation du bicarbonate et bienfaits du concentr\u00e9 de grenade <em><strong>&#8211; Gagik Saakian<\/strong><\/em><br \/>\n<span style=\"color: #ff2f92;\"><strong>15:30<\/strong><\/span> Comment g\u00e9rer votre stress, vos angoisses, votre sommeil, addictions et diab\u00e8te ? <em><strong>&#8211; Jean-Claude Berton<br \/>\n<\/strong><\/em><strong><span style=\"color: #ff2f92;\">17:00<\/span><\/strong><strong><span style=\"color: #ff2f92;\">\u00a0<\/span><\/strong>Buvez mieux, vivez pur<em><strong> &#8211; Claude Saint-Marc<\/strong><\/em><\/p>\n","protected":false},"excerpt":{"rendered":"<p>Assistez \u00e0 des ateliers et d\u00e9couvrez comment fabriquer vos propres cosm\u00e9tiques, produits d\u2019entretien etc. Espace CR\u00c9ATIF Vendredi 11 octobre 12:30 Utilisation du bicarbonate et bienfaits du concentr\u00e9 de grenade &#8211; Gagik Saakian 14:00 D\u00e9couverte des super-aliments &#8211; Sophie Caroline Chancel 15:30 Comment g\u00e9rer votre stress, vos angoisses, votre sommeil, addictions et diab\u00e8te ? &#8211; Jean-Claude&hellip; <\/p>\n","protected":false},"author":6,"featured_media":0,"parent":0,"menu_order":0,"comment_status":"closed","ping_status":"closed","template":"","meta":{"_monsterinsights_skip_tracking":false,"_monsterinsights_sitenote_active":false,"_monsterinsights_sitenote_note":"","_monsterinsights_sitenote_category":0,"footnotes":""},"class_list":["post-17110","page","type-page","status-publish","hentry"],"yoast_head":"<!-- This site is optimized with the Yoast SEO plugin v27.3 - https:\/\/yoast.com\/product\/yoast-seo-wordpress\/ -->\n<title>Animations cr\u00e9atives 2024 - Salon ZEN &amp; BIO Nantes<\/title>\n<meta name=\"robots\" content=\"index, follow, max-snippet:-1, max-image-preview:large, max-video-preview:-1\" \/>\n<link rel=\"canonical\" href=\"https:\/\/www.salon-zenetbio.com\/nantes\/animations-creatives-2024\/\" \/>\n<meta property=\"og:locale\" content=\"fr_FR\" \/>\n<meta property=\"og:type\" content=\"article\" \/>\n<meta property=\"og:title\" content=\"Animations cr\u00e9atives 2024 - Salon ZEN &amp; BIO Nantes\" \/>\n<meta property=\"og:description\" content=\"Assistez \u00e0 des ateliers et d\u00e9couvrez comment fabriquer vos propres cosm\u00e9tiques, produits d\u2019entretien etc. Espace CR\u00c9ATIF Vendredi 11 octobre 12:30 Utilisation du bicarbonate et bienfaits du concentr\u00e9 de grenade &#8211; Gagik Saakian 14:00 D\u00e9couverte des super-aliments &#8211; Sophie Caroline Chancel 15:30 Comment g\u00e9rer votre stress, vos angoisses, votre sommeil, addictions et diab\u00e8te ? &#8211; Jean-Claude&hellip;\" \/>\n<meta property=\"og:url\" content=\"https:\/\/www.salon-zenetbio.com\/nantes\/animations-creatives-2024\/\" \/>\n<meta property=\"og:site_name\" content=\"Salon ZEN &amp; BIO Nantes\" \/>\n<meta property=\"og:image\" content=\"https:\/\/www.salon-zenetbio.com\/nantes\/wp-content\/uploads\/sites\/7\/2019\/07\/Fotolia_214085793_Subscription_Monthly_M-1024x341.jpg\" \/>\n<meta name=\"twitter:card\" content=\"summary_large_image\" \/>\n<meta name=\"twitter:label1\" content=\"Dur\u00e9e de lecture estim\u00e9e\" \/>\n\t<meta name=\"twitter:data1\" content=\"1 minute\" \/>\n<script type=\"application\/ld+json\" class=\"yoast-schema-graph\">{\"@context\":\"https:\\\/\\\/schema.org\",\"@graph\":[{\"@type\":\"WebPage\",\"@id\":\"https:\\\/\\\/www.salon-zenetbio.com\\\/nantes\\\/animations-creatives-2024\\\/\",\"url\":\"https:\\\/\\\/www.salon-zenetbio.com\\\/nantes\\\/animations-creatives-2024\\\/\",\"name\":\"Animations cr\u00e9atives 2024 - Salon ZEN &amp; BIO Nantes\",\"isPartOf\":{\"@id\":\"http:\\\/\\\/www.salon-zenetbio.com\\\/nantes\\\/#website\"},\"primaryImageOfPage\":{\"@id\":\"https:\\\/\\\/www.salon-zenetbio.com\\\/nantes\\\/animations-creatives-2024\\\/#primaryimage\"},\"image\":{\"@id\":\"https:\\\/\\\/www.salon-zenetbio.com\\\/nantes\\\/animations-creatives-2024\\\/#primaryimage\"},\"thumbnailUrl\":\"https:\\\/\\\/www.salon-zenetbio.com\\\/nantes\\\/wp-content\\\/uploads\\\/sites\\\/7\\\/2019\\\/07\\\/Fotolia_214085793_Subscription_Monthly_M-1024x341.jpg\",\"datePublished\":\"2025-04-29T09:32:39+00:00\",\"breadcrumb\":{\"@id\":\"https:\\\/\\\/www.salon-zenetbio.com\\\/nantes\\\/animations-creatives-2024\\\/#breadcrumb\"},\"inLanguage\":\"fr-FR\",\"potentialAction\":[{\"@type\":\"ReadAction\",\"target\":[\"https:\\\/\\\/www.salon-zenetbio.com\\\/nantes\\\/animations-creatives-2024\\\/\"]}]},{\"@type\":\"ImageObject\",\"inLanguage\":\"fr-FR\",\"@id\":\"https:\\\/\\\/www.salon-zenetbio.com\\\/nantes\\\/animations-creatives-2024\\\/#primaryimage\",\"url\":\"https:\\\/\\\/www.salon-zenetbio.com\\\/nantes\\\/wp-content\\\/uploads\\\/sites\\\/7\\\/2019\\\/07\\\/Fotolia_214085793_Subscription_Monthly_M.jpg\",\"contentUrl\":\"https:\\\/\\\/www.salon-zenetbio.com\\\/nantes\\\/wp-content\\\/uploads\\\/sites\\\/7\\\/2019\\\/07\\\/Fotolia_214085793_Subscription_Monthly_M.jpg\",\"width\":2388,\"height\":796,\"caption\":\"Homeopathic oils, dietary supplements for intestinal health, skin care. Natural cosmetics, oils for skin care on a light background.\"},{\"@type\":\"BreadcrumbList\",\"@id\":\"https:\\\/\\\/www.salon-zenetbio.com\\\/nantes\\\/animations-creatives-2024\\\/#breadcrumb\",\"itemListElement\":[{\"@type\":\"ListItem\",\"position\":1,\"name\":\"Accueil\",\"item\":\"https:\\\/\\\/www.salon-zenetbio.com\\\/nantes\\\/\"},{\"@type\":\"ListItem\",\"position\":2,\"name\":\"Animations cr\u00e9atives 2024\"}]},{\"@type\":\"WebSite\",\"@id\":\"http:\\\/\\\/www.salon-zenetbio.com\\\/nantes\\\/#website\",\"url\":\"http:\\\/\\\/www.salon-zenetbio.com\\\/nantes\\\/\",\"name\":\"Salon ZEN &amp; BIO Nantes\",\"description\":\"salon ZEN &amp; BIO Nantes : votre salon bio, bien-\u00eatre et habitat sain\",\"publisher\":{\"@id\":\"http:\\\/\\\/www.salon-zenetbio.com\\\/nantes\\\/#organization\"},\"potentialAction\":[{\"@type\":\"SearchAction\",\"target\":{\"@type\":\"EntryPoint\",\"urlTemplate\":\"http:\\\/\\\/www.salon-zenetbio.com\\\/nantes\\\/?s={search_term_string}\"},\"query-input\":{\"@type\":\"PropertyValueSpecification\",\"valueRequired\":true,\"valueName\":\"search_term_string\"}}],\"inLanguage\":\"fr-FR\"},{\"@type\":\"Organization\",\"@id\":\"http:\\\/\\\/www.salon-zenetbio.com\\\/nantes\\\/#organization\",\"name\":\"Salon ZEN &amp; BIO Nantes\",\"url\":\"http:\\\/\\\/www.salon-zenetbio.com\\\/nantes\\\/\",\"logo\":{\"@type\":\"ImageObject\",\"inLanguage\":\"fr-FR\",\"@id\":\"http:\\\/\\\/www.salon-zenetbio.com\\\/nantes\\\/#\\\/schema\\\/logo\\\/image\\\/\",\"url\":\"https:\\\/\\\/www.salon-zenetbio.com\\\/nantes\\\/wp-content\\\/uploads\\\/sites\\\/7\\\/2026\\\/03\\\/cropped-Logo-ZEN-et-BIO-nantes-2026.png\",\"contentUrl\":\"https:\\\/\\\/www.salon-zenetbio.com\\\/nantes\\\/wp-content\\\/uploads\\\/sites\\\/7\\\/2026\\\/03\\\/cropped-Logo-ZEN-et-BIO-nantes-2026.png\",\"width\":921,\"height\":255,\"caption\":\"Salon ZEN &amp; BIO Nantes\"},\"image\":{\"@id\":\"http:\\\/\\\/www.salon-zenetbio.com\\\/nantes\\\/#\\\/schema\\\/logo\\\/image\\\/\"}}]}<\/script>\n<!-- \/ Yoast SEO plugin. -->","yoast_head_json":{"title":"Animations cr\u00e9atives 2024 - Salon ZEN &amp; BIO Nantes","robots":{"index":"index","follow":"follow","max-snippet":"max-snippet:-1","max-image-preview":"max-image-preview:large","max-video-preview":"max-video-preview:-1"},"canonical":"https:\/\/www.salon-zenetbio.com\/nantes\/animations-creatives-2024\/","og_locale":"fr_FR","og_type":"article","og_title":"Animations cr\u00e9atives 2024 - Salon ZEN &amp; BIO Nantes","og_description":"Assistez \u00e0 des ateliers et d\u00e9couvrez comment fabriquer vos propres cosm\u00e9tiques, produits d\u2019entretien etc. Espace CR\u00c9ATIF Vendredi 11 octobre 12:30 Utilisation du bicarbonate et bienfaits du concentr\u00e9 de grenade &#8211; Gagik Saakian 14:00 D\u00e9couverte des super-aliments &#8211; Sophie Caroline Chancel 15:30 Comment g\u00e9rer votre stress, vos angoisses, votre sommeil, addictions et diab\u00e8te ? &#8211; Jean-Claude&hellip;","og_url":"https:\/\/www.salon-zenetbio.com\/nantes\/animations-creatives-2024\/","og_site_name":"Salon ZEN &amp; BIO Nantes","og_image":[{"url":"https:\/\/www.salon-zenetbio.com\/nantes\/wp-content\/uploads\/sites\/7\/2019\/07\/Fotolia_214085793_Subscription_Monthly_M-1024x341.jpg","type":"","width":"","height":""}],"twitter_card":"summary_large_image","twitter_misc":{"Dur\u00e9e de lecture estim\u00e9e":"1 minute"},"schema":{"@context":"https:\/\/schema.org","@graph":[{"@type":"WebPage","@id":"https:\/\/www.salon-zenetbio.com\/nantes\/animations-creatives-2024\/","url":"https:\/\/www.salon-zenetbio.com\/nantes\/animations-creatives-2024\/","name":"Animations cr\u00e9atives 2024 - Salon ZEN &amp; BIO Nantes","isPartOf":{"@id":"http:\/\/www.salon-zenetbio.com\/nantes\/#website"},"primaryImageOfPage":{"@id":"https:\/\/www.salon-zenetbio.com\/nantes\/animations-creatives-2024\/#primaryimage"},"image":{"@id":"https:\/\/www.salon-zenetbio.com\/nantes\/animations-creatives-2024\/#primaryimage"},"thumbnailUrl":"https:\/\/www.salon-zenetbio.com\/nantes\/wp-content\/uploads\/sites\/7\/2019\/07\/Fotolia_214085793_Subscription_Monthly_M-1024x341.jpg","datePublished":"2025-04-29T09:32:39+00:00","breadcrumb":{"@id":"https:\/\/www.salon-zenetbio.com\/nantes\/animations-creatives-2024\/#breadcrumb"},"inLanguage":"fr-FR","potentialAction":[{"@type":"ReadAction","target":["https:\/\/www.salon-zenetbio.com\/nantes\/animations-creatives-2024\/"]}]},{"@type":"ImageObject","inLanguage":"fr-FR","@id":"https:\/\/www.salon-zenetbio.com\/nantes\/animations-creatives-2024\/#primaryimage","url":"https:\/\/www.salon-zenetbio.com\/nantes\/wp-content\/uploads\/sites\/7\/2019\/07\/Fotolia_214085793_Subscription_Monthly_M.jpg","contentUrl":"https:\/\/www.salon-zenetbio.com\/nantes\/wp-content\/uploads\/sites\/7\/2019\/07\/Fotolia_214085793_Subscription_Monthly_M.jpg","width":2388,"height":796,"caption":"Homeopathic oils, dietary supplements for intestinal health, skin care. Natural cosmetics, oils for skin care on a light background."},{"@type":"BreadcrumbList","@id":"https:\/\/www.salon-zenetbio.com\/nantes\/animations-creatives-2024\/#breadcrumb","itemListElement":[{"@type":"ListItem","position":1,"name":"Accueil","item":"https:\/\/www.salon-zenetbio.com\/nantes\/"},{"@type":"ListItem","position":2,"name":"Animations cr\u00e9atives 2024"}]},{"@type":"WebSite","@id":"http:\/\/www.salon-zenetbio.com\/nantes\/#website","url":"http:\/\/www.salon-zenetbio.com\/nantes\/","name":"Salon ZEN &amp; BIO Nantes","description":"salon ZEN &amp; BIO Nantes : votre salon bio, bien-\u00eatre et habitat sain","publisher":{"@id":"http:\/\/www.salon-zenetbio.com\/nantes\/#organization"},"potentialAction":[{"@type":"SearchAction","target":{"@type":"EntryPoint","urlTemplate":"http:\/\/www.salon-zenetbio.com\/nantes\/?s={search_term_string}"},"query-input":{"@type":"PropertyValueSpecification","valueRequired":true,"valueName":"search_term_string"}}],"inLanguage":"fr-FR"},{"@type":"Organization","@id":"http:\/\/www.salon-zenetbio.com\/nantes\/#organization","name":"Salon ZEN &amp; BIO Nantes","url":"http:\/\/www.salon-zenetbio.com\/nantes\/","logo":{"@type":"ImageObject","inLanguage":"fr-FR","@id":"http:\/\/www.salon-zenetbio.com\/nantes\/#\/schema\/logo\/image\/","url":"https:\/\/www.salon-zenetbio.com\/nantes\/wp-content\/uploads\/sites\/7\/2026\/03\/cropped-Logo-ZEN-et-BIO-nantes-2026.png","contentUrl":"https:\/\/www.salon-zenetbio.com\/nantes\/wp-content\/uploads\/sites\/7\/2026\/03\/cropped-Logo-ZEN-et-BIO-nantes-2026.png","width":921,"height":255,"caption":"Salon ZEN &amp; BIO Nantes"},"image":{"@id":"http:\/\/www.salon-zenetbio.com\/nantes\/#\/schema\/logo\/image\/"}}]}},"_links":{"self":[{"href":"https:\/\/www.salon-zenetbio.com\/nantes\/wp-json\/wp\/v2\/pages\/17110","targetHints":{"allow":["GET"]}}],"collection":[{"href":"https:\/\/www.salon-zenetbio.com\/nantes\/wp-json\/wp\/v2\/pages"}],"about":[{"href":"https:\/\/www.salon-zenetbio.com\/nantes\/wp-json\/wp\/v2\/types\/page"}],"author":[{"embeddable":true,"href":"https:\/\/www.salon-zenetbio.com\/nantes\/wp-json\/wp\/v2\/users\/6"}],"replies":[{"embeddable":true,"href":"https:\/\/www.salon-zenetbio.com\/nantes\/wp-json\/wp\/v2\/comments?post=17110"}],"version-history":[{"count":1,"href":"https:\/\/www.salon-zenetbio.com\/nantes\/wp-json\/wp\/v2\/pages\/17110\/revisions"}],"predecessor-version":[{"id":17111,"href":"https:\/\/www.salon-zenetbio.com\/nantes\/wp-json\/wp\/v2\/pages\/17110\/revisions\/17111"}],"wp:attachment":[{"href":"https:\/\/www.salon-zenetbio.com\/nantes\/wp-json\/wp\/v2\/media?parent=17110"}],"curies":[{"name":"wp","href":"https:\/\/api.w.org\/{rel}","templated":true}]}}