{"id":17114,"date":"2025-04-29T11:39:09","date_gmt":"2025-04-29T09:39:09","guid":{"rendered":"https:\/\/www.salon-zenetbio.com\/nantes\/?page_id=17114"},"modified":"2025-04-29T11:39:09","modified_gmt":"2025-04-29T09:39:09","slug":"espace-art-et-creation-2024","status":"publish","type":"page","link":"https:\/\/www.salon-zenetbio.com\/nantes\/espace-art-et-creation-2024\/","title":{"rendered":"Espace art et cr\u00e9ation 2024"},"content":{"rendered":"<p>Des ateliers qui tournent uniquement autour de l&rsquo;art et la cr\u00e9ation pour r\u00e9veiller la cr\u00e9ativit\u00e9 qui est en vous.<\/p>\n<p><span style=\"color: #93358f;\"><strong> Pr\u00e9sent\u00e9 par l&rsquo;\u00e9cole d&rsquo;art-th\u00e9rapie PLENITUDE<\/strong><\/span><\/p>\n<h2>Vendredi 11 octobre<\/h2>\n<p><span style=\"color: #93358f;\"><strong>10:00<\/strong><\/span> Pr\u00e9sentation de l\u2019\u00c9cole Pl\u00e9nitude et de l\u2019art-th\u00e9rapie \u00e9volutive<br \/>\n<span style=\"color: #93358f;\"><strong>14:00<\/strong><\/span> Le dessin du pr\u00e9nom. Pastels secs<br \/>\n<span style=\"color: #93358f;\"><strong>17:00<\/strong><\/span> Participer \u00e0 un grand dessin collectif : Le Jardin du Bien-\u00catre. Pastels secs<\/p>\n<h2>Samedi 12 octobre<\/h2>\n<p><span style=\"color: #93358f;\"><strong>11:00<\/strong> <\/span>Accueillir et vitaliser les \u00e9motions cr\u00e9atrices. Pastels secs<br \/>\n<span style=\"color: #93358f;\"><strong>14:00<\/strong><\/span> Les symboles qui font du bien (dessins)<br \/>\n<span style=\"color: #93358f;\"><strong>17:30<\/strong> <\/span>Participer \u00e0 un grand dessin collectif : L\u2019Arbre de Paix. Pastels secs<\/p>\n<h2>Dimanche 13 octobre<\/h2>\n<p><span style=\"color: #93358f;\"><strong>11:00<\/strong><\/span> Le dessin du pr\u00e9nom. Pastels secs<br \/>\n<span style=\"color: #93358f;\"><strong>14:00<\/strong><\/span> Accueillir et vitaliser les \u00e9motions cr\u00e9atrices. Pastels secs<br \/>\n<span style=\"color: #93358f;\"><strong>17:00<\/strong><\/span> Participer \u00e0 un grand dessin collectif\u00a0: dessiner l\u2019Energie de Paix. Pastels secs<\/p>\n<p><img decoding=\"async\" class=\" wp-image-16006 alignleft\" src=\"https:\/\/www.salon-zenetbio.com\/nantes\/wp-content\/uploads\/sites\/7\/2024\/09\/Sans-titre-201x300.jpg\" alt=\"\" width=\"142\" height=\"212\" srcset=\"https:\/\/www.salon-zenetbio.com\/nantes\/wp-content\/uploads\/sites\/7\/2024\/09\/Sans-titre-201x300.jpg 201w, https:\/\/www.salon-zenetbio.com\/nantes\/wp-content\/uploads\/sites\/7\/2024\/09\/Sans-titre-150x224.jpg 150w, https:\/\/www.salon-zenetbio.com\/nantes\/wp-content\/uploads\/sites\/7\/2024\/09\/Sans-titre-335x500.jpg 335w, https:\/\/www.salon-zenetbio.com\/nantes\/wp-content\/uploads\/sites\/7\/2024\/09\/Sans-titre.jpg 348w\" sizes=\"(max-width: 142px) 100vw, 142px\" \/>L\u2019\u00c9cole Pl\u00e9nitude est une \u00e9cole nantaise qui forme \u00e0 l\u2019art-th\u00e9rapie \u00e9volutive. Une art-th\u00e9rapie qui r\u00e9unit la psychologie humaniste et transpersonnelle, la cr\u00e9ativit\u00e9, la connaissance de la symbolique, l\u2019art et la pratique de nombreux m\u00e9diums (dessins aux pastels, collages, peinture, danse, \u00e9criture, modelage, etc.).<br \/>\nElle fait \u00e9voluer les productions de fa\u00e7on \u00e0 vitaliser les ressources et les qualit\u00e9s de la personne.<br \/>\nLes formateurs sont Marie-Odile Br\u00eathes et Alain Br\u00eathes, cocr\u00e9ateurs de l\u2019\u00c9cole Pl\u00e9nitude et \u00e9crivains.<\/p>\n<p>&nbsp;<\/p>\n<p><img decoding=\"async\" class=\" wp-image-16007 alignright\" src=\"https:\/\/www.salon-zenetbio.com\/nantes\/wp-content\/uploads\/sites\/7\/2024\/09\/Sans-titre1-201x300.jpg\" alt=\"\" width=\"153\" height=\"228\" srcset=\"https:\/\/www.salon-zenetbio.com\/nantes\/wp-content\/uploads\/sites\/7\/2024\/09\/Sans-titre1-201x300.jpg 201w, https:\/\/www.salon-zenetbio.com\/nantes\/wp-content\/uploads\/sites\/7\/2024\/09\/Sans-titre1-150x224.jpg 150w, https:\/\/www.salon-zenetbio.com\/nantes\/wp-content\/uploads\/sites\/7\/2024\/09\/Sans-titre1-335x500.jpg 335w, https:\/\/www.salon-zenetbio.com\/nantes\/wp-content\/uploads\/sites\/7\/2024\/09\/Sans-titre1.jpg 342w\" sizes=\"(max-width: 153px) 100vw, 153px\" \/>L\u2019art-th\u00e9rapie \u00e9volutive s\u2019adresse \u00e0 tous les publics et s\u2019adapte \u00e0 tous. Sa pratique permet de dialoguer avec l\u2019inconscient et le conscient. Cette pratique permet d\u2019acc\u00e9der \u00e0 des \u00e9tats de paix, de joie, de douceur, de r\u00e9conciliation qui ressourcent en profondeur gr\u00e2ce aux productions art-th\u00e9rapeutiques.<br \/>\n\u00c0 l\u2019\u00e8re de l\u2019image, il est fondamental de choisir des images paisibles, qui soignent et qui vitalisent.<\/p>\n<p>Marie Odile Br\u00eathes, B\u00e9atrice Desmars et Pascale Bonnin animeront les ateliers et seront accompagn\u00e9es par des art-th\u00e9rapeutes \u00e9volutives de la r\u00e9gion nantaise.<\/p>\n<p>Notre site\u00a0: <a href=\"http:\/\/www.ecoleplenitude.org\" target=\"_blank\" rel=\"noopener\">www.ecoleplenitude.org<\/a><\/p>\n<p><img fetchpriority=\"high\" decoding=\"async\" class=\"size-medium wp-image-16008 aligncenter\" src=\"https:\/\/www.salon-zenetbio.com\/nantes\/wp-content\/uploads\/sites\/7\/2024\/09\/Sans-titre4-300x201.jpg\" alt=\"\" width=\"300\" height=\"201\" srcset=\"https:\/\/www.salon-zenetbio.com\/nantes\/wp-content\/uploads\/sites\/7\/2024\/09\/Sans-titre4-300x201.jpg 300w, https:\/\/www.salon-zenetbio.com\/nantes\/wp-content\/uploads\/sites\/7\/2024\/09\/Sans-titre4-150x101.jpg 150w, https:\/\/www.salon-zenetbio.com\/nantes\/wp-content\/uploads\/sites\/7\/2024\/09\/Sans-titre4-500x336.jpg 500w, https:\/\/www.salon-zenetbio.com\/nantes\/wp-content\/uploads\/sites\/7\/2024\/09\/Sans-titre4.jpg 605w\" sizes=\"(max-width: 300px) 100vw, 300px\" \/><\/p>\n","protected":false},"excerpt":{"rendered":"<p>Des ateliers qui tournent uniquement autour de l&rsquo;art et la cr\u00e9ation pour r\u00e9veiller la cr\u00e9ativit\u00e9 qui est en vous. Pr\u00e9sent\u00e9 par l&rsquo;\u00e9cole d&rsquo;art-th\u00e9rapie PLENITUDE Vendredi 11 octobre 10:00 Pr\u00e9sentation de l\u2019\u00c9cole Pl\u00e9nitude et de l\u2019art-th\u00e9rapie \u00e9volutive 14:00 Le dessin du pr\u00e9nom. Pastels secs 17:00 Participer \u00e0 un grand dessin collectif : Le Jardin du Bien-\u00catre.&hellip; <\/p>\n","protected":false},"author":6,"featured_media":0,"parent":0,"menu_order":0,"comment_status":"closed","ping_status":"closed","template":"","meta":{"_monsterinsights_skip_tracking":false,"_monsterinsights_sitenote_active":false,"_monsterinsights_sitenote_note":"","_monsterinsights_sitenote_category":0,"footnotes":""},"class_list":["post-17114","page","type-page","status-publish","hentry"],"yoast_head":"<!-- This site is optimized with the Yoast SEO plugin v27.3 - https:\/\/yoast.com\/product\/yoast-seo-wordpress\/ -->\n<title>Espace art et cr\u00e9ation 2024 - Salon ZEN &amp; BIO Nantes<\/title>\n<meta name=\"robots\" content=\"index, follow, max-snippet:-1, max-image-preview:large, max-video-preview:-1\" \/>\n<link rel=\"canonical\" href=\"https:\/\/www.salon-zenetbio.com\/nantes\/espace-art-et-creation-2024\/\" \/>\n<meta property=\"og:locale\" content=\"fr_FR\" \/>\n<meta property=\"og:type\" content=\"article\" \/>\n<meta property=\"og:title\" content=\"Espace art et cr\u00e9ation 2024 - Salon ZEN &amp; BIO Nantes\" \/>\n<meta property=\"og:description\" content=\"Des ateliers qui tournent uniquement autour de l&rsquo;art et la cr\u00e9ation pour r\u00e9veiller la cr\u00e9ativit\u00e9 qui est en vous. Pr\u00e9sent\u00e9 par l&rsquo;\u00e9cole d&rsquo;art-th\u00e9rapie PLENITUDE Vendredi 11 octobre 10:00 Pr\u00e9sentation de l\u2019\u00c9cole Pl\u00e9nitude et de l\u2019art-th\u00e9rapie \u00e9volutive 14:00 Le dessin du pr\u00e9nom. Pastels secs 17:00 Participer \u00e0 un grand dessin collectif : Le Jardin du Bien-\u00catre.&hellip;\" \/>\n<meta property=\"og:url\" content=\"https:\/\/www.salon-zenetbio.com\/nantes\/espace-art-et-creation-2024\/\" \/>\n<meta property=\"og:site_name\" content=\"Salon ZEN &amp; BIO Nantes\" \/>\n<meta property=\"og:image\" content=\"https:\/\/www.salon-zenetbio.com\/nantes\/wp-content\/uploads\/sites\/7\/2024\/09\/Sans-titre-201x300.jpg\" \/>\n<meta name=\"twitter:card\" content=\"summary_large_image\" \/>\n<script type=\"application\/ld+json\" class=\"yoast-schema-graph\">{\"@context\":\"https:\\\/\\\/schema.org\",\"@graph\":[{\"@type\":\"WebPage\",\"@id\":\"https:\\\/\\\/www.salon-zenetbio.com\\\/nantes\\\/espace-art-et-creation-2024\\\/\",\"url\":\"https:\\\/\\\/www.salon-zenetbio.com\\\/nantes\\\/espace-art-et-creation-2024\\\/\",\"name\":\"Espace art et cr\u00e9ation 2024 - Salon ZEN &amp; BIO Nantes\",\"isPartOf\":{\"@id\":\"https:\\\/\\\/www.salon-zenetbio.com\\\/nantes\\\/#website\"},\"primaryImageOfPage\":{\"@id\":\"https:\\\/\\\/www.salon-zenetbio.com\\\/nantes\\\/espace-art-et-creation-2024\\\/#primaryimage\"},\"image\":{\"@id\":\"https:\\\/\\\/www.salon-zenetbio.com\\\/nantes\\\/espace-art-et-creation-2024\\\/#primaryimage\"},\"thumbnailUrl\":\"https:\\\/\\\/www.salon-zenetbio.com\\\/nantes\\\/wp-content\\\/uploads\\\/sites\\\/7\\\/2024\\\/09\\\/Sans-titre-201x300.jpg\",\"datePublished\":\"2025-04-29T09:39:09+00:00\",\"breadcrumb\":{\"@id\":\"https:\\\/\\\/www.salon-zenetbio.com\\\/nantes\\\/espace-art-et-creation-2024\\\/#breadcrumb\"},\"inLanguage\":\"fr-FR\",\"potentialAction\":[{\"@type\":\"ReadAction\",\"target\":[\"https:\\\/\\\/www.salon-zenetbio.com\\\/nantes\\\/espace-art-et-creation-2024\\\/\"]}]},{\"@type\":\"ImageObject\",\"inLanguage\":\"fr-FR\",\"@id\":\"https:\\\/\\\/www.salon-zenetbio.com\\\/nantes\\\/espace-art-et-creation-2024\\\/#primaryimage\",\"url\":\"https:\\\/\\\/www.salon-zenetbio.com\\\/nantes\\\/wp-content\\\/uploads\\\/sites\\\/7\\\/2024\\\/09\\\/Sans-titre.jpg\",\"contentUrl\":\"https:\\\/\\\/www.salon-zenetbio.com\\\/nantes\\\/wp-content\\\/uploads\\\/sites\\\/7\\\/2024\\\/09\\\/Sans-titre.jpg\",\"width\":348,\"height\":519},{\"@type\":\"BreadcrumbList\",\"@id\":\"https:\\\/\\\/www.salon-zenetbio.com\\\/nantes\\\/espace-art-et-creation-2024\\\/#breadcrumb\",\"itemListElement\":[{\"@type\":\"ListItem\",\"position\":1,\"name\":\"Accueil\",\"item\":\"https:\\\/\\\/www.salon-zenetbio.com\\\/nantes\\\/\"},{\"@type\":\"ListItem\",\"position\":2,\"name\":\"Espace art et cr\u00e9ation 2024\"}]},{\"@type\":\"WebSite\",\"@id\":\"https:\\\/\\\/www.salon-zenetbio.com\\\/nantes\\\/#website\",\"url\":\"https:\\\/\\\/www.salon-zenetbio.com\\\/nantes\\\/\",\"name\":\"Salon ZEN &amp; BIO Nantes\",\"description\":\"salon ZEN &amp; BIO Nantes : votre salon bio, bien-\u00eatre et habitat sain\",\"publisher\":{\"@id\":\"https:\\\/\\\/www.salon-zenetbio.com\\\/nantes\\\/#organization\"},\"potentialAction\":[{\"@type\":\"SearchAction\",\"target\":{\"@type\":\"EntryPoint\",\"urlTemplate\":\"https:\\\/\\\/www.salon-zenetbio.com\\\/nantes\\\/?s={search_term_string}\"},\"query-input\":{\"@type\":\"PropertyValueSpecification\",\"valueRequired\":true,\"valueName\":\"search_term_string\"}}],\"inLanguage\":\"fr-FR\"},{\"@type\":\"Organization\",\"@id\":\"https:\\\/\\\/www.salon-zenetbio.com\\\/nantes\\\/#organization\",\"name\":\"Salon ZEN &amp; BIO Nantes\",\"url\":\"https:\\\/\\\/www.salon-zenetbio.com\\\/nantes\\\/\",\"logo\":{\"@type\":\"ImageObject\",\"inLanguage\":\"fr-FR\",\"@id\":\"https:\\\/\\\/www.salon-zenetbio.com\\\/nantes\\\/#\\\/schema\\\/logo\\\/image\\\/\",\"url\":\"https:\\\/\\\/www.salon-zenetbio.com\\\/nantes\\\/wp-content\\\/uploads\\\/sites\\\/7\\\/2026\\\/03\\\/cropped-Logo-ZEN-et-BIO-nantes-2026.png\",\"contentUrl\":\"https:\\\/\\\/www.salon-zenetbio.com\\\/nantes\\\/wp-content\\\/uploads\\\/sites\\\/7\\\/2026\\\/03\\\/cropped-Logo-ZEN-et-BIO-nantes-2026.png\",\"width\":921,\"height\":255,\"caption\":\"Salon ZEN &amp; BIO Nantes\"},\"image\":{\"@id\":\"https:\\\/\\\/www.salon-zenetbio.com\\\/nantes\\\/#\\\/schema\\\/logo\\\/image\\\/\"}}]}<\/script>\n<!-- \/ Yoast SEO plugin. -->","yoast_head_json":{"title":"Espace art et cr\u00e9ation 2024 - Salon ZEN &amp; BIO Nantes","robots":{"index":"index","follow":"follow","max-snippet":"max-snippet:-1","max-image-preview":"max-image-preview:large","max-video-preview":"max-video-preview:-1"},"canonical":"https:\/\/www.salon-zenetbio.com\/nantes\/espace-art-et-creation-2024\/","og_locale":"fr_FR","og_type":"article","og_title":"Espace art et cr\u00e9ation 2024 - Salon ZEN &amp; BIO Nantes","og_description":"Des ateliers qui tournent uniquement autour de l&rsquo;art et la cr\u00e9ation pour r\u00e9veiller la cr\u00e9ativit\u00e9 qui est en vous. Pr\u00e9sent\u00e9 par l&rsquo;\u00e9cole d&rsquo;art-th\u00e9rapie PLENITUDE Vendredi 11 octobre 10:00 Pr\u00e9sentation de l\u2019\u00c9cole Pl\u00e9nitude et de l\u2019art-th\u00e9rapie \u00e9volutive 14:00 Le dessin du pr\u00e9nom. Pastels secs 17:00 Participer \u00e0 un grand dessin collectif : Le Jardin du Bien-\u00catre.&hellip;","og_url":"https:\/\/www.salon-zenetbio.com\/nantes\/espace-art-et-creation-2024\/","og_site_name":"Salon ZEN &amp; BIO Nantes","og_image":[{"url":"https:\/\/www.salon-zenetbio.com\/nantes\/wp-content\/uploads\/sites\/7\/2024\/09\/Sans-titre-201x300.jpg","type":"","width":"","height":""}],"twitter_card":"summary_large_image","schema":{"@context":"https:\/\/schema.org","@graph":[{"@type":"WebPage","@id":"https:\/\/www.salon-zenetbio.com\/nantes\/espace-art-et-creation-2024\/","url":"https:\/\/www.salon-zenetbio.com\/nantes\/espace-art-et-creation-2024\/","name":"Espace art et cr\u00e9ation 2024 - Salon ZEN &amp; BIO Nantes","isPartOf":{"@id":"https:\/\/www.salon-zenetbio.com\/nantes\/#website"},"primaryImageOfPage":{"@id":"https:\/\/www.salon-zenetbio.com\/nantes\/espace-art-et-creation-2024\/#primaryimage"},"image":{"@id":"https:\/\/www.salon-zenetbio.com\/nantes\/espace-art-et-creation-2024\/#primaryimage"},"thumbnailUrl":"https:\/\/www.salon-zenetbio.com\/nantes\/wp-content\/uploads\/sites\/7\/2024\/09\/Sans-titre-201x300.jpg","datePublished":"2025-04-29T09:39:09+00:00","breadcrumb":{"@id":"https:\/\/www.salon-zenetbio.com\/nantes\/espace-art-et-creation-2024\/#breadcrumb"},"inLanguage":"fr-FR","potentialAction":[{"@type":"ReadAction","target":["https:\/\/www.salon-zenetbio.com\/nantes\/espace-art-et-creation-2024\/"]}]},{"@type":"ImageObject","inLanguage":"fr-FR","@id":"https:\/\/www.salon-zenetbio.com\/nantes\/espace-art-et-creation-2024\/#primaryimage","url":"https:\/\/www.salon-zenetbio.com\/nantes\/wp-content\/uploads\/sites\/7\/2024\/09\/Sans-titre.jpg","contentUrl":"https:\/\/www.salon-zenetbio.com\/nantes\/wp-content\/uploads\/sites\/7\/2024\/09\/Sans-titre.jpg","width":348,"height":519},{"@type":"BreadcrumbList","@id":"https:\/\/www.salon-zenetbio.com\/nantes\/espace-art-et-creation-2024\/#breadcrumb","itemListElement":[{"@type":"ListItem","position":1,"name":"Accueil","item":"https:\/\/www.salon-zenetbio.com\/nantes\/"},{"@type":"ListItem","position":2,"name":"Espace art et cr\u00e9ation 2024"}]},{"@type":"WebSite","@id":"https:\/\/www.salon-zenetbio.com\/nantes\/#website","url":"https:\/\/www.salon-zenetbio.com\/nantes\/","name":"Salon ZEN &amp; BIO Nantes","description":"salon ZEN &amp; BIO Nantes : votre salon bio, bien-\u00eatre et habitat sain","publisher":{"@id":"https:\/\/www.salon-zenetbio.com\/nantes\/#organization"},"potentialAction":[{"@type":"SearchAction","target":{"@type":"EntryPoint","urlTemplate":"https:\/\/www.salon-zenetbio.com\/nantes\/?s={search_term_string}"},"query-input":{"@type":"PropertyValueSpecification","valueRequired":true,"valueName":"search_term_string"}}],"inLanguage":"fr-FR"},{"@type":"Organization","@id":"https:\/\/www.salon-zenetbio.com\/nantes\/#organization","name":"Salon ZEN &amp; BIO Nantes","url":"https:\/\/www.salon-zenetbio.com\/nantes\/","logo":{"@type":"ImageObject","inLanguage":"fr-FR","@id":"https:\/\/www.salon-zenetbio.com\/nantes\/#\/schema\/logo\/image\/","url":"https:\/\/www.salon-zenetbio.com\/nantes\/wp-content\/uploads\/sites\/7\/2026\/03\/cropped-Logo-ZEN-et-BIO-nantes-2026.png","contentUrl":"https:\/\/www.salon-zenetbio.com\/nantes\/wp-content\/uploads\/sites\/7\/2026\/03\/cropped-Logo-ZEN-et-BIO-nantes-2026.png","width":921,"height":255,"caption":"Salon ZEN &amp; BIO Nantes"},"image":{"@id":"https:\/\/www.salon-zenetbio.com\/nantes\/#\/schema\/logo\/image\/"}}]}},"_links":{"self":[{"href":"https:\/\/www.salon-zenetbio.com\/nantes\/wp-json\/wp\/v2\/pages\/17114","targetHints":{"allow":["GET"]}}],"collection":[{"href":"https:\/\/www.salon-zenetbio.com\/nantes\/wp-json\/wp\/v2\/pages"}],"about":[{"href":"https:\/\/www.salon-zenetbio.com\/nantes\/wp-json\/wp\/v2\/types\/page"}],"author":[{"embeddable":true,"href":"https:\/\/www.salon-zenetbio.com\/nantes\/wp-json\/wp\/v2\/users\/6"}],"replies":[{"embeddable":true,"href":"https:\/\/www.salon-zenetbio.com\/nantes\/wp-json\/wp\/v2\/comments?post=17114"}],"version-history":[{"count":1,"href":"https:\/\/www.salon-zenetbio.com\/nantes\/wp-json\/wp\/v2\/pages\/17114\/revisions"}],"predecessor-version":[{"id":17115,"href":"https:\/\/www.salon-zenetbio.com\/nantes\/wp-json\/wp\/v2\/pages\/17114\/revisions\/17115"}],"wp:attachment":[{"href":"https:\/\/www.salon-zenetbio.com\/nantes\/wp-json\/wp\/v2\/media?parent=17114"}],"curies":[{"name":"wp","href":"https:\/\/api.w.org\/{rel}","templated":true}]}}