{"id":17669,"date":"2025-07-25T10:07:49","date_gmt":"2025-07-25T08:07:49","guid":{"rendered":"https:\/\/www.salon-zenetbio.com\/nantes\/?page_id=17669"},"modified":"2025-07-25T10:07:49","modified_gmt":"2025-07-25T08:07:49","slug":"interbio-pays-de-la-loire","status":"publish","type":"page","link":"https:\/\/www.salon-zenetbio.com\/nantes\/interbio-pays-de-la-loire\/","title":{"rendered":"Interbio Pays de la Loire"},"content":{"rendered":"<p data-start=\"120\" data-end=\"401\">\n<p data-start=\"120\" data-end=\"401\"><strong data-start=\"120\" data-end=\"149\"><img decoding=\"async\" class=\"alignnone size-full wp-image-17670\" src=\"https:\/\/www.salon-zenetbio.com\/nantes\/wp-content\/uploads\/sites\/7\/2025\/07\/Capture-decran-2025-07-25-a-10.06.53.png\" alt=\"\" width=\"248\" height=\"107\" srcset=\"https:\/\/www.salon-zenetbio.com\/nantes\/wp-content\/uploads\/sites\/7\/2025\/07\/Capture-decran-2025-07-25-a-10.06.53.png 248w, https:\/\/www.salon-zenetbio.com\/nantes\/wp-content\/uploads\/sites\/7\/2025\/07\/Capture-decran-2025-07-25-a-10.06.53-150x65.png 150w\" sizes=\"(max-width: 248px) 100vw, 248px\" \/><\/strong><\/p>\n<p data-start=\"120\" data-end=\"401\"><strong data-start=\"120\" data-end=\"149\">Interbio Pays de la Loire<\/strong> est une association interprofessionnelle r\u00e9gionale qui regroupe les acteurs de la fili\u00e8re biologique dans la r\u00e9gion des Pays de la Loire. Son objectif principal est de <strong data-start=\"318\" data-end=\"356\">f\u00e9d\u00e9rer, repr\u00e9senter et promouvoir<\/strong> l\u2019agriculture biologique au niveau r\u00e9gional.<\/p>\n<p data-start=\"403\" data-end=\"759\">Cr\u00e9\u00e9e pour r\u00e9pondre aux enjeux de d\u00e9veloppement durable et de souverainet\u00e9 alimentaire, Interbio rassemble des partenaires vari\u00e9s : agriculteurs, transformateurs, distributeurs, collectivit\u00e9s, organismes de conseil ou encore structures de certification. Tous ces acteurs \u0153uvrent ensemble pour structurer une <strong data-start=\"711\" data-end=\"758\">fili\u00e8re bio coh\u00e9rente, \u00e9quitable et durable<\/strong>.<\/p>\n","protected":false},"excerpt":{"rendered":"<p>Interbio Pays de la Loire est une association interprofessionnelle r\u00e9gionale qui regroupe les acteurs de la fili\u00e8re biologique dans la r\u00e9gion des Pays de la Loire. Son objectif principal est de f\u00e9d\u00e9rer, repr\u00e9senter et promouvoir l\u2019agriculture biologique au niveau r\u00e9gional. Cr\u00e9\u00e9e pour r\u00e9pondre aux enjeux de d\u00e9veloppement durable et de souverainet\u00e9 alimentaire, Interbio rassemble des&hellip; <\/p>\n","protected":false},"author":6,"featured_media":0,"parent":0,"menu_order":0,"comment_status":"closed","ping_status":"closed","template":"","meta":{"_monsterinsights_skip_tracking":false,"_monsterinsights_sitenote_active":false,"_monsterinsights_sitenote_note":"","_monsterinsights_sitenote_category":0,"footnotes":""},"class_list":["post-17669","page","type-page","status-publish","hentry"],"yoast_head":"<!-- This site is optimized with the Yoast SEO plugin v27.3 - https:\/\/yoast.com\/product\/yoast-seo-wordpress\/ -->\n<title>Interbio Pays de la Loire - Salon ZEN &amp; BIO Nantes<\/title>\n<meta name=\"description\" content=\"Interbio Pays de la Loire est une association interprofessionnelle r\u00e9gionale qui regroupe les acteurs de la fili\u00e8re biologique...\" \/>\n<meta name=\"robots\" content=\"index, follow, max-snippet:-1, max-image-preview:large, max-video-preview:-1\" \/>\n<link rel=\"canonical\" href=\"http:\/\/www.salon-zenetbio.com\/nantes\/interbio-pays-de-la-loire\/\" \/>\n<meta property=\"og:locale\" content=\"fr_FR\" \/>\n<meta property=\"og:type\" content=\"article\" \/>\n<meta property=\"og:title\" content=\"Interbio Pays de la Loire - Salon ZEN &amp; BIO Nantes\" \/>\n<meta property=\"og:description\" content=\"Interbio Pays de la Loire est une association interprofessionnelle r\u00e9gionale qui regroupe les acteurs de la fili\u00e8re biologique...\" \/>\n<meta property=\"og:url\" content=\"http:\/\/www.salon-zenetbio.com\/nantes\/interbio-pays-de-la-loire\/\" \/>\n<meta property=\"og:site_name\" content=\"Salon ZEN &amp; BIO Nantes\" \/>\n<meta property=\"og:image\" content=\"https:\/\/www.salon-zenetbio.com\/nantes\/wp-content\/uploads\/sites\/7\/2025\/07\/Capture-decran-2025-07-25-a-10.06.53.png\" \/>\n<meta name=\"twitter:card\" content=\"summary_large_image\" \/>\n<meta name=\"twitter:label1\" content=\"Dur\u00e9e de lecture estim\u00e9e\" \/>\n\t<meta name=\"twitter:data1\" content=\"1 minute\" \/>\n<script type=\"application\/ld+json\" class=\"yoast-schema-graph\">{\"@context\":\"https:\\\/\\\/schema.org\",\"@graph\":[{\"@type\":\"WebPage\",\"@id\":\"http:\\\/\\\/www.salon-zenetbio.com\\\/nantes\\\/interbio-pays-de-la-loire\\\/\",\"url\":\"http:\\\/\\\/www.salon-zenetbio.com\\\/nantes\\\/interbio-pays-de-la-loire\\\/\",\"name\":\"Interbio Pays de la Loire - Salon ZEN &amp; BIO Nantes\",\"isPartOf\":{\"@id\":\"https:\\\/\\\/www.salon-zenetbio.com\\\/nantes\\\/#website\"},\"primaryImageOfPage\":{\"@id\":\"http:\\\/\\\/www.salon-zenetbio.com\\\/nantes\\\/interbio-pays-de-la-loire\\\/#primaryimage\"},\"image\":{\"@id\":\"http:\\\/\\\/www.salon-zenetbio.com\\\/nantes\\\/interbio-pays-de-la-loire\\\/#primaryimage\"},\"thumbnailUrl\":\"https:\\\/\\\/www.salon-zenetbio.com\\\/nantes\\\/wp-content\\\/uploads\\\/sites\\\/7\\\/2025\\\/07\\\/Capture-decran-2025-07-25-a-10.06.53.png\",\"datePublished\":\"2025-07-25T08:07:49+00:00\",\"description\":\"Interbio Pays de la Loire est une association interprofessionnelle r\u00e9gionale qui regroupe les acteurs de la fili\u00e8re biologique...\",\"breadcrumb\":{\"@id\":\"http:\\\/\\\/www.salon-zenetbio.com\\\/nantes\\\/interbio-pays-de-la-loire\\\/#breadcrumb\"},\"inLanguage\":\"fr-FR\",\"potentialAction\":[{\"@type\":\"ReadAction\",\"target\":[\"http:\\\/\\\/www.salon-zenetbio.com\\\/nantes\\\/interbio-pays-de-la-loire\\\/\"]}]},{\"@type\":\"ImageObject\",\"inLanguage\":\"fr-FR\",\"@id\":\"http:\\\/\\\/www.salon-zenetbio.com\\\/nantes\\\/interbio-pays-de-la-loire\\\/#primaryimage\",\"url\":\"https:\\\/\\\/www.salon-zenetbio.com\\\/nantes\\\/wp-content\\\/uploads\\\/sites\\\/7\\\/2025\\\/07\\\/Capture-decran-2025-07-25-a-10.06.53.png\",\"contentUrl\":\"https:\\\/\\\/www.salon-zenetbio.com\\\/nantes\\\/wp-content\\\/uploads\\\/sites\\\/7\\\/2025\\\/07\\\/Capture-decran-2025-07-25-a-10.06.53.png\",\"width\":248,\"height\":107},{\"@type\":\"BreadcrumbList\",\"@id\":\"http:\\\/\\\/www.salon-zenetbio.com\\\/nantes\\\/interbio-pays-de-la-loire\\\/#breadcrumb\",\"itemListElement\":[{\"@type\":\"ListItem\",\"position\":1,\"name\":\"Accueil\",\"item\":\"https:\\\/\\\/www.salon-zenetbio.com\\\/nantes\\\/\"},{\"@type\":\"ListItem\",\"position\":2,\"name\":\"Interbio Pays de la Loire\"}]},{\"@type\":\"WebSite\",\"@id\":\"https:\\\/\\\/www.salon-zenetbio.com\\\/nantes\\\/#website\",\"url\":\"https:\\\/\\\/www.salon-zenetbio.com\\\/nantes\\\/\",\"name\":\"Salon ZEN &amp; BIO Nantes\",\"description\":\"salon ZEN &amp; BIO Nantes : votre salon bio, bien-\u00eatre et habitat sain\",\"publisher\":{\"@id\":\"https:\\\/\\\/www.salon-zenetbio.com\\\/nantes\\\/#organization\"},\"potentialAction\":[{\"@type\":\"SearchAction\",\"target\":{\"@type\":\"EntryPoint\",\"urlTemplate\":\"https:\\\/\\\/www.salon-zenetbio.com\\\/nantes\\\/?s={search_term_string}\"},\"query-input\":{\"@type\":\"PropertyValueSpecification\",\"valueRequired\":true,\"valueName\":\"search_term_string\"}}],\"inLanguage\":\"fr-FR\"},{\"@type\":\"Organization\",\"@id\":\"https:\\\/\\\/www.salon-zenetbio.com\\\/nantes\\\/#organization\",\"name\":\"Salon ZEN &amp; BIO Nantes\",\"url\":\"https:\\\/\\\/www.salon-zenetbio.com\\\/nantes\\\/\",\"logo\":{\"@type\":\"ImageObject\",\"inLanguage\":\"fr-FR\",\"@id\":\"https:\\\/\\\/www.salon-zenetbio.com\\\/nantes\\\/#\\\/schema\\\/logo\\\/image\\\/\",\"url\":\"https:\\\/\\\/www.salon-zenetbio.com\\\/nantes\\\/wp-content\\\/uploads\\\/sites\\\/7\\\/2026\\\/03\\\/cropped-Logo-ZEN-et-BIO-nantes-2026.png\",\"contentUrl\":\"https:\\\/\\\/www.salon-zenetbio.com\\\/nantes\\\/wp-content\\\/uploads\\\/sites\\\/7\\\/2026\\\/03\\\/cropped-Logo-ZEN-et-BIO-nantes-2026.png\",\"width\":921,\"height\":255,\"caption\":\"Salon ZEN &amp; BIO Nantes\"},\"image\":{\"@id\":\"https:\\\/\\\/www.salon-zenetbio.com\\\/nantes\\\/#\\\/schema\\\/logo\\\/image\\\/\"}}]}<\/script>\n<!-- \/ Yoast SEO plugin. -->","yoast_head_json":{"title":"Interbio Pays de la Loire - Salon ZEN &amp; BIO Nantes","description":"Interbio Pays de la Loire est une association interprofessionnelle r\u00e9gionale qui regroupe les acteurs de la fili\u00e8re biologique...","robots":{"index":"index","follow":"follow","max-snippet":"max-snippet:-1","max-image-preview":"max-image-preview:large","max-video-preview":"max-video-preview:-1"},"canonical":"http:\/\/www.salon-zenetbio.com\/nantes\/interbio-pays-de-la-loire\/","og_locale":"fr_FR","og_type":"article","og_title":"Interbio Pays de la Loire - Salon ZEN &amp; BIO Nantes","og_description":"Interbio Pays de la Loire est une association interprofessionnelle r\u00e9gionale qui regroupe les acteurs de la fili\u00e8re biologique...","og_url":"http:\/\/www.salon-zenetbio.com\/nantes\/interbio-pays-de-la-loire\/","og_site_name":"Salon ZEN &amp; BIO Nantes","og_image":[{"url":"https:\/\/www.salon-zenetbio.com\/nantes\/wp-content\/uploads\/sites\/7\/2025\/07\/Capture-decran-2025-07-25-a-10.06.53.png","type":"","width":"","height":""}],"twitter_card":"summary_large_image","twitter_misc":{"Dur\u00e9e de lecture estim\u00e9e":"1 minute"},"schema":{"@context":"https:\/\/schema.org","@graph":[{"@type":"WebPage","@id":"http:\/\/www.salon-zenetbio.com\/nantes\/interbio-pays-de-la-loire\/","url":"http:\/\/www.salon-zenetbio.com\/nantes\/interbio-pays-de-la-loire\/","name":"Interbio Pays de la Loire - Salon ZEN &amp; BIO Nantes","isPartOf":{"@id":"https:\/\/www.salon-zenetbio.com\/nantes\/#website"},"primaryImageOfPage":{"@id":"http:\/\/www.salon-zenetbio.com\/nantes\/interbio-pays-de-la-loire\/#primaryimage"},"image":{"@id":"http:\/\/www.salon-zenetbio.com\/nantes\/interbio-pays-de-la-loire\/#primaryimage"},"thumbnailUrl":"https:\/\/www.salon-zenetbio.com\/nantes\/wp-content\/uploads\/sites\/7\/2025\/07\/Capture-decran-2025-07-25-a-10.06.53.png","datePublished":"2025-07-25T08:07:49+00:00","description":"Interbio Pays de la Loire est une association interprofessionnelle r\u00e9gionale qui regroupe les acteurs de la fili\u00e8re biologique...","breadcrumb":{"@id":"http:\/\/www.salon-zenetbio.com\/nantes\/interbio-pays-de-la-loire\/#breadcrumb"},"inLanguage":"fr-FR","potentialAction":[{"@type":"ReadAction","target":["http:\/\/www.salon-zenetbio.com\/nantes\/interbio-pays-de-la-loire\/"]}]},{"@type":"ImageObject","inLanguage":"fr-FR","@id":"http:\/\/www.salon-zenetbio.com\/nantes\/interbio-pays-de-la-loire\/#primaryimage","url":"https:\/\/www.salon-zenetbio.com\/nantes\/wp-content\/uploads\/sites\/7\/2025\/07\/Capture-decran-2025-07-25-a-10.06.53.png","contentUrl":"https:\/\/www.salon-zenetbio.com\/nantes\/wp-content\/uploads\/sites\/7\/2025\/07\/Capture-decran-2025-07-25-a-10.06.53.png","width":248,"height":107},{"@type":"BreadcrumbList","@id":"http:\/\/www.salon-zenetbio.com\/nantes\/interbio-pays-de-la-loire\/#breadcrumb","itemListElement":[{"@type":"ListItem","position":1,"name":"Accueil","item":"https:\/\/www.salon-zenetbio.com\/nantes\/"},{"@type":"ListItem","position":2,"name":"Interbio Pays de la Loire"}]},{"@type":"WebSite","@id":"https:\/\/www.salon-zenetbio.com\/nantes\/#website","url":"https:\/\/www.salon-zenetbio.com\/nantes\/","name":"Salon ZEN &amp; BIO Nantes","description":"salon ZEN &amp; BIO Nantes : votre salon bio, bien-\u00eatre et habitat sain","publisher":{"@id":"https:\/\/www.salon-zenetbio.com\/nantes\/#organization"},"potentialAction":[{"@type":"SearchAction","target":{"@type":"EntryPoint","urlTemplate":"https:\/\/www.salon-zenetbio.com\/nantes\/?s={search_term_string}"},"query-input":{"@type":"PropertyValueSpecification","valueRequired":true,"valueName":"search_term_string"}}],"inLanguage":"fr-FR"},{"@type":"Organization","@id":"https:\/\/www.salon-zenetbio.com\/nantes\/#organization","name":"Salon ZEN &amp; BIO Nantes","url":"https:\/\/www.salon-zenetbio.com\/nantes\/","logo":{"@type":"ImageObject","inLanguage":"fr-FR","@id":"https:\/\/www.salon-zenetbio.com\/nantes\/#\/schema\/logo\/image\/","url":"https:\/\/www.salon-zenetbio.com\/nantes\/wp-content\/uploads\/sites\/7\/2026\/03\/cropped-Logo-ZEN-et-BIO-nantes-2026.png","contentUrl":"https:\/\/www.salon-zenetbio.com\/nantes\/wp-content\/uploads\/sites\/7\/2026\/03\/cropped-Logo-ZEN-et-BIO-nantes-2026.png","width":921,"height":255,"caption":"Salon ZEN &amp; BIO Nantes"},"image":{"@id":"https:\/\/www.salon-zenetbio.com\/nantes\/#\/schema\/logo\/image\/"}}]}},"_links":{"self":[{"href":"https:\/\/www.salon-zenetbio.com\/nantes\/wp-json\/wp\/v2\/pages\/17669","targetHints":{"allow":["GET"]}}],"collection":[{"href":"https:\/\/www.salon-zenetbio.com\/nantes\/wp-json\/wp\/v2\/pages"}],"about":[{"href":"https:\/\/www.salon-zenetbio.com\/nantes\/wp-json\/wp\/v2\/types\/page"}],"author":[{"embeddable":true,"href":"https:\/\/www.salon-zenetbio.com\/nantes\/wp-json\/wp\/v2\/users\/6"}],"replies":[{"embeddable":true,"href":"https:\/\/www.salon-zenetbio.com\/nantes\/wp-json\/wp\/v2\/comments?post=17669"}],"version-history":[{"count":1,"href":"https:\/\/www.salon-zenetbio.com\/nantes\/wp-json\/wp\/v2\/pages\/17669\/revisions"}],"predecessor-version":[{"id":17671,"href":"https:\/\/www.salon-zenetbio.com\/nantes\/wp-json\/wp\/v2\/pages\/17669\/revisions\/17671"}],"wp:attachment":[{"href":"https:\/\/www.salon-zenetbio.com\/nantes\/wp-json\/wp\/v2\/media?parent=17669"}],"curies":[{"name":"wp","href":"https:\/\/api.w.org\/{rel}","templated":true}]}}