{"id":17672,"date":"2025-07-25T10:10:12","date_gmt":"2025-07-25T08:10:12","guid":{"rendered":"https:\/\/www.salon-zenetbio.com\/nantes\/?page_id=17672"},"modified":"2025-07-25T10:10:12","modified_gmt":"2025-07-25T08:10:12","slug":"rfm","status":"publish","type":"page","link":"https:\/\/www.salon-zenetbio.com\/nantes\/rfm\/","title":{"rendered":"RFM"},"content":{"rendered":"<p>&nbsp;<\/p>\n<p><img fetchpriority=\"high\" decoding=\"async\" class=\"alignnone  wp-image-17580\" src=\"https:\/\/www.salon-zenetbio.com\/nantes\/wp-content\/uploads\/sites\/7\/2025\/07\/Rfm-2011.svg-1-300x260.png\" alt=\"\" width=\"247\" height=\"214\" srcset=\"https:\/\/www.salon-zenetbio.com\/nantes\/wp-content\/uploads\/sites\/7\/2025\/07\/Rfm-2011.svg-1-300x260.png 300w, https:\/\/www.salon-zenetbio.com\/nantes\/wp-content\/uploads\/sites\/7\/2025\/07\/Rfm-2011.svg-1-1024x887.png 1024w, https:\/\/www.salon-zenetbio.com\/nantes\/wp-content\/uploads\/sites\/7\/2025\/07\/Rfm-2011.svg-1-768x665.png 768w, https:\/\/www.salon-zenetbio.com\/nantes\/wp-content\/uploads\/sites\/7\/2025\/07\/Rfm-2011.svg-1-150x130.png 150w, https:\/\/www.salon-zenetbio.com\/nantes\/wp-content\/uploads\/sites\/7\/2025\/07\/Rfm-2011.svg-1-500x433.png 500w, https:\/\/www.salon-zenetbio.com\/nantes\/wp-content\/uploads\/sites\/7\/2025\/07\/Rfm-2011.svg-1.png 1200w\" sizes=\"(max-width: 247px) 100vw, 247px\" \/><\/p>\n<p>&nbsp;<\/p>\n<p style=\"font-weight: 400;\"><span data-markjs=\"true\">RFM<\/span> est une station de radio fran\u00e7aise embl\u00e9matique, reconnue pour sa programmation musicale ax\u00e9e sur les grands classiques et les tubes intemporels. Depuis sa cr\u00e9ation, <span data-markjs=\"true\">RFM<\/span> s\u2019est impos\u00e9e comme une r\u00e9f\u00e9rence pour les auditeurs en qu\u00eate de bonne humeur, en diffusant principalement des chansons des ann\u00e9es 80, 90, et des ann\u00e9es 2000.<\/p>\n<p style=\"font-weight: 400;\">La radio mise sur un savant m\u00e9lange de vari\u00e9t\u00e9 fran\u00e7aise et internationale. Avec une ambiance chaleureuse et conviviale, <span data-markjs=\"true\">RFM<\/span> accompagne ses auditeurs tout au long de la journ\u00e9e, que ce soit au travail, en voiture ou \u00e0 la maison.<\/p>\n<p style=\"font-weight: 400;\">Au-del\u00e0 de la musique, <span data-markjs=\"true\">RFM<\/span> propose \u00e9galement des programmes dynamiques avec des animateurs passionn\u00e9s, qui partagent anecdotes, interviews et moments de complicit\u00e9, renfor\u00e7ant le lien avec les auditeurs. Gr\u00e2ce \u00e0 sa forte identit\u00e9 et \u00e0 son positionnement unique, <span data-markjs=\"true\">RFM<\/span> s\u2019adresse \u00e0 tous ceux qui aiment revivre les plus beaux souvenirs musicaux et profiter d\u2019un moment de d\u00e9tente et de plaisir musical.<\/p>\n","protected":false},"excerpt":{"rendered":"<p>&nbsp; &nbsp; RFM est une station de radio fran\u00e7aise embl\u00e9matique, reconnue pour sa programmation musicale ax\u00e9e sur les grands classiques et les tubes intemporels. Depuis sa cr\u00e9ation, RFM s\u2019est impos\u00e9e comme une r\u00e9f\u00e9rence pour les auditeurs en qu\u00eate de bonne humeur, en diffusant principalement des chansons des ann\u00e9es 80, 90, et des ann\u00e9es 2000. La&hellip; <\/p>\n","protected":false},"author":6,"featured_media":0,"parent":0,"menu_order":0,"comment_status":"closed","ping_status":"closed","template":"","meta":{"_monsterinsights_skip_tracking":false,"_monsterinsights_sitenote_active":false,"_monsterinsights_sitenote_note":"","_monsterinsights_sitenote_category":0,"footnotes":""},"class_list":["post-17672","page","type-page","status-publish","hentry"],"yoast_head":"<!-- This site is optimized with the Yoast SEO plugin v27.3 - https:\/\/yoast.com\/product\/yoast-seo-wordpress\/ -->\n<title>RFM - Salon ZEN &amp; BIO Nantes<\/title>\n<meta name=\"description\" content=\"RFM est une station de radio fran\u00e7aise embl\u00e9matique, reconnue pour sa programmation musicale ax\u00e9e sur les grands classiques...\" \/>\n<meta name=\"robots\" content=\"index, follow, max-snippet:-1, max-image-preview:large, max-video-preview:-1\" \/>\n<link rel=\"canonical\" href=\"https:\/\/www.salon-zenetbio.com\/nantes\/rfm\/\" \/>\n<meta property=\"og:locale\" content=\"fr_FR\" \/>\n<meta property=\"og:type\" content=\"article\" \/>\n<meta property=\"og:title\" content=\"RFM - Salon ZEN &amp; BIO Nantes\" \/>\n<meta property=\"og:description\" content=\"RFM est une station de radio fran\u00e7aise embl\u00e9matique, reconnue pour sa programmation musicale ax\u00e9e sur les grands classiques...\" \/>\n<meta property=\"og:url\" content=\"https:\/\/www.salon-zenetbio.com\/nantes\/rfm\/\" \/>\n<meta property=\"og:site_name\" content=\"Salon ZEN &amp; BIO Nantes\" \/>\n<meta property=\"og:image\" content=\"https:\/\/www.salon-zenetbio.com\/nantes\/wp-content\/uploads\/sites\/7\/2025\/07\/Rfm-2011.svg-1-300x260.png\" \/>\n<meta name=\"twitter:card\" content=\"summary_large_image\" \/>\n<meta name=\"twitter:label1\" content=\"Dur\u00e9e de lecture estim\u00e9e\" \/>\n\t<meta name=\"twitter:data1\" content=\"1 minute\" \/>\n<script type=\"application\/ld+json\" class=\"yoast-schema-graph\">{\"@context\":\"https:\\\/\\\/schema.org\",\"@graph\":[{\"@type\":\"WebPage\",\"@id\":\"https:\\\/\\\/www.salon-zenetbio.com\\\/nantes\\\/rfm\\\/\",\"url\":\"https:\\\/\\\/www.salon-zenetbio.com\\\/nantes\\\/rfm\\\/\",\"name\":\"RFM - Salon ZEN &amp; BIO Nantes\",\"isPartOf\":{\"@id\":\"https:\\\/\\\/www.salon-zenetbio.com\\\/nantes\\\/#website\"},\"primaryImageOfPage\":{\"@id\":\"https:\\\/\\\/www.salon-zenetbio.com\\\/nantes\\\/rfm\\\/#primaryimage\"},\"image\":{\"@id\":\"https:\\\/\\\/www.salon-zenetbio.com\\\/nantes\\\/rfm\\\/#primaryimage\"},\"thumbnailUrl\":\"https:\\\/\\\/www.salon-zenetbio.com\\\/nantes\\\/wp-content\\\/uploads\\\/sites\\\/7\\\/2025\\\/07\\\/Rfm-2011.svg-1-300x260.png\",\"datePublished\":\"2025-07-25T08:10:12+00:00\",\"description\":\"RFM est une station de radio fran\u00e7aise embl\u00e9matique, reconnue pour sa programmation musicale ax\u00e9e sur les grands classiques...\",\"breadcrumb\":{\"@id\":\"https:\\\/\\\/www.salon-zenetbio.com\\\/nantes\\\/rfm\\\/#breadcrumb\"},\"inLanguage\":\"fr-FR\",\"potentialAction\":[{\"@type\":\"ReadAction\",\"target\":[\"https:\\\/\\\/www.salon-zenetbio.com\\\/nantes\\\/rfm\\\/\"]}]},{\"@type\":\"ImageObject\",\"inLanguage\":\"fr-FR\",\"@id\":\"https:\\\/\\\/www.salon-zenetbio.com\\\/nantes\\\/rfm\\\/#primaryimage\",\"url\":\"https:\\\/\\\/www.salon-zenetbio.com\\\/nantes\\\/wp-content\\\/uploads\\\/sites\\\/7\\\/2025\\\/07\\\/Rfm-2011.svg-1.png\",\"contentUrl\":\"https:\\\/\\\/www.salon-zenetbio.com\\\/nantes\\\/wp-content\\\/uploads\\\/sites\\\/7\\\/2025\\\/07\\\/Rfm-2011.svg-1.png\",\"width\":1200,\"height\":1039},{\"@type\":\"BreadcrumbList\",\"@id\":\"https:\\\/\\\/www.salon-zenetbio.com\\\/nantes\\\/rfm\\\/#breadcrumb\",\"itemListElement\":[{\"@type\":\"ListItem\",\"position\":1,\"name\":\"Accueil\",\"item\":\"https:\\\/\\\/www.salon-zenetbio.com\\\/nantes\\\/\"},{\"@type\":\"ListItem\",\"position\":2,\"name\":\"RFM\"}]},{\"@type\":\"WebSite\",\"@id\":\"https:\\\/\\\/www.salon-zenetbio.com\\\/nantes\\\/#website\",\"url\":\"https:\\\/\\\/www.salon-zenetbio.com\\\/nantes\\\/\",\"name\":\"Salon ZEN &amp; BIO Nantes\",\"description\":\"salon ZEN &amp; BIO Nantes : votre salon bio, bien-\u00eatre et habitat sain\",\"publisher\":{\"@id\":\"https:\\\/\\\/www.salon-zenetbio.com\\\/nantes\\\/#organization\"},\"potentialAction\":[{\"@type\":\"SearchAction\",\"target\":{\"@type\":\"EntryPoint\",\"urlTemplate\":\"https:\\\/\\\/www.salon-zenetbio.com\\\/nantes\\\/?s={search_term_string}\"},\"query-input\":{\"@type\":\"PropertyValueSpecification\",\"valueRequired\":true,\"valueName\":\"search_term_string\"}}],\"inLanguage\":\"fr-FR\"},{\"@type\":\"Organization\",\"@id\":\"https:\\\/\\\/www.salon-zenetbio.com\\\/nantes\\\/#organization\",\"name\":\"Salon ZEN &amp; BIO Nantes\",\"url\":\"https:\\\/\\\/www.salon-zenetbio.com\\\/nantes\\\/\",\"logo\":{\"@type\":\"ImageObject\",\"inLanguage\":\"fr-FR\",\"@id\":\"https:\\\/\\\/www.salon-zenetbio.com\\\/nantes\\\/#\\\/schema\\\/logo\\\/image\\\/\",\"url\":\"https:\\\/\\\/www.salon-zenetbio.com\\\/nantes\\\/wp-content\\\/uploads\\\/sites\\\/7\\\/2026\\\/03\\\/cropped-Logo-ZEN-et-BIO-nantes-2026.png\",\"contentUrl\":\"https:\\\/\\\/www.salon-zenetbio.com\\\/nantes\\\/wp-content\\\/uploads\\\/sites\\\/7\\\/2026\\\/03\\\/cropped-Logo-ZEN-et-BIO-nantes-2026.png\",\"width\":921,\"height\":255,\"caption\":\"Salon ZEN &amp; BIO Nantes\"},\"image\":{\"@id\":\"https:\\\/\\\/www.salon-zenetbio.com\\\/nantes\\\/#\\\/schema\\\/logo\\\/image\\\/\"}}]}<\/script>\n<!-- \/ Yoast SEO plugin. -->","yoast_head_json":{"title":"RFM - Salon ZEN &amp; BIO Nantes","description":"RFM est une station de radio fran\u00e7aise embl\u00e9matique, reconnue pour sa programmation musicale ax\u00e9e sur les grands classiques...","robots":{"index":"index","follow":"follow","max-snippet":"max-snippet:-1","max-image-preview":"max-image-preview:large","max-video-preview":"max-video-preview:-1"},"canonical":"https:\/\/www.salon-zenetbio.com\/nantes\/rfm\/","og_locale":"fr_FR","og_type":"article","og_title":"RFM - Salon ZEN &amp; BIO Nantes","og_description":"RFM est une station de radio fran\u00e7aise embl\u00e9matique, reconnue pour sa programmation musicale ax\u00e9e sur les grands classiques...","og_url":"https:\/\/www.salon-zenetbio.com\/nantes\/rfm\/","og_site_name":"Salon ZEN &amp; BIO Nantes","og_image":[{"url":"https:\/\/www.salon-zenetbio.com\/nantes\/wp-content\/uploads\/sites\/7\/2025\/07\/Rfm-2011.svg-1-300x260.png","type":"","width":"","height":""}],"twitter_card":"summary_large_image","twitter_misc":{"Dur\u00e9e de lecture estim\u00e9e":"1 minute"},"schema":{"@context":"https:\/\/schema.org","@graph":[{"@type":"WebPage","@id":"https:\/\/www.salon-zenetbio.com\/nantes\/rfm\/","url":"https:\/\/www.salon-zenetbio.com\/nantes\/rfm\/","name":"RFM - Salon ZEN &amp; BIO Nantes","isPartOf":{"@id":"https:\/\/www.salon-zenetbio.com\/nantes\/#website"},"primaryImageOfPage":{"@id":"https:\/\/www.salon-zenetbio.com\/nantes\/rfm\/#primaryimage"},"image":{"@id":"https:\/\/www.salon-zenetbio.com\/nantes\/rfm\/#primaryimage"},"thumbnailUrl":"https:\/\/www.salon-zenetbio.com\/nantes\/wp-content\/uploads\/sites\/7\/2025\/07\/Rfm-2011.svg-1-300x260.png","datePublished":"2025-07-25T08:10:12+00:00","description":"RFM est une station de radio fran\u00e7aise embl\u00e9matique, reconnue pour sa programmation musicale ax\u00e9e sur les grands classiques...","breadcrumb":{"@id":"https:\/\/www.salon-zenetbio.com\/nantes\/rfm\/#breadcrumb"},"inLanguage":"fr-FR","potentialAction":[{"@type":"ReadAction","target":["https:\/\/www.salon-zenetbio.com\/nantes\/rfm\/"]}]},{"@type":"ImageObject","inLanguage":"fr-FR","@id":"https:\/\/www.salon-zenetbio.com\/nantes\/rfm\/#primaryimage","url":"https:\/\/www.salon-zenetbio.com\/nantes\/wp-content\/uploads\/sites\/7\/2025\/07\/Rfm-2011.svg-1.png","contentUrl":"https:\/\/www.salon-zenetbio.com\/nantes\/wp-content\/uploads\/sites\/7\/2025\/07\/Rfm-2011.svg-1.png","width":1200,"height":1039},{"@type":"BreadcrumbList","@id":"https:\/\/www.salon-zenetbio.com\/nantes\/rfm\/#breadcrumb","itemListElement":[{"@type":"ListItem","position":1,"name":"Accueil","item":"https:\/\/www.salon-zenetbio.com\/nantes\/"},{"@type":"ListItem","position":2,"name":"RFM"}]},{"@type":"WebSite","@id":"https:\/\/www.salon-zenetbio.com\/nantes\/#website","url":"https:\/\/www.salon-zenetbio.com\/nantes\/","name":"Salon ZEN &amp; BIO Nantes","description":"salon ZEN &amp; BIO Nantes : votre salon bio, bien-\u00eatre et habitat sain","publisher":{"@id":"https:\/\/www.salon-zenetbio.com\/nantes\/#organization"},"potentialAction":[{"@type":"SearchAction","target":{"@type":"EntryPoint","urlTemplate":"https:\/\/www.salon-zenetbio.com\/nantes\/?s={search_term_string}"},"query-input":{"@type":"PropertyValueSpecification","valueRequired":true,"valueName":"search_term_string"}}],"inLanguage":"fr-FR"},{"@type":"Organization","@id":"https:\/\/www.salon-zenetbio.com\/nantes\/#organization","name":"Salon ZEN &amp; BIO Nantes","url":"https:\/\/www.salon-zenetbio.com\/nantes\/","logo":{"@type":"ImageObject","inLanguage":"fr-FR","@id":"https:\/\/www.salon-zenetbio.com\/nantes\/#\/schema\/logo\/image\/","url":"https:\/\/www.salon-zenetbio.com\/nantes\/wp-content\/uploads\/sites\/7\/2026\/03\/cropped-Logo-ZEN-et-BIO-nantes-2026.png","contentUrl":"https:\/\/www.salon-zenetbio.com\/nantes\/wp-content\/uploads\/sites\/7\/2026\/03\/cropped-Logo-ZEN-et-BIO-nantes-2026.png","width":921,"height":255,"caption":"Salon ZEN &amp; BIO Nantes"},"image":{"@id":"https:\/\/www.salon-zenetbio.com\/nantes\/#\/schema\/logo\/image\/"}}]}},"_links":{"self":[{"href":"https:\/\/www.salon-zenetbio.com\/nantes\/wp-json\/wp\/v2\/pages\/17672","targetHints":{"allow":["GET"]}}],"collection":[{"href":"https:\/\/www.salon-zenetbio.com\/nantes\/wp-json\/wp\/v2\/pages"}],"about":[{"href":"https:\/\/www.salon-zenetbio.com\/nantes\/wp-json\/wp\/v2\/types\/page"}],"author":[{"embeddable":true,"href":"https:\/\/www.salon-zenetbio.com\/nantes\/wp-json\/wp\/v2\/users\/6"}],"replies":[{"embeddable":true,"href":"https:\/\/www.salon-zenetbio.com\/nantes\/wp-json\/wp\/v2\/comments?post=17672"}],"version-history":[{"count":1,"href":"https:\/\/www.salon-zenetbio.com\/nantes\/wp-json\/wp\/v2\/pages\/17672\/revisions"}],"predecessor-version":[{"id":17674,"href":"https:\/\/www.salon-zenetbio.com\/nantes\/wp-json\/wp\/v2\/pages\/17672\/revisions\/17674"}],"wp:attachment":[{"href":"https:\/\/www.salon-zenetbio.com\/nantes\/wp-json\/wp\/v2\/media?parent=17672"}],"curies":[{"name":"wp","href":"https:\/\/api.w.org\/{rel}","templated":true}]}}