{"id":18850,"date":"2026-02-19T10:36:17","date_gmt":"2026-02-19T09:36:17","guid":{"rendered":"https:\/\/www.salon-zenetbio.com\/nantes\/?page_id=18850"},"modified":"2026-02-19T10:36:17","modified_gmt":"2026-02-19T09:36:17","slug":"ecolopromo","status":"publish","type":"page","link":"https:\/\/www.salon-zenetbio.com\/nantes\/presse\/nos-partenaires\/ecolopromo\/","title":{"rendered":"Ecolopromo"},"content":{"rendered":"<p>&nbsp;<\/p>\n<p><img fetchpriority=\"high\" decoding=\"async\" class=\"size-medium wp-image-12557 aligncenter\" src=\"https:\/\/www.salon-zenetbio.com\/angers\/wp-content\/uploads\/sites\/8\/2026\/02\/Unknown-300x167.png\" alt=\"\" width=\"300\" height=\"167\" \/><\/p>\n<p class=\"03Dossierforum-Paragraphe\"><strong>Ecolopromo<\/strong>\u00a0est un m\u00e9dia engag\u00e9 d\u00e9di\u00e9 \u00e0 l\u2019\u00e9cologie joyeuse et vivante, au bio et au z\u00e9ro d\u00e9chet.<br \/>\n\u00c0 travers des articles pratiques, des recettes anti-gaspi, des DIY naturels et une veille \u00e9thique, Ecolopromo accompagne les consommateurs vers des choix plus responsables au quotidien.<br \/>\nLe site valorise \u00e9galement des marques bio et engag\u00e9es via une s\u00e9lection de produits et des contenus \u00e9ditoriaux \u00e0 forte valeur.<\/p>\n<p>Visiter le\u00a0<a href=\"http:\/\/www.ecolopromo.fr\" target=\"_blank\" rel=\"noopener\">site internet<\/a><\/p>\n","protected":false},"excerpt":{"rendered":"<p>&nbsp; Ecolopromo\u00a0est un m\u00e9dia engag\u00e9 d\u00e9di\u00e9 \u00e0 l\u2019\u00e9cologie joyeuse et vivante, au bio et au z\u00e9ro d\u00e9chet. \u00c0 travers des articles pratiques, des recettes anti-gaspi, des DIY naturels et une veille \u00e9thique, Ecolopromo accompagne les consommateurs vers des choix plus responsables au quotidien. Le site valorise \u00e9galement des marques bio et engag\u00e9es via une s\u00e9lection&hellip; <\/p>\n","protected":false},"author":6,"featured_media":0,"parent":2456,"menu_order":0,"comment_status":"closed","ping_status":"closed","template":"","meta":{"_monsterinsights_skip_tracking":false,"_monsterinsights_sitenote_active":false,"_monsterinsights_sitenote_note":"","_monsterinsights_sitenote_category":0,"footnotes":""},"class_list":["post-18850","page","type-page","status-publish","hentry"],"yoast_head":"<!-- This site is optimized with the Yoast SEO plugin v27.3 - https:\/\/yoast.com\/product\/yoast-seo-wordpress\/ -->\n<title>Ecolopromo - Salon ZEN &amp; BIO Nantes<\/title>\n<meta name=\"robots\" content=\"index, follow, max-snippet:-1, max-image-preview:large, max-video-preview:-1\" \/>\n<link rel=\"canonical\" href=\"https:\/\/www.salon-zenetbio.com\/nantes\/presse\/nos-partenaires\/ecolopromo\/\" \/>\n<meta property=\"og:locale\" content=\"fr_FR\" \/>\n<meta property=\"og:type\" content=\"article\" \/>\n<meta property=\"og:title\" content=\"Ecolopromo - Salon ZEN &amp; BIO Nantes\" \/>\n<meta property=\"og:description\" content=\"&nbsp; Ecolopromo\u00a0est un m\u00e9dia engag\u00e9 d\u00e9di\u00e9 \u00e0 l\u2019\u00e9cologie joyeuse et vivante, au bio et au z\u00e9ro d\u00e9chet. \u00c0 travers des articles pratiques, des recettes anti-gaspi, des DIY naturels et une veille \u00e9thique, Ecolopromo accompagne les consommateurs vers des choix plus responsables au quotidien. Le site valorise \u00e9galement des marques bio et engag\u00e9es via une s\u00e9lection&hellip;\" \/>\n<meta property=\"og:url\" content=\"https:\/\/www.salon-zenetbio.com\/nantes\/presse\/nos-partenaires\/ecolopromo\/\" \/>\n<meta property=\"og:site_name\" content=\"Salon ZEN &amp; BIO Nantes\" \/>\n<meta property=\"og:image\" content=\"https:\/\/www.salon-zenetbio.com\/angers\/wp-content\/uploads\/sites\/8\/2026\/02\/Unknown-300x167.png\" \/>\n<meta name=\"twitter:card\" content=\"summary_large_image\" \/>\n<meta name=\"twitter:label1\" content=\"Dur\u00e9e de lecture estim\u00e9e\" \/>\n\t<meta name=\"twitter:data1\" content=\"1 minute\" \/>\n<script type=\"application\/ld+json\" class=\"yoast-schema-graph\">{\"@context\":\"https:\\\/\\\/schema.org\",\"@graph\":[{\"@type\":\"WebPage\",\"@id\":\"https:\\\/\\\/www.salon-zenetbio.com\\\/nantes\\\/presse\\\/nos-partenaires\\\/ecolopromo\\\/\",\"url\":\"https:\\\/\\\/www.salon-zenetbio.com\\\/nantes\\\/presse\\\/nos-partenaires\\\/ecolopromo\\\/\",\"name\":\"Ecolopromo - Salon ZEN &amp; BIO Nantes\",\"isPartOf\":{\"@id\":\"http:\\\/\\\/www.salon-zenetbio.com\\\/nantes\\\/#website\"},\"primaryImageOfPage\":{\"@id\":\"https:\\\/\\\/www.salon-zenetbio.com\\\/nantes\\\/presse\\\/nos-partenaires\\\/ecolopromo\\\/#primaryimage\"},\"image\":{\"@id\":\"https:\\\/\\\/www.salon-zenetbio.com\\\/nantes\\\/presse\\\/nos-partenaires\\\/ecolopromo\\\/#primaryimage\"},\"thumbnailUrl\":\"https:\\\/\\\/www.salon-zenetbio.com\\\/angers\\\/wp-content\\\/uploads\\\/sites\\\/8\\\/2026\\\/02\\\/Unknown-300x167.png\",\"datePublished\":\"2026-02-19T09:36:17+00:00\",\"breadcrumb\":{\"@id\":\"https:\\\/\\\/www.salon-zenetbio.com\\\/nantes\\\/presse\\\/nos-partenaires\\\/ecolopromo\\\/#breadcrumb\"},\"inLanguage\":\"fr-FR\",\"potentialAction\":[{\"@type\":\"ReadAction\",\"target\":[\"https:\\\/\\\/www.salon-zenetbio.com\\\/nantes\\\/presse\\\/nos-partenaires\\\/ecolopromo\\\/\"]}]},{\"@type\":\"ImageObject\",\"inLanguage\":\"fr-FR\",\"@id\":\"https:\\\/\\\/www.salon-zenetbio.com\\\/nantes\\\/presse\\\/nos-partenaires\\\/ecolopromo\\\/#primaryimage\",\"url\":\"https:\\\/\\\/www.salon-zenetbio.com\\\/angers\\\/wp-content\\\/uploads\\\/sites\\\/8\\\/2026\\\/02\\\/Unknown-300x167.png\",\"contentUrl\":\"https:\\\/\\\/www.salon-zenetbio.com\\\/angers\\\/wp-content\\\/uploads\\\/sites\\\/8\\\/2026\\\/02\\\/Unknown-300x167.png\"},{\"@type\":\"BreadcrumbList\",\"@id\":\"https:\\\/\\\/www.salon-zenetbio.com\\\/nantes\\\/presse\\\/nos-partenaires\\\/ecolopromo\\\/#breadcrumb\",\"itemListElement\":[{\"@type\":\"ListItem\",\"position\":1,\"name\":\"Accueil\",\"item\":\"http:\\\/\\\/www.salon-zenetbio.com\\\/nantes\\\/\"},{\"@type\":\"ListItem\",\"position\":2,\"name\":\"Communication\\\/presse et partenaires\",\"item\":\"https:\\\/\\\/www.salon-zenetbio.com\\\/nantes\\\/presse\\\/\"},{\"@type\":\"ListItem\",\"position\":3,\"name\":\"Nos partenaires\",\"item\":\"https:\\\/\\\/www.salon-zenetbio.com\\\/nantes\\\/presse\\\/nos-partenaires\\\/\"},{\"@type\":\"ListItem\",\"position\":4,\"name\":\"Ecolopromo\"}]},{\"@type\":\"WebSite\",\"@id\":\"http:\\\/\\\/www.salon-zenetbio.com\\\/nantes\\\/#website\",\"url\":\"http:\\\/\\\/www.salon-zenetbio.com\\\/nantes\\\/\",\"name\":\"Salon ZEN &amp; BIO Nantes\",\"description\":\"salon ZEN &amp; BIO Nantes : votre salon bio, bien-\u00eatre et habitat sain\",\"publisher\":{\"@id\":\"http:\\\/\\\/www.salon-zenetbio.com\\\/nantes\\\/#organization\"},\"potentialAction\":[{\"@type\":\"SearchAction\",\"target\":{\"@type\":\"EntryPoint\",\"urlTemplate\":\"http:\\\/\\\/www.salon-zenetbio.com\\\/nantes\\\/?s={search_term_string}\"},\"query-input\":{\"@type\":\"PropertyValueSpecification\",\"valueRequired\":true,\"valueName\":\"search_term_string\"}}],\"inLanguage\":\"fr-FR\"},{\"@type\":\"Organization\",\"@id\":\"http:\\\/\\\/www.salon-zenetbio.com\\\/nantes\\\/#organization\",\"name\":\"Salon ZEN &amp; BIO Nantes\",\"url\":\"http:\\\/\\\/www.salon-zenetbio.com\\\/nantes\\\/\",\"logo\":{\"@type\":\"ImageObject\",\"inLanguage\":\"fr-FR\",\"@id\":\"http:\\\/\\\/www.salon-zenetbio.com\\\/nantes\\\/#\\\/schema\\\/logo\\\/image\\\/\",\"url\":\"https:\\\/\\\/www.salon-zenetbio.com\\\/nantes\\\/wp-content\\\/uploads\\\/sites\\\/7\\\/2026\\\/03\\\/cropped-Logo-ZEN-et-BIO-nantes-2026.png\",\"contentUrl\":\"https:\\\/\\\/www.salon-zenetbio.com\\\/nantes\\\/wp-content\\\/uploads\\\/sites\\\/7\\\/2026\\\/03\\\/cropped-Logo-ZEN-et-BIO-nantes-2026.png\",\"width\":921,\"height\":255,\"caption\":\"Salon ZEN &amp; BIO Nantes\"},\"image\":{\"@id\":\"http:\\\/\\\/www.salon-zenetbio.com\\\/nantes\\\/#\\\/schema\\\/logo\\\/image\\\/\"}}]}<\/script>\n<!-- \/ Yoast SEO plugin. -->","yoast_head_json":{"title":"Ecolopromo - Salon ZEN &amp; BIO Nantes","robots":{"index":"index","follow":"follow","max-snippet":"max-snippet:-1","max-image-preview":"max-image-preview:large","max-video-preview":"max-video-preview:-1"},"canonical":"https:\/\/www.salon-zenetbio.com\/nantes\/presse\/nos-partenaires\/ecolopromo\/","og_locale":"fr_FR","og_type":"article","og_title":"Ecolopromo - Salon ZEN &amp; BIO Nantes","og_description":"&nbsp; Ecolopromo\u00a0est un m\u00e9dia engag\u00e9 d\u00e9di\u00e9 \u00e0 l\u2019\u00e9cologie joyeuse et vivante, au bio et au z\u00e9ro d\u00e9chet. \u00c0 travers des articles pratiques, des recettes anti-gaspi, des DIY naturels et une veille \u00e9thique, Ecolopromo accompagne les consommateurs vers des choix plus responsables au quotidien. Le site valorise \u00e9galement des marques bio et engag\u00e9es via une s\u00e9lection&hellip;","og_url":"https:\/\/www.salon-zenetbio.com\/nantes\/presse\/nos-partenaires\/ecolopromo\/","og_site_name":"Salon ZEN &amp; BIO Nantes","og_image":[{"url":"https:\/\/www.salon-zenetbio.com\/angers\/wp-content\/uploads\/sites\/8\/2026\/02\/Unknown-300x167.png","type":"","width":"","height":""}],"twitter_card":"summary_large_image","twitter_misc":{"Dur\u00e9e de lecture estim\u00e9e":"1 minute"},"schema":{"@context":"https:\/\/schema.org","@graph":[{"@type":"WebPage","@id":"https:\/\/www.salon-zenetbio.com\/nantes\/presse\/nos-partenaires\/ecolopromo\/","url":"https:\/\/www.salon-zenetbio.com\/nantes\/presse\/nos-partenaires\/ecolopromo\/","name":"Ecolopromo - Salon ZEN &amp; BIO Nantes","isPartOf":{"@id":"http:\/\/www.salon-zenetbio.com\/nantes\/#website"},"primaryImageOfPage":{"@id":"https:\/\/www.salon-zenetbio.com\/nantes\/presse\/nos-partenaires\/ecolopromo\/#primaryimage"},"image":{"@id":"https:\/\/www.salon-zenetbio.com\/nantes\/presse\/nos-partenaires\/ecolopromo\/#primaryimage"},"thumbnailUrl":"https:\/\/www.salon-zenetbio.com\/angers\/wp-content\/uploads\/sites\/8\/2026\/02\/Unknown-300x167.png","datePublished":"2026-02-19T09:36:17+00:00","breadcrumb":{"@id":"https:\/\/www.salon-zenetbio.com\/nantes\/presse\/nos-partenaires\/ecolopromo\/#breadcrumb"},"inLanguage":"fr-FR","potentialAction":[{"@type":"ReadAction","target":["https:\/\/www.salon-zenetbio.com\/nantes\/presse\/nos-partenaires\/ecolopromo\/"]}]},{"@type":"ImageObject","inLanguage":"fr-FR","@id":"https:\/\/www.salon-zenetbio.com\/nantes\/presse\/nos-partenaires\/ecolopromo\/#primaryimage","url":"https:\/\/www.salon-zenetbio.com\/angers\/wp-content\/uploads\/sites\/8\/2026\/02\/Unknown-300x167.png","contentUrl":"https:\/\/www.salon-zenetbio.com\/angers\/wp-content\/uploads\/sites\/8\/2026\/02\/Unknown-300x167.png"},{"@type":"BreadcrumbList","@id":"https:\/\/www.salon-zenetbio.com\/nantes\/presse\/nos-partenaires\/ecolopromo\/#breadcrumb","itemListElement":[{"@type":"ListItem","position":1,"name":"Accueil","item":"http:\/\/www.salon-zenetbio.com\/nantes\/"},{"@type":"ListItem","position":2,"name":"Communication\/presse et partenaires","item":"https:\/\/www.salon-zenetbio.com\/nantes\/presse\/"},{"@type":"ListItem","position":3,"name":"Nos partenaires","item":"https:\/\/www.salon-zenetbio.com\/nantes\/presse\/nos-partenaires\/"},{"@type":"ListItem","position":4,"name":"Ecolopromo"}]},{"@type":"WebSite","@id":"http:\/\/www.salon-zenetbio.com\/nantes\/#website","url":"http:\/\/www.salon-zenetbio.com\/nantes\/","name":"Salon ZEN &amp; BIO Nantes","description":"salon ZEN &amp; BIO Nantes : votre salon bio, bien-\u00eatre et habitat sain","publisher":{"@id":"http:\/\/www.salon-zenetbio.com\/nantes\/#organization"},"potentialAction":[{"@type":"SearchAction","target":{"@type":"EntryPoint","urlTemplate":"http:\/\/www.salon-zenetbio.com\/nantes\/?s={search_term_string}"},"query-input":{"@type":"PropertyValueSpecification","valueRequired":true,"valueName":"search_term_string"}}],"inLanguage":"fr-FR"},{"@type":"Organization","@id":"http:\/\/www.salon-zenetbio.com\/nantes\/#organization","name":"Salon ZEN &amp; BIO Nantes","url":"http:\/\/www.salon-zenetbio.com\/nantes\/","logo":{"@type":"ImageObject","inLanguage":"fr-FR","@id":"http:\/\/www.salon-zenetbio.com\/nantes\/#\/schema\/logo\/image\/","url":"https:\/\/www.salon-zenetbio.com\/nantes\/wp-content\/uploads\/sites\/7\/2026\/03\/cropped-Logo-ZEN-et-BIO-nantes-2026.png","contentUrl":"https:\/\/www.salon-zenetbio.com\/nantes\/wp-content\/uploads\/sites\/7\/2026\/03\/cropped-Logo-ZEN-et-BIO-nantes-2026.png","width":921,"height":255,"caption":"Salon ZEN &amp; BIO Nantes"},"image":{"@id":"http:\/\/www.salon-zenetbio.com\/nantes\/#\/schema\/logo\/image\/"}}]}},"_links":{"self":[{"href":"https:\/\/www.salon-zenetbio.com\/nantes\/wp-json\/wp\/v2\/pages\/18850","targetHints":{"allow":["GET"]}}],"collection":[{"href":"https:\/\/www.salon-zenetbio.com\/nantes\/wp-json\/wp\/v2\/pages"}],"about":[{"href":"https:\/\/www.salon-zenetbio.com\/nantes\/wp-json\/wp\/v2\/types\/page"}],"author":[{"embeddable":true,"href":"https:\/\/www.salon-zenetbio.com\/nantes\/wp-json\/wp\/v2\/users\/6"}],"replies":[{"embeddable":true,"href":"https:\/\/www.salon-zenetbio.com\/nantes\/wp-json\/wp\/v2\/comments?post=18850"}],"version-history":[{"count":1,"href":"https:\/\/www.salon-zenetbio.com\/nantes\/wp-json\/wp\/v2\/pages\/18850\/revisions"}],"predecessor-version":[{"id":18851,"href":"https:\/\/www.salon-zenetbio.com\/nantes\/wp-json\/wp\/v2\/pages\/18850\/revisions\/18851"}],"up":[{"embeddable":true,"href":"https:\/\/www.salon-zenetbio.com\/nantes\/wp-json\/wp\/v2\/pages\/2456"}],"wp:attachment":[{"href":"https:\/\/www.salon-zenetbio.com\/nantes\/wp-json\/wp\/v2\/media?parent=18850"}],"curies":[{"name":"wp","href":"https:\/\/api.w.org\/{rel}","templated":true}]}}