{"id":3481,"date":"2017-02-23T16:24:53","date_gmt":"2017-02-23T15:24:53","guid":{"rendered":"http:\/\/localhost:8888\/zen-et-bio\/?page_id=3481"},"modified":"2026-03-05T16:15:16","modified_gmt":"2026-03-05T15:15:16","slug":"zen-bio-nantes-2","status":"publish","type":"page","link":"https:\/\/www.salon-zenetbio.com\/nantes\/zen-bio-nantes-2\/","title":{"rendered":"Votre entr\u00e9e gratuite Zen &#038; Bio Nantes"},"content":{"rendered":"<h3 class=\"elementor-heading-title elementor-size-default\"><strong>Rendez-vous du 9 au 11 octobre 2026 !<\/strong><\/h3>\n<p>Pour t\u00e9l\u00e9charger votre entr\u00e9e gratuite, renseignez le formulaire ci-dessous. Vous pourrez ensuite pr\u00e9senter votre entr\u00e9e imprim\u00e9e ou sur votre t\u00e9l\u00e9phone.<\/p>\n<p><iframe style='border: 0; width: 100%; max-width: 900px; display: block; margin-left: auto; margin-right: auto;' id='mobicheckin-form' src='https:\/\/website-53378.eventmaker.io\/registration\/69a98f13b74107fcdeda0039'><\/iframe><br \/>\n<script>\n\t(function(d,t,u,a,m){a=d.createElement(t),m=d.getElementsByTagName(t)[0];a.src=u;m.parentNode.insertBefore(a,m)})(document,'script','https:\/\/applidget.github.io\/vx-assets\/shared\/js\/iframe-resizer\/iframeResizerComplete.js');\n\twindow.addEventListener('load', function(){iFrameResize({checkOrigin:false});});\n<\/script><br \/>\n<script>\n\twindow.eventmakerCustomFields = []; \/\/ here you can set custom_fields that are not already tracked by the script\n\twindow.eventmakerTracking = { iframeHost: \"https:\/\/website-53378.eventmaker.io\" };\n\tscript=document.createElement(\"script\"), script.type=\"text\/javascript\", script.async=!0, script.onload=function(){ window.eventmakerTracking.injectURLParamsInIframes()}, script.src=\"https:\/\/applidget.github.io\/vx-assets\/shared\/js\/url-params-tracking\/1.0.1\/url-params-tracking.js\", document.getElementsByTagName(\"head\")[0].appendChild(script);\n<\/script><\/p>\n","protected":false},"excerpt":{"rendered":"<p>Rendez-vous du 9 au 11 octobre 2026 ! Pour t\u00e9l\u00e9charger votre entr\u00e9e gratuite, renseignez le formulaire ci-dessous. Vous pourrez ensuite pr\u00e9senter votre entr\u00e9e imprim\u00e9e ou sur votre t\u00e9l\u00e9phone.<\/p>\n","protected":false},"author":1,"featured_media":7925,"parent":0,"menu_order":0,"comment_status":"closed","ping_status":"closed","template":"","meta":{"_monsterinsights_skip_tracking":false,"_monsterinsights_sitenote_active":false,"_monsterinsights_sitenote_note":"","_monsterinsights_sitenote_category":0,"footnotes":""},"class_list":["post-3481","page","type-page","status-publish","has-post-thumbnail","hentry"],"yoast_head":"<!-- This site is optimized with the Yoast SEO plugin v27.5 - https:\/\/yoast.com\/product\/yoast-seo-wordpress\/ -->\n<title>Votre entr\u00e9e gratuite Zen &amp; Bio Nantes - Salon ZEN &amp; BIO Nantes<\/title>\n<meta name=\"robots\" content=\"index, follow, max-snippet:-1, max-image-preview:large, max-video-preview:-1\" \/>\n<link rel=\"canonical\" href=\"https:\/\/www.salon-zenetbio.com\/nantes\/zen-bio-nantes-2\/\" \/>\n<meta property=\"og:locale\" content=\"fr_FR\" \/>\n<meta property=\"og:type\" content=\"article\" \/>\n<meta property=\"og:title\" content=\"Votre entr\u00e9e gratuite Zen &amp; Bio Nantes - Salon ZEN &amp; BIO Nantes\" \/>\n<meta property=\"og:description\" content=\"Rendez-vous du 9 au 11 octobre 2026 ! Pour t\u00e9l\u00e9charger votre entr\u00e9e gratuite, renseignez le formulaire ci-dessous. Vous pourrez ensuite pr\u00e9senter votre entr\u00e9e imprim\u00e9e ou sur votre t\u00e9l\u00e9phone.\" \/>\n<meta property=\"og:url\" content=\"https:\/\/www.salon-zenetbio.com\/nantes\/zen-bio-nantes-2\/\" \/>\n<meta property=\"og:site_name\" content=\"Salon ZEN &amp; BIO Nantes\" \/>\n<meta property=\"article:modified_time\" content=\"2026-03-05T15:15:16+00:00\" \/>\n<meta property=\"og:image\" content=\"https:\/\/www.salon-zenetbio.com\/nantes\/wp-content\/uploads\/sites\/7\/2019\/05\/votre-entree-gratuite-compressor.jpg\" \/>\n\t<meta property=\"og:image:width\" content=\"500\" \/>\n\t<meta property=\"og:image:height\" content=\"304\" \/>\n\t<meta property=\"og:image:type\" content=\"image\/jpeg\" \/>\n<meta name=\"twitter:card\" content=\"summary_large_image\" \/>\n<meta name=\"twitter:label1\" content=\"Dur\u00e9e de lecture estim\u00e9e\" \/>\n\t<meta name=\"twitter:data1\" content=\"1 minute\" \/>\n<script type=\"application\/ld+json\" class=\"yoast-schema-graph\">{\"@context\":\"https:\\\/\\\/schema.org\",\"@graph\":[{\"@type\":\"WebPage\",\"@id\":\"https:\\\/\\\/www.salon-zenetbio.com\\\/nantes\\\/zen-bio-nantes-2\\\/\",\"url\":\"https:\\\/\\\/www.salon-zenetbio.com\\\/nantes\\\/zen-bio-nantes-2\\\/\",\"name\":\"Votre entr\u00e9e gratuite Zen & Bio Nantes - Salon ZEN &amp; BIO Nantes\",\"isPartOf\":{\"@id\":\"https:\\\/\\\/www.salon-zenetbio.com\\\/nantes\\\/#website\"},\"primaryImageOfPage\":{\"@id\":\"https:\\\/\\\/www.salon-zenetbio.com\\\/nantes\\\/zen-bio-nantes-2\\\/#primaryimage\"},\"image\":{\"@id\":\"https:\\\/\\\/www.salon-zenetbio.com\\\/nantes\\\/zen-bio-nantes-2\\\/#primaryimage\"},\"thumbnailUrl\":\"https:\\\/\\\/www.salon-zenetbio.com\\\/nantes\\\/wp-content\\\/uploads\\\/sites\\\/7\\\/2019\\\/05\\\/votre-entree-gratuite-compressor.jpg\",\"datePublished\":\"2017-02-23T15:24:53+00:00\",\"dateModified\":\"2026-03-05T15:15:16+00:00\",\"breadcrumb\":{\"@id\":\"https:\\\/\\\/www.salon-zenetbio.com\\\/nantes\\\/zen-bio-nantes-2\\\/#breadcrumb\"},\"inLanguage\":\"fr-FR\",\"potentialAction\":[{\"@type\":\"ReadAction\",\"target\":[\"https:\\\/\\\/www.salon-zenetbio.com\\\/nantes\\\/zen-bio-nantes-2\\\/\"]}]},{\"@type\":\"ImageObject\",\"inLanguage\":\"fr-FR\",\"@id\":\"https:\\\/\\\/www.salon-zenetbio.com\\\/nantes\\\/zen-bio-nantes-2\\\/#primaryimage\",\"url\":\"https:\\\/\\\/www.salon-zenetbio.com\\\/nantes\\\/wp-content\\\/uploads\\\/sites\\\/7\\\/2019\\\/05\\\/votre-entree-gratuite-compressor.jpg\",\"contentUrl\":\"https:\\\/\\\/www.salon-zenetbio.com\\\/nantes\\\/wp-content\\\/uploads\\\/sites\\\/7\\\/2019\\\/05\\\/votre-entree-gratuite-compressor.jpg\",\"width\":500,\"height\":304,\"caption\":\"Votre entr\u00e9e gratuite pour le salon ZEN&BIO \u00e0 Nantes\"},{\"@type\":\"BreadcrumbList\",\"@id\":\"https:\\\/\\\/www.salon-zenetbio.com\\\/nantes\\\/zen-bio-nantes-2\\\/#breadcrumb\",\"itemListElement\":[{\"@type\":\"ListItem\",\"position\":1,\"name\":\"Accueil\",\"item\":\"https:\\\/\\\/www.salon-zenetbio.com\\\/nantes\\\/\"},{\"@type\":\"ListItem\",\"position\":2,\"name\":\"Votre entr\u00e9e gratuite Zen &#038; Bio Nantes\"}]},{\"@type\":\"WebSite\",\"@id\":\"https:\\\/\\\/www.salon-zenetbio.com\\\/nantes\\\/#website\",\"url\":\"https:\\\/\\\/www.salon-zenetbio.com\\\/nantes\\\/\",\"name\":\"Salon ZEN &amp; BIO Nantes\",\"description\":\"salon ZEN &amp; BIO Nantes : votre salon bio, bien-\u00eatre et habitat sain\",\"publisher\":{\"@id\":\"https:\\\/\\\/www.salon-zenetbio.com\\\/nantes\\\/#organization\"},\"potentialAction\":[{\"@type\":\"SearchAction\",\"target\":{\"@type\":\"EntryPoint\",\"urlTemplate\":\"https:\\\/\\\/www.salon-zenetbio.com\\\/nantes\\\/?s={search_term_string}\"},\"query-input\":{\"@type\":\"PropertyValueSpecification\",\"valueRequired\":true,\"valueName\":\"search_term_string\"}}],\"inLanguage\":\"fr-FR\"},{\"@type\":\"Organization\",\"@id\":\"https:\\\/\\\/www.salon-zenetbio.com\\\/nantes\\\/#organization\",\"name\":\"Salon ZEN &amp; BIO Nantes\",\"url\":\"https:\\\/\\\/www.salon-zenetbio.com\\\/nantes\\\/\",\"logo\":{\"@type\":\"ImageObject\",\"inLanguage\":\"fr-FR\",\"@id\":\"https:\\\/\\\/www.salon-zenetbio.com\\\/nantes\\\/#\\\/schema\\\/logo\\\/image\\\/\",\"url\":\"https:\\\/\\\/www.salon-zenetbio.com\\\/nantes\\\/wp-content\\\/uploads\\\/sites\\\/7\\\/2026\\\/03\\\/cropped-Logo-ZEN-et-BIO-nantes-2026.png\",\"contentUrl\":\"https:\\\/\\\/www.salon-zenetbio.com\\\/nantes\\\/wp-content\\\/uploads\\\/sites\\\/7\\\/2026\\\/03\\\/cropped-Logo-ZEN-et-BIO-nantes-2026.png\",\"width\":921,\"height\":255,\"caption\":\"Salon ZEN &amp; BIO Nantes\"},\"image\":{\"@id\":\"https:\\\/\\\/www.salon-zenetbio.com\\\/nantes\\\/#\\\/schema\\\/logo\\\/image\\\/\"}}]}<\/script>\n<!-- \/ Yoast SEO plugin. -->","yoast_head_json":{"title":"Votre entr\u00e9e gratuite Zen & Bio Nantes - Salon ZEN &amp; BIO Nantes","robots":{"index":"index","follow":"follow","max-snippet":"max-snippet:-1","max-image-preview":"max-image-preview:large","max-video-preview":"max-video-preview:-1"},"canonical":"https:\/\/www.salon-zenetbio.com\/nantes\/zen-bio-nantes-2\/","og_locale":"fr_FR","og_type":"article","og_title":"Votre entr\u00e9e gratuite Zen & Bio Nantes - Salon ZEN &amp; BIO Nantes","og_description":"Rendez-vous du 9 au 11 octobre 2026 ! Pour t\u00e9l\u00e9charger votre entr\u00e9e gratuite, renseignez le formulaire ci-dessous. Vous pourrez ensuite pr\u00e9senter votre entr\u00e9e imprim\u00e9e ou sur votre t\u00e9l\u00e9phone.","og_url":"https:\/\/www.salon-zenetbio.com\/nantes\/zen-bio-nantes-2\/","og_site_name":"Salon ZEN &amp; BIO Nantes","article_modified_time":"2026-03-05T15:15:16+00:00","og_image":[{"width":500,"height":304,"url":"https:\/\/www.salon-zenetbio.com\/nantes\/wp-content\/uploads\/sites\/7\/2019\/05\/votre-entree-gratuite-compressor.jpg","type":"image\/jpeg"}],"twitter_card":"summary_large_image","twitter_misc":{"Dur\u00e9e de lecture estim\u00e9e":"1 minute"},"schema":{"@context":"https:\/\/schema.org","@graph":[{"@type":"WebPage","@id":"https:\/\/www.salon-zenetbio.com\/nantes\/zen-bio-nantes-2\/","url":"https:\/\/www.salon-zenetbio.com\/nantes\/zen-bio-nantes-2\/","name":"Votre entr\u00e9e gratuite Zen & Bio Nantes - Salon ZEN &amp; BIO Nantes","isPartOf":{"@id":"https:\/\/www.salon-zenetbio.com\/nantes\/#website"},"primaryImageOfPage":{"@id":"https:\/\/www.salon-zenetbio.com\/nantes\/zen-bio-nantes-2\/#primaryimage"},"image":{"@id":"https:\/\/www.salon-zenetbio.com\/nantes\/zen-bio-nantes-2\/#primaryimage"},"thumbnailUrl":"https:\/\/www.salon-zenetbio.com\/nantes\/wp-content\/uploads\/sites\/7\/2019\/05\/votre-entree-gratuite-compressor.jpg","datePublished":"2017-02-23T15:24:53+00:00","dateModified":"2026-03-05T15:15:16+00:00","breadcrumb":{"@id":"https:\/\/www.salon-zenetbio.com\/nantes\/zen-bio-nantes-2\/#breadcrumb"},"inLanguage":"fr-FR","potentialAction":[{"@type":"ReadAction","target":["https:\/\/www.salon-zenetbio.com\/nantes\/zen-bio-nantes-2\/"]}]},{"@type":"ImageObject","inLanguage":"fr-FR","@id":"https:\/\/www.salon-zenetbio.com\/nantes\/zen-bio-nantes-2\/#primaryimage","url":"https:\/\/www.salon-zenetbio.com\/nantes\/wp-content\/uploads\/sites\/7\/2019\/05\/votre-entree-gratuite-compressor.jpg","contentUrl":"https:\/\/www.salon-zenetbio.com\/nantes\/wp-content\/uploads\/sites\/7\/2019\/05\/votre-entree-gratuite-compressor.jpg","width":500,"height":304,"caption":"Votre entr\u00e9e gratuite pour le salon ZEN&BIO \u00e0 Nantes"},{"@type":"BreadcrumbList","@id":"https:\/\/www.salon-zenetbio.com\/nantes\/zen-bio-nantes-2\/#breadcrumb","itemListElement":[{"@type":"ListItem","position":1,"name":"Accueil","item":"https:\/\/www.salon-zenetbio.com\/nantes\/"},{"@type":"ListItem","position":2,"name":"Votre entr\u00e9e gratuite Zen &#038; Bio Nantes"}]},{"@type":"WebSite","@id":"https:\/\/www.salon-zenetbio.com\/nantes\/#website","url":"https:\/\/www.salon-zenetbio.com\/nantes\/","name":"Salon ZEN &amp; BIO Nantes","description":"salon ZEN &amp; BIO Nantes : votre salon bio, bien-\u00eatre et habitat sain","publisher":{"@id":"https:\/\/www.salon-zenetbio.com\/nantes\/#organization"},"potentialAction":[{"@type":"SearchAction","target":{"@type":"EntryPoint","urlTemplate":"https:\/\/www.salon-zenetbio.com\/nantes\/?s={search_term_string}"},"query-input":{"@type":"PropertyValueSpecification","valueRequired":true,"valueName":"search_term_string"}}],"inLanguage":"fr-FR"},{"@type":"Organization","@id":"https:\/\/www.salon-zenetbio.com\/nantes\/#organization","name":"Salon ZEN &amp; BIO Nantes","url":"https:\/\/www.salon-zenetbio.com\/nantes\/","logo":{"@type":"ImageObject","inLanguage":"fr-FR","@id":"https:\/\/www.salon-zenetbio.com\/nantes\/#\/schema\/logo\/image\/","url":"https:\/\/www.salon-zenetbio.com\/nantes\/wp-content\/uploads\/sites\/7\/2026\/03\/cropped-Logo-ZEN-et-BIO-nantes-2026.png","contentUrl":"https:\/\/www.salon-zenetbio.com\/nantes\/wp-content\/uploads\/sites\/7\/2026\/03\/cropped-Logo-ZEN-et-BIO-nantes-2026.png","width":921,"height":255,"caption":"Salon ZEN &amp; BIO Nantes"},"image":{"@id":"https:\/\/www.salon-zenetbio.com\/nantes\/#\/schema\/logo\/image\/"}}]}},"_links":{"self":[{"href":"https:\/\/www.salon-zenetbio.com\/nantes\/wp-json\/wp\/v2\/pages\/3481","targetHints":{"allow":["GET"]}}],"collection":[{"href":"https:\/\/www.salon-zenetbio.com\/nantes\/wp-json\/wp\/v2\/pages"}],"about":[{"href":"https:\/\/www.salon-zenetbio.com\/nantes\/wp-json\/wp\/v2\/types\/page"}],"author":[{"embeddable":true,"href":"https:\/\/www.salon-zenetbio.com\/nantes\/wp-json\/wp\/v2\/users\/1"}],"replies":[{"embeddable":true,"href":"https:\/\/www.salon-zenetbio.com\/nantes\/wp-json\/wp\/v2\/comments?post=3481"}],"version-history":[{"count":86,"href":"https:\/\/www.salon-zenetbio.com\/nantes\/wp-json\/wp\/v2\/pages\/3481\/revisions"}],"predecessor-version":[{"id":18888,"href":"https:\/\/www.salon-zenetbio.com\/nantes\/wp-json\/wp\/v2\/pages\/3481\/revisions\/18888"}],"wp:featuredmedia":[{"embeddable":true,"href":"https:\/\/www.salon-zenetbio.com\/nantes\/wp-json\/wp\/v2\/media\/7925"}],"wp:attachment":[{"href":"https:\/\/www.salon-zenetbio.com\/nantes\/wp-json\/wp\/v2\/media?parent=3481"}],"curies":[{"name":"wp","href":"https:\/\/api.w.org\/{rel}","templated":true}]}}