{"id":3580,"date":"2017-02-27T14:15:03","date_gmt":"2017-02-27T13:15:03","guid":{"rendered":"http:\/\/localhost:8888\/zen-et-bio\/?page_id=3580"},"modified":"2026-03-05T10:59:44","modified_gmt":"2026-03-05T09:59:44","slug":"informations-pratiques","status":"publish","type":"page","link":"https:\/\/www.salon-zenetbio.com\/nantes\/nantes\/informations-pratiques\/","title":{"rendered":"Informations pratiques"},"content":{"rendered":"<h2>Dates &#8211; Horaires &#8211; Lieu<\/h2>\n<ul>\n<li>Du vendredi 9 au dimanche 11 octobre 2026<\/li>\n<li>De 10h \u00e0 19h, dimanche \u00e0 18h \u2013 Derni\u00e8re entr\u00e9e 1\/2 heure avant la fermeture<\/li>\n<li>Parc des Expositions de la Beaujoire<\/li>\n<\/ul>\n<h2>Services visiteurs<\/h2>\n<p><strong>ACCUEIL VISITEURS<\/strong> : Programmes, plans, renseignements \u00e0 l\u2019entr\u00e9e du salon<br \/>\n<strong>ACHATS ENCOMBRANTS<\/strong> : Possibilit\u00e9 d&rsquo;approcher les v\u00e9hicules aux abords du hall pour chargement<br \/>\n<strong>VESTIAIRE <\/strong><span style=\"color: #59a832;\"><span style=\"color: #333333;\">: <\/span><\/span><span style=\"color: #008000;\"><span style=\"color: #333333;\">2\u20ac<br \/>\n<\/span><\/span><strong>CONSIGNE <\/strong><span style=\"color: #333333;\">: G<\/span>ratuite pour les achats du salon<strong><br \/>\nRESTAURATION BIO SUR PLACE<\/strong><\/p>\n<p>Les animaux ne sont pas admis sur le salon.<\/p>\n<h2>Vos achats sur le salon<\/h2>\n<p style=\"text-align: justify;\">Munissez vous d&rsquo;esp\u00e8ces, tous les exposants n&rsquo;acceptent pas le paiement par ch\u00e8que et\/ou ne sont pas \u00e9quip\u00e9s d&rsquo;un terminal de carte bancaire.<br \/>\nPour la plan\u00e8te, pensez \u00e0 prendre vos paniers et sacs.<em><br \/>\n<\/em>Nous vous rappelons que lors des salons, les exposants n&rsquo;ont pas l&rsquo;obligation de proposer un droit de r\u00e9tractation pour les achats effectu\u00e9s.<\/p>\n","protected":false},"excerpt":{"rendered":"<p>Dates &#8211; Horaires &#8211; Lieu Du vendredi 9 au dimanche 11 octobre 2026 De 10h \u00e0 19h, dimanche \u00e0 18h \u2013 Derni\u00e8re entr\u00e9e 1\/2 heure avant la fermeture Parc des Expositions de la Beaujoire Services visiteurs ACCUEIL VISITEURS : Programmes, plans, renseignements \u00e0 l\u2019entr\u00e9e du salon ACHATS ENCOMBRANTS : Possibilit\u00e9 d&rsquo;approcher les v\u00e9hicules aux abords&hellip; <\/p>\n","protected":false},"author":1,"featured_media":0,"parent":3489,"menu_order":2,"comment_status":"closed","ping_status":"closed","template":"","meta":{"_monsterinsights_skip_tracking":false,"_monsterinsights_sitenote_active":false,"_monsterinsights_sitenote_note":"","_monsterinsights_sitenote_category":0,"footnotes":""},"class_list":["post-3580","page","type-page","status-publish","hentry"],"yoast_head":"<!-- This site is optimized with the Yoast SEO plugin v27.3 - https:\/\/yoast.com\/product\/yoast-seo-wordpress\/ -->\n<title>Informations pratiques - Salon ZEN &amp; BIO Nantes<\/title>\n<meta name=\"robots\" content=\"index, follow, max-snippet:-1, max-image-preview:large, max-video-preview:-1\" \/>\n<link rel=\"canonical\" href=\"https:\/\/www.salon-zenetbio.com\/nantes\/nantes\/informations-pratiques\/\" \/>\n<meta property=\"og:locale\" content=\"fr_FR\" \/>\n<meta property=\"og:type\" content=\"article\" \/>\n<meta property=\"og:title\" content=\"Informations pratiques - Salon ZEN &amp; BIO Nantes\" \/>\n<meta property=\"og:description\" content=\"Dates &#8211; Horaires &#8211; Lieu Du vendredi 9 au dimanche 11 octobre 2026 De 10h \u00e0 19h, dimanche \u00e0 18h \u2013 Derni\u00e8re entr\u00e9e 1\/2 heure avant la fermeture Parc des Expositions de la Beaujoire Services visiteurs ACCUEIL VISITEURS : Programmes, plans, renseignements \u00e0 l\u2019entr\u00e9e du salon ACHATS ENCOMBRANTS : Possibilit\u00e9 d&rsquo;approcher les v\u00e9hicules aux abords&hellip;\" \/>\n<meta property=\"og:url\" content=\"https:\/\/www.salon-zenetbio.com\/nantes\/nantes\/informations-pratiques\/\" \/>\n<meta property=\"og:site_name\" content=\"Salon ZEN &amp; BIO Nantes\" \/>\n<meta property=\"article:modified_time\" content=\"2026-03-05T09:59:44+00:00\" \/>\n<meta name=\"twitter:card\" content=\"summary_large_image\" \/>\n<meta name=\"twitter:label1\" content=\"Dur\u00e9e de lecture estim\u00e9e\" \/>\n\t<meta name=\"twitter:data1\" content=\"1 minute\" \/>\n<script type=\"application\/ld+json\" class=\"yoast-schema-graph\">{\"@context\":\"https:\\\/\\\/schema.org\",\"@graph\":[{\"@type\":\"WebPage\",\"@id\":\"https:\\\/\\\/www.salon-zenetbio.com\\\/nantes\\\/nantes\\\/informations-pratiques\\\/\",\"url\":\"https:\\\/\\\/www.salon-zenetbio.com\\\/nantes\\\/nantes\\\/informations-pratiques\\\/\",\"name\":\"Informations pratiques - Salon ZEN &amp; BIO Nantes\",\"isPartOf\":{\"@id\":\"https:\\\/\\\/www.salon-zenetbio.com\\\/nantes\\\/#website\"},\"datePublished\":\"2017-02-27T13:15:03+00:00\",\"dateModified\":\"2026-03-05T09:59:44+00:00\",\"breadcrumb\":{\"@id\":\"https:\\\/\\\/www.salon-zenetbio.com\\\/nantes\\\/nantes\\\/informations-pratiques\\\/#breadcrumb\"},\"inLanguage\":\"fr-FR\",\"potentialAction\":[{\"@type\":\"ReadAction\",\"target\":[\"https:\\\/\\\/www.salon-zenetbio.com\\\/nantes\\\/nantes\\\/informations-pratiques\\\/\"]}]},{\"@type\":\"BreadcrumbList\",\"@id\":\"https:\\\/\\\/www.salon-zenetbio.com\\\/nantes\\\/nantes\\\/informations-pratiques\\\/#breadcrumb\",\"itemListElement\":[{\"@type\":\"ListItem\",\"position\":1,\"name\":\"Accueil\",\"item\":\"https:\\\/\\\/www.salon-zenetbio.com\\\/nantes\\\/\"},{\"@type\":\"ListItem\",\"position\":2,\"name\":\"Infos pratiques\",\"item\":\"https:\\\/\\\/www.salon-zenetbio.com\\\/nantes\\\/nantes\\\/\"},{\"@type\":\"ListItem\",\"position\":3,\"name\":\"Informations pratiques\"}]},{\"@type\":\"WebSite\",\"@id\":\"https:\\\/\\\/www.salon-zenetbio.com\\\/nantes\\\/#website\",\"url\":\"https:\\\/\\\/www.salon-zenetbio.com\\\/nantes\\\/\",\"name\":\"Salon ZEN &amp; BIO Nantes\",\"description\":\"salon ZEN &amp; BIO Nantes : votre salon bio, bien-\u00eatre et habitat sain\",\"publisher\":{\"@id\":\"https:\\\/\\\/www.salon-zenetbio.com\\\/nantes\\\/#organization\"},\"potentialAction\":[{\"@type\":\"SearchAction\",\"target\":{\"@type\":\"EntryPoint\",\"urlTemplate\":\"https:\\\/\\\/www.salon-zenetbio.com\\\/nantes\\\/?s={search_term_string}\"},\"query-input\":{\"@type\":\"PropertyValueSpecification\",\"valueRequired\":true,\"valueName\":\"search_term_string\"}}],\"inLanguage\":\"fr-FR\"},{\"@type\":\"Organization\",\"@id\":\"https:\\\/\\\/www.salon-zenetbio.com\\\/nantes\\\/#organization\",\"name\":\"Salon ZEN &amp; BIO Nantes\",\"url\":\"https:\\\/\\\/www.salon-zenetbio.com\\\/nantes\\\/\",\"logo\":{\"@type\":\"ImageObject\",\"inLanguage\":\"fr-FR\",\"@id\":\"https:\\\/\\\/www.salon-zenetbio.com\\\/nantes\\\/#\\\/schema\\\/logo\\\/image\\\/\",\"url\":\"https:\\\/\\\/www.salon-zenetbio.com\\\/nantes\\\/wp-content\\\/uploads\\\/sites\\\/7\\\/2026\\\/03\\\/cropped-Logo-ZEN-et-BIO-nantes-2026.png\",\"contentUrl\":\"https:\\\/\\\/www.salon-zenetbio.com\\\/nantes\\\/wp-content\\\/uploads\\\/sites\\\/7\\\/2026\\\/03\\\/cropped-Logo-ZEN-et-BIO-nantes-2026.png\",\"width\":921,\"height\":255,\"caption\":\"Salon ZEN &amp; BIO Nantes\"},\"image\":{\"@id\":\"https:\\\/\\\/www.salon-zenetbio.com\\\/nantes\\\/#\\\/schema\\\/logo\\\/image\\\/\"}}]}<\/script>\n<!-- \/ Yoast SEO plugin. -->","yoast_head_json":{"title":"Informations pratiques - Salon ZEN &amp; BIO Nantes","robots":{"index":"index","follow":"follow","max-snippet":"max-snippet:-1","max-image-preview":"max-image-preview:large","max-video-preview":"max-video-preview:-1"},"canonical":"https:\/\/www.salon-zenetbio.com\/nantes\/nantes\/informations-pratiques\/","og_locale":"fr_FR","og_type":"article","og_title":"Informations pratiques - Salon ZEN &amp; BIO Nantes","og_description":"Dates &#8211; Horaires &#8211; Lieu Du vendredi 9 au dimanche 11 octobre 2026 De 10h \u00e0 19h, dimanche \u00e0 18h \u2013 Derni\u00e8re entr\u00e9e 1\/2 heure avant la fermeture Parc des Expositions de la Beaujoire Services visiteurs ACCUEIL VISITEURS : Programmes, plans, renseignements \u00e0 l\u2019entr\u00e9e du salon ACHATS ENCOMBRANTS : Possibilit\u00e9 d&rsquo;approcher les v\u00e9hicules aux abords&hellip;","og_url":"https:\/\/www.salon-zenetbio.com\/nantes\/nantes\/informations-pratiques\/","og_site_name":"Salon ZEN &amp; BIO Nantes","article_modified_time":"2026-03-05T09:59:44+00:00","twitter_card":"summary_large_image","twitter_misc":{"Dur\u00e9e de lecture estim\u00e9e":"1 minute"},"schema":{"@context":"https:\/\/schema.org","@graph":[{"@type":"WebPage","@id":"https:\/\/www.salon-zenetbio.com\/nantes\/nantes\/informations-pratiques\/","url":"https:\/\/www.salon-zenetbio.com\/nantes\/nantes\/informations-pratiques\/","name":"Informations pratiques - Salon ZEN &amp; BIO Nantes","isPartOf":{"@id":"https:\/\/www.salon-zenetbio.com\/nantes\/#website"},"datePublished":"2017-02-27T13:15:03+00:00","dateModified":"2026-03-05T09:59:44+00:00","breadcrumb":{"@id":"https:\/\/www.salon-zenetbio.com\/nantes\/nantes\/informations-pratiques\/#breadcrumb"},"inLanguage":"fr-FR","potentialAction":[{"@type":"ReadAction","target":["https:\/\/www.salon-zenetbio.com\/nantes\/nantes\/informations-pratiques\/"]}]},{"@type":"BreadcrumbList","@id":"https:\/\/www.salon-zenetbio.com\/nantes\/nantes\/informations-pratiques\/#breadcrumb","itemListElement":[{"@type":"ListItem","position":1,"name":"Accueil","item":"https:\/\/www.salon-zenetbio.com\/nantes\/"},{"@type":"ListItem","position":2,"name":"Infos pratiques","item":"https:\/\/www.salon-zenetbio.com\/nantes\/nantes\/"},{"@type":"ListItem","position":3,"name":"Informations pratiques"}]},{"@type":"WebSite","@id":"https:\/\/www.salon-zenetbio.com\/nantes\/#website","url":"https:\/\/www.salon-zenetbio.com\/nantes\/","name":"Salon ZEN &amp; BIO Nantes","description":"salon ZEN &amp; BIO Nantes : votre salon bio, bien-\u00eatre et habitat sain","publisher":{"@id":"https:\/\/www.salon-zenetbio.com\/nantes\/#organization"},"potentialAction":[{"@type":"SearchAction","target":{"@type":"EntryPoint","urlTemplate":"https:\/\/www.salon-zenetbio.com\/nantes\/?s={search_term_string}"},"query-input":{"@type":"PropertyValueSpecification","valueRequired":true,"valueName":"search_term_string"}}],"inLanguage":"fr-FR"},{"@type":"Organization","@id":"https:\/\/www.salon-zenetbio.com\/nantes\/#organization","name":"Salon ZEN &amp; BIO Nantes","url":"https:\/\/www.salon-zenetbio.com\/nantes\/","logo":{"@type":"ImageObject","inLanguage":"fr-FR","@id":"https:\/\/www.salon-zenetbio.com\/nantes\/#\/schema\/logo\/image\/","url":"https:\/\/www.salon-zenetbio.com\/nantes\/wp-content\/uploads\/sites\/7\/2026\/03\/cropped-Logo-ZEN-et-BIO-nantes-2026.png","contentUrl":"https:\/\/www.salon-zenetbio.com\/nantes\/wp-content\/uploads\/sites\/7\/2026\/03\/cropped-Logo-ZEN-et-BIO-nantes-2026.png","width":921,"height":255,"caption":"Salon ZEN &amp; BIO Nantes"},"image":{"@id":"https:\/\/www.salon-zenetbio.com\/nantes\/#\/schema\/logo\/image\/"}}]}},"_links":{"self":[{"href":"https:\/\/www.salon-zenetbio.com\/nantes\/wp-json\/wp\/v2\/pages\/3580","targetHints":{"allow":["GET"]}}],"collection":[{"href":"https:\/\/www.salon-zenetbio.com\/nantes\/wp-json\/wp\/v2\/pages"}],"about":[{"href":"https:\/\/www.salon-zenetbio.com\/nantes\/wp-json\/wp\/v2\/types\/page"}],"author":[{"embeddable":true,"href":"https:\/\/www.salon-zenetbio.com\/nantes\/wp-json\/wp\/v2\/users\/1"}],"replies":[{"embeddable":true,"href":"https:\/\/www.salon-zenetbio.com\/nantes\/wp-json\/wp\/v2\/comments?post=3580"}],"version-history":[{"count":53,"href":"https:\/\/www.salon-zenetbio.com\/nantes\/wp-json\/wp\/v2\/pages\/3580\/revisions"}],"predecessor-version":[{"id":18884,"href":"https:\/\/www.salon-zenetbio.com\/nantes\/wp-json\/wp\/v2\/pages\/3580\/revisions\/18884"}],"up":[{"embeddable":true,"href":"https:\/\/www.salon-zenetbio.com\/nantes\/wp-json\/wp\/v2\/pages\/3489"}],"wp:attachment":[{"href":"https:\/\/www.salon-zenetbio.com\/nantes\/wp-json\/wp\/v2\/media?parent=3580"}],"curies":[{"name":"wp","href":"https:\/\/api.w.org\/{rel}","templated":true}]}}