{"id":3816,"date":"2017-04-13T16:58:58","date_gmt":"2017-04-13T14:58:58","guid":{"rendered":"https:\/\/www.salon-zenetbio.com\/?page_id=3816"},"modified":"2020-06-15T16:31:31","modified_gmt":"2020-06-15T14:31:31","slug":"sevellia","status":"publish","type":"page","link":"https:\/\/www.salon-zenetbio.com\/nantes\/presse\/nos-partenaires\/sevellia\/","title":{"rendered":"Sevellia"},"content":{"rendered":"<p><img decoding=\"async\" class=\"alignnone wp-image-3874\" src=\"https:\/\/www.salon-zenetbio.com\/nantes\/wp-content\/uploads\/sites\/7\/2017\/04\/Sevellia.com_.png\" alt=\"\" width=\"195\" height=\"44\" srcset=\"https:\/\/www.salon-zenetbio.com\/nantes\/wp-content\/uploads\/sites\/7\/2017\/04\/Sevellia.com_.png 4743w, https:\/\/www.salon-zenetbio.com\/nantes\/wp-content\/uploads\/sites\/7\/2017\/04\/Sevellia.com_-300x68.png 300w, https:\/\/www.salon-zenetbio.com\/nantes\/wp-content\/uploads\/sites\/7\/2017\/04\/Sevellia.com_-768x173.png 768w, https:\/\/www.salon-zenetbio.com\/nantes\/wp-content\/uploads\/sites\/7\/2017\/04\/Sevellia.com_-1024x231.png 1024w, https:\/\/www.salon-zenetbio.com\/nantes\/wp-content\/uploads\/sites\/7\/2017\/04\/Sevellia.com_-150x34.png 150w, https:\/\/www.salon-zenetbio.com\/nantes\/wp-content\/uploads\/sites\/7\/2017\/04\/Sevellia.com_-500x113.png 500w\" sizes=\"(max-width: 195px) 100vw, 195px\" \/><\/p>\n<p style=\"text-align: justify;\">Sevellia.com est une place de march\u00e9 propos\u00e9e par le premier r\u00e9seau de salons bio &amp; bien-\u00eatre en France, d\u00e9di\u00e9e \u00e0 la vente de produits biologiques, naturels et \u00e9cologiques.<br \/>\nElle regroupe\u00a0<strong>500 marchands et 27 000 r\u00e9f\u00e9rences.<\/strong><\/p>\n<p style=\"text-align: justify;\">A l\u2019instar des produits que vous trouvez habituellement sur les salons bio et bien-\u00eatre de SPAS Organisation, les produits vendus sur Sevellia.com sont tous obligatoirement issus de l\u2019agriculture biologique (lorsqu\u2019ils existent en bio sur le march\u00e9) et contr\u00f4l\u00e9s par un organisme certificateur. La composition des cosm\u00e9tiques est certifi\u00e9e.<\/p>\n<p style=\"text-align: justify;\">Vous y trouverez nombre de produits vendus directement par les producteurs et artisans pour consommer autrement : Alimentation bio, habitat sain, cosm\u00e9tiques bio, bien-\u00eatre et sant\u00e9 au naturel, compl\u00e9ments alimentaires, mode \u00e9thique\u2026<\/p>\n<p style=\"text-align: justify;\">Commandez les produits des exposants du salon sur\u00a0<a href=\"http:\/\/www.sevellia.com\/\" target=\"_blank\" rel=\"noopener noreferrer\">sevellia.com<\/a>\u00a0et retirez vos achats sur place ou faites vous livrer chez vous.<\/p>\n","protected":false},"excerpt":{"rendered":"<p>Sevellia.com est une place de march\u00e9 propos\u00e9e par le premier r\u00e9seau de salons bio &amp; bien-\u00eatre en France, d\u00e9di\u00e9e \u00e0 la vente de produits biologiques, naturels et \u00e9cologiques. Elle regroupe\u00a0500 marchands et 27 000 r\u00e9f\u00e9rences. A l\u2019instar des produits que vous trouvez habituellement sur les salons bio et bien-\u00eatre de SPAS Organisation, les produits vendus&hellip; <\/p>\n","protected":false},"author":1,"featured_media":0,"parent":2456,"menu_order":0,"comment_status":"closed","ping_status":"closed","template":"","meta":{"_monsterinsights_skip_tracking":false,"_monsterinsights_sitenote_active":false,"_monsterinsights_sitenote_note":"","_monsterinsights_sitenote_category":0,"footnotes":""},"class_list":["post-3816","page","type-page","status-publish","hentry"],"yoast_head":"<!-- This site is optimized with the Yoast SEO plugin v27.3 - https:\/\/yoast.com\/product\/yoast-seo-wordpress\/ -->\n<title>Sevellia - Salon ZEN &amp; BIO Nantes<\/title>\n<meta name=\"robots\" content=\"index, follow, max-snippet:-1, max-image-preview:large, max-video-preview:-1\" \/>\n<link rel=\"canonical\" href=\"https:\/\/www.salon-zenetbio.com\/nantes\/presse\/nos-partenaires\/sevellia\/\" \/>\n<meta property=\"og:locale\" content=\"fr_FR\" \/>\n<meta property=\"og:type\" content=\"article\" \/>\n<meta property=\"og:title\" content=\"Sevellia - Salon ZEN &amp; BIO Nantes\" \/>\n<meta property=\"og:description\" content=\"Sevellia.com est une place de march\u00e9 propos\u00e9e par le premier r\u00e9seau de salons bio &amp; bien-\u00eatre en France, d\u00e9di\u00e9e \u00e0 la vente de produits biologiques, naturels et \u00e9cologiques. Elle regroupe\u00a0500 marchands et 27 000 r\u00e9f\u00e9rences. A l\u2019instar des produits que vous trouvez habituellement sur les salons bio et bien-\u00eatre de SPAS Organisation, les produits vendus&hellip;\" \/>\n<meta property=\"og:url\" content=\"https:\/\/www.salon-zenetbio.com\/nantes\/presse\/nos-partenaires\/sevellia\/\" \/>\n<meta property=\"og:site_name\" content=\"Salon ZEN &amp; BIO Nantes\" \/>\n<meta property=\"article:modified_time\" content=\"2020-06-15T14:31:31+00:00\" \/>\n<meta property=\"og:image\" content=\"http:\/\/www.salon-zenetbio.com\/nantes\/wp-content\/uploads\/sites\/7\/2017\/04\/Sevellia.com_.png\" \/>\n<meta name=\"twitter:card\" content=\"summary_large_image\" \/>\n<meta name=\"twitter:label1\" content=\"Dur\u00e9e de lecture estim\u00e9e\" \/>\n\t<meta name=\"twitter:data1\" content=\"1 minute\" \/>\n<script type=\"application\/ld+json\" class=\"yoast-schema-graph\">{\"@context\":\"https:\\\/\\\/schema.org\",\"@graph\":[{\"@type\":\"WebPage\",\"@id\":\"https:\\\/\\\/www.salon-zenetbio.com\\\/nantes\\\/presse\\\/nos-partenaires\\\/sevellia\\\/\",\"url\":\"https:\\\/\\\/www.salon-zenetbio.com\\\/nantes\\\/presse\\\/nos-partenaires\\\/sevellia\\\/\",\"name\":\"Sevellia - Salon ZEN &amp; BIO Nantes\",\"isPartOf\":{\"@id\":\"http:\\\/\\\/www.salon-zenetbio.com\\\/nantes\\\/#website\"},\"primaryImageOfPage\":{\"@id\":\"https:\\\/\\\/www.salon-zenetbio.com\\\/nantes\\\/presse\\\/nos-partenaires\\\/sevellia\\\/#primaryimage\"},\"image\":{\"@id\":\"https:\\\/\\\/www.salon-zenetbio.com\\\/nantes\\\/presse\\\/nos-partenaires\\\/sevellia\\\/#primaryimage\"},\"thumbnailUrl\":\"http:\\\/\\\/www.salon-zenetbio.com\\\/nantes\\\/wp-content\\\/uploads\\\/sites\\\/7\\\/2017\\\/04\\\/Sevellia.com_.png\",\"datePublished\":\"2017-04-13T14:58:58+00:00\",\"dateModified\":\"2020-06-15T14:31:31+00:00\",\"breadcrumb\":{\"@id\":\"https:\\\/\\\/www.salon-zenetbio.com\\\/nantes\\\/presse\\\/nos-partenaires\\\/sevellia\\\/#breadcrumb\"},\"inLanguage\":\"fr-FR\",\"potentialAction\":[{\"@type\":\"ReadAction\",\"target\":[\"https:\\\/\\\/www.salon-zenetbio.com\\\/nantes\\\/presse\\\/nos-partenaires\\\/sevellia\\\/\"]}]},{\"@type\":\"ImageObject\",\"inLanguage\":\"fr-FR\",\"@id\":\"https:\\\/\\\/www.salon-zenetbio.com\\\/nantes\\\/presse\\\/nos-partenaires\\\/sevellia\\\/#primaryimage\",\"url\":\"https:\\\/\\\/www.salon-zenetbio.com\\\/nantes\\\/wp-content\\\/uploads\\\/sites\\\/7\\\/2017\\\/04\\\/Sevellia.com_.png\",\"contentUrl\":\"https:\\\/\\\/www.salon-zenetbio.com\\\/nantes\\\/wp-content\\\/uploads\\\/sites\\\/7\\\/2017\\\/04\\\/Sevellia.com_.png\",\"width\":4743,\"height\":1068},{\"@type\":\"BreadcrumbList\",\"@id\":\"https:\\\/\\\/www.salon-zenetbio.com\\\/nantes\\\/presse\\\/nos-partenaires\\\/sevellia\\\/#breadcrumb\",\"itemListElement\":[{\"@type\":\"ListItem\",\"position\":1,\"name\":\"Accueil\",\"item\":\"http:\\\/\\\/www.salon-zenetbio.com\\\/nantes\\\/\"},{\"@type\":\"ListItem\",\"position\":2,\"name\":\"Communication\\\/presse et partenaires\",\"item\":\"https:\\\/\\\/www.salon-zenetbio.com\\\/nantes\\\/presse\\\/\"},{\"@type\":\"ListItem\",\"position\":3,\"name\":\"Nos partenaires\",\"item\":\"https:\\\/\\\/www.salon-zenetbio.com\\\/nantes\\\/presse\\\/nos-partenaires\\\/\"},{\"@type\":\"ListItem\",\"position\":4,\"name\":\"Sevellia\"}]},{\"@type\":\"WebSite\",\"@id\":\"http:\\\/\\\/www.salon-zenetbio.com\\\/nantes\\\/#website\",\"url\":\"http:\\\/\\\/www.salon-zenetbio.com\\\/nantes\\\/\",\"name\":\"Salon ZEN &amp; BIO Nantes\",\"description\":\"salon ZEN &amp; BIO Nantes : votre salon bio, bien-\u00eatre et habitat sain\",\"publisher\":{\"@id\":\"http:\\\/\\\/www.salon-zenetbio.com\\\/nantes\\\/#organization\"},\"potentialAction\":[{\"@type\":\"SearchAction\",\"target\":{\"@type\":\"EntryPoint\",\"urlTemplate\":\"http:\\\/\\\/www.salon-zenetbio.com\\\/nantes\\\/?s={search_term_string}\"},\"query-input\":{\"@type\":\"PropertyValueSpecification\",\"valueRequired\":true,\"valueName\":\"search_term_string\"}}],\"inLanguage\":\"fr-FR\"},{\"@type\":\"Organization\",\"@id\":\"http:\\\/\\\/www.salon-zenetbio.com\\\/nantes\\\/#organization\",\"name\":\"Salon ZEN &amp; BIO Nantes\",\"url\":\"http:\\\/\\\/www.salon-zenetbio.com\\\/nantes\\\/\",\"logo\":{\"@type\":\"ImageObject\",\"inLanguage\":\"fr-FR\",\"@id\":\"http:\\\/\\\/www.salon-zenetbio.com\\\/nantes\\\/#\\\/schema\\\/logo\\\/image\\\/\",\"url\":\"https:\\\/\\\/www.salon-zenetbio.com\\\/nantes\\\/wp-content\\\/uploads\\\/sites\\\/7\\\/2026\\\/03\\\/cropped-Logo-ZEN-et-BIO-nantes-2026.png\",\"contentUrl\":\"https:\\\/\\\/www.salon-zenetbio.com\\\/nantes\\\/wp-content\\\/uploads\\\/sites\\\/7\\\/2026\\\/03\\\/cropped-Logo-ZEN-et-BIO-nantes-2026.png\",\"width\":921,\"height\":255,\"caption\":\"Salon ZEN &amp; BIO Nantes\"},\"image\":{\"@id\":\"http:\\\/\\\/www.salon-zenetbio.com\\\/nantes\\\/#\\\/schema\\\/logo\\\/image\\\/\"}}]}<\/script>\n<!-- \/ Yoast SEO plugin. -->","yoast_head_json":{"title":"Sevellia - Salon ZEN &amp; BIO Nantes","robots":{"index":"index","follow":"follow","max-snippet":"max-snippet:-1","max-image-preview":"max-image-preview:large","max-video-preview":"max-video-preview:-1"},"canonical":"https:\/\/www.salon-zenetbio.com\/nantes\/presse\/nos-partenaires\/sevellia\/","og_locale":"fr_FR","og_type":"article","og_title":"Sevellia - Salon ZEN &amp; BIO Nantes","og_description":"Sevellia.com est une place de march\u00e9 propos\u00e9e par le premier r\u00e9seau de salons bio &amp; bien-\u00eatre en France, d\u00e9di\u00e9e \u00e0 la vente de produits biologiques, naturels et \u00e9cologiques. Elle regroupe\u00a0500 marchands et 27 000 r\u00e9f\u00e9rences. A l\u2019instar des produits que vous trouvez habituellement sur les salons bio et bien-\u00eatre de SPAS Organisation, les produits vendus&hellip;","og_url":"https:\/\/www.salon-zenetbio.com\/nantes\/presse\/nos-partenaires\/sevellia\/","og_site_name":"Salon ZEN &amp; BIO Nantes","article_modified_time":"2020-06-15T14:31:31+00:00","og_image":[{"url":"http:\/\/www.salon-zenetbio.com\/nantes\/wp-content\/uploads\/sites\/7\/2017\/04\/Sevellia.com_.png","type":"","width":"","height":""}],"twitter_card":"summary_large_image","twitter_misc":{"Dur\u00e9e de lecture estim\u00e9e":"1 minute"},"schema":{"@context":"https:\/\/schema.org","@graph":[{"@type":"WebPage","@id":"https:\/\/www.salon-zenetbio.com\/nantes\/presse\/nos-partenaires\/sevellia\/","url":"https:\/\/www.salon-zenetbio.com\/nantes\/presse\/nos-partenaires\/sevellia\/","name":"Sevellia - Salon ZEN &amp; BIO Nantes","isPartOf":{"@id":"http:\/\/www.salon-zenetbio.com\/nantes\/#website"},"primaryImageOfPage":{"@id":"https:\/\/www.salon-zenetbio.com\/nantes\/presse\/nos-partenaires\/sevellia\/#primaryimage"},"image":{"@id":"https:\/\/www.salon-zenetbio.com\/nantes\/presse\/nos-partenaires\/sevellia\/#primaryimage"},"thumbnailUrl":"http:\/\/www.salon-zenetbio.com\/nantes\/wp-content\/uploads\/sites\/7\/2017\/04\/Sevellia.com_.png","datePublished":"2017-04-13T14:58:58+00:00","dateModified":"2020-06-15T14:31:31+00:00","breadcrumb":{"@id":"https:\/\/www.salon-zenetbio.com\/nantes\/presse\/nos-partenaires\/sevellia\/#breadcrumb"},"inLanguage":"fr-FR","potentialAction":[{"@type":"ReadAction","target":["https:\/\/www.salon-zenetbio.com\/nantes\/presse\/nos-partenaires\/sevellia\/"]}]},{"@type":"ImageObject","inLanguage":"fr-FR","@id":"https:\/\/www.salon-zenetbio.com\/nantes\/presse\/nos-partenaires\/sevellia\/#primaryimage","url":"https:\/\/www.salon-zenetbio.com\/nantes\/wp-content\/uploads\/sites\/7\/2017\/04\/Sevellia.com_.png","contentUrl":"https:\/\/www.salon-zenetbio.com\/nantes\/wp-content\/uploads\/sites\/7\/2017\/04\/Sevellia.com_.png","width":4743,"height":1068},{"@type":"BreadcrumbList","@id":"https:\/\/www.salon-zenetbio.com\/nantes\/presse\/nos-partenaires\/sevellia\/#breadcrumb","itemListElement":[{"@type":"ListItem","position":1,"name":"Accueil","item":"http:\/\/www.salon-zenetbio.com\/nantes\/"},{"@type":"ListItem","position":2,"name":"Communication\/presse et partenaires","item":"https:\/\/www.salon-zenetbio.com\/nantes\/presse\/"},{"@type":"ListItem","position":3,"name":"Nos partenaires","item":"https:\/\/www.salon-zenetbio.com\/nantes\/presse\/nos-partenaires\/"},{"@type":"ListItem","position":4,"name":"Sevellia"}]},{"@type":"WebSite","@id":"http:\/\/www.salon-zenetbio.com\/nantes\/#website","url":"http:\/\/www.salon-zenetbio.com\/nantes\/","name":"Salon ZEN &amp; BIO Nantes","description":"salon ZEN &amp; BIO Nantes : votre salon bio, bien-\u00eatre et habitat sain","publisher":{"@id":"http:\/\/www.salon-zenetbio.com\/nantes\/#organization"},"potentialAction":[{"@type":"SearchAction","target":{"@type":"EntryPoint","urlTemplate":"http:\/\/www.salon-zenetbio.com\/nantes\/?s={search_term_string}"},"query-input":{"@type":"PropertyValueSpecification","valueRequired":true,"valueName":"search_term_string"}}],"inLanguage":"fr-FR"},{"@type":"Organization","@id":"http:\/\/www.salon-zenetbio.com\/nantes\/#organization","name":"Salon ZEN &amp; BIO Nantes","url":"http:\/\/www.salon-zenetbio.com\/nantes\/","logo":{"@type":"ImageObject","inLanguage":"fr-FR","@id":"http:\/\/www.salon-zenetbio.com\/nantes\/#\/schema\/logo\/image\/","url":"https:\/\/www.salon-zenetbio.com\/nantes\/wp-content\/uploads\/sites\/7\/2026\/03\/cropped-Logo-ZEN-et-BIO-nantes-2026.png","contentUrl":"https:\/\/www.salon-zenetbio.com\/nantes\/wp-content\/uploads\/sites\/7\/2026\/03\/cropped-Logo-ZEN-et-BIO-nantes-2026.png","width":921,"height":255,"caption":"Salon ZEN &amp; BIO Nantes"},"image":{"@id":"http:\/\/www.salon-zenetbio.com\/nantes\/#\/schema\/logo\/image\/"}}]}},"_links":{"self":[{"href":"https:\/\/www.salon-zenetbio.com\/nantes\/wp-json\/wp\/v2\/pages\/3816","targetHints":{"allow":["GET"]}}],"collection":[{"href":"https:\/\/www.salon-zenetbio.com\/nantes\/wp-json\/wp\/v2\/pages"}],"about":[{"href":"https:\/\/www.salon-zenetbio.com\/nantes\/wp-json\/wp\/v2\/types\/page"}],"author":[{"embeddable":true,"href":"https:\/\/www.salon-zenetbio.com\/nantes\/wp-json\/wp\/v2\/users\/1"}],"replies":[{"embeddable":true,"href":"https:\/\/www.salon-zenetbio.com\/nantes\/wp-json\/wp\/v2\/comments?post=3816"}],"version-history":[{"count":4,"href":"https:\/\/www.salon-zenetbio.com\/nantes\/wp-json\/wp\/v2\/pages\/3816\/revisions"}],"predecessor-version":[{"id":9292,"href":"https:\/\/www.salon-zenetbio.com\/nantes\/wp-json\/wp\/v2\/pages\/3816\/revisions\/9292"}],"up":[{"embeddable":true,"href":"https:\/\/www.salon-zenetbio.com\/nantes\/wp-json\/wp\/v2\/pages\/2456"}],"wp:attachment":[{"href":"https:\/\/www.salon-zenetbio.com\/nantes\/wp-json\/wp\/v2\/media?parent=3816"}],"curies":[{"name":"wp","href":"https:\/\/api.w.org\/{rel}","templated":true}]}}