{"id":3821,"date":"2017-04-13T17:13:00","date_gmt":"2017-04-13T15:13:00","guid":{"rendered":"https:\/\/www.salon-zenetbio.com\/?page_id=3821"},"modified":"2025-07-17T10:51:09","modified_gmt":"2025-07-17T08:51:09","slug":"ouest-france","status":"publish","type":"page","link":"https:\/\/www.salon-zenetbio.com\/nantes\/presse\/nos-partenaires\/ouest-france\/","title":{"rendered":"Ouest France\/Presse Oc\u00e9an"},"content":{"rendered":"<p>&nbsp;<\/p>\n<table style=\"border-collapse: collapse; width: 100%;\">\n<tbody>\n<tr>\n<td style=\"width: 50%; text-align: center; vertical-align: top;\"><img decoding=\"async\" class=\"alignnone wp-image-15362 size-medium\" src=\"https:\/\/www.salon-zenetbio.com\/nantes\/wp-content\/uploads\/sites\/7\/2024\/06\/OUEST-FRANCE-300x106.png\" alt=\"\" width=\"300\" height=\"106\" srcset=\"https:\/\/www.salon-zenetbio.com\/nantes\/wp-content\/uploads\/sites\/7\/2024\/06\/OUEST-FRANCE-300x106.png 300w, https:\/\/www.salon-zenetbio.com\/nantes\/wp-content\/uploads\/sites\/7\/2024\/06\/OUEST-FRANCE-1024x361.png 1024w, https:\/\/www.salon-zenetbio.com\/nantes\/wp-content\/uploads\/sites\/7\/2024\/06\/OUEST-FRANCE-768x271.png 768w, https:\/\/www.salon-zenetbio.com\/nantes\/wp-content\/uploads\/sites\/7\/2024\/06\/OUEST-FRANCE-150x53.png 150w, https:\/\/www.salon-zenetbio.com\/nantes\/wp-content\/uploads\/sites\/7\/2024\/06\/OUEST-FRANCE-500x176.png 500w, https:\/\/www.salon-zenetbio.com\/nantes\/wp-content\/uploads\/sites\/7\/2024\/06\/OUEST-FRANCE.png 1200w\" sizes=\"(max-width: 300px) 100vw, 300px\" \/><\/td>\n<td style=\"width: 50%; text-align: center; vertical-align: top;\"><img decoding=\"async\" class=\"aligncenter wp-image-15615\" src=\"https:\/\/www.salon-zenetbio.com\/nantes\/wp-content\/uploads\/sites\/7\/2024\/06\/logo-presse-ocean-300x113.png\" alt=\"\" width=\"245\" height=\"92\" srcset=\"https:\/\/www.salon-zenetbio.com\/nantes\/wp-content\/uploads\/sites\/7\/2024\/06\/logo-presse-ocean-300x113.png 300w, https:\/\/www.salon-zenetbio.com\/nantes\/wp-content\/uploads\/sites\/7\/2024\/06\/logo-presse-ocean-150x57.png 150w, https:\/\/www.salon-zenetbio.com\/nantes\/wp-content\/uploads\/sites\/7\/2024\/06\/logo-presse-ocean.png 366w\" sizes=\"(max-width: 245px) 100vw, 245px\" \/><\/td>\n<\/tr>\n<\/tbody>\n<\/table>\n<p style=\"text-align: justify;\">Toute l&rsquo;actualit\u00e9 en direct, soyez inform\u00e9 de toute l&rsquo;info en continu, en images et en vid\u00e9os, dans votre r\u00e9gion, en <em>France<\/em> et dans le monde.<\/p>\n<p>&nbsp;<\/p>\n<p style=\"text-align: justify;\"><a href=\"http:\/\/www.ouest-france.fr\/services\/newsletter-alertes\/\" target=\"_blank\" rel=\"noopener noreferrer\"><img decoding=\"async\" class=\"size-full wp-image-3858 alignleft\" src=\"https:\/\/www.salon-zenetbio.com\/nantes\/wp-content\/uploads\/2017\/04\/2178062_BoutonNLOuest-France_120x80.jpg\" alt=\"\" width=\"120\" height=\"80\" \/><\/a><\/p>\n<p>&nbsp;<\/p>\n<p style=\"text-align: justify;\">Abonnez-vous \u00e0 la newsletter de Ouest France<\/p>\n<p>&nbsp;<\/p>\n<p>&nbsp;<\/p>\n<p>Visiter le\u00a0site internet <a href=\"http:\/\/www.ouest-france.fr\/\" target=\"_blank\" rel=\"noopener\">Ouest France<\/a> et <a href=\"https:\/\/www.ouest-france.fr\/presse-ocean\/\" target=\"_blank\" rel=\"noopener\">Presse Oc\u00e9an<\/a><\/p>\n","protected":false},"excerpt":{"rendered":"<p>&nbsp; Toute l&rsquo;actualit\u00e9 en direct, soyez inform\u00e9 de toute l&rsquo;info en continu, en images et en vid\u00e9os, dans votre r\u00e9gion, en France et dans le monde. &nbsp; &nbsp; Abonnez-vous \u00e0 la newsletter de Ouest France &nbsp; &nbsp; Visiter le\u00a0site internet Ouest France et Presse Oc\u00e9an<\/p>\n","protected":false},"author":1,"featured_media":0,"parent":2456,"menu_order":0,"comment_status":"closed","ping_status":"closed","template":"","meta":{"_monsterinsights_skip_tracking":false,"_monsterinsights_sitenote_active":false,"_monsterinsights_sitenote_note":"","_monsterinsights_sitenote_category":0,"footnotes":""},"class_list":["post-3821","page","type-page","status-publish","hentry"],"yoast_head":"<!-- This site is optimized with the Yoast SEO plugin v27.3 - https:\/\/yoast.com\/product\/yoast-seo-wordpress\/ -->\n<title>Ouest France\/Presse Oc\u00e9an - Salon ZEN &amp; BIO Nantes<\/title>\n<meta name=\"robots\" content=\"index, follow, max-snippet:-1, max-image-preview:large, max-video-preview:-1\" \/>\n<link rel=\"canonical\" href=\"http:\/\/www.salon-zenetbio.com\/nantes\/presse\/nos-partenaires\/ouest-france\/\" \/>\n<meta property=\"og:locale\" content=\"fr_FR\" \/>\n<meta property=\"og:type\" content=\"article\" \/>\n<meta property=\"og:title\" content=\"Ouest France\/Presse Oc\u00e9an - Salon ZEN &amp; BIO Nantes\" \/>\n<meta property=\"og:description\" content=\"&nbsp; Toute l&rsquo;actualit\u00e9 en direct, soyez inform\u00e9 de toute l&rsquo;info en continu, en images et en vid\u00e9os, dans votre r\u00e9gion, en France et dans le monde. &nbsp; &nbsp; Abonnez-vous \u00e0 la newsletter de Ouest France &nbsp; &nbsp; Visiter le\u00a0site internet Ouest France et Presse Oc\u00e9an\" \/>\n<meta property=\"og:url\" content=\"http:\/\/www.salon-zenetbio.com\/nantes\/presse\/nos-partenaires\/ouest-france\/\" \/>\n<meta property=\"og:site_name\" content=\"Salon ZEN &amp; BIO Nantes\" \/>\n<meta property=\"article:modified_time\" content=\"2025-07-17T08:51:09+00:00\" \/>\n<meta property=\"og:image\" content=\"https:\/\/www.salon-zenetbio.com\/nantes\/wp-content\/uploads\/sites\/7\/2024\/06\/OUEST-FRANCE-300x106.png\" \/>\n<meta name=\"twitter:card\" content=\"summary_large_image\" \/>\n<meta name=\"twitter:label1\" content=\"Dur\u00e9e de lecture estim\u00e9e\" \/>\n\t<meta name=\"twitter:data1\" content=\"1 minute\" \/>\n<script type=\"application\/ld+json\" class=\"yoast-schema-graph\">{\"@context\":\"https:\\\/\\\/schema.org\",\"@graph\":[{\"@type\":\"WebPage\",\"@id\":\"http:\\\/\\\/www.salon-zenetbio.com\\\/nantes\\\/presse\\\/nos-partenaires\\\/ouest-france\\\/\",\"url\":\"http:\\\/\\\/www.salon-zenetbio.com\\\/nantes\\\/presse\\\/nos-partenaires\\\/ouest-france\\\/\",\"name\":\"Ouest France\\\/Presse Oc\u00e9an - Salon ZEN &amp; BIO Nantes\",\"isPartOf\":{\"@id\":\"https:\\\/\\\/www.salon-zenetbio.com\\\/nantes\\\/#website\"},\"primaryImageOfPage\":{\"@id\":\"http:\\\/\\\/www.salon-zenetbio.com\\\/nantes\\\/presse\\\/nos-partenaires\\\/ouest-france\\\/#primaryimage\"},\"image\":{\"@id\":\"http:\\\/\\\/www.salon-zenetbio.com\\\/nantes\\\/presse\\\/nos-partenaires\\\/ouest-france\\\/#primaryimage\"},\"thumbnailUrl\":\"https:\\\/\\\/www.salon-zenetbio.com\\\/nantes\\\/wp-content\\\/uploads\\\/sites\\\/7\\\/2024\\\/06\\\/OUEST-FRANCE-300x106.png\",\"datePublished\":\"2017-04-13T15:13:00+00:00\",\"dateModified\":\"2025-07-17T08:51:09+00:00\",\"breadcrumb\":{\"@id\":\"http:\\\/\\\/www.salon-zenetbio.com\\\/nantes\\\/presse\\\/nos-partenaires\\\/ouest-france\\\/#breadcrumb\"},\"inLanguage\":\"fr-FR\",\"potentialAction\":[{\"@type\":\"ReadAction\",\"target\":[\"http:\\\/\\\/www.salon-zenetbio.com\\\/nantes\\\/presse\\\/nos-partenaires\\\/ouest-france\\\/\"]}]},{\"@type\":\"ImageObject\",\"inLanguage\":\"fr-FR\",\"@id\":\"http:\\\/\\\/www.salon-zenetbio.com\\\/nantes\\\/presse\\\/nos-partenaires\\\/ouest-france\\\/#primaryimage\",\"url\":\"https:\\\/\\\/www.salon-zenetbio.com\\\/nantes\\\/wp-content\\\/uploads\\\/sites\\\/7\\\/2024\\\/06\\\/OUEST-FRANCE.png\",\"contentUrl\":\"https:\\\/\\\/www.salon-zenetbio.com\\\/nantes\\\/wp-content\\\/uploads\\\/sites\\\/7\\\/2024\\\/06\\\/OUEST-FRANCE.png\",\"width\":1200,\"height\":423},{\"@type\":\"BreadcrumbList\",\"@id\":\"http:\\\/\\\/www.salon-zenetbio.com\\\/nantes\\\/presse\\\/nos-partenaires\\\/ouest-france\\\/#breadcrumb\",\"itemListElement\":[{\"@type\":\"ListItem\",\"position\":1,\"name\":\"Accueil\",\"item\":\"https:\\\/\\\/www.salon-zenetbio.com\\\/nantes\\\/\"},{\"@type\":\"ListItem\",\"position\":2,\"name\":\"Communication\\\/presse et partenaires\",\"item\":\"https:\\\/\\\/www.salon-zenetbio.com\\\/nantes\\\/presse\\\/\"},{\"@type\":\"ListItem\",\"position\":3,\"name\":\"Nos partenaires\",\"item\":\"https:\\\/\\\/www.salon-zenetbio.com\\\/nantes\\\/presse\\\/nos-partenaires\\\/\"},{\"@type\":\"ListItem\",\"position\":4,\"name\":\"Ouest France\\\/Presse Oc\u00e9an\"}]},{\"@type\":\"WebSite\",\"@id\":\"https:\\\/\\\/www.salon-zenetbio.com\\\/nantes\\\/#website\",\"url\":\"https:\\\/\\\/www.salon-zenetbio.com\\\/nantes\\\/\",\"name\":\"Salon ZEN &amp; BIO Nantes\",\"description\":\"salon ZEN &amp; BIO Nantes : votre salon bio, bien-\u00eatre et habitat sain\",\"publisher\":{\"@id\":\"https:\\\/\\\/www.salon-zenetbio.com\\\/nantes\\\/#organization\"},\"potentialAction\":[{\"@type\":\"SearchAction\",\"target\":{\"@type\":\"EntryPoint\",\"urlTemplate\":\"https:\\\/\\\/www.salon-zenetbio.com\\\/nantes\\\/?s={search_term_string}\"},\"query-input\":{\"@type\":\"PropertyValueSpecification\",\"valueRequired\":true,\"valueName\":\"search_term_string\"}}],\"inLanguage\":\"fr-FR\"},{\"@type\":\"Organization\",\"@id\":\"https:\\\/\\\/www.salon-zenetbio.com\\\/nantes\\\/#organization\",\"name\":\"Salon ZEN &amp; BIO Nantes\",\"url\":\"https:\\\/\\\/www.salon-zenetbio.com\\\/nantes\\\/\",\"logo\":{\"@type\":\"ImageObject\",\"inLanguage\":\"fr-FR\",\"@id\":\"https:\\\/\\\/www.salon-zenetbio.com\\\/nantes\\\/#\\\/schema\\\/logo\\\/image\\\/\",\"url\":\"https:\\\/\\\/www.salon-zenetbio.com\\\/nantes\\\/wp-content\\\/uploads\\\/sites\\\/7\\\/2026\\\/03\\\/cropped-Logo-ZEN-et-BIO-nantes-2026.png\",\"contentUrl\":\"https:\\\/\\\/www.salon-zenetbio.com\\\/nantes\\\/wp-content\\\/uploads\\\/sites\\\/7\\\/2026\\\/03\\\/cropped-Logo-ZEN-et-BIO-nantes-2026.png\",\"width\":921,\"height\":255,\"caption\":\"Salon ZEN &amp; BIO Nantes\"},\"image\":{\"@id\":\"https:\\\/\\\/www.salon-zenetbio.com\\\/nantes\\\/#\\\/schema\\\/logo\\\/image\\\/\"}}]}<\/script>\n<!-- \/ Yoast SEO plugin. -->","yoast_head_json":{"title":"Ouest France\/Presse Oc\u00e9an - Salon ZEN &amp; BIO Nantes","robots":{"index":"index","follow":"follow","max-snippet":"max-snippet:-1","max-image-preview":"max-image-preview:large","max-video-preview":"max-video-preview:-1"},"canonical":"http:\/\/www.salon-zenetbio.com\/nantes\/presse\/nos-partenaires\/ouest-france\/","og_locale":"fr_FR","og_type":"article","og_title":"Ouest France\/Presse Oc\u00e9an - Salon ZEN &amp; BIO Nantes","og_description":"&nbsp; Toute l&rsquo;actualit\u00e9 en direct, soyez inform\u00e9 de toute l&rsquo;info en continu, en images et en vid\u00e9os, dans votre r\u00e9gion, en France et dans le monde. &nbsp; &nbsp; Abonnez-vous \u00e0 la newsletter de Ouest France &nbsp; &nbsp; Visiter le\u00a0site internet Ouest France et Presse Oc\u00e9an","og_url":"http:\/\/www.salon-zenetbio.com\/nantes\/presse\/nos-partenaires\/ouest-france\/","og_site_name":"Salon ZEN &amp; BIO Nantes","article_modified_time":"2025-07-17T08:51:09+00:00","og_image":[{"url":"https:\/\/www.salon-zenetbio.com\/nantes\/wp-content\/uploads\/sites\/7\/2024\/06\/OUEST-FRANCE-300x106.png","type":"","width":"","height":""}],"twitter_card":"summary_large_image","twitter_misc":{"Dur\u00e9e de lecture estim\u00e9e":"1 minute"},"schema":{"@context":"https:\/\/schema.org","@graph":[{"@type":"WebPage","@id":"http:\/\/www.salon-zenetbio.com\/nantes\/presse\/nos-partenaires\/ouest-france\/","url":"http:\/\/www.salon-zenetbio.com\/nantes\/presse\/nos-partenaires\/ouest-france\/","name":"Ouest France\/Presse Oc\u00e9an - Salon ZEN &amp; BIO Nantes","isPartOf":{"@id":"https:\/\/www.salon-zenetbio.com\/nantes\/#website"},"primaryImageOfPage":{"@id":"http:\/\/www.salon-zenetbio.com\/nantes\/presse\/nos-partenaires\/ouest-france\/#primaryimage"},"image":{"@id":"http:\/\/www.salon-zenetbio.com\/nantes\/presse\/nos-partenaires\/ouest-france\/#primaryimage"},"thumbnailUrl":"https:\/\/www.salon-zenetbio.com\/nantes\/wp-content\/uploads\/sites\/7\/2024\/06\/OUEST-FRANCE-300x106.png","datePublished":"2017-04-13T15:13:00+00:00","dateModified":"2025-07-17T08:51:09+00:00","breadcrumb":{"@id":"http:\/\/www.salon-zenetbio.com\/nantes\/presse\/nos-partenaires\/ouest-france\/#breadcrumb"},"inLanguage":"fr-FR","potentialAction":[{"@type":"ReadAction","target":["http:\/\/www.salon-zenetbio.com\/nantes\/presse\/nos-partenaires\/ouest-france\/"]}]},{"@type":"ImageObject","inLanguage":"fr-FR","@id":"http:\/\/www.salon-zenetbio.com\/nantes\/presse\/nos-partenaires\/ouest-france\/#primaryimage","url":"https:\/\/www.salon-zenetbio.com\/nantes\/wp-content\/uploads\/sites\/7\/2024\/06\/OUEST-FRANCE.png","contentUrl":"https:\/\/www.salon-zenetbio.com\/nantes\/wp-content\/uploads\/sites\/7\/2024\/06\/OUEST-FRANCE.png","width":1200,"height":423},{"@type":"BreadcrumbList","@id":"http:\/\/www.salon-zenetbio.com\/nantes\/presse\/nos-partenaires\/ouest-france\/#breadcrumb","itemListElement":[{"@type":"ListItem","position":1,"name":"Accueil","item":"https:\/\/www.salon-zenetbio.com\/nantes\/"},{"@type":"ListItem","position":2,"name":"Communication\/presse et partenaires","item":"https:\/\/www.salon-zenetbio.com\/nantes\/presse\/"},{"@type":"ListItem","position":3,"name":"Nos partenaires","item":"https:\/\/www.salon-zenetbio.com\/nantes\/presse\/nos-partenaires\/"},{"@type":"ListItem","position":4,"name":"Ouest France\/Presse Oc\u00e9an"}]},{"@type":"WebSite","@id":"https:\/\/www.salon-zenetbio.com\/nantes\/#website","url":"https:\/\/www.salon-zenetbio.com\/nantes\/","name":"Salon ZEN &amp; BIO Nantes","description":"salon ZEN &amp; BIO Nantes : votre salon bio, bien-\u00eatre et habitat sain","publisher":{"@id":"https:\/\/www.salon-zenetbio.com\/nantes\/#organization"},"potentialAction":[{"@type":"SearchAction","target":{"@type":"EntryPoint","urlTemplate":"https:\/\/www.salon-zenetbio.com\/nantes\/?s={search_term_string}"},"query-input":{"@type":"PropertyValueSpecification","valueRequired":true,"valueName":"search_term_string"}}],"inLanguage":"fr-FR"},{"@type":"Organization","@id":"https:\/\/www.salon-zenetbio.com\/nantes\/#organization","name":"Salon ZEN &amp; BIO Nantes","url":"https:\/\/www.salon-zenetbio.com\/nantes\/","logo":{"@type":"ImageObject","inLanguage":"fr-FR","@id":"https:\/\/www.salon-zenetbio.com\/nantes\/#\/schema\/logo\/image\/","url":"https:\/\/www.salon-zenetbio.com\/nantes\/wp-content\/uploads\/sites\/7\/2026\/03\/cropped-Logo-ZEN-et-BIO-nantes-2026.png","contentUrl":"https:\/\/www.salon-zenetbio.com\/nantes\/wp-content\/uploads\/sites\/7\/2026\/03\/cropped-Logo-ZEN-et-BIO-nantes-2026.png","width":921,"height":255,"caption":"Salon ZEN &amp; BIO Nantes"},"image":{"@id":"https:\/\/www.salon-zenetbio.com\/nantes\/#\/schema\/logo\/image\/"}}]}},"_links":{"self":[{"href":"https:\/\/www.salon-zenetbio.com\/nantes\/wp-json\/wp\/v2\/pages\/3821","targetHints":{"allow":["GET"]}}],"collection":[{"href":"https:\/\/www.salon-zenetbio.com\/nantes\/wp-json\/wp\/v2\/pages"}],"about":[{"href":"https:\/\/www.salon-zenetbio.com\/nantes\/wp-json\/wp\/v2\/types\/page"}],"author":[{"embeddable":true,"href":"https:\/\/www.salon-zenetbio.com\/nantes\/wp-json\/wp\/v2\/users\/1"}],"replies":[{"embeddable":true,"href":"https:\/\/www.salon-zenetbio.com\/nantes\/wp-json\/wp\/v2\/comments?post=3821"}],"version-history":[{"count":4,"href":"https:\/\/www.salon-zenetbio.com\/nantes\/wp-json\/wp\/v2\/pages\/3821\/revisions"}],"predecessor-version":[{"id":17507,"href":"https:\/\/www.salon-zenetbio.com\/nantes\/wp-json\/wp\/v2\/pages\/3821\/revisions\/17507"}],"up":[{"embeddable":true,"href":"https:\/\/www.salon-zenetbio.com\/nantes\/wp-json\/wp\/v2\/pages\/2456"}],"wp:attachment":[{"href":"https:\/\/www.salon-zenetbio.com\/nantes\/wp-json\/wp\/v2\/media?parent=3821"}],"curies":[{"name":"wp","href":"https:\/\/api.w.org\/{rel}","templated":true}]}}