{"id":3934,"date":"2017-06-22T16:03:10","date_gmt":"2017-06-22T14:03:10","guid":{"rendered":"http:\/\/www.salon-zenetbio.com\/nantes\/?page_id=3934"},"modified":"2025-05-28T17:15:46","modified_gmt":"2025-05-28T15:15:46","slug":"ateliers-conferences-nantes","status":"publish","type":"page","link":"https:\/\/www.salon-zenetbio.com\/nantes\/ateliers-conferences-nantes\/","title":{"rendered":"Conf\u00e9rences"},"content":{"rendered":"<p>Retrouvez bient\u00f4t le programme des conf\u00e9rences !<\/p>\n<hr \/>\n<p><span style=\"color: #000000;\"><em><span style=\"font-size: 10pt;\"><a style=\"color: #000000;\" href=\"https:\/\/www.salon-zenetbio.com\/nantes\/conferences-2024\/\" target=\"_blank\" rel=\"noopener\">Consultez le programme des conf\u00e9rences 2024<\/a><\/span><\/em><\/span><br \/>\n<span style=\"color: #000000;\"><em><span style=\"font-size: 10pt;\"><a style=\"color: #000000;\" href=\"https:\/\/www.salon-zenetbio.com\/nantes\/conferences-2023\/\">Consultez le programme des conf\u00e9rences 2023<\/a><\/span><\/em><\/span><br \/>\n<span style=\"color: #000000;\"><a style=\"color: #000000;\" href=\"https:\/\/www.salon-zenetbio.com\/nantes\/conferences-2022\/\" target=\"_blank\" rel=\"noopener\"><span style=\"font-size: 10pt;\">Consultez le programme des conf\u00e9rences 2022<\/span><\/a><\/span><br \/>\n<span style=\"color: #000000;\"><a style=\"color: #000000;\" href=\"https:\/\/www.salon-zenetbio.com\/nantes\/conference-2021\/\" target=\"_blank\" rel=\"noopener\"><span style=\"font-size: 10pt;\">Consultez le programme des conf\u00e9rences 2021<\/span><\/a><\/span><br \/>\n<span style=\"color: #000000;\"><a style=\"color: #000000;\" href=\"http:\/\/www.salon-zenetbio.com\/nantes\/?p=10531\"><span style=\"font-size: 10pt;\"><em>Consultez le programme des conf\u00e9rences 2020<\/em><\/span><\/a><\/span><br \/>\n<span style=\"color: #000000;\"><span style=\"font-size: 10pt;\"><a style=\"color: #000000;\" href=\"http:\/\/www.salon-zenetbio.com\/nantes\/conferences-2019\/\" target=\"_blank\" rel=\"noopener noreferrer\"><em>Consultez le programme des conf\u00e9rences 2019<\/em><\/a><br \/>\n<\/span><span style=\"font-size: 10pt;\"><em><a style=\"color: #000000;\" href=\"http:\/\/www.salon-zenetbio.com\/nantes\/nantes-conferences-2018\/\" target=\"_blank\" rel=\"noopener noreferrer\">Consultez le programme des conf\u00e9rences 2018<\/a><\/em><\/span><\/span><br \/>\n<span style=\"font-size: 10pt; color: #000000;\"><em><a style=\"color: #000000;\" href=\"http:\/\/www.salon-zenetbio.com\/nantes\/visiteur_programme2017\/ateliers-conferences-nantes-2017\/\" target=\"_blank\" rel=\"noopener noreferrer\">Consultez le programme des conf\u00e9rences 2017<\/a><\/em><\/span><\/p>\n","protected":false},"excerpt":{"rendered":"<p>Retrouvez bient\u00f4t le programme des conf\u00e9rences ! Consultez le programme des conf\u00e9rences 2024 Consultez le programme des conf\u00e9rences 2023 Consultez le programme des conf\u00e9rences 2022 Consultez le programme des conf\u00e9rences 2021 Consultez le programme des conf\u00e9rences 2020 Consultez le programme des conf\u00e9rences 2019 Consultez le programme des conf\u00e9rences 2018 Consultez le programme des conf\u00e9rences 2017<\/p>\n","protected":false},"author":1,"featured_media":0,"parent":0,"menu_order":6,"comment_status":"closed","ping_status":"closed","template":"","meta":{"_monsterinsights_skip_tracking":false,"_monsterinsights_sitenote_active":false,"_monsterinsights_sitenote_note":"","_monsterinsights_sitenote_category":0,"footnotes":""},"class_list":["post-3934","page","type-page","status-publish","hentry"],"yoast_head":"<!-- This site is optimized with the Yoast SEO plugin v27.3 - https:\/\/yoast.com\/product\/yoast-seo-wordpress\/ -->\n<title>Conf\u00e9rences - Salon ZEN &amp; BIO Nantes<\/title>\n<meta name=\"robots\" content=\"index, follow, max-snippet:-1, max-image-preview:large, max-video-preview:-1\" \/>\n<link rel=\"canonical\" href=\"http:\/\/www.salon-zenetbio.com\/nantes\/ateliers-conferences-nantes\/\" \/>\n<meta property=\"og:locale\" content=\"fr_FR\" \/>\n<meta property=\"og:type\" content=\"article\" \/>\n<meta property=\"og:title\" content=\"Conf\u00e9rences - Salon ZEN &amp; BIO Nantes\" \/>\n<meta property=\"og:description\" content=\"Retrouvez bient\u00f4t le programme des conf\u00e9rences ! Consultez le programme des conf\u00e9rences 2024 Consultez le programme des conf\u00e9rences 2023 Consultez le programme des conf\u00e9rences 2022 Consultez le programme des conf\u00e9rences 2021 Consultez le programme des conf\u00e9rences 2020 Consultez le programme des conf\u00e9rences 2019 Consultez le programme des conf\u00e9rences 2018 Consultez le programme des conf\u00e9rences 2017\" \/>\n<meta property=\"og:url\" content=\"http:\/\/www.salon-zenetbio.com\/nantes\/ateliers-conferences-nantes\/\" \/>\n<meta property=\"og:site_name\" content=\"Salon ZEN &amp; BIO Nantes\" \/>\n<meta property=\"article:modified_time\" content=\"2025-05-28T15:15:46+00:00\" \/>\n<meta name=\"twitter:card\" content=\"summary_large_image\" \/>\n<meta name=\"twitter:label1\" content=\"Dur\u00e9e de lecture estim\u00e9e\" \/>\n\t<meta name=\"twitter:data1\" content=\"1 minute\" \/>\n<script type=\"application\/ld+json\" class=\"yoast-schema-graph\">{\"@context\":\"https:\\\/\\\/schema.org\",\"@graph\":[{\"@type\":\"WebPage\",\"@id\":\"http:\\\/\\\/www.salon-zenetbio.com\\\/nantes\\\/ateliers-conferences-nantes\\\/\",\"url\":\"http:\\\/\\\/www.salon-zenetbio.com\\\/nantes\\\/ateliers-conferences-nantes\\\/\",\"name\":\"Conf\u00e9rences - Salon ZEN &amp; BIO Nantes\",\"isPartOf\":{\"@id\":\"https:\\\/\\\/www.salon-zenetbio.com\\\/nantes\\\/#website\"},\"datePublished\":\"2017-06-22T14:03:10+00:00\",\"dateModified\":\"2025-05-28T15:15:46+00:00\",\"breadcrumb\":{\"@id\":\"http:\\\/\\\/www.salon-zenetbio.com\\\/nantes\\\/ateliers-conferences-nantes\\\/#breadcrumb\"},\"inLanguage\":\"fr-FR\",\"potentialAction\":[{\"@type\":\"ReadAction\",\"target\":[\"http:\\\/\\\/www.salon-zenetbio.com\\\/nantes\\\/ateliers-conferences-nantes\\\/\"]}]},{\"@type\":\"BreadcrumbList\",\"@id\":\"http:\\\/\\\/www.salon-zenetbio.com\\\/nantes\\\/ateliers-conferences-nantes\\\/#breadcrumb\",\"itemListElement\":[{\"@type\":\"ListItem\",\"position\":1,\"name\":\"Accueil\",\"item\":\"https:\\\/\\\/www.salon-zenetbio.com\\\/nantes\\\/\"},{\"@type\":\"ListItem\",\"position\":2,\"name\":\"Conf\u00e9rences\"}]},{\"@type\":\"WebSite\",\"@id\":\"https:\\\/\\\/www.salon-zenetbio.com\\\/nantes\\\/#website\",\"url\":\"https:\\\/\\\/www.salon-zenetbio.com\\\/nantes\\\/\",\"name\":\"Salon ZEN &amp; BIO Nantes\",\"description\":\"salon ZEN &amp; BIO Nantes : votre salon bio, bien-\u00eatre et habitat sain\",\"publisher\":{\"@id\":\"https:\\\/\\\/www.salon-zenetbio.com\\\/nantes\\\/#organization\"},\"potentialAction\":[{\"@type\":\"SearchAction\",\"target\":{\"@type\":\"EntryPoint\",\"urlTemplate\":\"https:\\\/\\\/www.salon-zenetbio.com\\\/nantes\\\/?s={search_term_string}\"},\"query-input\":{\"@type\":\"PropertyValueSpecification\",\"valueRequired\":true,\"valueName\":\"search_term_string\"}}],\"inLanguage\":\"fr-FR\"},{\"@type\":\"Organization\",\"@id\":\"https:\\\/\\\/www.salon-zenetbio.com\\\/nantes\\\/#organization\",\"name\":\"Salon ZEN &amp; BIO Nantes\",\"url\":\"https:\\\/\\\/www.salon-zenetbio.com\\\/nantes\\\/\",\"logo\":{\"@type\":\"ImageObject\",\"inLanguage\":\"fr-FR\",\"@id\":\"https:\\\/\\\/www.salon-zenetbio.com\\\/nantes\\\/#\\\/schema\\\/logo\\\/image\\\/\",\"url\":\"https:\\\/\\\/www.salon-zenetbio.com\\\/nantes\\\/wp-content\\\/uploads\\\/sites\\\/7\\\/2026\\\/03\\\/cropped-Logo-ZEN-et-BIO-nantes-2026.png\",\"contentUrl\":\"https:\\\/\\\/www.salon-zenetbio.com\\\/nantes\\\/wp-content\\\/uploads\\\/sites\\\/7\\\/2026\\\/03\\\/cropped-Logo-ZEN-et-BIO-nantes-2026.png\",\"width\":921,\"height\":255,\"caption\":\"Salon ZEN &amp; BIO Nantes\"},\"image\":{\"@id\":\"https:\\\/\\\/www.salon-zenetbio.com\\\/nantes\\\/#\\\/schema\\\/logo\\\/image\\\/\"}}]}<\/script>\n<!-- \/ Yoast SEO plugin. -->","yoast_head_json":{"title":"Conf\u00e9rences - Salon ZEN &amp; BIO Nantes","robots":{"index":"index","follow":"follow","max-snippet":"max-snippet:-1","max-image-preview":"max-image-preview:large","max-video-preview":"max-video-preview:-1"},"canonical":"http:\/\/www.salon-zenetbio.com\/nantes\/ateliers-conferences-nantes\/","og_locale":"fr_FR","og_type":"article","og_title":"Conf\u00e9rences - Salon ZEN &amp; BIO Nantes","og_description":"Retrouvez bient\u00f4t le programme des conf\u00e9rences ! Consultez le programme des conf\u00e9rences 2024 Consultez le programme des conf\u00e9rences 2023 Consultez le programme des conf\u00e9rences 2022 Consultez le programme des conf\u00e9rences 2021 Consultez le programme des conf\u00e9rences 2020 Consultez le programme des conf\u00e9rences 2019 Consultez le programme des conf\u00e9rences 2018 Consultez le programme des conf\u00e9rences 2017","og_url":"http:\/\/www.salon-zenetbio.com\/nantes\/ateliers-conferences-nantes\/","og_site_name":"Salon ZEN &amp; BIO Nantes","article_modified_time":"2025-05-28T15:15:46+00:00","twitter_card":"summary_large_image","twitter_misc":{"Dur\u00e9e de lecture estim\u00e9e":"1 minute"},"schema":{"@context":"https:\/\/schema.org","@graph":[{"@type":"WebPage","@id":"http:\/\/www.salon-zenetbio.com\/nantes\/ateliers-conferences-nantes\/","url":"http:\/\/www.salon-zenetbio.com\/nantes\/ateliers-conferences-nantes\/","name":"Conf\u00e9rences - Salon ZEN &amp; BIO Nantes","isPartOf":{"@id":"https:\/\/www.salon-zenetbio.com\/nantes\/#website"},"datePublished":"2017-06-22T14:03:10+00:00","dateModified":"2025-05-28T15:15:46+00:00","breadcrumb":{"@id":"http:\/\/www.salon-zenetbio.com\/nantes\/ateliers-conferences-nantes\/#breadcrumb"},"inLanguage":"fr-FR","potentialAction":[{"@type":"ReadAction","target":["http:\/\/www.salon-zenetbio.com\/nantes\/ateliers-conferences-nantes\/"]}]},{"@type":"BreadcrumbList","@id":"http:\/\/www.salon-zenetbio.com\/nantes\/ateliers-conferences-nantes\/#breadcrumb","itemListElement":[{"@type":"ListItem","position":1,"name":"Accueil","item":"https:\/\/www.salon-zenetbio.com\/nantes\/"},{"@type":"ListItem","position":2,"name":"Conf\u00e9rences"}]},{"@type":"WebSite","@id":"https:\/\/www.salon-zenetbio.com\/nantes\/#website","url":"https:\/\/www.salon-zenetbio.com\/nantes\/","name":"Salon ZEN &amp; BIO Nantes","description":"salon ZEN &amp; BIO Nantes : votre salon bio, bien-\u00eatre et habitat sain","publisher":{"@id":"https:\/\/www.salon-zenetbio.com\/nantes\/#organization"},"potentialAction":[{"@type":"SearchAction","target":{"@type":"EntryPoint","urlTemplate":"https:\/\/www.salon-zenetbio.com\/nantes\/?s={search_term_string}"},"query-input":{"@type":"PropertyValueSpecification","valueRequired":true,"valueName":"search_term_string"}}],"inLanguage":"fr-FR"},{"@type":"Organization","@id":"https:\/\/www.salon-zenetbio.com\/nantes\/#organization","name":"Salon ZEN &amp; BIO Nantes","url":"https:\/\/www.salon-zenetbio.com\/nantes\/","logo":{"@type":"ImageObject","inLanguage":"fr-FR","@id":"https:\/\/www.salon-zenetbio.com\/nantes\/#\/schema\/logo\/image\/","url":"https:\/\/www.salon-zenetbio.com\/nantes\/wp-content\/uploads\/sites\/7\/2026\/03\/cropped-Logo-ZEN-et-BIO-nantes-2026.png","contentUrl":"https:\/\/www.salon-zenetbio.com\/nantes\/wp-content\/uploads\/sites\/7\/2026\/03\/cropped-Logo-ZEN-et-BIO-nantes-2026.png","width":921,"height":255,"caption":"Salon ZEN &amp; BIO Nantes"},"image":{"@id":"https:\/\/www.salon-zenetbio.com\/nantes\/#\/schema\/logo\/image\/"}}]}},"_links":{"self":[{"href":"https:\/\/www.salon-zenetbio.com\/nantes\/wp-json\/wp\/v2\/pages\/3934","targetHints":{"allow":["GET"]}}],"collection":[{"href":"https:\/\/www.salon-zenetbio.com\/nantes\/wp-json\/wp\/v2\/pages"}],"about":[{"href":"https:\/\/www.salon-zenetbio.com\/nantes\/wp-json\/wp\/v2\/types\/page"}],"author":[{"embeddable":true,"href":"https:\/\/www.salon-zenetbio.com\/nantes\/wp-json\/wp\/v2\/users\/1"}],"replies":[{"embeddable":true,"href":"https:\/\/www.salon-zenetbio.com\/nantes\/wp-json\/wp\/v2\/comments?post=3934"}],"version-history":[{"count":92,"href":"https:\/\/www.salon-zenetbio.com\/nantes\/wp-json\/wp\/v2\/pages\/3934\/revisions"}],"predecessor-version":[{"id":17102,"href":"https:\/\/www.salon-zenetbio.com\/nantes\/wp-json\/wp\/v2\/pages\/3934\/revisions\/17102"}],"wp:attachment":[{"href":"https:\/\/www.salon-zenetbio.com\/nantes\/wp-json\/wp\/v2\/media?parent=3934"}],"curies":[{"name":"wp","href":"https:\/\/api.w.org\/{rel}","templated":true}]}}