{"id":3938,"date":"2017-06-22T16:06:07","date_gmt":"2017-06-22T14:06:07","guid":{"rendered":"http:\/\/www.salon-zenetbio.com\/nantes\/?page_id=3938"},"modified":"2025-05-28T17:19:08","modified_gmt":"2025-05-28T15:19:08","slug":"animations-creatives-nantes","status":"publish","type":"page","link":"https:\/\/www.salon-zenetbio.com\/nantes\/animations-creatives-nantes\/","title":{"rendered":"Animations cr\u00e9atives"},"content":{"rendered":"<p>Retrouvez bient\u00f4t le programme des animations cr\u00e9atives !<\/p>\n<hr \/>\n<p><a href=\"https:\/\/www.salon-zenetbio.com\/nantes\/animations-creatives-2024\/\" target=\"_blank\" rel=\"noopener\"><span style=\"font-size: 10pt;\"><em>Consultez le programme des animations cr\u00e9atives 2024<\/em><\/span><\/a><br \/>\n<a href=\"https:\/\/www.salon-zenetbio.com\/nantes\/animations-creatives-2023\/\" target=\"_blank\" rel=\"noopener\"><span style=\"font-size: 10pt;\"><em>Consultez le programme des animations cr\u00e9atives 2023<\/em><\/span><\/a><br \/>\n<a href=\"https:\/\/www.salon-zenetbio.com\/nantes\/animations-creatives-2022\/\" target=\"_blank\" rel=\"noopener\"><span style=\"font-size: 10pt;\"><em>Consultez le programme des animations cr\u00e9atives 2022<\/em><\/span><\/a><br \/>\n<a href=\"https:\/\/www.salon-zenetbio.com\/nantes\/animations-creatives-2021\/\" target=\"_blank\" rel=\"noopener\"><span style=\"font-size: 10pt;\"><em>Consultez le programme des animations cr\u00e9atives 2021<\/em><\/span><\/a><br \/>\n<a href=\"http:\/\/www.salon-zenetbio.com\/nantes\/?p=10511\"><em><span style=\"font-size: 10pt;\">Consultez le programme des animations cr\u00e9atives et culinaires 2020<\/span><\/em><\/a><br \/>\n<span style=\"font-size: 10pt;\"><a href=\"http:\/\/www.salon-zenetbio.com\/nantes\/animations-creatives-2019\/\" target=\"_blank\" rel=\"noopener noreferrer\"><em>Consultez le programme des animations cr\u00e9atives 2019<\/em><\/a><\/span><br \/>\n<span style=\"font-size: 10pt;\"><em><a href=\"http:\/\/www.salon-zenetbio.com\/nantes\/nantes-animations-creatives-2018\/\" target=\"_blank\" rel=\"noopener noreferrer\">Consultez le programme d&rsquo;animations cr\u00e9atives 2018<\/a><\/em><\/span><br \/>\n<span style=\"font-size: 10pt;\"><em><a href=\"http:\/\/www.salon-zenetbio.com\/nantes\/visiteur_programme\/animations-creatives-nantes-2017\/\" target=\"_blank\" rel=\"noopener noreferrer\">Consultez le programme d&rsquo;animations cr\u00e9atives 2017<\/a><\/em><\/span><\/p>\n","protected":false},"excerpt":{"rendered":"<p>Retrouvez bient\u00f4t le programme des animations cr\u00e9atives ! Consultez le programme des animations cr\u00e9atives 2024 Consultez le programme des animations cr\u00e9atives 2023 Consultez le programme des animations cr\u00e9atives 2022 Consultez le programme des animations cr\u00e9atives 2021 Consultez le programme des animations cr\u00e9atives et culinaires 2020 Consultez le programme des animations cr\u00e9atives 2019 Consultez le programme&hellip; <\/p>\n","protected":false},"author":1,"featured_media":0,"parent":0,"menu_order":1,"comment_status":"closed","ping_status":"closed","template":"","meta":{"_monsterinsights_skip_tracking":false,"_monsterinsights_sitenote_active":false,"_monsterinsights_sitenote_note":"","_monsterinsights_sitenote_category":0,"footnotes":""},"class_list":["post-3938","page","type-page","status-publish","hentry"],"yoast_head":"<!-- This site is optimized with the Yoast SEO plugin v27.3 - https:\/\/yoast.com\/product\/yoast-seo-wordpress\/ -->\n<title>Animations cr\u00e9atives - Salon ZEN &amp; BIO Nantes<\/title>\n<meta name=\"robots\" content=\"index, follow, max-snippet:-1, max-image-preview:large, max-video-preview:-1\" \/>\n<link rel=\"canonical\" href=\"https:\/\/www.salon-zenetbio.com\/nantes\/animations-creatives-nantes\/\" \/>\n<meta property=\"og:locale\" content=\"fr_FR\" \/>\n<meta property=\"og:type\" content=\"article\" \/>\n<meta property=\"og:title\" content=\"Animations cr\u00e9atives - Salon ZEN &amp; BIO Nantes\" \/>\n<meta property=\"og:description\" content=\"Retrouvez bient\u00f4t le programme des animations cr\u00e9atives ! Consultez le programme des animations cr\u00e9atives 2024 Consultez le programme des animations cr\u00e9atives 2023 Consultez le programme des animations cr\u00e9atives 2022 Consultez le programme des animations cr\u00e9atives 2021 Consultez le programme des animations cr\u00e9atives et culinaires 2020 Consultez le programme des animations cr\u00e9atives 2019 Consultez le programme&hellip;\" \/>\n<meta property=\"og:url\" content=\"https:\/\/www.salon-zenetbio.com\/nantes\/animations-creatives-nantes\/\" \/>\n<meta property=\"og:site_name\" content=\"Salon ZEN &amp; BIO Nantes\" \/>\n<meta property=\"article:modified_time\" content=\"2025-05-28T15:19:08+00:00\" \/>\n<meta name=\"twitter:card\" content=\"summary_large_image\" \/>\n<meta name=\"twitter:label1\" content=\"Dur\u00e9e de lecture estim\u00e9e\" \/>\n\t<meta name=\"twitter:data1\" content=\"1 minute\" \/>\n<script type=\"application\/ld+json\" class=\"yoast-schema-graph\">{\"@context\":\"https:\\\/\\\/schema.org\",\"@graph\":[{\"@type\":\"WebPage\",\"@id\":\"https:\\\/\\\/www.salon-zenetbio.com\\\/nantes\\\/animations-creatives-nantes\\\/\",\"url\":\"https:\\\/\\\/www.salon-zenetbio.com\\\/nantes\\\/animations-creatives-nantes\\\/\",\"name\":\"Animations cr\u00e9atives - Salon ZEN &amp; BIO Nantes\",\"isPartOf\":{\"@id\":\"https:\\\/\\\/www.salon-zenetbio.com\\\/nantes\\\/#website\"},\"datePublished\":\"2017-06-22T14:06:07+00:00\",\"dateModified\":\"2025-05-28T15:19:08+00:00\",\"breadcrumb\":{\"@id\":\"https:\\\/\\\/www.salon-zenetbio.com\\\/nantes\\\/animations-creatives-nantes\\\/#breadcrumb\"},\"inLanguage\":\"fr-FR\",\"potentialAction\":[{\"@type\":\"ReadAction\",\"target\":[\"https:\\\/\\\/www.salon-zenetbio.com\\\/nantes\\\/animations-creatives-nantes\\\/\"]}]},{\"@type\":\"BreadcrumbList\",\"@id\":\"https:\\\/\\\/www.salon-zenetbio.com\\\/nantes\\\/animations-creatives-nantes\\\/#breadcrumb\",\"itemListElement\":[{\"@type\":\"ListItem\",\"position\":1,\"name\":\"Accueil\",\"item\":\"https:\\\/\\\/www.salon-zenetbio.com\\\/nantes\\\/\"},{\"@type\":\"ListItem\",\"position\":2,\"name\":\"Animations cr\u00e9atives\"}]},{\"@type\":\"WebSite\",\"@id\":\"https:\\\/\\\/www.salon-zenetbio.com\\\/nantes\\\/#website\",\"url\":\"https:\\\/\\\/www.salon-zenetbio.com\\\/nantes\\\/\",\"name\":\"Salon ZEN &amp; BIO Nantes\",\"description\":\"salon ZEN &amp; BIO Nantes : votre salon bio, bien-\u00eatre et habitat sain\",\"publisher\":{\"@id\":\"https:\\\/\\\/www.salon-zenetbio.com\\\/nantes\\\/#organization\"},\"potentialAction\":[{\"@type\":\"SearchAction\",\"target\":{\"@type\":\"EntryPoint\",\"urlTemplate\":\"https:\\\/\\\/www.salon-zenetbio.com\\\/nantes\\\/?s={search_term_string}\"},\"query-input\":{\"@type\":\"PropertyValueSpecification\",\"valueRequired\":true,\"valueName\":\"search_term_string\"}}],\"inLanguage\":\"fr-FR\"},{\"@type\":\"Organization\",\"@id\":\"https:\\\/\\\/www.salon-zenetbio.com\\\/nantes\\\/#organization\",\"name\":\"Salon ZEN &amp; BIO Nantes\",\"url\":\"https:\\\/\\\/www.salon-zenetbio.com\\\/nantes\\\/\",\"logo\":{\"@type\":\"ImageObject\",\"inLanguage\":\"fr-FR\",\"@id\":\"https:\\\/\\\/www.salon-zenetbio.com\\\/nantes\\\/#\\\/schema\\\/logo\\\/image\\\/\",\"url\":\"https:\\\/\\\/www.salon-zenetbio.com\\\/nantes\\\/wp-content\\\/uploads\\\/sites\\\/7\\\/2026\\\/03\\\/cropped-Logo-ZEN-et-BIO-nantes-2026.png\",\"contentUrl\":\"https:\\\/\\\/www.salon-zenetbio.com\\\/nantes\\\/wp-content\\\/uploads\\\/sites\\\/7\\\/2026\\\/03\\\/cropped-Logo-ZEN-et-BIO-nantes-2026.png\",\"width\":921,\"height\":255,\"caption\":\"Salon ZEN &amp; BIO Nantes\"},\"image\":{\"@id\":\"https:\\\/\\\/www.salon-zenetbio.com\\\/nantes\\\/#\\\/schema\\\/logo\\\/image\\\/\"}}]}<\/script>\n<!-- \/ Yoast SEO plugin. -->","yoast_head_json":{"title":"Animations cr\u00e9atives - Salon ZEN &amp; BIO Nantes","robots":{"index":"index","follow":"follow","max-snippet":"max-snippet:-1","max-image-preview":"max-image-preview:large","max-video-preview":"max-video-preview:-1"},"canonical":"https:\/\/www.salon-zenetbio.com\/nantes\/animations-creatives-nantes\/","og_locale":"fr_FR","og_type":"article","og_title":"Animations cr\u00e9atives - Salon ZEN &amp; BIO Nantes","og_description":"Retrouvez bient\u00f4t le programme des animations cr\u00e9atives ! Consultez le programme des animations cr\u00e9atives 2024 Consultez le programme des animations cr\u00e9atives 2023 Consultez le programme des animations cr\u00e9atives 2022 Consultez le programme des animations cr\u00e9atives 2021 Consultez le programme des animations cr\u00e9atives et culinaires 2020 Consultez le programme des animations cr\u00e9atives 2019 Consultez le programme&hellip;","og_url":"https:\/\/www.salon-zenetbio.com\/nantes\/animations-creatives-nantes\/","og_site_name":"Salon ZEN &amp; BIO Nantes","article_modified_time":"2025-05-28T15:19:08+00:00","twitter_card":"summary_large_image","twitter_misc":{"Dur\u00e9e de lecture estim\u00e9e":"1 minute"},"schema":{"@context":"https:\/\/schema.org","@graph":[{"@type":"WebPage","@id":"https:\/\/www.salon-zenetbio.com\/nantes\/animations-creatives-nantes\/","url":"https:\/\/www.salon-zenetbio.com\/nantes\/animations-creatives-nantes\/","name":"Animations cr\u00e9atives - Salon ZEN &amp; BIO Nantes","isPartOf":{"@id":"https:\/\/www.salon-zenetbio.com\/nantes\/#website"},"datePublished":"2017-06-22T14:06:07+00:00","dateModified":"2025-05-28T15:19:08+00:00","breadcrumb":{"@id":"https:\/\/www.salon-zenetbio.com\/nantes\/animations-creatives-nantes\/#breadcrumb"},"inLanguage":"fr-FR","potentialAction":[{"@type":"ReadAction","target":["https:\/\/www.salon-zenetbio.com\/nantes\/animations-creatives-nantes\/"]}]},{"@type":"BreadcrumbList","@id":"https:\/\/www.salon-zenetbio.com\/nantes\/animations-creatives-nantes\/#breadcrumb","itemListElement":[{"@type":"ListItem","position":1,"name":"Accueil","item":"https:\/\/www.salon-zenetbio.com\/nantes\/"},{"@type":"ListItem","position":2,"name":"Animations cr\u00e9atives"}]},{"@type":"WebSite","@id":"https:\/\/www.salon-zenetbio.com\/nantes\/#website","url":"https:\/\/www.salon-zenetbio.com\/nantes\/","name":"Salon ZEN &amp; BIO Nantes","description":"salon ZEN &amp; BIO Nantes : votre salon bio, bien-\u00eatre et habitat sain","publisher":{"@id":"https:\/\/www.salon-zenetbio.com\/nantes\/#organization"},"potentialAction":[{"@type":"SearchAction","target":{"@type":"EntryPoint","urlTemplate":"https:\/\/www.salon-zenetbio.com\/nantes\/?s={search_term_string}"},"query-input":{"@type":"PropertyValueSpecification","valueRequired":true,"valueName":"search_term_string"}}],"inLanguage":"fr-FR"},{"@type":"Organization","@id":"https:\/\/www.salon-zenetbio.com\/nantes\/#organization","name":"Salon ZEN &amp; BIO Nantes","url":"https:\/\/www.salon-zenetbio.com\/nantes\/","logo":{"@type":"ImageObject","inLanguage":"fr-FR","@id":"https:\/\/www.salon-zenetbio.com\/nantes\/#\/schema\/logo\/image\/","url":"https:\/\/www.salon-zenetbio.com\/nantes\/wp-content\/uploads\/sites\/7\/2026\/03\/cropped-Logo-ZEN-et-BIO-nantes-2026.png","contentUrl":"https:\/\/www.salon-zenetbio.com\/nantes\/wp-content\/uploads\/sites\/7\/2026\/03\/cropped-Logo-ZEN-et-BIO-nantes-2026.png","width":921,"height":255,"caption":"Salon ZEN &amp; BIO Nantes"},"image":{"@id":"https:\/\/www.salon-zenetbio.com\/nantes\/#\/schema\/logo\/image\/"}}]}},"_links":{"self":[{"href":"https:\/\/www.salon-zenetbio.com\/nantes\/wp-json\/wp\/v2\/pages\/3938","targetHints":{"allow":["GET"]}}],"collection":[{"href":"https:\/\/www.salon-zenetbio.com\/nantes\/wp-json\/wp\/v2\/pages"}],"about":[{"href":"https:\/\/www.salon-zenetbio.com\/nantes\/wp-json\/wp\/v2\/types\/page"}],"author":[{"embeddable":true,"href":"https:\/\/www.salon-zenetbio.com\/nantes\/wp-json\/wp\/v2\/users\/1"}],"replies":[{"embeddable":true,"href":"https:\/\/www.salon-zenetbio.com\/nantes\/wp-json\/wp\/v2\/comments?post=3938"}],"version-history":[{"count":65,"href":"https:\/\/www.salon-zenetbio.com\/nantes\/wp-json\/wp\/v2\/pages\/3938\/revisions"}],"predecessor-version":[{"id":17298,"href":"https:\/\/www.salon-zenetbio.com\/nantes\/wp-json\/wp\/v2\/pages\/3938\/revisions\/17298"}],"wp:attachment":[{"href":"https:\/\/www.salon-zenetbio.com\/nantes\/wp-json\/wp\/v2\/media?parent=3938"}],"curies":[{"name":"wp","href":"https:\/\/api.w.org\/{rel}","templated":true}]}}