{"id":4756,"date":"2017-09-26T18:17:51","date_gmt":"2017-09-26T16:17:51","guid":{"rendered":"http:\/\/www.salon-zenetbio.com\/nantes\/?page_id=4756"},"modified":"2026-03-04T16:51:20","modified_gmt":"2026-03-04T15:51:20","slug":"zen-et-bio-nantes-presentation-du-salon","status":"publish","type":"page","link":"https:\/\/www.salon-zenetbio.com\/nantes\/visiter\/zen-et-bio-nantes-presentation-du-salon\/","title":{"rendered":"Pr\u00e9sentation du du salon"},"content":{"rendered":"<p style=\"text-align: justify;\"><strong>Le salon Zen&amp;Bio, c\u2019est d\u00e9couvrir ou red\u00e9couvrir la bio, le naturel, l\u2019authentique, le positivisme, le soi et apprendre \u00e0 les installer dans son quotidien.<\/strong><\/p>\n<p style=\"text-align: justify;\">Pr\u00e9curseur dans la r\u00e9gion Grand Ouest, le salon Zen&amp;Bio est l\u2019expression m\u00eame de possibles alternatives \u00e0 cette consommation dite standard, conventionnelle, industrielle, mais aussi un lieu de rencontres et d\u2019exp\u00e9riences tourn\u00e9es vers les valeurs de l\u2019humain&#8230;<\/p>\n<p style=\"text-align: justify;\"><span style=\"color: #59a832;\"><strong>Du 9 au 11 octobre 2026<\/strong><\/span>, le salon rassemblera des petits producteurs, transformateurs, artisans, distributeurs, associations qui partageront leur offre bio et naturelle ou leur d\u00e9marche \u00e9cologique, alternative et durable.<\/p>\n<p style=\"text-align: justify;\">Les visiteurs sont \u00e9galement de plus en plus nombreux \u00e0 venir \u00e9changer sur des sujets li\u00e9s au bien-\u00eatre et \u00e0 l\u2019environnement, mais aussi sur nos relations et nos modes de consommation.<\/p>\n<p style=\"text-align: justify;\">Le salon Zen&amp;Bio Nantes propose un programme d\u2019animations complet et interactif, pour pousser la r\u00e9flexion plus loin. Assister \u00e0 des conf\u00e9rences anim\u00e9es par des experts de la bio et du bien-\u00eatre, d\u00e9couvrir de nouvelles pratiques en participant aux ateliers, ou encore mettre la main \u00e0 la p\u00e2te pour faire soi-m\u00eame\u2026<\/p>\n<p style=\"text-align: justify;\">Nous vous attendons donc impatiemment pour<strong>\u00a03<\/strong> <strong>jours de rendez-vous autour de la bio et du bien-\u00eatre. <\/strong>3 jours\u00a0pour<strong>\u00a0<\/strong>recr\u00e9er du lien, apprendre, comprendre et puiser le positif dans la relation avec l\u2019autre&#8230; un partage qui se d\u00e9voile au fil des stands par les exp\u00e9riences et le travail de chaque exposant, mais aussi \u00e0 travers les<strong> conf\u00e9rences, des ateliers bien-\u00eatre et des <\/strong><strong>animations cr\u00e9atives.\u00a0<\/strong><\/p>\n<p style=\"text-align: justify;\">Nous vous souhaitons les plus belles d\u00e9couvertes pour cette <strong>19<sup>\u00e8me<\/sup> \u00e9dition<\/strong> !<\/p>\n<p style=\"text-align: justify;\"><span style=\"color: #59a832;\"><em><b>L&rsquo;\u00e9quipe du salon Zen &amp; Bio \u00e0 Nantes.\u00a0<\/b><\/em><\/span><\/p>\n<p style=\"text-align: justify;\">\n","protected":false},"excerpt":{"rendered":"<p>Le salon Zen&amp;Bio, c\u2019est d\u00e9couvrir ou red\u00e9couvrir la bio, le naturel, l\u2019authentique, le positivisme, le soi et apprendre \u00e0 les installer dans son quotidien. Pr\u00e9curseur dans la r\u00e9gion Grand Ouest, le salon Zen&amp;Bio est l\u2019expression m\u00eame de possibles alternatives \u00e0 cette consommation dite standard, conventionnelle, industrielle, mais aussi un lieu de rencontres et d\u2019exp\u00e9riences tourn\u00e9es&hellip; <\/p>\n","protected":false},"author":1,"featured_media":7930,"parent":6217,"menu_order":1,"comment_status":"closed","ping_status":"closed","template":"","meta":{"_monsterinsights_skip_tracking":false,"_monsterinsights_sitenote_active":false,"_monsterinsights_sitenote_note":"","_monsterinsights_sitenote_category":0,"footnotes":""},"class_list":["post-4756","page","type-page","status-publish","has-post-thumbnail","hentry"],"yoast_head":"<!-- This site is optimized with the Yoast SEO plugin v27.5 - https:\/\/yoast.com\/product\/yoast-seo-wordpress\/ -->\n<title>Pr\u00e9sentation du du salon - Salon ZEN &amp; BIO Nantes<\/title>\n<meta name=\"description\" content=\"Le salon Zen et Bio Nantes vous attend pour d\u00e9couvrir ou red\u00e9couvrir la bio, le naturel, l\u2019authentique, le positivisme, le soi etc.\" \/>\n<meta name=\"robots\" content=\"index, follow, max-snippet:-1, max-image-preview:large, max-video-preview:-1\" \/>\n<link rel=\"canonical\" href=\"https:\/\/www.salon-zenetbio.com\/nantes\/visiter\/zen-et-bio-nantes-presentation-du-salon\/\" \/>\n<meta property=\"og:locale\" content=\"fr_FR\" \/>\n<meta property=\"og:type\" content=\"article\" \/>\n<meta property=\"og:title\" content=\"Pr\u00e9sentation du du salon - Salon ZEN &amp; BIO Nantes\" \/>\n<meta property=\"og:description\" content=\"Le salon Zen et Bio Nantes vous attend pour d\u00e9couvrir ou red\u00e9couvrir la bio, le naturel, l\u2019authentique, le positivisme, le soi etc.\" \/>\n<meta property=\"og:url\" content=\"https:\/\/www.salon-zenetbio.com\/nantes\/visiter\/zen-et-bio-nantes-presentation-du-salon\/\" \/>\n<meta property=\"og:site_name\" content=\"Salon ZEN &amp; BIO Nantes\" \/>\n<meta property=\"article:modified_time\" content=\"2026-03-04T15:51:20+00:00\" \/>\n<meta property=\"og:image\" content=\"https:\/\/www.salon-zenetbio.com\/nantes\/wp-content\/uploads\/sites\/7\/2019\/05\/zenetbio-compressor.jpg\" \/>\n\t<meta property=\"og:image:width\" content=\"2199\" \/>\n\t<meta property=\"og:image:height\" content=\"613\" \/>\n\t<meta property=\"og:image:type\" content=\"image\/jpeg\" \/>\n<meta name=\"twitter:card\" content=\"summary_large_image\" \/>\n<meta name=\"twitter:label1\" content=\"Dur\u00e9e de lecture estim\u00e9e\" \/>\n\t<meta name=\"twitter:data1\" content=\"2 minutes\" \/>\n<script type=\"application\/ld+json\" class=\"yoast-schema-graph\">{\"@context\":\"https:\\\/\\\/schema.org\",\"@graph\":[{\"@type\":\"WebPage\",\"@id\":\"https:\\\/\\\/www.salon-zenetbio.com\\\/nantes\\\/visiter\\\/zen-et-bio-nantes-presentation-du-salon\\\/\",\"url\":\"https:\\\/\\\/www.salon-zenetbio.com\\\/nantes\\\/visiter\\\/zen-et-bio-nantes-presentation-du-salon\\\/\",\"name\":\"Pr\u00e9sentation du du salon - Salon ZEN &amp; BIO Nantes\",\"isPartOf\":{\"@id\":\"https:\\\/\\\/www.salon-zenetbio.com\\\/nantes\\\/#website\"},\"primaryImageOfPage\":{\"@id\":\"https:\\\/\\\/www.salon-zenetbio.com\\\/nantes\\\/visiter\\\/zen-et-bio-nantes-presentation-du-salon\\\/#primaryimage\"},\"image\":{\"@id\":\"https:\\\/\\\/www.salon-zenetbio.com\\\/nantes\\\/visiter\\\/zen-et-bio-nantes-presentation-du-salon\\\/#primaryimage\"},\"thumbnailUrl\":\"https:\\\/\\\/www.salon-zenetbio.com\\\/nantes\\\/wp-content\\\/uploads\\\/sites\\\/7\\\/2019\\\/05\\\/zenetbio-compressor.jpg\",\"datePublished\":\"2017-09-26T16:17:51+00:00\",\"dateModified\":\"2026-03-04T15:51:20+00:00\",\"description\":\"Le salon Zen et Bio Nantes vous attend pour d\u00e9couvrir ou red\u00e9couvrir la bio, le naturel, l\u2019authentique, le positivisme, le soi etc.\",\"breadcrumb\":{\"@id\":\"https:\\\/\\\/www.salon-zenetbio.com\\\/nantes\\\/visiter\\\/zen-et-bio-nantes-presentation-du-salon\\\/#breadcrumb\"},\"inLanguage\":\"fr-FR\",\"potentialAction\":[{\"@type\":\"ReadAction\",\"target\":[\"https:\\\/\\\/www.salon-zenetbio.com\\\/nantes\\\/visiter\\\/zen-et-bio-nantes-presentation-du-salon\\\/\"]}]},{\"@type\":\"ImageObject\",\"inLanguage\":\"fr-FR\",\"@id\":\"https:\\\/\\\/www.salon-zenetbio.com\\\/nantes\\\/visiter\\\/zen-et-bio-nantes-presentation-du-salon\\\/#primaryimage\",\"url\":\"https:\\\/\\\/www.salon-zenetbio.com\\\/nantes\\\/wp-content\\\/uploads\\\/sites\\\/7\\\/2019\\\/05\\\/zenetbio-compressor.jpg\",\"contentUrl\":\"https:\\\/\\\/www.salon-zenetbio.com\\\/nantes\\\/wp-content\\\/uploads\\\/sites\\\/7\\\/2019\\\/05\\\/zenetbio-compressor.jpg\",\"width\":2199,\"height\":613,\"caption\":\"Salon ZEN&BIO Nantes\"},{\"@type\":\"BreadcrumbList\",\"@id\":\"https:\\\/\\\/www.salon-zenetbio.com\\\/nantes\\\/visiter\\\/zen-et-bio-nantes-presentation-du-salon\\\/#breadcrumb\",\"itemListElement\":[{\"@type\":\"ListItem\",\"position\":1,\"name\":\"Accueil\",\"item\":\"https:\\\/\\\/www.salon-zenetbio.com\\\/nantes\\\/\"},{\"@type\":\"ListItem\",\"position\":2,\"name\":\"Visiter\",\"item\":\"https:\\\/\\\/www.salon-zenetbio.com\\\/nantes\\\/visiter\\\/\"},{\"@type\":\"ListItem\",\"position\":3,\"name\":\"Pr\u00e9sentation du du salon\"}]},{\"@type\":\"WebSite\",\"@id\":\"https:\\\/\\\/www.salon-zenetbio.com\\\/nantes\\\/#website\",\"url\":\"https:\\\/\\\/www.salon-zenetbio.com\\\/nantes\\\/\",\"name\":\"Salon ZEN &amp; BIO Nantes\",\"description\":\"salon ZEN &amp; BIO Nantes : votre salon bio, bien-\u00eatre et habitat sain\",\"publisher\":{\"@id\":\"https:\\\/\\\/www.salon-zenetbio.com\\\/nantes\\\/#organization\"},\"potentialAction\":[{\"@type\":\"SearchAction\",\"target\":{\"@type\":\"EntryPoint\",\"urlTemplate\":\"https:\\\/\\\/www.salon-zenetbio.com\\\/nantes\\\/?s={search_term_string}\"},\"query-input\":{\"@type\":\"PropertyValueSpecification\",\"valueRequired\":true,\"valueName\":\"search_term_string\"}}],\"inLanguage\":\"fr-FR\"},{\"@type\":\"Organization\",\"@id\":\"https:\\\/\\\/www.salon-zenetbio.com\\\/nantes\\\/#organization\",\"name\":\"Salon ZEN &amp; BIO Nantes\",\"url\":\"https:\\\/\\\/www.salon-zenetbio.com\\\/nantes\\\/\",\"logo\":{\"@type\":\"ImageObject\",\"inLanguage\":\"fr-FR\",\"@id\":\"https:\\\/\\\/www.salon-zenetbio.com\\\/nantes\\\/#\\\/schema\\\/logo\\\/image\\\/\",\"url\":\"https:\\\/\\\/www.salon-zenetbio.com\\\/nantes\\\/wp-content\\\/uploads\\\/sites\\\/7\\\/2026\\\/03\\\/cropped-Logo-ZEN-et-BIO-nantes-2026.png\",\"contentUrl\":\"https:\\\/\\\/www.salon-zenetbio.com\\\/nantes\\\/wp-content\\\/uploads\\\/sites\\\/7\\\/2026\\\/03\\\/cropped-Logo-ZEN-et-BIO-nantes-2026.png\",\"width\":921,\"height\":255,\"caption\":\"Salon ZEN &amp; BIO Nantes\"},\"image\":{\"@id\":\"https:\\\/\\\/www.salon-zenetbio.com\\\/nantes\\\/#\\\/schema\\\/logo\\\/image\\\/\"}}]}<\/script>\n<!-- \/ Yoast SEO plugin. -->","yoast_head_json":{"title":"Pr\u00e9sentation du du salon - Salon ZEN &amp; BIO Nantes","description":"Le salon Zen et Bio Nantes vous attend pour d\u00e9couvrir ou red\u00e9couvrir la bio, le naturel, l\u2019authentique, le positivisme, le soi etc.","robots":{"index":"index","follow":"follow","max-snippet":"max-snippet:-1","max-image-preview":"max-image-preview:large","max-video-preview":"max-video-preview:-1"},"canonical":"https:\/\/www.salon-zenetbio.com\/nantes\/visiter\/zen-et-bio-nantes-presentation-du-salon\/","og_locale":"fr_FR","og_type":"article","og_title":"Pr\u00e9sentation du du salon - Salon ZEN &amp; BIO Nantes","og_description":"Le salon Zen et Bio Nantes vous attend pour d\u00e9couvrir ou red\u00e9couvrir la bio, le naturel, l\u2019authentique, le positivisme, le soi etc.","og_url":"https:\/\/www.salon-zenetbio.com\/nantes\/visiter\/zen-et-bio-nantes-presentation-du-salon\/","og_site_name":"Salon ZEN &amp; BIO Nantes","article_modified_time":"2026-03-04T15:51:20+00:00","og_image":[{"width":2199,"height":613,"url":"https:\/\/www.salon-zenetbio.com\/nantes\/wp-content\/uploads\/sites\/7\/2019\/05\/zenetbio-compressor.jpg","type":"image\/jpeg"}],"twitter_card":"summary_large_image","twitter_misc":{"Dur\u00e9e de lecture estim\u00e9e":"2 minutes"},"schema":{"@context":"https:\/\/schema.org","@graph":[{"@type":"WebPage","@id":"https:\/\/www.salon-zenetbio.com\/nantes\/visiter\/zen-et-bio-nantes-presentation-du-salon\/","url":"https:\/\/www.salon-zenetbio.com\/nantes\/visiter\/zen-et-bio-nantes-presentation-du-salon\/","name":"Pr\u00e9sentation du du salon - Salon ZEN &amp; BIO Nantes","isPartOf":{"@id":"https:\/\/www.salon-zenetbio.com\/nantes\/#website"},"primaryImageOfPage":{"@id":"https:\/\/www.salon-zenetbio.com\/nantes\/visiter\/zen-et-bio-nantes-presentation-du-salon\/#primaryimage"},"image":{"@id":"https:\/\/www.salon-zenetbio.com\/nantes\/visiter\/zen-et-bio-nantes-presentation-du-salon\/#primaryimage"},"thumbnailUrl":"https:\/\/www.salon-zenetbio.com\/nantes\/wp-content\/uploads\/sites\/7\/2019\/05\/zenetbio-compressor.jpg","datePublished":"2017-09-26T16:17:51+00:00","dateModified":"2026-03-04T15:51:20+00:00","description":"Le salon Zen et Bio Nantes vous attend pour d\u00e9couvrir ou red\u00e9couvrir la bio, le naturel, l\u2019authentique, le positivisme, le soi etc.","breadcrumb":{"@id":"https:\/\/www.salon-zenetbio.com\/nantes\/visiter\/zen-et-bio-nantes-presentation-du-salon\/#breadcrumb"},"inLanguage":"fr-FR","potentialAction":[{"@type":"ReadAction","target":["https:\/\/www.salon-zenetbio.com\/nantes\/visiter\/zen-et-bio-nantes-presentation-du-salon\/"]}]},{"@type":"ImageObject","inLanguage":"fr-FR","@id":"https:\/\/www.salon-zenetbio.com\/nantes\/visiter\/zen-et-bio-nantes-presentation-du-salon\/#primaryimage","url":"https:\/\/www.salon-zenetbio.com\/nantes\/wp-content\/uploads\/sites\/7\/2019\/05\/zenetbio-compressor.jpg","contentUrl":"https:\/\/www.salon-zenetbio.com\/nantes\/wp-content\/uploads\/sites\/7\/2019\/05\/zenetbio-compressor.jpg","width":2199,"height":613,"caption":"Salon ZEN&BIO Nantes"},{"@type":"BreadcrumbList","@id":"https:\/\/www.salon-zenetbio.com\/nantes\/visiter\/zen-et-bio-nantes-presentation-du-salon\/#breadcrumb","itemListElement":[{"@type":"ListItem","position":1,"name":"Accueil","item":"https:\/\/www.salon-zenetbio.com\/nantes\/"},{"@type":"ListItem","position":2,"name":"Visiter","item":"https:\/\/www.salon-zenetbio.com\/nantes\/visiter\/"},{"@type":"ListItem","position":3,"name":"Pr\u00e9sentation du du salon"}]},{"@type":"WebSite","@id":"https:\/\/www.salon-zenetbio.com\/nantes\/#website","url":"https:\/\/www.salon-zenetbio.com\/nantes\/","name":"Salon ZEN &amp; BIO Nantes","description":"salon ZEN &amp; BIO Nantes : votre salon bio, bien-\u00eatre et habitat sain","publisher":{"@id":"https:\/\/www.salon-zenetbio.com\/nantes\/#organization"},"potentialAction":[{"@type":"SearchAction","target":{"@type":"EntryPoint","urlTemplate":"https:\/\/www.salon-zenetbio.com\/nantes\/?s={search_term_string}"},"query-input":{"@type":"PropertyValueSpecification","valueRequired":true,"valueName":"search_term_string"}}],"inLanguage":"fr-FR"},{"@type":"Organization","@id":"https:\/\/www.salon-zenetbio.com\/nantes\/#organization","name":"Salon ZEN &amp; BIO Nantes","url":"https:\/\/www.salon-zenetbio.com\/nantes\/","logo":{"@type":"ImageObject","inLanguage":"fr-FR","@id":"https:\/\/www.salon-zenetbio.com\/nantes\/#\/schema\/logo\/image\/","url":"https:\/\/www.salon-zenetbio.com\/nantes\/wp-content\/uploads\/sites\/7\/2026\/03\/cropped-Logo-ZEN-et-BIO-nantes-2026.png","contentUrl":"https:\/\/www.salon-zenetbio.com\/nantes\/wp-content\/uploads\/sites\/7\/2026\/03\/cropped-Logo-ZEN-et-BIO-nantes-2026.png","width":921,"height":255,"caption":"Salon ZEN &amp; BIO Nantes"},"image":{"@id":"https:\/\/www.salon-zenetbio.com\/nantes\/#\/schema\/logo\/image\/"}}]}},"_links":{"self":[{"href":"https:\/\/www.salon-zenetbio.com\/nantes\/wp-json\/wp\/v2\/pages\/4756","targetHints":{"allow":["GET"]}}],"collection":[{"href":"https:\/\/www.salon-zenetbio.com\/nantes\/wp-json\/wp\/v2\/pages"}],"about":[{"href":"https:\/\/www.salon-zenetbio.com\/nantes\/wp-json\/wp\/v2\/types\/page"}],"author":[{"embeddable":true,"href":"https:\/\/www.salon-zenetbio.com\/nantes\/wp-json\/wp\/v2\/users\/1"}],"replies":[{"embeddable":true,"href":"https:\/\/www.salon-zenetbio.com\/nantes\/wp-json\/wp\/v2\/comments?post=4756"}],"version-history":[{"count":24,"href":"https:\/\/www.salon-zenetbio.com\/nantes\/wp-json\/wp\/v2\/pages\/4756\/revisions"}],"predecessor-version":[{"id":18870,"href":"https:\/\/www.salon-zenetbio.com\/nantes\/wp-json\/wp\/v2\/pages\/4756\/revisions\/18870"}],"up":[{"embeddable":true,"href":"https:\/\/www.salon-zenetbio.com\/nantes\/wp-json\/wp\/v2\/pages\/6217"}],"wp:featuredmedia":[{"embeddable":true,"href":"https:\/\/www.salon-zenetbio.com\/nantes\/wp-json\/wp\/v2\/media\/7930"}],"wp:attachment":[{"href":"https:\/\/www.salon-zenetbio.com\/nantes\/wp-json\/wp\/v2\/media?parent=4756"}],"curies":[{"name":"wp","href":"https:\/\/api.w.org\/{rel}","templated":true}]}}