{"id":6041,"date":"2018-03-26T16:24:06","date_gmt":"2018-03-26T14:24:06","guid":{"rendered":"http:\/\/www.salon-zenetbio.com\/nantes\/?page_id=6041"},"modified":"2018-07-31T12:24:25","modified_gmt":"2018-07-31T10:24:25","slug":"animations-creatives-nantes-2017","status":"publish","type":"page","link":"https:\/\/www.salon-zenetbio.com\/nantes\/animations-creatives-nantes\/animations-creatives-nantes-2017\/","title":{"rendered":"Animations cr\u00e9atives NANTES 2017"},"content":{"rendered":"<p><strong>NANTES : 6 \u2013 8 OCTOBRE 2017<\/strong><\/p>\n<p><span style=\"color: #800000;\"><strong>Salle BERLINGOT<\/strong><\/span><\/p>\n<p>&nbsp;<\/p>\n<p><strong>Vendredi 6 octobre 2017<\/strong><\/p>\n<p><strong><span style=\"color: #800000;\">11:00<\/span> <\/strong>Cuisinez l&rsquo;ortie, le pissenlit en potage, sauces &#8211; <strong>Josette Lescouarch<\/strong><\/p>\n<p><span style=\"color: #800000;\"><strong>12:30 <\/strong><\/span>Pr\u00e9paration d&rsquo;un savon par saponification \u00e0 froid &#8211; <strong>Jeff Renault <\/strong><\/p>\n<p><span style=\"color: #800000;\"><strong>14:00 <\/strong><\/span>Cr\u00e9ation d&rsquo;un lait hydratant bio pour le corps (3\u20ac) &#8211; <strong>Marie Fr\u00e9our, Ateliers au Naturel<\/strong><\/p>\n<p><span style=\"color: #800000;\"><strong>15:30 <\/strong><\/span>Bomo\u00ef \u00ab CosmEthiques \u00bb vous invite \u00e0 devenir Consomm\u2019Acteur pour votre peau ! &#8211; <strong>Julien Brault<\/strong><\/p>\n<p><strong><span style=\"color: #800000;\">17:00<\/span> <\/strong>Bicarbonate, comment l&rsquo;utilisez dans la cuisine &#8211; <strong>Josette Lescouarch<\/strong><\/p>\n<p><strong>\u00a0<\/strong><\/p>\n<p><strong>Samedi 7 octobre 2017<\/strong><\/p>\n<p><span style=\"color: #800000;\"><strong>10:30 <\/strong><\/span>R\u00e9alisation d\u2019un pain pal\u00e9o et d\u2019une p\u00e2te \u00e0 tartiner au chocolat &#8211;\u00a0<strong>Blandine Basl\u00e9 et Wilfried Launay<\/strong><\/p>\n<p><span style=\"color: #800000;\"><strong>12:00 <\/strong><\/span>D\u00e9couverte et d\u00e9gustation des vins du salon &#8211; <strong>Lilas Carit\u00e9 &#8211; Guide du vin bio, \u00c9ditions Utovie<\/strong><\/p>\n<p><span style=\"color: #800000;\"><strong>13:00 <\/strong><\/span>Cuisson basse temp\u00e9rature\u00a0: de l\u2019entr\u00e9e au dessert en 1 seule cuisson! &#8211; <strong>Michel Huet, L\u2019Omnicuiseur Vitalit\u00e9<br \/>\n<\/strong><\/p>\n<p><strong><span style=\"color: #800000;\">14:30<\/span> <\/strong>Shampooing fortifiant &#8211; <strong>Nadine Bouillon, Jacaranda<\/strong><\/p>\n<p><span style=\"color: #800000;\"><strong>16:00 <\/strong><\/span>Les pratiques du jardinage au naturel &#8211; <strong>Annie Ardois, les Potagers essaim\u00e9s<\/strong><\/p>\n<p><strong><span style=\"color: #800000;\">17:30<\/span> <\/strong>Bomo\u00ef \u00ab CosmEthiques \u00bb vous invite \u00e0 devenir Consomm\u2019Acteur pour votre peau\u00a0! &#8211; <strong>Julien Brault<\/strong><\/p>\n<p><strong>\u00a0<\/strong><\/p>\n<p><strong>Dimanche 8 octobre 2017<\/strong><\/p>\n<p><span style=\"color: #800000;\"><strong>10:30 <\/strong><\/span>R\u00e9alisation d\u2019un pain pal\u00e9o et d\u2019une p\u00e2te \u00e0 tartiner au chocolat &#8211;\u00a0<strong>Blandine Basl\u00e9 et Wilfried Launay<\/strong><\/p>\n<p><span style=\"color: #800000;\"><strong>12:00 <\/strong><\/span>D\u00e9couverte et d\u00e9gustation des vins du salon &#8211; <strong>Lilas Carit\u00e9 &#8211; Guide du vin bio, \u00c9ditions Utovie<\/strong><\/p>\n<p><span style=\"color: #800000;\"><strong>13:00 <\/strong><\/span>Je fais des craies maison avec mes enfants &#8211; <strong>Nadine Bouillon, Jacaranda<\/strong><\/p>\n<p><span style=\"color: #800000;\"><strong>14:30 <\/strong><\/span>Se servir de la nature pour soigner les plantes &#8211; <strong>Annie Ardois, les Potagers essaim\u00e9s<\/strong><\/p>\n<p><span style=\"color: #800000;\"><strong>16:00 <\/strong><\/span>Cr\u00e9ation d&rsquo;un lait hydratant bio pour le corps (3\u20ac) &#8211; <strong>Marie Fr\u00e9our, Ateliers au Naturel<\/strong><\/p>\n<p><strong><span style=\"color: #800000;\">17:30<\/span> <\/strong>Cuisinez l&rsquo;ortie et le pissenlit \/ Bicarbonate, comment l&rsquo;utilisez &#8211; <strong>Josette Lescouarch<\/strong><\/p>\n","protected":false},"excerpt":{"rendered":"<p>NANTES : 6 \u2013 8 OCTOBRE 2017 Salle BERLINGOT &nbsp; Vendredi 6 octobre 2017 11:00 Cuisinez l&rsquo;ortie, le pissenlit en potage, sauces &#8211; Josette Lescouarch 12:30 Pr\u00e9paration d&rsquo;un savon par saponification \u00e0 froid &#8211; Jeff Renault 14:00 Cr\u00e9ation d&rsquo;un lait hydratant bio pour le corps (3\u20ac) &#8211; Marie Fr\u00e9our, Ateliers au Naturel 15:30 Bomo\u00ef \u00ab&hellip; <\/p>\n","protected":false},"author":1,"featured_media":0,"parent":3938,"menu_order":0,"comment_status":"closed","ping_status":"closed","template":"","meta":{"_monsterinsights_skip_tracking":false,"_monsterinsights_sitenote_active":false,"_monsterinsights_sitenote_note":"","_monsterinsights_sitenote_category":0,"footnotes":""},"class_list":["post-6041","page","type-page","status-publish","hentry"],"yoast_head":"<!-- This site is optimized with the Yoast SEO plugin v27.3 - https:\/\/yoast.com\/product\/yoast-seo-wordpress\/ -->\n<title>Animations cr\u00e9atives NANTES 2017 - Salon ZEN &amp; BIO Nantes<\/title>\n<meta name=\"robots\" content=\"index, follow, max-snippet:-1, max-image-preview:large, max-video-preview:-1\" \/>\n<link rel=\"canonical\" href=\"https:\/\/www.salon-zenetbio.com\/nantes\/animations-creatives-nantes\/animations-creatives-nantes-2017\/\" \/>\n<meta property=\"og:locale\" content=\"fr_FR\" \/>\n<meta property=\"og:type\" content=\"article\" \/>\n<meta property=\"og:title\" content=\"Animations cr\u00e9atives NANTES 2017 - Salon ZEN &amp; BIO Nantes\" \/>\n<meta property=\"og:description\" content=\"NANTES : 6 \u2013 8 OCTOBRE 2017 Salle BERLINGOT &nbsp; Vendredi 6 octobre 2017 11:00 Cuisinez l&rsquo;ortie, le pissenlit en potage, sauces &#8211; Josette Lescouarch 12:30 Pr\u00e9paration d&rsquo;un savon par saponification \u00e0 froid &#8211; Jeff Renault 14:00 Cr\u00e9ation d&rsquo;un lait hydratant bio pour le corps (3\u20ac) &#8211; Marie Fr\u00e9our, Ateliers au Naturel 15:30 Bomo\u00ef \u00ab&hellip;\" \/>\n<meta property=\"og:url\" content=\"https:\/\/www.salon-zenetbio.com\/nantes\/animations-creatives-nantes\/animations-creatives-nantes-2017\/\" \/>\n<meta property=\"og:site_name\" content=\"Salon ZEN &amp; BIO Nantes\" \/>\n<meta property=\"article:modified_time\" content=\"2018-07-31T10:24:25+00:00\" \/>\n<meta name=\"twitter:card\" content=\"summary_large_image\" \/>\n<meta name=\"twitter:label1\" content=\"Dur\u00e9e de lecture estim\u00e9e\" \/>\n\t<meta name=\"twitter:data1\" content=\"1 minute\" \/>\n<script type=\"application\/ld+json\" class=\"yoast-schema-graph\">{\"@context\":\"https:\\\/\\\/schema.org\",\"@graph\":[{\"@type\":\"WebPage\",\"@id\":\"https:\\\/\\\/www.salon-zenetbio.com\\\/nantes\\\/animations-creatives-nantes\\\/animations-creatives-nantes-2017\\\/\",\"url\":\"https:\\\/\\\/www.salon-zenetbio.com\\\/nantes\\\/animations-creatives-nantes\\\/animations-creatives-nantes-2017\\\/\",\"name\":\"Animations cr\u00e9atives NANTES 2017 - Salon ZEN &amp; BIO Nantes\",\"isPartOf\":{\"@id\":\"https:\\\/\\\/www.salon-zenetbio.com\\\/nantes\\\/#website\"},\"datePublished\":\"2018-03-26T14:24:06+00:00\",\"dateModified\":\"2018-07-31T10:24:25+00:00\",\"breadcrumb\":{\"@id\":\"https:\\\/\\\/www.salon-zenetbio.com\\\/nantes\\\/animations-creatives-nantes\\\/animations-creatives-nantes-2017\\\/#breadcrumb\"},\"inLanguage\":\"fr-FR\",\"potentialAction\":[{\"@type\":\"ReadAction\",\"target\":[\"https:\\\/\\\/www.salon-zenetbio.com\\\/nantes\\\/animations-creatives-nantes\\\/animations-creatives-nantes-2017\\\/\"]}]},{\"@type\":\"BreadcrumbList\",\"@id\":\"https:\\\/\\\/www.salon-zenetbio.com\\\/nantes\\\/animations-creatives-nantes\\\/animations-creatives-nantes-2017\\\/#breadcrumb\",\"itemListElement\":[{\"@type\":\"ListItem\",\"position\":1,\"name\":\"Accueil\",\"item\":\"https:\\\/\\\/www.salon-zenetbio.com\\\/nantes\\\/\"},{\"@type\":\"ListItem\",\"position\":2,\"name\":\"Animations cr\u00e9atives\",\"item\":\"https:\\\/\\\/www.salon-zenetbio.com\\\/nantes\\\/animations-creatives-nantes\\\/\"},{\"@type\":\"ListItem\",\"position\":3,\"name\":\"Animations cr\u00e9atives NANTES 2017\"}]},{\"@type\":\"WebSite\",\"@id\":\"https:\\\/\\\/www.salon-zenetbio.com\\\/nantes\\\/#website\",\"url\":\"https:\\\/\\\/www.salon-zenetbio.com\\\/nantes\\\/\",\"name\":\"Salon ZEN &amp; BIO Nantes\",\"description\":\"salon ZEN &amp; BIO Nantes : votre salon bio, bien-\u00eatre et habitat sain\",\"publisher\":{\"@id\":\"https:\\\/\\\/www.salon-zenetbio.com\\\/nantes\\\/#organization\"},\"potentialAction\":[{\"@type\":\"SearchAction\",\"target\":{\"@type\":\"EntryPoint\",\"urlTemplate\":\"https:\\\/\\\/www.salon-zenetbio.com\\\/nantes\\\/?s={search_term_string}\"},\"query-input\":{\"@type\":\"PropertyValueSpecification\",\"valueRequired\":true,\"valueName\":\"search_term_string\"}}],\"inLanguage\":\"fr-FR\"},{\"@type\":\"Organization\",\"@id\":\"https:\\\/\\\/www.salon-zenetbio.com\\\/nantes\\\/#organization\",\"name\":\"Salon ZEN &amp; BIO Nantes\",\"url\":\"https:\\\/\\\/www.salon-zenetbio.com\\\/nantes\\\/\",\"logo\":{\"@type\":\"ImageObject\",\"inLanguage\":\"fr-FR\",\"@id\":\"https:\\\/\\\/www.salon-zenetbio.com\\\/nantes\\\/#\\\/schema\\\/logo\\\/image\\\/\",\"url\":\"https:\\\/\\\/www.salon-zenetbio.com\\\/nantes\\\/wp-content\\\/uploads\\\/sites\\\/7\\\/2026\\\/03\\\/cropped-Logo-ZEN-et-BIO-nantes-2026.png\",\"contentUrl\":\"https:\\\/\\\/www.salon-zenetbio.com\\\/nantes\\\/wp-content\\\/uploads\\\/sites\\\/7\\\/2026\\\/03\\\/cropped-Logo-ZEN-et-BIO-nantes-2026.png\",\"width\":921,\"height\":255,\"caption\":\"Salon ZEN &amp; BIO Nantes\"},\"image\":{\"@id\":\"https:\\\/\\\/www.salon-zenetbio.com\\\/nantes\\\/#\\\/schema\\\/logo\\\/image\\\/\"}}]}<\/script>\n<!-- \/ Yoast SEO plugin. -->","yoast_head_json":{"title":"Animations cr\u00e9atives NANTES 2017 - Salon ZEN &amp; BIO Nantes","robots":{"index":"index","follow":"follow","max-snippet":"max-snippet:-1","max-image-preview":"max-image-preview:large","max-video-preview":"max-video-preview:-1"},"canonical":"https:\/\/www.salon-zenetbio.com\/nantes\/animations-creatives-nantes\/animations-creatives-nantes-2017\/","og_locale":"fr_FR","og_type":"article","og_title":"Animations cr\u00e9atives NANTES 2017 - Salon ZEN &amp; BIO Nantes","og_description":"NANTES : 6 \u2013 8 OCTOBRE 2017 Salle BERLINGOT &nbsp; Vendredi 6 octobre 2017 11:00 Cuisinez l&rsquo;ortie, le pissenlit en potage, sauces &#8211; Josette Lescouarch 12:30 Pr\u00e9paration d&rsquo;un savon par saponification \u00e0 froid &#8211; Jeff Renault 14:00 Cr\u00e9ation d&rsquo;un lait hydratant bio pour le corps (3\u20ac) &#8211; Marie Fr\u00e9our, Ateliers au Naturel 15:30 Bomo\u00ef \u00ab&hellip;","og_url":"https:\/\/www.salon-zenetbio.com\/nantes\/animations-creatives-nantes\/animations-creatives-nantes-2017\/","og_site_name":"Salon ZEN &amp; BIO Nantes","article_modified_time":"2018-07-31T10:24:25+00:00","twitter_card":"summary_large_image","twitter_misc":{"Dur\u00e9e de lecture estim\u00e9e":"1 minute"},"schema":{"@context":"https:\/\/schema.org","@graph":[{"@type":"WebPage","@id":"https:\/\/www.salon-zenetbio.com\/nantes\/animations-creatives-nantes\/animations-creatives-nantes-2017\/","url":"https:\/\/www.salon-zenetbio.com\/nantes\/animations-creatives-nantes\/animations-creatives-nantes-2017\/","name":"Animations cr\u00e9atives NANTES 2017 - Salon ZEN &amp; BIO Nantes","isPartOf":{"@id":"https:\/\/www.salon-zenetbio.com\/nantes\/#website"},"datePublished":"2018-03-26T14:24:06+00:00","dateModified":"2018-07-31T10:24:25+00:00","breadcrumb":{"@id":"https:\/\/www.salon-zenetbio.com\/nantes\/animations-creatives-nantes\/animations-creatives-nantes-2017\/#breadcrumb"},"inLanguage":"fr-FR","potentialAction":[{"@type":"ReadAction","target":["https:\/\/www.salon-zenetbio.com\/nantes\/animations-creatives-nantes\/animations-creatives-nantes-2017\/"]}]},{"@type":"BreadcrumbList","@id":"https:\/\/www.salon-zenetbio.com\/nantes\/animations-creatives-nantes\/animations-creatives-nantes-2017\/#breadcrumb","itemListElement":[{"@type":"ListItem","position":1,"name":"Accueil","item":"https:\/\/www.salon-zenetbio.com\/nantes\/"},{"@type":"ListItem","position":2,"name":"Animations cr\u00e9atives","item":"https:\/\/www.salon-zenetbio.com\/nantes\/animations-creatives-nantes\/"},{"@type":"ListItem","position":3,"name":"Animations cr\u00e9atives NANTES 2017"}]},{"@type":"WebSite","@id":"https:\/\/www.salon-zenetbio.com\/nantes\/#website","url":"https:\/\/www.salon-zenetbio.com\/nantes\/","name":"Salon ZEN &amp; BIO Nantes","description":"salon ZEN &amp; BIO Nantes : votre salon bio, bien-\u00eatre et habitat sain","publisher":{"@id":"https:\/\/www.salon-zenetbio.com\/nantes\/#organization"},"potentialAction":[{"@type":"SearchAction","target":{"@type":"EntryPoint","urlTemplate":"https:\/\/www.salon-zenetbio.com\/nantes\/?s={search_term_string}"},"query-input":{"@type":"PropertyValueSpecification","valueRequired":true,"valueName":"search_term_string"}}],"inLanguage":"fr-FR"},{"@type":"Organization","@id":"https:\/\/www.salon-zenetbio.com\/nantes\/#organization","name":"Salon ZEN &amp; BIO Nantes","url":"https:\/\/www.salon-zenetbio.com\/nantes\/","logo":{"@type":"ImageObject","inLanguage":"fr-FR","@id":"https:\/\/www.salon-zenetbio.com\/nantes\/#\/schema\/logo\/image\/","url":"https:\/\/www.salon-zenetbio.com\/nantes\/wp-content\/uploads\/sites\/7\/2026\/03\/cropped-Logo-ZEN-et-BIO-nantes-2026.png","contentUrl":"https:\/\/www.salon-zenetbio.com\/nantes\/wp-content\/uploads\/sites\/7\/2026\/03\/cropped-Logo-ZEN-et-BIO-nantes-2026.png","width":921,"height":255,"caption":"Salon ZEN &amp; BIO Nantes"},"image":{"@id":"https:\/\/www.salon-zenetbio.com\/nantes\/#\/schema\/logo\/image\/"}}]}},"_links":{"self":[{"href":"https:\/\/www.salon-zenetbio.com\/nantes\/wp-json\/wp\/v2\/pages\/6041","targetHints":{"allow":["GET"]}}],"collection":[{"href":"https:\/\/www.salon-zenetbio.com\/nantes\/wp-json\/wp\/v2\/pages"}],"about":[{"href":"https:\/\/www.salon-zenetbio.com\/nantes\/wp-json\/wp\/v2\/types\/page"}],"author":[{"embeddable":true,"href":"https:\/\/www.salon-zenetbio.com\/nantes\/wp-json\/wp\/v2\/users\/1"}],"replies":[{"embeddable":true,"href":"https:\/\/www.salon-zenetbio.com\/nantes\/wp-json\/wp\/v2\/comments?post=6041"}],"version-history":[{"count":3,"href":"https:\/\/www.salon-zenetbio.com\/nantes\/wp-json\/wp\/v2\/pages\/6041\/revisions"}],"predecessor-version":[{"id":6046,"href":"https:\/\/www.salon-zenetbio.com\/nantes\/wp-json\/wp\/v2\/pages\/6041\/revisions\/6046"}],"up":[{"embeddable":true,"href":"https:\/\/www.salon-zenetbio.com\/nantes\/wp-json\/wp\/v2\/pages\/3938"}],"wp:attachment":[{"href":"https:\/\/www.salon-zenetbio.com\/nantes\/wp-json\/wp\/v2\/media?parent=6041"}],"curies":[{"name":"wp","href":"https:\/\/api.w.org\/{rel}","templated":true}]}}