{"id":6217,"date":"2018-06-29T15:17:43","date_gmt":"2018-06-29T13:17:43","guid":{"rendered":"http:\/\/www.salon-zenetbio.com\/nantes\/?page_id=6217"},"modified":"2026-03-04T16:49:57","modified_gmt":"2026-03-04T15:49:57","slug":"visiter","status":"publish","type":"page","link":"https:\/\/www.salon-zenetbio.com\/nantes\/visiter\/","title":{"rendered":"Visiter"},"content":{"rendered":"<h2><strong><a href=\"http:\/\/www.salon-zenetbio.com\/nantes\/nantes\/nantes-presentation-du-salon\/\" target=\"_blank\" rel=\"noopener noreferrer\">Pr\u00e9sentation du salon<\/a><\/strong><\/h2>\n<p>Le salon Zen&amp;Bio Nantes, rassemble pr\u00e8s de 150 exposants, producteurs et cr\u00e9ateurs inspir\u00e9s, respectueux de la nature et des hommes, pour adopter des \u00e9co-r\u00e9flexes dans tous les domaines du quotidien : alimentation et vins bio, mode et artisanat, habitat sain, environnement, beaut\u00e9, sant\u00e9 et bien-\u00eatre, d\u00e9veloppement personnel, m\u00e9decine douce\u2026<\/p>\n<h2><strong><a href=\"http:\/\/www.salon-zenetbio.com\/nantes\/les-salons-zen-bio\/les-secteurs-du-salon\/\" target=\"_blank\" rel=\"noopener noreferrer\">Les secteurs du salon<\/a><\/strong><\/h2>\n<p>3 jours de rencontres, d\u2019\u00e9changes et de d\u00e9couvertes : alimentation et vins bio, mode et artisanat, habitat sain, environnement, beaut\u00e9, sant\u00e9 et bien-\u00eatre, d\u00e9veloppement personnel, m\u00e9decine douce<\/p>\n<h2><strong><a href=\"https:\/\/www.salon-zenetbio.com\/nantes\/visiter\/la-bio-proche-de-chez-vous\/\">La bio proche de chez vous<\/a><\/strong><\/h2>\n<p>Retrouvez les partenaires locaux qui soutiennent le salon.<\/p>\n<h2><strong><a href=\"http:\/\/www.salon-zenetbio.com\/nantes\/les-salons-zen-bio\/charte-de-selection-des-salons-zen-bio\/\" target=\"_blank\" rel=\"noopener noreferrer\">Charte de s\u00e9lection des salons du r\u00e9seau Zen&amp;Bio<\/a><\/strong><\/h2>\n<p>Le comit\u00e9 de s\u00e9lection du salon s\u2019assure que les crit\u00e8res requis soient respect\u00e9s pour tous les produits et services pr\u00e9sent\u00e9s, dans le respect d\u2019une d\u00e9marche environnementale. Une caution efficace pour vous, visiteurs qui pouvez faire vos achats sur le salon en toute confiance.<\/p>\n<h2><a href=\"http:\/\/www.salon-zenetbio.com\/nantes\/visiter\/le-plan-du-salon\/\"><strong>Le plan du <\/strong><strong>salon<\/strong><\/a><\/h2>\n<p>Consultez le plan visiteurs du salon pour pr\u00e9voir au mieux votre visite<\/p>\n<h2><strong><a href=\"http:\/\/www.salon-zenetbio.com\/nantes\/nantes\/liste-des-exposants\/\" target=\"_blank\" rel=\"noopener noreferrer\">Liste des exposants<\/a><\/strong><\/h2>\n<p>Consultez la fiche de l\u2019exposant pour connaitre son N\u00b0 de stand, visiter son site Internet.<\/p>\n<p>D\u00e9couvrez des produits alliant qualit\u00e9, engagement, \u00e9thique et saveur.<\/p>\n<h2><a href=\"https:\/\/www.salon-zenetbio.com\/nantes\/le-salon-en-images\/\" target=\"_blank\" rel=\"noopener\"><strong>Le salon en images<\/strong><\/a><\/h2>\n<p>D\u00e9couvrez en images le salon Zen&amp;Bio Nantes !<\/p>\n","protected":false},"excerpt":{"rendered":"<p>Pr\u00e9sentation du salon Le salon Zen&amp;Bio Nantes, rassemble pr\u00e8s de 150 exposants, producteurs et cr\u00e9ateurs inspir\u00e9s, respectueux de la nature et des hommes, pour adopter des \u00e9co-r\u00e9flexes dans tous les domaines du quotidien : alimentation et vins bio, mode et artisanat, habitat sain, environnement, beaut\u00e9, sant\u00e9 et bien-\u00eatre, d\u00e9veloppement personnel, m\u00e9decine douce\u2026 Les secteurs du&hellip; <\/p>\n","protected":false},"author":1,"featured_media":0,"parent":0,"menu_order":0,"comment_status":"closed","ping_status":"closed","template":"","meta":{"_monsterinsights_skip_tracking":false,"_monsterinsights_sitenote_active":false,"_monsterinsights_sitenote_note":"","_monsterinsights_sitenote_category":0,"footnotes":""},"class_list":["post-6217","page","type-page","status-publish","hentry"],"yoast_head":"<!-- This site is optimized with the Yoast SEO plugin v27.5 - https:\/\/yoast.com\/product\/yoast-seo-wordpress\/ -->\n<title>Visiter - Salon ZEN &amp; BIO Nantes<\/title>\n<meta name=\"robots\" content=\"index, follow, max-snippet:-1, max-image-preview:large, max-video-preview:-1\" \/>\n<link rel=\"canonical\" href=\"https:\/\/www.salon-zenetbio.com\/nantes\/visiter\/\" \/>\n<meta property=\"og:locale\" content=\"fr_FR\" \/>\n<meta property=\"og:type\" content=\"article\" \/>\n<meta property=\"og:title\" content=\"Visiter - Salon ZEN &amp; BIO Nantes\" \/>\n<meta property=\"og:description\" content=\"Pr\u00e9sentation du salon Le salon Zen&amp;Bio Nantes, rassemble pr\u00e8s de 150 exposants, producteurs et cr\u00e9ateurs inspir\u00e9s, respectueux de la nature et des hommes, pour adopter des \u00e9co-r\u00e9flexes dans tous les domaines du quotidien : alimentation et vins bio, mode et artisanat, habitat sain, environnement, beaut\u00e9, sant\u00e9 et bien-\u00eatre, d\u00e9veloppement personnel, m\u00e9decine douce\u2026 Les secteurs du&hellip;\" \/>\n<meta property=\"og:url\" content=\"https:\/\/www.salon-zenetbio.com\/nantes\/visiter\/\" \/>\n<meta property=\"og:site_name\" content=\"Salon ZEN &amp; BIO Nantes\" \/>\n<meta property=\"article:modified_time\" content=\"2026-03-04T15:49:57+00:00\" \/>\n<meta name=\"twitter:card\" content=\"summary_large_image\" \/>\n<meta name=\"twitter:label1\" content=\"Dur\u00e9e de lecture estim\u00e9e\" \/>\n\t<meta name=\"twitter:data1\" content=\"2 minutes\" \/>\n<script type=\"application\/ld+json\" class=\"yoast-schema-graph\">{\"@context\":\"https:\\\/\\\/schema.org\",\"@graph\":[{\"@type\":\"WebPage\",\"@id\":\"https:\\\/\\\/www.salon-zenetbio.com\\\/nantes\\\/visiter\\\/\",\"url\":\"https:\\\/\\\/www.salon-zenetbio.com\\\/nantes\\\/visiter\\\/\",\"name\":\"Visiter - Salon ZEN &amp; BIO Nantes\",\"isPartOf\":{\"@id\":\"https:\\\/\\\/www.salon-zenetbio.com\\\/nantes\\\/#website\"},\"datePublished\":\"2018-06-29T13:17:43+00:00\",\"dateModified\":\"2026-03-04T15:49:57+00:00\",\"breadcrumb\":{\"@id\":\"https:\\\/\\\/www.salon-zenetbio.com\\\/nantes\\\/visiter\\\/#breadcrumb\"},\"inLanguage\":\"fr-FR\",\"potentialAction\":[{\"@type\":\"ReadAction\",\"target\":[\"https:\\\/\\\/www.salon-zenetbio.com\\\/nantes\\\/visiter\\\/\"]}]},{\"@type\":\"BreadcrumbList\",\"@id\":\"https:\\\/\\\/www.salon-zenetbio.com\\\/nantes\\\/visiter\\\/#breadcrumb\",\"itemListElement\":[{\"@type\":\"ListItem\",\"position\":1,\"name\":\"Accueil\",\"item\":\"https:\\\/\\\/www.salon-zenetbio.com\\\/nantes\\\/\"},{\"@type\":\"ListItem\",\"position\":2,\"name\":\"Visiter\"}]},{\"@type\":\"WebSite\",\"@id\":\"https:\\\/\\\/www.salon-zenetbio.com\\\/nantes\\\/#website\",\"url\":\"https:\\\/\\\/www.salon-zenetbio.com\\\/nantes\\\/\",\"name\":\"Salon ZEN &amp; BIO Nantes\",\"description\":\"salon ZEN &amp; BIO Nantes : votre salon bio, bien-\u00eatre et habitat sain\",\"publisher\":{\"@id\":\"https:\\\/\\\/www.salon-zenetbio.com\\\/nantes\\\/#organization\"},\"potentialAction\":[{\"@type\":\"SearchAction\",\"target\":{\"@type\":\"EntryPoint\",\"urlTemplate\":\"https:\\\/\\\/www.salon-zenetbio.com\\\/nantes\\\/?s={search_term_string}\"},\"query-input\":{\"@type\":\"PropertyValueSpecification\",\"valueRequired\":true,\"valueName\":\"search_term_string\"}}],\"inLanguage\":\"fr-FR\"},{\"@type\":\"Organization\",\"@id\":\"https:\\\/\\\/www.salon-zenetbio.com\\\/nantes\\\/#organization\",\"name\":\"Salon ZEN &amp; BIO Nantes\",\"url\":\"https:\\\/\\\/www.salon-zenetbio.com\\\/nantes\\\/\",\"logo\":{\"@type\":\"ImageObject\",\"inLanguage\":\"fr-FR\",\"@id\":\"https:\\\/\\\/www.salon-zenetbio.com\\\/nantes\\\/#\\\/schema\\\/logo\\\/image\\\/\",\"url\":\"https:\\\/\\\/www.salon-zenetbio.com\\\/nantes\\\/wp-content\\\/uploads\\\/sites\\\/7\\\/2026\\\/03\\\/cropped-Logo-ZEN-et-BIO-nantes-2026.png\",\"contentUrl\":\"https:\\\/\\\/www.salon-zenetbio.com\\\/nantes\\\/wp-content\\\/uploads\\\/sites\\\/7\\\/2026\\\/03\\\/cropped-Logo-ZEN-et-BIO-nantes-2026.png\",\"width\":921,\"height\":255,\"caption\":\"Salon ZEN &amp; BIO Nantes\"},\"image\":{\"@id\":\"https:\\\/\\\/www.salon-zenetbio.com\\\/nantes\\\/#\\\/schema\\\/logo\\\/image\\\/\"}}]}<\/script>\n<!-- \/ Yoast SEO plugin. -->","yoast_head_json":{"title":"Visiter - Salon ZEN &amp; BIO Nantes","robots":{"index":"index","follow":"follow","max-snippet":"max-snippet:-1","max-image-preview":"max-image-preview:large","max-video-preview":"max-video-preview:-1"},"canonical":"https:\/\/www.salon-zenetbio.com\/nantes\/visiter\/","og_locale":"fr_FR","og_type":"article","og_title":"Visiter - Salon ZEN &amp; BIO Nantes","og_description":"Pr\u00e9sentation du salon Le salon Zen&amp;Bio Nantes, rassemble pr\u00e8s de 150 exposants, producteurs et cr\u00e9ateurs inspir\u00e9s, respectueux de la nature et des hommes, pour adopter des \u00e9co-r\u00e9flexes dans tous les domaines du quotidien : alimentation et vins bio, mode et artisanat, habitat sain, environnement, beaut\u00e9, sant\u00e9 et bien-\u00eatre, d\u00e9veloppement personnel, m\u00e9decine douce\u2026 Les secteurs du&hellip;","og_url":"https:\/\/www.salon-zenetbio.com\/nantes\/visiter\/","og_site_name":"Salon ZEN &amp; BIO Nantes","article_modified_time":"2026-03-04T15:49:57+00:00","twitter_card":"summary_large_image","twitter_misc":{"Dur\u00e9e de lecture estim\u00e9e":"2 minutes"},"schema":{"@context":"https:\/\/schema.org","@graph":[{"@type":"WebPage","@id":"https:\/\/www.salon-zenetbio.com\/nantes\/visiter\/","url":"https:\/\/www.salon-zenetbio.com\/nantes\/visiter\/","name":"Visiter - Salon ZEN &amp; BIO Nantes","isPartOf":{"@id":"https:\/\/www.salon-zenetbio.com\/nantes\/#website"},"datePublished":"2018-06-29T13:17:43+00:00","dateModified":"2026-03-04T15:49:57+00:00","breadcrumb":{"@id":"https:\/\/www.salon-zenetbio.com\/nantes\/visiter\/#breadcrumb"},"inLanguage":"fr-FR","potentialAction":[{"@type":"ReadAction","target":["https:\/\/www.salon-zenetbio.com\/nantes\/visiter\/"]}]},{"@type":"BreadcrumbList","@id":"https:\/\/www.salon-zenetbio.com\/nantes\/visiter\/#breadcrumb","itemListElement":[{"@type":"ListItem","position":1,"name":"Accueil","item":"https:\/\/www.salon-zenetbio.com\/nantes\/"},{"@type":"ListItem","position":2,"name":"Visiter"}]},{"@type":"WebSite","@id":"https:\/\/www.salon-zenetbio.com\/nantes\/#website","url":"https:\/\/www.salon-zenetbio.com\/nantes\/","name":"Salon ZEN &amp; BIO Nantes","description":"salon ZEN &amp; BIO Nantes : votre salon bio, bien-\u00eatre et habitat sain","publisher":{"@id":"https:\/\/www.salon-zenetbio.com\/nantes\/#organization"},"potentialAction":[{"@type":"SearchAction","target":{"@type":"EntryPoint","urlTemplate":"https:\/\/www.salon-zenetbio.com\/nantes\/?s={search_term_string}"},"query-input":{"@type":"PropertyValueSpecification","valueRequired":true,"valueName":"search_term_string"}}],"inLanguage":"fr-FR"},{"@type":"Organization","@id":"https:\/\/www.salon-zenetbio.com\/nantes\/#organization","name":"Salon ZEN &amp; BIO Nantes","url":"https:\/\/www.salon-zenetbio.com\/nantes\/","logo":{"@type":"ImageObject","inLanguage":"fr-FR","@id":"https:\/\/www.salon-zenetbio.com\/nantes\/#\/schema\/logo\/image\/","url":"https:\/\/www.salon-zenetbio.com\/nantes\/wp-content\/uploads\/sites\/7\/2026\/03\/cropped-Logo-ZEN-et-BIO-nantes-2026.png","contentUrl":"https:\/\/www.salon-zenetbio.com\/nantes\/wp-content\/uploads\/sites\/7\/2026\/03\/cropped-Logo-ZEN-et-BIO-nantes-2026.png","width":921,"height":255,"caption":"Salon ZEN &amp; BIO Nantes"},"image":{"@id":"https:\/\/www.salon-zenetbio.com\/nantes\/#\/schema\/logo\/image\/"}}]}},"_links":{"self":[{"href":"https:\/\/www.salon-zenetbio.com\/nantes\/wp-json\/wp\/v2\/pages\/6217","targetHints":{"allow":["GET"]}}],"collection":[{"href":"https:\/\/www.salon-zenetbio.com\/nantes\/wp-json\/wp\/v2\/pages"}],"about":[{"href":"https:\/\/www.salon-zenetbio.com\/nantes\/wp-json\/wp\/v2\/types\/page"}],"author":[{"embeddable":true,"href":"https:\/\/www.salon-zenetbio.com\/nantes\/wp-json\/wp\/v2\/users\/1"}],"replies":[{"embeddable":true,"href":"https:\/\/www.salon-zenetbio.com\/nantes\/wp-json\/wp\/v2\/comments?post=6217"}],"version-history":[{"count":28,"href":"https:\/\/www.salon-zenetbio.com\/nantes\/wp-json\/wp\/v2\/pages\/6217\/revisions"}],"predecessor-version":[{"id":18869,"href":"https:\/\/www.salon-zenetbio.com\/nantes\/wp-json\/wp\/v2\/pages\/6217\/revisions\/18869"}],"wp:attachment":[{"href":"https:\/\/www.salon-zenetbio.com\/nantes\/wp-json\/wp\/v2\/media?parent=6217"}],"curies":[{"name":"wp","href":"https:\/\/api.w.org\/{rel}","templated":true}]}}